{"id":872,"date":"2015-12-12T19:39:18","date_gmt":"2015-12-12T18:39:18","guid":{"rendered":"https:\/\/xavierdesandrenavarre.wordpress.com\/?page_id=872"},"modified":"2015-12-12T19:39:18","modified_gmt":"2015-12-12T18:39:18","slug":"culture-box","status":"publish","type":"page","link":"https:\/\/www.xavierdesandrenavarre.com\/index.php\/fr\/culture-box\/","title":{"rendered":"CULTURE BOX"},"content":{"rendered":"<h2 style=\"text-align:center;\"><span style=\"color:#3366ff;\">Xavier Desandre Navarre,\u00a0<span class=\"s1\"><b>sorcier du rythme, sort un nouveau disque<\/b><\/span><\/span><\/h2>\n<p><img loading=\"lazy\" decoding=\"async\" class=\" size-full wp-image-876 aligncenter\" src=\"https:\/\/www.xavierdesandrenavarre.com\/wp-content\/uploads\/2015\/12\/capture-d_ecc81cran-2015-12-12-acc80-19-36-08.png\" alt=\"Capture d\u2019e\u0301cran 2015-12-12 a\u0300 19.36.08.png\" width=\"501\" height=\"260\" srcset=\"https:\/\/www.xavierdesandrenavarre.com\/wp-content\/uploads\/2015\/12\/capture-d_ecc81cran-2015-12-12-acc80-19-36-08.png 501w, https:\/\/www.xavierdesandrenavarre.com\/wp-content\/uploads\/2015\/12\/capture-d_ecc81cran-2015-12-12-acc80-19-36-08-300x156.png 300w\" sizes=\"auto, (max-width: 501px) 100vw, 501px\" \/><\/p>\n<p>&nbsp;<\/p>\n<p class=\"p1\" style=\"text-align:justify;\"><span class=\"s1\"><b>CULTUREBOX <\/b><\/span><span class=\"s2\"><b>Xavier Desandre Navarre, batteur de jazz natif d\u2019Aix-en-Provence, sort ce mardi 26 ao\u00fbt son premier disque en tant que leader, \u00ab In-Pulse \u00bb (chez Jazz Village). Surnomm\u00e9 \u00ab le sorcier \u00bb par ses pairs, ce rythmicien tr\u00e8s charismatique, fort d\u2019une carri\u00e8re d\u00e9j\u00e0 bien remplie depuis son arriv\u00e9e \u00e0 Paris en 1987, nous pr\u00e9sente ce projet impr\u00e9gn\u00e9 de ses influences puis\u00e9es entre jazz, Asie et Br\u00e9sil.<\/b><\/span><\/p>\n<p class=\"p1\" style=\"text-align:right;\"><span class=\"s1\"><b>Annie Yanb\u00e9kian<\/b><\/span><\/p>\n<p class=\"p3\" style=\"text-align:justify;\"><span class=\"s1\">Journaliste, responsable de la rubrique Jazz-Musiques du Monde de Culturebox<\/span><\/p>\n<p class=\"p1\" style=\"text-align:justify;\"><span class=\"s1\">Son parcours personnel et musical l\u2019a plac\u00e9 au croisement de plusieurs cultures. N\u00e9 le 11 octobre 1961, Xavier Desandre Navarre aimait tout petit \u00ab taper sur les tables, les chaises et remuer les pieds \u00bb. \u00c0 8 ou 9 ans, il a d\u00e9couvert les percussions en Iran, o\u00f9 sa famille a s\u00e9journ\u00e9 un an pour raisons professionnelles, et o\u00f9 un ami de la famille lui a offert un zarb.<\/span><\/p>\n<p class=\"p1\" style=\"text-align:justify;\"><span class=\"s1\">De retour \u00e0 Aix, il s\u2019est frott\u00e9 \u00e0 l&rsquo;enseignement acad\u00e9mique du conservatoire qui ne l\u2019a pas trop emball\u00e9. Il s\u2019est initi\u00e9 alors aux percussions br\u00e9siliennes dans une association qui a re\u00e7u bient\u00f4t le renfort d\u2019un \u00e9tudiant br\u00e9silien, Sylvio de Santana Jr. Ce ma\u00eetre-tambour du Candombl\u00e9 a transmis son savoir-faire au futur batteur. L\u2019ann\u00e9e suivante, l&rsquo;\u00e9l\u00e8ve Desandre Navarre devenait professeur. Puis il s\u2019est s\u2019initi\u00e9 \u00e0 la batterie et au jazz, avant de lancer un collectif de musique improvis\u00e9e et de se faire un nom dans sa r\u00e9gion.<\/span><\/p>\n<p class=\"p1\" style=\"text-align:justify;\"><span class=\"s1\">En 1987, invit\u00e9 \u00e0 rejoindre le groupe de Laurent Cugny, qui partait en tourn\u00e9e avec l&rsquo;illustre compositeur et arrangeur Gil Evans, Xavier Desandre Navarre s\u2019est install\u00e9 \u00e0 Paris. Son \u00e9clectisme lui a permis de multiplier les collaborations : Tania Maria, l\u2019Orchestre national de jazz, Manu Dibango, Youn Sun Nah&#8230;<\/span><\/p>\n<p class=\"p1\" style=\"text-align:justify;\"><span class=\"s1\">Une quarantaine de disques plus tard, en co-leader et en sideman, Xavier Desandre Navarre sort enfin un album dans lequel il est le seul ma\u00eetre d\u2019\u0153uvre, \u00ab In-Pulse \u00bb. Le titre fait allusion \u00e0 la fois \u00e0 la pulsation et \u00e0 un c\u00e9l\u00e8bre label de jazz, Impulse. L&rsquo;album comporte treize morceaux courts, capt\u00e9s en une ou deux prises, une \u00ab r\u00e8gle de fra\u00eecheur \u00bb indispensable pour le batteur. Les\u00a0couleurs, les ambiances et les rythmes sont impr\u00e9gn\u00e9s de souvenirs, de voyages et d&rsquo;influences musicales.<\/span><\/p>\n<p class=\"p1\" style=\"text-align:justify;\"><span class=\"s1\">&#8211; <b>Culturebox : Pourquoi avez-vous attendu si longtemps pour enregistrer ce premier album en leader ?<\/b><\/span><\/p>\n<p class=\"p1\" style=\"text-align:justify;\"><span class=\"s1\">&#8211; Xavier Desandre Navarre : Parce que je ne ressentais pas le besoin de le faire. Il y a deux ou trois ans, ce besoin m\u2019est apparu comme une esp\u00e8ce d\u2019\u00e9vidence quand j\u2019ai eu une carte blanche au Jazz House de Copenhague, un club mythique qui venait de rouvrir. On m\u2019a propos\u00e9 d&rsquo;y jouer mon propre r\u00e9pertoire pendant une semaine. J\u2019ai saisi cette opportunit\u00e9 en me disant : \u00ab Oui, c\u2019est le temps d\u2019y aller ! \u00bb J\u2019avais d\u00e9j\u00e0 des compositions pr\u00eates, ainsi que des \u00e9bauches pour des musiques de documentaires, de films, ou simplement des trucs que je bossais chez moi parce que \u00e7a m\u2019int\u00e9ressait de me frotter \u00e0 la composition, en me disant : \u00ab Ouais, un jour\u2026 \u00bb<\/span><\/p>\n<p class=\"p1\" style=\"text-align:justify;\"><span class=\"s1\">&#8211; <b>Le corpus qui allait constituer le futur disque \u00e9tait donc presque pr\u00eat.<\/b><\/span><\/p>\n<p class=\"p1\" style=\"text-align:justify;\"><span class=\"s1\">&#8211; J\u2019avais presque tout. J\u2019ai peut-\u00eatre \u00e9crit deux ou trois morceaux, r\u00e9arrang\u00e9 l\u2019ensemble, peaufin\u00e9 des choses, modifi\u00e9 des d\u00e9veloppements\u2026 J\u2019ai travaill\u00e9 dessus pendant un an. Puis j\u2019ai eu une r\u00e9sidence \u00e0 l\u2019Op\u00e9ra de Lyon en 2012. J\u2019ai v\u00e9rifi\u00e9 alors si tous ces changements fonctionnaient et si ce r\u00e9pertoire tenait bien la route. \u00c0 l\u2019issue de cette r\u00e9sidence, j\u2019avais juste deux ou trois petites modifications \u00e0 faire.<\/span><\/p>\n<p class=\"p1\" style=\"text-align:justify;\"><span class=\"s1\">&#8211; <b>\u00c9tait-ce un choix d\u00e9lib\u00e9r\u00e9 d\u2019\u00e9crire des morceaux courts, comme autant de miniatures repr\u00e9sentatives de votre parcours et vos influences ?<\/b><\/span><\/p>\n<p class=\"p1\" style=\"text-align:justify;\"><span class=\"s1\">&#8211; Oui, vraiment. Je n\u2019avais pas envie de d\u00e9veloppements trop longs. Je voulais que les solistes d\u00e9veloppent une ou deux id\u00e9es, mais pas vingt-cinq ! Je souhaitais un propos concis pour le disque. Par contre, en concert, les morceaux durent presque deux fois plus longtemps ! Je voulais que ce soit des chansons, sans en \u00eatre vraiment, puisque les morceaux n\u2019en ont pas r\u00e9ellement le format. Des esp\u00e8ces de chansons jazz instrumentales.<\/span><\/p>\n<p class=\"p1\" style=\"text-align:justify;\"><span class=\"s1\">&#8211; <b>Dans l&rsquo;album, on entend souvent des instrumentations ou des th\u00e8mes plut\u00f4t jazz, sur des percussions ou rythmes plus exotiques. J\u2019imagine que c\u2019est aussi un parti pris.<\/b><\/span><\/p>\n<p class=\"p1\" style=\"text-align:justify;\"><span class=\"s1\">&#8211; Compl\u00e8tement. C\u2019est le c\u00f4t\u00e9 \u00ab\u00a0sorcier \u00bb\u00a0percussionniste qui revient ! Ce qui m\u2019int\u00e9resse, c\u2019est de puiser dans les exp\u00e9riences musicales que j\u2019ai pu avoir et de les ramener \u00e0 cette forme de musique, au jazz. Je pense que justement, en tant qu\u2019Europ\u00e9en, je peux avoir moins de complexe \u00e0 faire ce genre de chose que quelqu\u2019un qui serait de la tradition du pays.<\/span><\/p>\n<p class=\"p1\" style=\"text-align:justify;\"><span class=\"s1\">&#8211; <b>Les musiciens du groupe ont-ils contribu\u00e9 \u00e0 entretenir ce dosage entre jazz et influences <i>world music<\/i> ?<\/b><\/span><\/p>\n<p class=\"p1\" style=\"text-align:justify;\"><span class=\"s1\">&#8211; Le pianiste \u00c9mil Spanyi, qui poss\u00e8de un savoir encyclop\u00e9dique, utilise des harmonies directement inspir\u00e9es de la musique romantique fran\u00e7aise et europ\u00e9enne. C&rsquo;est quelque chose qui me touche beaucoup. Je n\u2019avais pas envie d\u2019un pianiste qui soit uniquement rythmique. Je voulais qu\u2019on sente que le piano vienne d\u2019Europe, d\u2019une certaine fa\u00e7on, afin d&rsquo;\u00e9viter de partir dans un concept <i>world<\/i>, m\u00eame si ce dernier n\u2019est pas loin du fait de la pr\u00e9sence des percussions.<\/span><\/p>\n<p class=\"p1\" style=\"text-align:justify;\"><span class=\"s1\">&#8211;<b>\u00a0Revenons \u00e0 ce surnom de \u00ab\u00a0Sorcier\u00a0\u00bb\u2026 D&rsquo;o\u00f9 vient-il ?<\/b><\/span><\/p>\n<p class=\"p1\" style=\"text-align:justify;\"><span class=\"s1\">&#8211; Il y a eu plusieurs termes dont j\u2019ai \u00e9t\u00e9 affubl\u00e9&#8230; \u00ab Sorcier \u00bb, c&rsquo;est une allusion au fait d\u2019aller puiser, dans mes exp\u00e9riences rythmiques, des \u00e9l\u00e9ments qui vont bien coller \u00e0 la musique. En g\u00e9n\u00e9ral, quand quelqu&rsquo;un me demande de jouer des percussions sur un disque ou pour un concert, il a tr\u00e8s peu d\u2019id\u00e9es sur ce qu\u2019il veut pr\u00e9cis\u00e9ment. Tout mon boulot consiste \u00e0 comprendre ce qu\u2019il a derri\u00e8re la t\u00eate, o\u00f9 il veut aller musicalement, de fa\u00e7on \u00e0 apporter les ingr\u00e9dients qui iront dans ce sens. En g\u00e9n\u00e9ral, ces ingr\u00e9dients, c\u2019est des instruments ou des fa\u00e7ons de jouer certains instruments, auxquels le musicien n\u2019avait pas pens\u00e9. On m\u2019a aussi appel\u00e9 le \u00ab magicien blanc \u00bb, et au Br\u00e9sil, \u00ab\u00a0Zica \u00bb !<\/span><\/p>\n<p class=\"p1\" style=\"text-align:justify;\"><span class=\"s1\">&#8211; <b>Quand vous composez, est-ce que vous partez d\u2019une image, d\u2019une phrase rythmique, d\u2019une m\u00e9lodie ? \u00c0 moins qu&rsquo;il n&rsquo;y ait pas de r\u00e8gle.<\/b><\/span><\/p>\n<p class=\"p1\" style=\"text-align:justify;\"><span class=\"s1\">&#8211; Il n\u2019y a vraiment pas de r\u00e8gle. Je me suis rendu compte du fait que souvent, je pensais \u00e0 moi en dernier ! Il me vient plus facilement une suite d\u2019accords, avec une m\u00e9lodie et un <i>mood<\/i>\u00a0que je remets en forme ensuite en travaillant sur la ligne de basse, puis sur le c\u00f4t\u00e9 rythmique. Parfois, sur certains morceaux, il y a des partis pris \u00e0 l\u2019avance. Le premier, \u00ab Bolinas \u00bb, est \u00e0 11 temps, une formule qui m\u2019amusait. Le morceau br\u00e9silien, \u00ab Promesse \u00bb, est une esp\u00e8ce de samba \u00e0 trois temps.<\/span><\/p>\n<p class=\"p1\" style=\"text-align:justify;\"><span class=\"s1\">&#8211; <b>Le disque comporte un morceau, \u00ab Gil \u00bb, d\u00e9di\u00e9 \u00e0 Gil Evans.\u00a0Pouvez-vous nous parler de lui en quelques mots ?<\/b><\/span><\/p>\n<p class=\"p1\" style=\"text-align:justify;\"><span class=\"s1\">&#8211; C&rsquo;\u00e9tait un Monsieur tr\u00e8s humble, tr\u00e8s discret, extr\u00eamement \u00e0 l\u2019\u00e9coute, attentif. Il souhaitait avant tout \u00eatre assimil\u00e9 \u00e0 l\u2019ensemble de l\u2019orchestre : si un organisateur lui disait \u00abVous allez dans l\u2019h\u00f4tel cinq \u00e9toiles et l\u2019orchestre va dans le trois \u00e9toiles\u00bb, il r\u00e9pondait \u00abNon, moi je vais dans le trois \u00e9toiles avec tous les musiciens\u00bb. Un vrai partage, une vraie connivence. Dans le bus, en tourn\u00e9e, il \u00e9crivait de nouveaux arrangements qu\u2019il nous proposait le soir-m\u00eame, et qu\u2019on jouait. C\u2019\u00e9tait une tr\u00e8s grande aventure.<\/span><\/p>\n<p class=\"p1\" style=\"text-align:justify;\"><span class=\"s1\">&#8211; <b>Quels sont vos batteurs, percussionnistes, pr\u00e9f\u00e9r\u00e9s ?<\/b><\/span><\/p>\n<p class=\"p1\" style=\"text-align:justify;\"><span class=\"s1\">&#8211; Il y en a eu plusieurs. \u00c7a va des percussionnistes br\u00e9siliens comme Nan\u00e1 Vasconselos ou Airto Moreira \u00e0 Peter Erskine, Steve Gadd, que j\u2019aime beaucoup. J\u2019adore le batteur br\u00e9silien Tutty Moreno, le mari de la chanteuse Joyce, d\u2019une subtilit\u00e9, <i>brasilianit\u00e9<\/i>, merveilleuse.<\/span><span class=\"s1\">\u00a0<\/span><\/p>\n<p class=\"p1\" style=\"text-align:justify;\"><span class=\"s1\">&#8211; <b>Comment s&rsquo;annoncent la rentr\u00e9e et vos projets futurs ?<\/b><\/span><\/p>\n<p class=\"p1\" style=\"text-align:justify;\"><span class=\"s1\">&#8211; Pour l&rsquo;instant, je n\u2019ai pas d\u00e9j\u00e0 en t\u00eate un prochain album, mais \u00e7a va venir, c\u2019est s\u00fbr ! Avec le groupe In-Pulse, qui est acoustique, on a deux dates en septembre. J&rsquo;esp\u00e8re aussi enregistrer cette ann\u00e9e l&rsquo;un de mes autres projets, United Nations of Groove, qui est plus \u00e9lectrique. Enfin, j&rsquo;ai un projet solo de percussions que je vais jouer en novembre \u00e0 Paris.<\/span><\/p>\n<p class=\"p1\" style=\"text-align:justify;\"><span class=\"s1\"><i>(Propos recueillis par A.Y. le 21 ao\u00fbt 2014)<\/i><\/span><\/p>\n<p class=\"p1\" style=\"text-align:justify;\"><img loading=\"lazy\" decoding=\"async\" class=\"alignnone size-full wp-image-885\" src=\"https:\/\/www.xavierdesandrenavarre.com\/wp-content\/uploads\/2015\/12\/capture-d_ecc81cran-2015-12-12-acc80-19-38-45.png\" alt=\"Capture d\u2019e\u0301cran 2015-12-12 a\u0300 19.38.45\" width=\"239\" height=\"65\" \/><\/p>\n","protected":false},"excerpt":{"rendered":"<p>Xavier Desandre Navarre,\u00a0sorcier du rythme, sort un nouveau disque &nbsp; CULTUREBOX Xavier Desandre Navarre, batteur de jazz natif d\u2019Aix-en-Provence, sort ce mardi 26 ao\u00fbt son premier disque en tant que leader, \u00ab In-Pulse \u00bb (chez Jazz Village). Surnomm\u00e9 \u00ab le sorcier \u00bb par ses pairs, ce rythmicien tr\u00e8s charismatique, fort d\u2019une carri\u00e8re d\u00e9j\u00e0 bien remplie &hellip; <a class=\"more-link\" href=\"https:\/\/www.xavierdesandrenavarre.com\/index.php\/fr\/culture-box\/\">Lire la suite <span class=\"screen-reader-text\">CULTURE BOX<\/span><\/a><\/p>\n","protected":false},"author":4,"featured_media":0,"parent":0,"menu_order":0,"comment_status":"closed","ping_status":"closed","template":"","meta":{"__cvm_playback_settings":[],"__cvm_video_id":"","footnotes":""},"class_list":["post-872","page","type-page","status-publish","hentry"],"yoast_head":"<!-- This site is optimized with the Yoast SEO plugin v27.5 - https:\/\/yoast.com\/product\/yoast-seo-wordpress\/ -->\n<title>CULTURE BOX &#8226; Xavier DESANDRE NAVARRE<\/title>\n<meta name=\"robots\" content=\"index, follow, max-snippet:-1, max-image-preview:large, max-video-preview:-1\" \/>\n<link rel=\"canonical\" href=\"https:\/\/www.xavierdesandrenavarre.com\/index.php\/fr\/culture-box\/\" \/>\n<meta property=\"og:locale\" content=\"fr_FR\" \/>\n<meta property=\"og:type\" content=\"article\" \/>\n<meta property=\"og:title\" content=\"CULTURE BOX &#8226; Xavier DESANDRE NAVARRE\" \/>\n<meta property=\"og:description\" content=\"Xavier Desandre Navarre,\u00a0sorcier du rythme, sort un nouveau disque &nbsp; CULTUREBOX Xavier Desandre Navarre, batteur de jazz natif d\u2019Aix-en-Provence, sort ce mardi 26 ao\u00fbt son premier disque en tant que leader, \u00ab In-Pulse \u00bb (chez Jazz Village). Surnomm\u00e9 \u00ab le sorcier \u00bb par ses pairs, ce rythmicien tr\u00e8s charismatique, fort d\u2019une carri\u00e8re d\u00e9j\u00e0 bien remplie &hellip; Lire la suite CULTURE BOX\" \/>\n<meta property=\"og:url\" content=\"https:\/\/www.xavierdesandrenavarre.com\/index.php\/fr\/culture-box\/\" \/>\n<meta property=\"og:site_name\" content=\"Xavier DESANDRE NAVARRE\" \/>\n<meta property=\"og:image\" content=\"http:\/\/www.xavierdesandrenavarre.com\/wp-content\/uploads\/2015\/12\/capture-d_ecc81cran-2015-12-12-acc80-19-36-08.png\" \/>\n<meta name=\"twitter:card\" content=\"summary_large_image\" \/>\n<meta name=\"twitter:label1\" content=\"Dur\u00e9e de lecture estim\u00e9e\" \/>\n\t<meta name=\"twitter:data1\" content=\"7 minutes\" \/>\n<script type=\"application\/ld+json\" class=\"yoast-schema-graph\">{\"@context\":\"https:\\\/\\\/schema.org\",\"@graph\":[{\"@type\":\"WebPage\",\"@id\":\"https:\\\/\\\/www.xavierdesandrenavarre.com\\\/index.php\\\/fr\\\/culture-box\\\/\",\"url\":\"https:\\\/\\\/www.xavierdesandrenavarre.com\\\/index.php\\\/fr\\\/culture-box\\\/\",\"name\":\"CULTURE BOX &#8226; Xavier DESANDRE NAVARRE\",\"isPartOf\":{\"@id\":\"https:\\\/\\\/www.xavierdesandrenavarre.com\\\/#website\"},\"primaryImageOfPage\":{\"@id\":\"https:\\\/\\\/www.xavierdesandrenavarre.com\\\/index.php\\\/fr\\\/culture-box\\\/#primaryimage\"},\"image\":{\"@id\":\"https:\\\/\\\/www.xavierdesandrenavarre.com\\\/index.php\\\/fr\\\/culture-box\\\/#primaryimage\"},\"thumbnailUrl\":\"http:\\\/\\\/www.xavierdesandrenavarre.com\\\/wp-content\\\/uploads\\\/2015\\\/12\\\/capture-d_ecc81cran-2015-12-12-acc80-19-36-08.png\",\"datePublished\":\"2015-12-12T18:39:18+00:00\",\"breadcrumb\":{\"@id\":\"https:\\\/\\\/www.xavierdesandrenavarre.com\\\/index.php\\\/fr\\\/culture-box\\\/#breadcrumb\"},\"inLanguage\":\"fr-FR\",\"potentialAction\":[{\"@type\":\"ReadAction\",\"target\":[\"https:\\\/\\\/www.xavierdesandrenavarre.com\\\/index.php\\\/fr\\\/culture-box\\\/\"]}]},{\"@type\":\"ImageObject\",\"inLanguage\":\"fr-FR\",\"@id\":\"https:\\\/\\\/www.xavierdesandrenavarre.com\\\/index.php\\\/fr\\\/culture-box\\\/#primaryimage\",\"url\":\"http:\\\/\\\/www.xavierdesandrenavarre.com\\\/wp-content\\\/uploads\\\/2015\\\/12\\\/capture-d_ecc81cran-2015-12-12-acc80-19-36-08.png\",\"contentUrl\":\"http:\\\/\\\/www.xavierdesandrenavarre.com\\\/wp-content\\\/uploads\\\/2015\\\/12\\\/capture-d_ecc81cran-2015-12-12-acc80-19-36-08.png\"},{\"@type\":\"BreadcrumbList\",\"@id\":\"https:\\\/\\\/www.xavierdesandrenavarre.com\\\/index.php\\\/fr\\\/culture-box\\\/#breadcrumb\",\"itemListElement\":[{\"@type\":\"ListItem\",\"position\":1,\"name\":\"Accueil\",\"item\":\"https:\\\/\\\/www.xavierdesandrenavarre.com\\\/index.php\\\/fr\\\/actualites\\\/\"},{\"@type\":\"ListItem\",\"position\":2,\"name\":\"CULTURE BOX\"}]},{\"@type\":\"WebSite\",\"@id\":\"https:\\\/\\\/www.xavierdesandrenavarre.com\\\/#website\",\"url\":\"https:\\\/\\\/www.xavierdesandrenavarre.com\\\/\",\"name\":\"Xavier Desandre Navarre\",\"description\":\"CREATIVE DRUMMING \",\"publisher\":{\"@id\":\"https:\\\/\\\/www.xavierdesandrenavarre.com\\\/#\\\/schema\\\/person\\\/d44923d7590d78b38ce0e9c1941a2c75\"},\"potentialAction\":[{\"@type\":\"SearchAction\",\"target\":{\"@type\":\"EntryPoint\",\"urlTemplate\":\"https:\\\/\\\/www.xavierdesandrenavarre.com\\\/?s={search_term_string}\"},\"query-input\":{\"@type\":\"PropertyValueSpecification\",\"valueRequired\":true,\"valueName\":\"search_term_string\"}}],\"inLanguage\":\"fr-FR\"},{\"@type\":[\"Person\",\"Organization\"],\"@id\":\"https:\\\/\\\/www.xavierdesandrenavarre.com\\\/#\\\/schema\\\/person\\\/d44923d7590d78b38ce0e9c1941a2c75\",\"name\":\"Xavier DESANDRE NAVARRE\",\"image\":{\"@type\":\"ImageObject\",\"inLanguage\":\"fr-FR\",\"@id\":\"https:\\\/\\\/secure.gravatar.com\\\/avatar\\\/f5d0177a75f71d2039289a3687726c1181fc9368e48f4469bd627ff20d15397b?s=96&d=mm&r=g\",\"url\":\"https:\\\/\\\/secure.gravatar.com\\\/avatar\\\/f5d0177a75f71d2039289a3687726c1181fc9368e48f4469bd627ff20d15397b?s=96&d=mm&r=g\",\"contentUrl\":\"https:\\\/\\\/secure.gravatar.com\\\/avatar\\\/f5d0177a75f71d2039289a3687726c1181fc9368e48f4469bd627ff20d15397b?s=96&d=mm&r=g\",\"caption\":\"Xavier DESANDRE NAVARRE\"},\"logo\":{\"@id\":\"https:\\\/\\\/secure.gravatar.com\\\/avatar\\\/f5d0177a75f71d2039289a3687726c1181fc9368e48f4469bd627ff20d15397b?s=96&d=mm&r=g\"}}]}<\/script>\n<!-- \/ Yoast SEO plugin. -->","yoast_head_json":{"title":"CULTURE BOX &#8226; Xavier DESANDRE NAVARRE","robots":{"index":"index","follow":"follow","max-snippet":"max-snippet:-1","max-image-preview":"max-image-preview:large","max-video-preview":"max-video-preview:-1"},"canonical":"https:\/\/www.xavierdesandrenavarre.com\/index.php\/fr\/culture-box\/","og_locale":"fr_FR","og_type":"article","og_title":"CULTURE BOX &#8226; Xavier DESANDRE NAVARRE","og_description":"Xavier Desandre Navarre,\u00a0sorcier du rythme, sort un nouveau disque &nbsp; CULTUREBOX Xavier Desandre Navarre, batteur de jazz natif d\u2019Aix-en-Provence, sort ce mardi 26 ao\u00fbt son premier disque en tant que leader, \u00ab In-Pulse \u00bb (chez Jazz Village). Surnomm\u00e9 \u00ab le sorcier \u00bb par ses pairs, ce rythmicien tr\u00e8s charismatique, fort d\u2019une carri\u00e8re d\u00e9j\u00e0 bien remplie &hellip; Lire la suite CULTURE BOX","og_url":"https:\/\/www.xavierdesandrenavarre.com\/index.php\/fr\/culture-box\/","og_site_name":"Xavier DESANDRE NAVARRE","og_image":[{"url":"http:\/\/www.xavierdesandrenavarre.com\/wp-content\/uploads\/2015\/12\/capture-d_ecc81cran-2015-12-12-acc80-19-36-08.png","type":"","width":"","height":""}],"twitter_card":"summary_large_image","twitter_misc":{"Dur\u00e9e de lecture estim\u00e9e":"7 minutes"},"schema":{"@context":"https:\/\/schema.org","@graph":[{"@type":"WebPage","@id":"https:\/\/www.xavierdesandrenavarre.com\/index.php\/fr\/culture-box\/","url":"https:\/\/www.xavierdesandrenavarre.com\/index.php\/fr\/culture-box\/","name":"CULTURE BOX &#8226; Xavier DESANDRE NAVARRE","isPartOf":{"@id":"https:\/\/www.xavierdesandrenavarre.com\/#website"},"primaryImageOfPage":{"@id":"https:\/\/www.xavierdesandrenavarre.com\/index.php\/fr\/culture-box\/#primaryimage"},"image":{"@id":"https:\/\/www.xavierdesandrenavarre.com\/index.php\/fr\/culture-box\/#primaryimage"},"thumbnailUrl":"http:\/\/www.xavierdesandrenavarre.com\/wp-content\/uploads\/2015\/12\/capture-d_ecc81cran-2015-12-12-acc80-19-36-08.png","datePublished":"2015-12-12T18:39:18+00:00","breadcrumb":{"@id":"https:\/\/www.xavierdesandrenavarre.com\/index.php\/fr\/culture-box\/#breadcrumb"},"inLanguage":"fr-FR","potentialAction":[{"@type":"ReadAction","target":["https:\/\/www.xavierdesandrenavarre.com\/index.php\/fr\/culture-box\/"]}]},{"@type":"ImageObject","inLanguage":"fr-FR","@id":"https:\/\/www.xavierdesandrenavarre.com\/index.php\/fr\/culture-box\/#primaryimage","url":"http:\/\/www.xavierdesandrenavarre.com\/wp-content\/uploads\/2015\/12\/capture-d_ecc81cran-2015-12-12-acc80-19-36-08.png","contentUrl":"http:\/\/www.xavierdesandrenavarre.com\/wp-content\/uploads\/2015\/12\/capture-d_ecc81cran-2015-12-12-acc80-19-36-08.png"},{"@type":"BreadcrumbList","@id":"https:\/\/www.xavierdesandrenavarre.com\/index.php\/fr\/culture-box\/#breadcrumb","itemListElement":[{"@type":"ListItem","position":1,"name":"Accueil","item":"https:\/\/www.xavierdesandrenavarre.com\/index.php\/fr\/actualites\/"},{"@type":"ListItem","position":2,"name":"CULTURE BOX"}]},{"@type":"WebSite","@id":"https:\/\/www.xavierdesandrenavarre.com\/#website","url":"https:\/\/www.xavierdesandrenavarre.com\/","name":"Xavier Desandre Navarre","description":"CREATIVE DRUMMING ","publisher":{"@id":"https:\/\/www.xavierdesandrenavarre.com\/#\/schema\/person\/d44923d7590d78b38ce0e9c1941a2c75"},"potentialAction":[{"@type":"SearchAction","target":{"@type":"EntryPoint","urlTemplate":"https:\/\/www.xavierdesandrenavarre.com\/?s={search_term_string}"},"query-input":{"@type":"PropertyValueSpecification","valueRequired":true,"valueName":"search_term_string"}}],"inLanguage":"fr-FR"},{"@type":["Person","Organization"],"@id":"https:\/\/www.xavierdesandrenavarre.com\/#\/schema\/person\/d44923d7590d78b38ce0e9c1941a2c75","name":"Xavier DESANDRE NAVARRE","image":{"@type":"ImageObject","inLanguage":"fr-FR","@id":"https:\/\/secure.gravatar.com\/avatar\/f5d0177a75f71d2039289a3687726c1181fc9368e48f4469bd627ff20d15397b?s=96&d=mm&r=g","url":"https:\/\/secure.gravatar.com\/avatar\/f5d0177a75f71d2039289a3687726c1181fc9368e48f4469bd627ff20d15397b?s=96&d=mm&r=g","contentUrl":"https:\/\/secure.gravatar.com\/avatar\/f5d0177a75f71d2039289a3687726c1181fc9368e48f4469bd627ff20d15397b?s=96&d=mm&r=g","caption":"Xavier DESANDRE NAVARRE"},"logo":{"@id":"https:\/\/secure.gravatar.com\/avatar\/f5d0177a75f71d2039289a3687726c1181fc9368e48f4469bd627ff20d15397b?s=96&d=mm&r=g"}}]}},"_links":{"self":[{"href":"https:\/\/www.xavierdesandrenavarre.com\/index.php\/wp-json\/wp\/v2\/pages\/872","targetHints":{"allow":["GET"]}}],"collection":[{"href":"https:\/\/www.xavierdesandrenavarre.com\/index.php\/wp-json\/wp\/v2\/pages"}],"about":[{"href":"https:\/\/www.xavierdesandrenavarre.com\/index.php\/wp-json\/wp\/v2\/types\/page"}],"author":[{"embeddable":true,"href":"https:\/\/www.xavierdesandrenavarre.com\/index.php\/wp-json\/wp\/v2\/users\/4"}],"replies":[{"embeddable":true,"href":"https:\/\/www.xavierdesandrenavarre.com\/index.php\/wp-json\/wp\/v2\/comments?post=872"}],"version-history":[{"count":0,"href":"https:\/\/www.xavierdesandrenavarre.com\/index.php\/wp-json\/wp\/v2\/pages\/872\/revisions"}],"wp:attachment":[{"href":"https:\/\/www.xavierdesandrenavarre.com\/index.php\/wp-json\/wp\/v2\/media?parent=872"}],"curies":[{"name":"wp","href":"https:\/\/api.w.org\/{rel}","templated":true}]}}