{"id":819,"date":"2015-12-11T13:43:44","date_gmt":"2015-12-11T12:43:44","guid":{"rendered":"https:\/\/xavierdesandrenavarre.wordpress.com\/?page_id=819"},"modified":"2015-12-11T13:43:44","modified_gmt":"2015-12-11T12:43:44","slug":"presse-united-nations-of-groove","status":"publish","type":"page","link":"https:\/\/www.xavierdesandrenavarre.com\/index.php\/fr\/presse-united-nations-of-groove\/","title":{"rendered":"PRESSE : UNITED NATIONS OF GROOVE"},"content":{"rendered":"<p class=\"p1\" style=\"text-align:justify;\"><span class=\"s1\"><i><img loading=\"lazy\" decoding=\"async\" class=\"alignnone size-full wp-image-824\" src=\"https:\/\/www.xavierdesandrenavarre.com\/wp-content\/uploads\/2015\/12\/united-nations-of-groove-1.jpg\" alt=\"United Nations Of Groove 1.jpg\" width=\"3433\" height=\"1311\" srcset=\"https:\/\/www.xavierdesandrenavarre.com\/wp-content\/uploads\/2015\/12\/united-nations-of-groove-1.jpg 3433w, https:\/\/www.xavierdesandrenavarre.com\/wp-content\/uploads\/2015\/12\/united-nations-of-groove-1-300x115.jpg 300w, https:\/\/www.xavierdesandrenavarre.com\/wp-content\/uploads\/2015\/12\/united-nations-of-groove-1-768x293.jpg 768w, https:\/\/www.xavierdesandrenavarre.com\/wp-content\/uploads\/2015\/12\/united-nations-of-groove-1-1024x391.jpg 1024w, https:\/\/www.xavierdesandrenavarre.com\/wp-content\/uploads\/2015\/12\/united-nations-of-groove-1-1200x458.jpg 1200w\" sizes=\"auto, (max-width: 3433px) 100vw, 3433px\" \/><\/i><\/span><\/p>\n<p class=\"p1\" style=\"text-align:justify;\"><span class=\"s1\"><i>\u00ab\u00a0Allonymous danse d&rsquo;une mani\u00e8re incroyable. Et sa belle voix grave raconte des histoires que malheureusement peu de monde est en mesure de comprendre, malgr\u00e9 sa diction parfaite. Le piano peut se faire jazzy le temps d&rsquo;un chorus, St\u00e9phane Guillaume d\u00e9laisser souvent ses saxophones pour une basse \u00e9lectrique et m\u00eame chanter en harmonisant sa voix avec un synth\u00e9, Jean-Phi Dary entamer une chanson, tout reste coh\u00e9rent. il y a une unit\u00e9 de ton malgr\u00e9 les diff\u00e9rents genres abord\u00e9s. Que les rythmes soient lancinants ou tr\u00e8s dynamiques, \u00e7a balance, le corps est sollicit\u00e9. D&rsquo;ailleurs les spectateurs sont loin d&rsquo;\u00eatre immobiles. Certains se l\u00e8vent pour danser, emport\u00e9s par le rythme et stimul\u00e9s par l&rsquo;exub\u00e9rance d&rsquo;Allonymous dont le corps semble \u00eatre de caoutchouc. Aucune d\u00e9monstration de virtuosit\u00e9 dans cette musique, m\u00eame si les 4 musiciens sont des ma\u00eetres dans leur domaine, mais un sens du collectif, une g\u00e9n\u00e9rosit\u00e9 que le public ressent avec bonheur. Les images de Tekyes forment un tout avec la musique. D\u00e9cid\u00e9ment, si la plaquette de pr\u00e9sentation pr\u00e9sentait Xavier Desandre Navarre comme un sorcier des rythmes, il faut y ajouter un sorcier des images, et trois magiciens des sons et des voix. Pas \u00e9tonnant que le public pr\u00e9sent ait \u00e9t\u00e9 ensorcel\u00e9 par ce concert.\u00a0\u00bb<\/i><\/span><\/p>\n<p class=\"p1\" style=\"text-align:justify;\"><img loading=\"lazy\" decoding=\"async\" class=\"alignnone size-full wp-image-827\" src=\"https:\/\/www.xavierdesandrenavarre.com\/wp-content\/uploads\/2015\/12\/unog-bandeau.png\" alt=\"UNOG bandeau\" width=\"718\" height=\"201\" srcset=\"https:\/\/www.xavierdesandrenavarre.com\/wp-content\/uploads\/2015\/12\/unog-bandeau.png 718w, https:\/\/www.xavierdesandrenavarre.com\/wp-content\/uploads\/2015\/12\/unog-bandeau-300x84.png 300w\" sizes=\"auto, (max-width: 718px) 100vw, 718px\" \/><\/p>\n<p class=\"p1\" style=\"text-align:justify;\"><span class=\"s1\"><i>\u00ab\u00a0Le groupe s&rsquo;appelle \u00ab\u00a0United nations of groove\u00a0\u00bb et le concert \u00ab\u00a0Plugged-in and slammed away\u00a0\u00bb. Il n&rsquo;y a pas tromperie sur la marchandise. \u00c7a sera tr\u00e8s \u00e9lectrique. \u00c7a sera aussi tr\u00e8s funky, tr\u00e8s \u00e9lectro, limite rock parfois. Du jazz urbain, tr\u00e8s tendance. Autant dire que c&rsquo;est la f\u00eate \u00e0 l&rsquo;Amphi pour la derni\u00e8re soir\u00e9e jazz de la saison. Il y a des d\u00e9cibels comme on en entend pas souvent dans ce lieu.<\/i><\/span><\/p>\n<p class=\"p1\" style=\"text-align:justify;\"><span class=\"s1\"><i>Les intervenants ont chacun des r\u00f4les. On d\u00e9couvre que St\u00e9phane Guillaume sait aussi jouer de la basse,\u00a0 il officie \u00e9galement dans les \u00ab\u00a0vocals\u00a0\u00bb, plut\u00f4t bien ma foi et aussi s&rsquo;amuse avec un synth\u00e9tiseur. Un homme complet.<\/i><\/span><\/p>\n<p class=\"p1\" style=\"text-align:justify;\"><span class=\"s1\"><i>Devant on d\u00e9couvre un chanteur-rapper \u00e9trange. Allonymous est habit\u00e9 par son propos et nous emm\u00e8ne dans son monde. Il est difficile \u00e0 attraper, toujours en mouvement, du vif-argent. Une voix prenante qui p\u00e8se pour beaucoup dans l&rsquo;alchimie du groupe.<\/i><\/span><\/p>\n<p class=\"p1\" style=\"text-align:justify;\"><span class=\"s1\"><i>Sur le c\u00f4t\u00e9, on ne l&rsquo;entend pas mais on voit son travail. Tekyes participe au show en le baignant dans un mur d&rsquo;images, il fabrique des ambiances visuelles en r\u00e9sonance avec la musique, les photons battent au tempo de l&rsquo;\u00e9quipe de Xavier. C&rsquo;est tr\u00e8s r\u00e9ussi et on admire la prestation.<\/i><\/span><\/p>\n<p class=\"p1\" style=\"text-align:justify;\"><span class=\"s1\"><i>Il ne faut pas oublier l&rsquo;autre surprise de la soir\u00e9e, Jean-Philippe Dary, jamais vu par chez-nous et on le regrette. Un groove grand comme \u00e7a, on sent sa patte sur pas mal d&rsquo;arrangements propos\u00e9s.<\/i><\/span><\/p>\n<p class=\"p1\" style=\"text-align:justify;\"><span class=\"s1\"><i>Autant dire que j&rsquo;ai pass\u00e9 une bonne soir\u00e9e \u00e0 l&rsquo;AmphiOp\u00e9ra avec un groupe que je n&rsquo;attendais pas.\u00a0\u00bb<\/i><\/span><\/p>\n<p class=\"p1\" style=\"text-align:right;\"><strong><span class=\"s1\">Pascal Derath\u00e9, Jazz Rh\u00f4ne-Alpes<\/span><\/strong><\/p>\n<hr \/>\n<p class=\"p1\" style=\"text-align:justify;\"><b>UNITED NATIONS OF GROOVE<\/b><\/p>\n<p class=\"p3\" style=\"text-align:justify;\"><em>\u00ab\u00a0Apr\u00e8s les \u00e9l\u00e8ves, les ma\u00eetres ! Derri\u00e8re un impressionnant set de percussions (batterie, congas, bongos, gong, et pads \u00e9lectroniques, &#8230;.), Xavier Desandre Navarre donne le ton : le gong installe le climat, rejoint par le sax soprano de St\u00e9phane Guillaume et les claviers de Jean-Phi Dary. Ambiance planante renforc\u00e9e par les magnifiques images de Tekyes, et petit \u00e0 petit, le rythme prend forme. \u00e7a pourrait \u00e9voquer Miles ou Weather Report si ne surgissait la voix d&rsquo;Allonymous. Mi parl\u00e9e, mi chant\u00e9e , mais tout en rythme, comme le personnage: groove, funk, peu importe, on a envie de bouger. D&rsquo;ailleurs Allonymous danse d&rsquo;une mani\u00e8re incroyable. Et sa belle voix grave raconte des histoires que malheureusement peu de monde est en mesure de comprendre, malgr\u00e9 sa diction parfaite. Le piano peut se faire jazzy le temps d&rsquo;un chorus, St\u00e9phane Guillaume d\u00e9laisser souvent ses saxophones pour une basse \u00e9lectrique et m\u00eame chanter en harmonisant sa voix avec un synth\u00e9, Je<img loading=\"lazy\" decoding=\"async\" class=\"  wp-image-783 alignright\" src=\"https:\/\/www.xavierdesandrenavarre.com\/wp-content\/uploads\/2015\/12\/392377_10150820937661191_2003930123_n.jpg\" alt=\"392377_10150820937661191_2003930123_n\" width=\"394\" height=\"268\" \/>an-Phi Dary entamer une chanson, tout reste coh\u00e9rent. il y a une unit\u00e9 de ton malgr\u00e9 les diff\u00e9rents genres abord\u00e9s. Que les rythmes soient lancinants ou tr\u00e8s dynamiques, \u00e7abalance, le corps est sollicit\u00e9. D&rsquo;ailleurs les spectateurs sont loin d&rsquo;\u00eatre immobiles. Certains se l\u00e8vent pour danser, emport\u00e9s par le rythme et stimul\u00e9s par l&rsquo;exub\u00e9rance d&rsquo;Allonymous dont le corps semble \u00eatre de caoutchouc. Aucune d\u00e9monstration de virtuosit\u00e9 dans cette musique, m\u00eame si les 4 musiciens sont des ma\u00eetres dans leur domaine, mais un sens du collectif, une g\u00e9n\u00e9rosit\u00e9 que le public ressent avec bonheur. Les images de Tekyes forment un tout avec la musique. D\u00e9cid\u00e9ment, si la plaquette de pr\u00e9sentation pr\u00e9sentait Xavier Desandre Navarre comme un sorcier des rythmes, il faut y ajouter un sorcier des images, et trois magiciens des sons et des voix. Pas \u00e9tonnant que le public pr\u00e9sent ait \u00e9t\u00e9 ensorcel\u00e9 par ce concert. Un regret cependant : une partie du public habituel de CAJ avait boud\u00e9 ce concert au Forum, (lieu trop connot\u00e9 rock ?) et le public habituel du Forum ne s&rsquo;\u00e9tait pas d\u00e9plac\u00e9 en masse, alors que cette musique avait tout pour f\u00e9d\u00e9rer les amateurs de (bonne) musique, tous genres confondus.\u00a0\u00bb<\/em><\/p>\n<p class=\"p3\" style=\"text-align:right;\"><strong>Patrice Boyer, Charleville Jazz Action<\/strong><\/p>\n<p class=\"p3\" style=\"text-align:right;\"><img loading=\"lazy\" decoding=\"async\" class=\" size-full wp-image-829 aligncenter\" src=\"https:\/\/www.xavierdesandrenavarre.com\/wp-content\/uploads\/2015\/12\/presse-lardennais-9nov13-ung.jpg\" alt=\"Presse l'ardennais 9nov13 ung\" width=\"900\" height=\"836\" srcset=\"https:\/\/www.xavierdesandrenavarre.com\/wp-content\/uploads\/2015\/12\/presse-lardennais-9nov13-ung.jpg 900w, https:\/\/www.xavierdesandrenavarre.com\/wp-content\/uploads\/2015\/12\/presse-lardennais-9nov13-ung-300x279.jpg 300w, https:\/\/www.xavierdesandrenavarre.com\/wp-content\/uploads\/2015\/12\/presse-lardennais-9nov13-ung-768x713.jpg 768w\" sizes=\"auto, (max-width: 900px) 100vw, 900px\" \/><\/p>\n<p class=\"p3\" style=\"text-align:right;\"><strong>Agathe Rigo, La Voix du Nord<\/strong><\/p>\n","protected":false},"excerpt":{"rendered":"<p>\u00ab\u00a0Allonymous danse d&rsquo;une mani\u00e8re incroyable. Et sa belle voix grave raconte des histoires que malheureusement peu de monde est en mesure de comprendre, malgr\u00e9 sa diction parfaite. Le piano peut se faire jazzy le temps d&rsquo;un chorus, St\u00e9phane Guillaume d\u00e9laisser souvent ses saxophones pour une basse \u00e9lectrique et m\u00eame chanter en harmonisant sa voix avec &hellip; <a class=\"more-link\" href=\"https:\/\/www.xavierdesandrenavarre.com\/index.php\/fr\/presse-united-nations-of-groove\/\">Lire la suite <span class=\"screen-reader-text\">PRESSE : UNITED NATIONS OF GROOVE<\/span><\/a><\/p>\n","protected":false},"author":4,"featured_media":0,"parent":0,"menu_order":0,"comment_status":"closed","ping_status":"closed","template":"","meta":{"__cvm_playback_settings":[],"__cvm_video_id":"","footnotes":""},"class_list":["post-819","page","type-page","status-publish","hentry"],"yoast_head":"<!-- This site is optimized with the Yoast SEO plugin v27.5 - https:\/\/yoast.com\/product\/yoast-seo-wordpress\/ -->\n<title>PRESSE : UNITED NATIONS OF GROOVE &#8226; Xavier DESANDRE NAVARRE<\/title>\n<meta name=\"robots\" content=\"index, follow, max-snippet:-1, max-image-preview:large, max-video-preview:-1\" \/>\n<link rel=\"canonical\" href=\"https:\/\/www.xavierdesandrenavarre.com\/index.php\/fr\/presse-united-nations-of-groove\/\" \/>\n<meta property=\"og:locale\" content=\"fr_FR\" \/>\n<meta property=\"og:type\" content=\"article\" \/>\n<meta property=\"og:title\" content=\"PRESSE : UNITED NATIONS OF GROOVE &#8226; Xavier DESANDRE NAVARRE\" \/>\n<meta property=\"og:description\" content=\"\u00ab\u00a0Allonymous danse d&rsquo;une mani\u00e8re incroyable. Et sa belle voix grave raconte des histoires que malheureusement peu de monde est en mesure de comprendre, malgr\u00e9 sa diction parfaite. Le piano peut se faire jazzy le temps d&rsquo;un chorus, St\u00e9phane Guillaume d\u00e9laisser souvent ses saxophones pour une basse \u00e9lectrique et m\u00eame chanter en harmonisant sa voix avec &hellip; Lire la suite PRESSE : UNITED NATIONS OF GROOVE\" \/>\n<meta property=\"og:url\" content=\"https:\/\/www.xavierdesandrenavarre.com\/index.php\/fr\/presse-united-nations-of-groove\/\" \/>\n<meta property=\"og:site_name\" content=\"Xavier DESANDRE NAVARRE\" \/>\n<meta property=\"og:image\" content=\"http:\/\/www.xavierdesandrenavarre.com\/wp-content\/uploads\/2015\/12\/united-nations-of-groove-1.jpg\" \/>\n<meta name=\"twitter:card\" content=\"summary_large_image\" \/>\n<meta name=\"twitter:label1\" content=\"Dur\u00e9e de lecture estim\u00e9e\" \/>\n\t<meta name=\"twitter:data1\" content=\"5 minutes\" \/>\n<script type=\"application\/ld+json\" class=\"yoast-schema-graph\">{\"@context\":\"https:\\\/\\\/schema.org\",\"@graph\":[{\"@type\":\"WebPage\",\"@id\":\"https:\\\/\\\/www.xavierdesandrenavarre.com\\\/index.php\\\/fr\\\/presse-united-nations-of-groove\\\/\",\"url\":\"https:\\\/\\\/www.xavierdesandrenavarre.com\\\/index.php\\\/fr\\\/presse-united-nations-of-groove\\\/\",\"name\":\"PRESSE : UNITED NATIONS OF GROOVE &#8226; Xavier DESANDRE NAVARRE\",\"isPartOf\":{\"@id\":\"https:\\\/\\\/www.xavierdesandrenavarre.com\\\/#website\"},\"primaryImageOfPage\":{\"@id\":\"https:\\\/\\\/www.xavierdesandrenavarre.com\\\/index.php\\\/fr\\\/presse-united-nations-of-groove\\\/#primaryimage\"},\"image\":{\"@id\":\"https:\\\/\\\/www.xavierdesandrenavarre.com\\\/index.php\\\/fr\\\/presse-united-nations-of-groove\\\/#primaryimage\"},\"thumbnailUrl\":\"http:\\\/\\\/www.xavierdesandrenavarre.com\\\/wp-content\\\/uploads\\\/2015\\\/12\\\/united-nations-of-groove-1.jpg\",\"datePublished\":\"2015-12-11T12:43:44+00:00\",\"breadcrumb\":{\"@id\":\"https:\\\/\\\/www.xavierdesandrenavarre.com\\\/index.php\\\/fr\\\/presse-united-nations-of-groove\\\/#breadcrumb\"},\"inLanguage\":\"fr-FR\",\"potentialAction\":[{\"@type\":\"ReadAction\",\"target\":[\"https:\\\/\\\/www.xavierdesandrenavarre.com\\\/index.php\\\/fr\\\/presse-united-nations-of-groove\\\/\"]}]},{\"@type\":\"ImageObject\",\"inLanguage\":\"fr-FR\",\"@id\":\"https:\\\/\\\/www.xavierdesandrenavarre.com\\\/index.php\\\/fr\\\/presse-united-nations-of-groove\\\/#primaryimage\",\"url\":\"http:\\\/\\\/www.xavierdesandrenavarre.com\\\/wp-content\\\/uploads\\\/2015\\\/12\\\/united-nations-of-groove-1.jpg\",\"contentUrl\":\"http:\\\/\\\/www.xavierdesandrenavarre.com\\\/wp-content\\\/uploads\\\/2015\\\/12\\\/united-nations-of-groove-1.jpg\"},{\"@type\":\"BreadcrumbList\",\"@id\":\"https:\\\/\\\/www.xavierdesandrenavarre.com\\\/index.php\\\/fr\\\/presse-united-nations-of-groove\\\/#breadcrumb\",\"itemListElement\":[{\"@type\":\"ListItem\",\"position\":1,\"name\":\"Accueil\",\"item\":\"https:\\\/\\\/www.xavierdesandrenavarre.com\\\/index.php\\\/fr\\\/actualites\\\/\"},{\"@type\":\"ListItem\",\"position\":2,\"name\":\"PRESSE : UNITED NATIONS OF GROOVE\"}]},{\"@type\":\"WebSite\",\"@id\":\"https:\\\/\\\/www.xavierdesandrenavarre.com\\\/#website\",\"url\":\"https:\\\/\\\/www.xavierdesandrenavarre.com\\\/\",\"name\":\"Xavier Desandre Navarre\",\"description\":\"CREATIVE DRUMMING \",\"publisher\":{\"@id\":\"https:\\\/\\\/www.xavierdesandrenavarre.com\\\/#\\\/schema\\\/person\\\/d44923d7590d78b38ce0e9c1941a2c75\"},\"potentialAction\":[{\"@type\":\"SearchAction\",\"target\":{\"@type\":\"EntryPoint\",\"urlTemplate\":\"https:\\\/\\\/www.xavierdesandrenavarre.com\\\/?s={search_term_string}\"},\"query-input\":{\"@type\":\"PropertyValueSpecification\",\"valueRequired\":true,\"valueName\":\"search_term_string\"}}],\"inLanguage\":\"fr-FR\"},{\"@type\":[\"Person\",\"Organization\"],\"@id\":\"https:\\\/\\\/www.xavierdesandrenavarre.com\\\/#\\\/schema\\\/person\\\/d44923d7590d78b38ce0e9c1941a2c75\",\"name\":\"Xavier DESANDRE NAVARRE\",\"image\":{\"@type\":\"ImageObject\",\"inLanguage\":\"fr-FR\",\"@id\":\"https:\\\/\\\/secure.gravatar.com\\\/avatar\\\/f5d0177a75f71d2039289a3687726c1181fc9368e48f4469bd627ff20d15397b?s=96&d=mm&r=g\",\"url\":\"https:\\\/\\\/secure.gravatar.com\\\/avatar\\\/f5d0177a75f71d2039289a3687726c1181fc9368e48f4469bd627ff20d15397b?s=96&d=mm&r=g\",\"contentUrl\":\"https:\\\/\\\/secure.gravatar.com\\\/avatar\\\/f5d0177a75f71d2039289a3687726c1181fc9368e48f4469bd627ff20d15397b?s=96&d=mm&r=g\",\"caption\":\"Xavier DESANDRE NAVARRE\"},\"logo\":{\"@id\":\"https:\\\/\\\/secure.gravatar.com\\\/avatar\\\/f5d0177a75f71d2039289a3687726c1181fc9368e48f4469bd627ff20d15397b?s=96&d=mm&r=g\"}}]}<\/script>\n<!-- \/ Yoast SEO plugin. -->","yoast_head_json":{"title":"PRESSE : UNITED NATIONS OF GROOVE &#8226; Xavier DESANDRE NAVARRE","robots":{"index":"index","follow":"follow","max-snippet":"max-snippet:-1","max-image-preview":"max-image-preview:large","max-video-preview":"max-video-preview:-1"},"canonical":"https:\/\/www.xavierdesandrenavarre.com\/index.php\/fr\/presse-united-nations-of-groove\/","og_locale":"fr_FR","og_type":"article","og_title":"PRESSE : UNITED NATIONS OF GROOVE &#8226; Xavier DESANDRE NAVARRE","og_description":"\u00ab\u00a0Allonymous danse d&rsquo;une mani\u00e8re incroyable. Et sa belle voix grave raconte des histoires que malheureusement peu de monde est en mesure de comprendre, malgr\u00e9 sa diction parfaite. Le piano peut se faire jazzy le temps d&rsquo;un chorus, St\u00e9phane Guillaume d\u00e9laisser souvent ses saxophones pour une basse \u00e9lectrique et m\u00eame chanter en harmonisant sa voix avec &hellip; Lire la suite PRESSE : UNITED NATIONS OF GROOVE","og_url":"https:\/\/www.xavierdesandrenavarre.com\/index.php\/fr\/presse-united-nations-of-groove\/","og_site_name":"Xavier DESANDRE NAVARRE","og_image":[{"url":"http:\/\/www.xavierdesandrenavarre.com\/wp-content\/uploads\/2015\/12\/united-nations-of-groove-1.jpg","type":"","width":"","height":""}],"twitter_card":"summary_large_image","twitter_misc":{"Dur\u00e9e de lecture estim\u00e9e":"5 minutes"},"schema":{"@context":"https:\/\/schema.org","@graph":[{"@type":"WebPage","@id":"https:\/\/www.xavierdesandrenavarre.com\/index.php\/fr\/presse-united-nations-of-groove\/","url":"https:\/\/www.xavierdesandrenavarre.com\/index.php\/fr\/presse-united-nations-of-groove\/","name":"PRESSE : UNITED NATIONS OF GROOVE &#8226; Xavier DESANDRE NAVARRE","isPartOf":{"@id":"https:\/\/www.xavierdesandrenavarre.com\/#website"},"primaryImageOfPage":{"@id":"https:\/\/www.xavierdesandrenavarre.com\/index.php\/fr\/presse-united-nations-of-groove\/#primaryimage"},"image":{"@id":"https:\/\/www.xavierdesandrenavarre.com\/index.php\/fr\/presse-united-nations-of-groove\/#primaryimage"},"thumbnailUrl":"http:\/\/www.xavierdesandrenavarre.com\/wp-content\/uploads\/2015\/12\/united-nations-of-groove-1.jpg","datePublished":"2015-12-11T12:43:44+00:00","breadcrumb":{"@id":"https:\/\/www.xavierdesandrenavarre.com\/index.php\/fr\/presse-united-nations-of-groove\/#breadcrumb"},"inLanguage":"fr-FR","potentialAction":[{"@type":"ReadAction","target":["https:\/\/www.xavierdesandrenavarre.com\/index.php\/fr\/presse-united-nations-of-groove\/"]}]},{"@type":"ImageObject","inLanguage":"fr-FR","@id":"https:\/\/www.xavierdesandrenavarre.com\/index.php\/fr\/presse-united-nations-of-groove\/#primaryimage","url":"http:\/\/www.xavierdesandrenavarre.com\/wp-content\/uploads\/2015\/12\/united-nations-of-groove-1.jpg","contentUrl":"http:\/\/www.xavierdesandrenavarre.com\/wp-content\/uploads\/2015\/12\/united-nations-of-groove-1.jpg"},{"@type":"BreadcrumbList","@id":"https:\/\/www.xavierdesandrenavarre.com\/index.php\/fr\/presse-united-nations-of-groove\/#breadcrumb","itemListElement":[{"@type":"ListItem","position":1,"name":"Accueil","item":"https:\/\/www.xavierdesandrenavarre.com\/index.php\/fr\/actualites\/"},{"@type":"ListItem","position":2,"name":"PRESSE : UNITED NATIONS OF GROOVE"}]},{"@type":"WebSite","@id":"https:\/\/www.xavierdesandrenavarre.com\/#website","url":"https:\/\/www.xavierdesandrenavarre.com\/","name":"Xavier Desandre Navarre","description":"CREATIVE DRUMMING ","publisher":{"@id":"https:\/\/www.xavierdesandrenavarre.com\/#\/schema\/person\/d44923d7590d78b38ce0e9c1941a2c75"},"potentialAction":[{"@type":"SearchAction","target":{"@type":"EntryPoint","urlTemplate":"https:\/\/www.xavierdesandrenavarre.com\/?s={search_term_string}"},"query-input":{"@type":"PropertyValueSpecification","valueRequired":true,"valueName":"search_term_string"}}],"inLanguage":"fr-FR"},{"@type":["Person","Organization"],"@id":"https:\/\/www.xavierdesandrenavarre.com\/#\/schema\/person\/d44923d7590d78b38ce0e9c1941a2c75","name":"Xavier DESANDRE NAVARRE","image":{"@type":"ImageObject","inLanguage":"fr-FR","@id":"https:\/\/secure.gravatar.com\/avatar\/f5d0177a75f71d2039289a3687726c1181fc9368e48f4469bd627ff20d15397b?s=96&d=mm&r=g","url":"https:\/\/secure.gravatar.com\/avatar\/f5d0177a75f71d2039289a3687726c1181fc9368e48f4469bd627ff20d15397b?s=96&d=mm&r=g","contentUrl":"https:\/\/secure.gravatar.com\/avatar\/f5d0177a75f71d2039289a3687726c1181fc9368e48f4469bd627ff20d15397b?s=96&d=mm&r=g","caption":"Xavier DESANDRE NAVARRE"},"logo":{"@id":"https:\/\/secure.gravatar.com\/avatar\/f5d0177a75f71d2039289a3687726c1181fc9368e48f4469bd627ff20d15397b?s=96&d=mm&r=g"}}]}},"_links":{"self":[{"href":"https:\/\/www.xavierdesandrenavarre.com\/index.php\/wp-json\/wp\/v2\/pages\/819","targetHints":{"allow":["GET"]}}],"collection":[{"href":"https:\/\/www.xavierdesandrenavarre.com\/index.php\/wp-json\/wp\/v2\/pages"}],"about":[{"href":"https:\/\/www.xavierdesandrenavarre.com\/index.php\/wp-json\/wp\/v2\/types\/page"}],"author":[{"embeddable":true,"href":"https:\/\/www.xavierdesandrenavarre.com\/index.php\/wp-json\/wp\/v2\/users\/4"}],"replies":[{"embeddable":true,"href":"https:\/\/www.xavierdesandrenavarre.com\/index.php\/wp-json\/wp\/v2\/comments?post=819"}],"version-history":[{"count":0,"href":"https:\/\/www.xavierdesandrenavarre.com\/index.php\/wp-json\/wp\/v2\/pages\/819\/revisions"}],"wp:attachment":[{"href":"https:\/\/www.xavierdesandrenavarre.com\/index.php\/wp-json\/wp\/v2\/media?parent=819"}],"curies":[{"name":"wp","href":"https:\/\/api.w.org\/{rel}","templated":true}]}}