{"id":809,"date":"2015-12-11T13:35:33","date_gmt":"2015-12-11T12:35:33","guid":{"rendered":"https:\/\/xavierdesandrenavarre.wordpress.com\/?page_id=809"},"modified":"2015-12-11T13:35:33","modified_gmt":"2015-12-11T12:35:33","slug":"tekyes","status":"publish","type":"page","link":"https:\/\/www.xavierdesandrenavarre.com\/index.php\/fr\/tekyes\/","title":{"rendered":"TEKYES"},"content":{"rendered":"<p class=\"p1\" style=\"text-align:justify;\"><strong><span class=\"s1\"><img loading=\"lazy\" decoding=\"async\" class=\"  wp-image-811 alignleft\" src=\"https:\/\/www.xavierdesandrenavarre.com\/wp-content\/uploads\/2015\/12\/capture-d_ecc81cran-2015-12-11-acc80-13-34-45.png\" alt=\"Capture d\u2019e\u0301cran 2015-12-11 a\u0300 13.34.45.png\" width=\"327\" height=\"221\" srcset=\"https:\/\/www.xavierdesandrenavarre.com\/wp-content\/uploads\/2015\/12\/capture-d_ecc81cran-2015-12-11-acc80-13-34-45.png 398w, https:\/\/www.xavierdesandrenavarre.com\/wp-content\/uploads\/2015\/12\/capture-d_ecc81cran-2015-12-11-acc80-13-34-45-300x203.png 300w\" sizes=\"auto, (max-width: 327px) 100vw, 327px\" \/>Visual designer<\/span><\/strong><\/p>\n<p class=\"p2\" style=\"text-align:justify;\"><span class=\"s1\">\u00abA Vision Of Sound\u00bb<\/span><\/p>\n<p class=\"p2\" style=\"text-align:justify;\"><span class=\"s1\">\u00abVisual Designer\u00bb d\u2019origine Franco-Vietnamienne.<\/span><\/p>\n<p class=\"p2\" style=\"text-align:justify;\"><span class=\"s1\">Ses cr\u00e9ations exacerbent les pouvoirs de l&rsquo;imaginaire. Au travers couleurs &amp; lumi\u00e8re,\u00a0 elles vous emportent vers une dynamique de formes positives et rythm\u00e9es en symbiose avec les musiques \u00e9lectroniques&#8230;<\/span><\/p>\n<p class=\"p2\" style=\"text-align:justify;\"><span class=\"s1\">Digital Artist depuis 1998, il s\u2019est specialis\u00e9 dans le traitement des images num\u00e9riques et con\u00e7oit des visuels originaux pour la sc\u00e8ne et le cin\u00e9ma. Son sens musical et l\u2019originalit\u00e9 de ses performances en font un acteur de premier plan de la sc\u00e8ne multim\u00e9dia contemporaine.<\/span><\/p>\n<p class=\"p2\" style=\"text-align:justify;\"><span class=\"s1\">Il associe sa dynamique et ses comp\u00e9tences a des artistes prestigieux tels que David Guetta, Laurent Garnier, Wax Tailor.\u00a0 Pour le cin\u00e9ma, Mathieu Kassowitz (Assassins), Jean Pierre Jeunet, (Alien 4), et Jacques Perrin (Oc\u00e9ans), ont fait appel \u00e0 son aptitude \u00e0 sublimer les images. Abu Dhabi, Bilbao, Bruxelles, Londres, Los Angeles, St Petersbourg, Berlin, Moscou, Amsterdam, Paris, Marrakech, Casablanca, Vilnius, .. ont accueilli ses performances in\u00e9dites.<\/span><\/p>\n<p class=\"p2\" style=\"text-align:justify;\"><a href=\"http:\/\/tekyes.free.fr\/\" target=\"_blank\">Site internet de Tekyes<\/a><\/p>\n","protected":false},"excerpt":{"rendered":"<p>Visual designer \u00abA Vision Of Sound\u00bb \u00abVisual Designer\u00bb d\u2019origine Franco-Vietnamienne. Ses cr\u00e9ations exacerbent les pouvoirs de l&rsquo;imaginaire. Au travers couleurs &amp; lumi\u00e8re,\u00a0 elles vous emportent vers une dynamique de formes positives et rythm\u00e9es en symbiose avec les musiques \u00e9lectroniques&#8230; Digital Artist depuis 1998, il s\u2019est specialis\u00e9 dans le traitement des images num\u00e9riques et con\u00e7oit des &hellip; <a class=\"more-link\" href=\"https:\/\/www.xavierdesandrenavarre.com\/index.php\/fr\/tekyes\/\">Lire la suite <span class=\"screen-reader-text\">TEKYES<\/span><\/a><\/p>\n","protected":false},"author":4,"featured_media":0,"parent":0,"menu_order":0,"comment_status":"closed","ping_status":"closed","template":"","meta":{"__cvm_playback_settings":[],"__cvm_video_id":"","footnotes":""},"class_list":["post-809","page","type-page","status-publish","hentry"],"yoast_head":"<!-- This site is optimized with the Yoast SEO plugin v27.5 - https:\/\/yoast.com\/product\/yoast-seo-wordpress\/ -->\n<title>TEKYES &#8226; Xavier DESANDRE NAVARRE<\/title>\n<meta name=\"robots\" content=\"index, follow, max-snippet:-1, max-image-preview:large, max-video-preview:-1\" \/>\n<link rel=\"canonical\" href=\"https:\/\/www.xavierdesandrenavarre.com\/index.php\/fr\/tekyes\/\" \/>\n<meta property=\"og:locale\" content=\"fr_FR\" \/>\n<meta property=\"og:type\" content=\"article\" \/>\n<meta property=\"og:title\" content=\"TEKYES &#8226; Xavier DESANDRE NAVARRE\" \/>\n<meta property=\"og:description\" content=\"Visual designer \u00abA Vision Of Sound\u00bb \u00abVisual Designer\u00bb d\u2019origine Franco-Vietnamienne. Ses cr\u00e9ations exacerbent les pouvoirs de l&rsquo;imaginaire. Au travers couleurs &amp; lumi\u00e8re,\u00a0 elles vous emportent vers une dynamique de formes positives et rythm\u00e9es en symbiose avec les musiques \u00e9lectroniques&#8230; Digital Artist depuis 1998, il s\u2019est specialis\u00e9 dans le traitement des images num\u00e9riques et con\u00e7oit des &hellip; Lire la suite TEKYES\" \/>\n<meta property=\"og:url\" content=\"https:\/\/www.xavierdesandrenavarre.com\/index.php\/fr\/tekyes\/\" \/>\n<meta property=\"og:site_name\" content=\"Xavier DESANDRE NAVARRE\" \/>\n<meta property=\"og:image\" content=\"http:\/\/www.xavierdesandrenavarre.com\/wp-content\/uploads\/2015\/12\/capture-d_ecc81cran-2015-12-11-acc80-13-34-45.png\" \/>\n<meta name=\"twitter:card\" content=\"summary_large_image\" \/>\n<meta name=\"twitter:label1\" content=\"Dur\u00e9e de lecture estim\u00e9e\" \/>\n\t<meta name=\"twitter:data1\" content=\"1 minute\" \/>\n<script type=\"application\/ld+json\" class=\"yoast-schema-graph\">{\"@context\":\"https:\\\/\\\/schema.org\",\"@graph\":[{\"@type\":\"WebPage\",\"@id\":\"https:\\\/\\\/www.xavierdesandrenavarre.com\\\/index.php\\\/fr\\\/tekyes\\\/\",\"url\":\"https:\\\/\\\/www.xavierdesandrenavarre.com\\\/index.php\\\/fr\\\/tekyes\\\/\",\"name\":\"TEKYES &#8226; Xavier DESANDRE NAVARRE\",\"isPartOf\":{\"@id\":\"https:\\\/\\\/www.xavierdesandrenavarre.com\\\/#website\"},\"primaryImageOfPage\":{\"@id\":\"https:\\\/\\\/www.xavierdesandrenavarre.com\\\/index.php\\\/fr\\\/tekyes\\\/#primaryimage\"},\"image\":{\"@id\":\"https:\\\/\\\/www.xavierdesandrenavarre.com\\\/index.php\\\/fr\\\/tekyes\\\/#primaryimage\"},\"thumbnailUrl\":\"http:\\\/\\\/www.xavierdesandrenavarre.com\\\/wp-content\\\/uploads\\\/2015\\\/12\\\/capture-d_ecc81cran-2015-12-11-acc80-13-34-45.png\",\"datePublished\":\"2015-12-11T12:35:33+00:00\",\"breadcrumb\":{\"@id\":\"https:\\\/\\\/www.xavierdesandrenavarre.com\\\/index.php\\\/fr\\\/tekyes\\\/#breadcrumb\"},\"inLanguage\":\"fr-FR\",\"potentialAction\":[{\"@type\":\"ReadAction\",\"target\":[\"https:\\\/\\\/www.xavierdesandrenavarre.com\\\/index.php\\\/fr\\\/tekyes\\\/\"]}]},{\"@type\":\"ImageObject\",\"inLanguage\":\"fr-FR\",\"@id\":\"https:\\\/\\\/www.xavierdesandrenavarre.com\\\/index.php\\\/fr\\\/tekyes\\\/#primaryimage\",\"url\":\"http:\\\/\\\/www.xavierdesandrenavarre.com\\\/wp-content\\\/uploads\\\/2015\\\/12\\\/capture-d_ecc81cran-2015-12-11-acc80-13-34-45.png\",\"contentUrl\":\"http:\\\/\\\/www.xavierdesandrenavarre.com\\\/wp-content\\\/uploads\\\/2015\\\/12\\\/capture-d_ecc81cran-2015-12-11-acc80-13-34-45.png\"},{\"@type\":\"BreadcrumbList\",\"@id\":\"https:\\\/\\\/www.xavierdesandrenavarre.com\\\/index.php\\\/fr\\\/tekyes\\\/#breadcrumb\",\"itemListElement\":[{\"@type\":\"ListItem\",\"position\":1,\"name\":\"Accueil\",\"item\":\"https:\\\/\\\/www.xavierdesandrenavarre.com\\\/index.php\\\/fr\\\/actualites\\\/\"},{\"@type\":\"ListItem\",\"position\":2,\"name\":\"TEKYES\"}]},{\"@type\":\"WebSite\",\"@id\":\"https:\\\/\\\/www.xavierdesandrenavarre.com\\\/#website\",\"url\":\"https:\\\/\\\/www.xavierdesandrenavarre.com\\\/\",\"name\":\"Xavier Desandre Navarre\",\"description\":\"CREATIVE DRUMMING \",\"publisher\":{\"@id\":\"https:\\\/\\\/www.xavierdesandrenavarre.com\\\/#\\\/schema\\\/person\\\/d44923d7590d78b38ce0e9c1941a2c75\"},\"potentialAction\":[{\"@type\":\"SearchAction\",\"target\":{\"@type\":\"EntryPoint\",\"urlTemplate\":\"https:\\\/\\\/www.xavierdesandrenavarre.com\\\/?s={search_term_string}\"},\"query-input\":{\"@type\":\"PropertyValueSpecification\",\"valueRequired\":true,\"valueName\":\"search_term_string\"}}],\"inLanguage\":\"fr-FR\"},{\"@type\":[\"Person\",\"Organization\"],\"@id\":\"https:\\\/\\\/www.xavierdesandrenavarre.com\\\/#\\\/schema\\\/person\\\/d44923d7590d78b38ce0e9c1941a2c75\",\"name\":\"Xavier DESANDRE NAVARRE\",\"image\":{\"@type\":\"ImageObject\",\"inLanguage\":\"fr-FR\",\"@id\":\"https:\\\/\\\/secure.gravatar.com\\\/avatar\\\/f5d0177a75f71d2039289a3687726c1181fc9368e48f4469bd627ff20d15397b?s=96&d=mm&r=g\",\"url\":\"https:\\\/\\\/secure.gravatar.com\\\/avatar\\\/f5d0177a75f71d2039289a3687726c1181fc9368e48f4469bd627ff20d15397b?s=96&d=mm&r=g\",\"contentUrl\":\"https:\\\/\\\/secure.gravatar.com\\\/avatar\\\/f5d0177a75f71d2039289a3687726c1181fc9368e48f4469bd627ff20d15397b?s=96&d=mm&r=g\",\"caption\":\"Xavier DESANDRE NAVARRE\"},\"logo\":{\"@id\":\"https:\\\/\\\/secure.gravatar.com\\\/avatar\\\/f5d0177a75f71d2039289a3687726c1181fc9368e48f4469bd627ff20d15397b?s=96&d=mm&r=g\"}}]}<\/script>\n<!-- \/ Yoast SEO plugin. -->","yoast_head_json":{"title":"TEKYES &#8226; Xavier DESANDRE NAVARRE","robots":{"index":"index","follow":"follow","max-snippet":"max-snippet:-1","max-image-preview":"max-image-preview:large","max-video-preview":"max-video-preview:-1"},"canonical":"https:\/\/www.xavierdesandrenavarre.com\/index.php\/fr\/tekyes\/","og_locale":"fr_FR","og_type":"article","og_title":"TEKYES &#8226; Xavier DESANDRE NAVARRE","og_description":"Visual designer \u00abA Vision Of Sound\u00bb \u00abVisual Designer\u00bb d\u2019origine Franco-Vietnamienne. Ses cr\u00e9ations exacerbent les pouvoirs de l&rsquo;imaginaire. Au travers couleurs &amp; lumi\u00e8re,\u00a0 elles vous emportent vers une dynamique de formes positives et rythm\u00e9es en symbiose avec les musiques \u00e9lectroniques&#8230; Digital Artist depuis 1998, il s\u2019est specialis\u00e9 dans le traitement des images num\u00e9riques et con\u00e7oit des &hellip; Lire la suite TEKYES","og_url":"https:\/\/www.xavierdesandrenavarre.com\/index.php\/fr\/tekyes\/","og_site_name":"Xavier DESANDRE NAVARRE","og_image":[{"url":"http:\/\/www.xavierdesandrenavarre.com\/wp-content\/uploads\/2015\/12\/capture-d_ecc81cran-2015-12-11-acc80-13-34-45.png","type":"","width":"","height":""}],"twitter_card":"summary_large_image","twitter_misc":{"Dur\u00e9e de lecture estim\u00e9e":"1 minute"},"schema":{"@context":"https:\/\/schema.org","@graph":[{"@type":"WebPage","@id":"https:\/\/www.xavierdesandrenavarre.com\/index.php\/fr\/tekyes\/","url":"https:\/\/www.xavierdesandrenavarre.com\/index.php\/fr\/tekyes\/","name":"TEKYES &#8226; Xavier DESANDRE NAVARRE","isPartOf":{"@id":"https:\/\/www.xavierdesandrenavarre.com\/#website"},"primaryImageOfPage":{"@id":"https:\/\/www.xavierdesandrenavarre.com\/index.php\/fr\/tekyes\/#primaryimage"},"image":{"@id":"https:\/\/www.xavierdesandrenavarre.com\/index.php\/fr\/tekyes\/#primaryimage"},"thumbnailUrl":"http:\/\/www.xavierdesandrenavarre.com\/wp-content\/uploads\/2015\/12\/capture-d_ecc81cran-2015-12-11-acc80-13-34-45.png","datePublished":"2015-12-11T12:35:33+00:00","breadcrumb":{"@id":"https:\/\/www.xavierdesandrenavarre.com\/index.php\/fr\/tekyes\/#breadcrumb"},"inLanguage":"fr-FR","potentialAction":[{"@type":"ReadAction","target":["https:\/\/www.xavierdesandrenavarre.com\/index.php\/fr\/tekyes\/"]}]},{"@type":"ImageObject","inLanguage":"fr-FR","@id":"https:\/\/www.xavierdesandrenavarre.com\/index.php\/fr\/tekyes\/#primaryimage","url":"http:\/\/www.xavierdesandrenavarre.com\/wp-content\/uploads\/2015\/12\/capture-d_ecc81cran-2015-12-11-acc80-13-34-45.png","contentUrl":"http:\/\/www.xavierdesandrenavarre.com\/wp-content\/uploads\/2015\/12\/capture-d_ecc81cran-2015-12-11-acc80-13-34-45.png"},{"@type":"BreadcrumbList","@id":"https:\/\/www.xavierdesandrenavarre.com\/index.php\/fr\/tekyes\/#breadcrumb","itemListElement":[{"@type":"ListItem","position":1,"name":"Accueil","item":"https:\/\/www.xavierdesandrenavarre.com\/index.php\/fr\/actualites\/"},{"@type":"ListItem","position":2,"name":"TEKYES"}]},{"@type":"WebSite","@id":"https:\/\/www.xavierdesandrenavarre.com\/#website","url":"https:\/\/www.xavierdesandrenavarre.com\/","name":"Xavier Desandre Navarre","description":"CREATIVE DRUMMING ","publisher":{"@id":"https:\/\/www.xavierdesandrenavarre.com\/#\/schema\/person\/d44923d7590d78b38ce0e9c1941a2c75"},"potentialAction":[{"@type":"SearchAction","target":{"@type":"EntryPoint","urlTemplate":"https:\/\/www.xavierdesandrenavarre.com\/?s={search_term_string}"},"query-input":{"@type":"PropertyValueSpecification","valueRequired":true,"valueName":"search_term_string"}}],"inLanguage":"fr-FR"},{"@type":["Person","Organization"],"@id":"https:\/\/www.xavierdesandrenavarre.com\/#\/schema\/person\/d44923d7590d78b38ce0e9c1941a2c75","name":"Xavier DESANDRE NAVARRE","image":{"@type":"ImageObject","inLanguage":"fr-FR","@id":"https:\/\/secure.gravatar.com\/avatar\/f5d0177a75f71d2039289a3687726c1181fc9368e48f4469bd627ff20d15397b?s=96&d=mm&r=g","url":"https:\/\/secure.gravatar.com\/avatar\/f5d0177a75f71d2039289a3687726c1181fc9368e48f4469bd627ff20d15397b?s=96&d=mm&r=g","contentUrl":"https:\/\/secure.gravatar.com\/avatar\/f5d0177a75f71d2039289a3687726c1181fc9368e48f4469bd627ff20d15397b?s=96&d=mm&r=g","caption":"Xavier DESANDRE NAVARRE"},"logo":{"@id":"https:\/\/secure.gravatar.com\/avatar\/f5d0177a75f71d2039289a3687726c1181fc9368e48f4469bd627ff20d15397b?s=96&d=mm&r=g"}}]}},"_links":{"self":[{"href":"https:\/\/www.xavierdesandrenavarre.com\/index.php\/wp-json\/wp\/v2\/pages\/809","targetHints":{"allow":["GET"]}}],"collection":[{"href":"https:\/\/www.xavierdesandrenavarre.com\/index.php\/wp-json\/wp\/v2\/pages"}],"about":[{"href":"https:\/\/www.xavierdesandrenavarre.com\/index.php\/wp-json\/wp\/v2\/types\/page"}],"author":[{"embeddable":true,"href":"https:\/\/www.xavierdesandrenavarre.com\/index.php\/wp-json\/wp\/v2\/users\/4"}],"replies":[{"embeddable":true,"href":"https:\/\/www.xavierdesandrenavarre.com\/index.php\/wp-json\/wp\/v2\/comments?post=809"}],"version-history":[{"count":0,"href":"https:\/\/www.xavierdesandrenavarre.com\/index.php\/wp-json\/wp\/v2\/pages\/809\/revisions"}],"wp:attachment":[{"href":"https:\/\/www.xavierdesandrenavarre.com\/index.php\/wp-json\/wp\/v2\/media?parent=809"}],"curies":[{"name":"wp","href":"https:\/\/api.w.org\/{rel}","templated":true}]}}