{"id":798,"date":"2015-12-11T13:30:52","date_gmt":"2015-12-11T12:30:52","guid":{"rendered":"https:\/\/xavierdesandrenavarre.wordpress.com\/?page_id=798"},"modified":"2017-01-09T09:43:50","modified_gmt":"2017-01-09T08:43:50","slug":"allonymous","status":"publish","type":"page","link":"https:\/\/www.xavierdesandrenavarre.com\/index.php\/fr\/allonymous\/","title":{"rendered":"ALLONYMOUS"},"content":{"rendered":"<p class=\"p1\" style=\"text-align: justify;\"><span class=\"s1\"><img loading=\"lazy\" decoding=\"async\" class=\" wp-image-773 alignleft\" src=\"https:\/\/www.xavierdesandrenavarre.com\/wp-content\/uploads\/2015\/12\/554452_10150832192951191_849468099_n.jpg\" alt=\"554452_10150832192951191_849468099_n\" width=\"249\" height=\"170\" \/><strong>Chant &amp; Slam, Textes Originaux<\/strong><\/span><\/p>\n<p class=\"p3\" style=\"text-align: justify;\"><span class=\"s1\">D\u2019origine Am\u00e9ricaine. N\u00e9 \u00e0 Chicago, Po\u00e8te \u00e9motif, performer dynamique et chanteur passionn\u00e9, compositeur et peintre accompli, Allonymous est un artiste charismatique de la sc\u00e8ne funk, soul et R\u2019n B.<\/span><\/p>\n<p class=\"p3\" style=\"text-align: justify;\"><span class=\"s1\">MC, chanteur et parolier du groupe rock-soul Push-Up,\u00a0 il a oeuvr\u00e9 pour le groupe The Roots , The Cinematic Orchestra, the Last Poets,\u00a0 Keziah Jones, Lucky Peterson, Tony Allen, Doctor L,\u00a0 Cheick Tidiane Seck, Julian Lourau, les Nubians&#8230;<\/span><\/p>\n","protected":false},"excerpt":{"rendered":"<p>Chant &amp; Slam, Textes Originaux D\u2019origine Am\u00e9ricaine. N\u00e9 \u00e0 Chicago, Po\u00e8te \u00e9motif, performer dynamique et chanteur passionn\u00e9, compositeur et peintre accompli, Allonymous est un artiste charismatique de la sc\u00e8ne funk, soul et R\u2019n B. MC, chanteur et parolier du groupe rock-soul Push-Up,\u00a0 il a oeuvr\u00e9 pour le groupe The Roots , The Cinematic Orchestra, the &hellip; <a class=\"more-link\" href=\"https:\/\/www.xavierdesandrenavarre.com\/index.php\/fr\/allonymous\/\">Lire la suite <span class=\"screen-reader-text\">ALLONYMOUS<\/span><\/a><\/p>\n","protected":false},"author":4,"featured_media":0,"parent":0,"menu_order":0,"comment_status":"closed","ping_status":"closed","template":"","meta":{"__cvm_playback_settings":[],"__cvm_video_id":"","footnotes":""},"class_list":["post-798","page","type-page","status-publish","hentry"],"yoast_head":"<!-- This site is optimized with the Yoast SEO plugin v27.5 - https:\/\/yoast.com\/product\/yoast-seo-wordpress\/ -->\n<title>ALLONYMOUS &#8226; Xavier DESANDRE NAVARRE<\/title>\n<meta name=\"robots\" content=\"index, follow, max-snippet:-1, max-image-preview:large, max-video-preview:-1\" \/>\n<link rel=\"canonical\" href=\"https:\/\/www.xavierdesandrenavarre.com\/index.php\/fr\/allonymous\/\" \/>\n<meta property=\"og:locale\" content=\"fr_FR\" \/>\n<meta property=\"og:type\" content=\"article\" \/>\n<meta property=\"og:title\" content=\"ALLONYMOUS &#8226; Xavier DESANDRE NAVARRE\" \/>\n<meta property=\"og:description\" content=\"Chant &amp; Slam, Textes Originaux D\u2019origine Am\u00e9ricaine. N\u00e9 \u00e0 Chicago, Po\u00e8te \u00e9motif, performer dynamique et chanteur passionn\u00e9, compositeur et peintre accompli, Allonymous est un artiste charismatique de la sc\u00e8ne funk, soul et R\u2019n B. MC, chanteur et parolier du groupe rock-soul Push-Up,\u00a0 il a oeuvr\u00e9 pour le groupe The Roots , The Cinematic Orchestra, the &hellip; Lire la suite ALLONYMOUS\" \/>\n<meta property=\"og:url\" content=\"https:\/\/www.xavierdesandrenavarre.com\/index.php\/fr\/allonymous\/\" \/>\n<meta property=\"og:site_name\" content=\"Xavier DESANDRE NAVARRE\" \/>\n<meta property=\"article:modified_time\" content=\"2017-01-09T08:43:50+00:00\" \/>\n<meta property=\"og:image\" content=\"http:\/\/www.xavierdesandrenavarre.com\/wp-content\/uploads\/2015\/12\/554452_10150832192951191_849468099_n.jpg\" \/>\n<meta name=\"twitter:card\" content=\"summary_large_image\" \/>\n<script type=\"application\/ld+json\" class=\"yoast-schema-graph\">{\"@context\":\"https:\\\/\\\/schema.org\",\"@graph\":[{\"@type\":\"WebPage\",\"@id\":\"https:\\\/\\\/www.xavierdesandrenavarre.com\\\/index.php\\\/fr\\\/allonymous\\\/\",\"url\":\"https:\\\/\\\/www.xavierdesandrenavarre.com\\\/index.php\\\/fr\\\/allonymous\\\/\",\"name\":\"ALLONYMOUS &#8226; Xavier DESANDRE NAVARRE\",\"isPartOf\":{\"@id\":\"https:\\\/\\\/www.xavierdesandrenavarre.com\\\/#website\"},\"primaryImageOfPage\":{\"@id\":\"https:\\\/\\\/www.xavierdesandrenavarre.com\\\/index.php\\\/fr\\\/allonymous\\\/#primaryimage\"},\"image\":{\"@id\":\"https:\\\/\\\/www.xavierdesandrenavarre.com\\\/index.php\\\/fr\\\/allonymous\\\/#primaryimage\"},\"thumbnailUrl\":\"http:\\\/\\\/www.xavierdesandrenavarre.com\\\/wp-content\\\/uploads\\\/2015\\\/12\\\/554452_10150832192951191_849468099_n.jpg\",\"datePublished\":\"2015-12-11T12:30:52+00:00\",\"dateModified\":\"2017-01-09T08:43:50+00:00\",\"breadcrumb\":{\"@id\":\"https:\\\/\\\/www.xavierdesandrenavarre.com\\\/index.php\\\/fr\\\/allonymous\\\/#breadcrumb\"},\"inLanguage\":\"fr-FR\",\"potentialAction\":[{\"@type\":\"ReadAction\",\"target\":[\"https:\\\/\\\/www.xavierdesandrenavarre.com\\\/index.php\\\/fr\\\/allonymous\\\/\"]}]},{\"@type\":\"ImageObject\",\"inLanguage\":\"fr-FR\",\"@id\":\"https:\\\/\\\/www.xavierdesandrenavarre.com\\\/index.php\\\/fr\\\/allonymous\\\/#primaryimage\",\"url\":\"http:\\\/\\\/www.xavierdesandrenavarre.com\\\/wp-content\\\/uploads\\\/2015\\\/12\\\/554452_10150832192951191_849468099_n.jpg\",\"contentUrl\":\"http:\\\/\\\/www.xavierdesandrenavarre.com\\\/wp-content\\\/uploads\\\/2015\\\/12\\\/554452_10150832192951191_849468099_n.jpg\"},{\"@type\":\"BreadcrumbList\",\"@id\":\"https:\\\/\\\/www.xavierdesandrenavarre.com\\\/index.php\\\/fr\\\/allonymous\\\/#breadcrumb\",\"itemListElement\":[{\"@type\":\"ListItem\",\"position\":1,\"name\":\"Accueil\",\"item\":\"https:\\\/\\\/www.xavierdesandrenavarre.com\\\/index.php\\\/fr\\\/actualites\\\/\"},{\"@type\":\"ListItem\",\"position\":2,\"name\":\"ALLONYMOUS\"}]},{\"@type\":\"WebSite\",\"@id\":\"https:\\\/\\\/www.xavierdesandrenavarre.com\\\/#website\",\"url\":\"https:\\\/\\\/www.xavierdesandrenavarre.com\\\/\",\"name\":\"Xavier Desandre Navarre\",\"description\":\"CREATIVE DRUMMING \",\"publisher\":{\"@id\":\"https:\\\/\\\/www.xavierdesandrenavarre.com\\\/#\\\/schema\\\/person\\\/d44923d7590d78b38ce0e9c1941a2c75\"},\"potentialAction\":[{\"@type\":\"SearchAction\",\"target\":{\"@type\":\"EntryPoint\",\"urlTemplate\":\"https:\\\/\\\/www.xavierdesandrenavarre.com\\\/?s={search_term_string}\"},\"query-input\":{\"@type\":\"PropertyValueSpecification\",\"valueRequired\":true,\"valueName\":\"search_term_string\"}}],\"inLanguage\":\"fr-FR\"},{\"@type\":[\"Person\",\"Organization\"],\"@id\":\"https:\\\/\\\/www.xavierdesandrenavarre.com\\\/#\\\/schema\\\/person\\\/d44923d7590d78b38ce0e9c1941a2c75\",\"name\":\"Xavier DESANDRE NAVARRE\",\"image\":{\"@type\":\"ImageObject\",\"inLanguage\":\"fr-FR\",\"@id\":\"https:\\\/\\\/secure.gravatar.com\\\/avatar\\\/f5d0177a75f71d2039289a3687726c1181fc9368e48f4469bd627ff20d15397b?s=96&d=mm&r=g\",\"url\":\"https:\\\/\\\/secure.gravatar.com\\\/avatar\\\/f5d0177a75f71d2039289a3687726c1181fc9368e48f4469bd627ff20d15397b?s=96&d=mm&r=g\",\"contentUrl\":\"https:\\\/\\\/secure.gravatar.com\\\/avatar\\\/f5d0177a75f71d2039289a3687726c1181fc9368e48f4469bd627ff20d15397b?s=96&d=mm&r=g\",\"caption\":\"Xavier DESANDRE NAVARRE\"},\"logo\":{\"@id\":\"https:\\\/\\\/secure.gravatar.com\\\/avatar\\\/f5d0177a75f71d2039289a3687726c1181fc9368e48f4469bd627ff20d15397b?s=96&d=mm&r=g\"}}]}<\/script>\n<!-- \/ Yoast SEO plugin. -->","yoast_head_json":{"title":"ALLONYMOUS &#8226; Xavier DESANDRE NAVARRE","robots":{"index":"index","follow":"follow","max-snippet":"max-snippet:-1","max-image-preview":"max-image-preview:large","max-video-preview":"max-video-preview:-1"},"canonical":"https:\/\/www.xavierdesandrenavarre.com\/index.php\/fr\/allonymous\/","og_locale":"fr_FR","og_type":"article","og_title":"ALLONYMOUS &#8226; Xavier DESANDRE NAVARRE","og_description":"Chant &amp; Slam, Textes Originaux D\u2019origine Am\u00e9ricaine. N\u00e9 \u00e0 Chicago, Po\u00e8te \u00e9motif, performer dynamique et chanteur passionn\u00e9, compositeur et peintre accompli, Allonymous est un artiste charismatique de la sc\u00e8ne funk, soul et R\u2019n B. MC, chanteur et parolier du groupe rock-soul Push-Up,\u00a0 il a oeuvr\u00e9 pour le groupe The Roots , The Cinematic Orchestra, the &hellip; Lire la suite ALLONYMOUS","og_url":"https:\/\/www.xavierdesandrenavarre.com\/index.php\/fr\/allonymous\/","og_site_name":"Xavier DESANDRE NAVARRE","article_modified_time":"2017-01-09T08:43:50+00:00","og_image":[{"url":"http:\/\/www.xavierdesandrenavarre.com\/wp-content\/uploads\/2015\/12\/554452_10150832192951191_849468099_n.jpg","type":"","width":"","height":""}],"twitter_card":"summary_large_image","schema":{"@context":"https:\/\/schema.org","@graph":[{"@type":"WebPage","@id":"https:\/\/www.xavierdesandrenavarre.com\/index.php\/fr\/allonymous\/","url":"https:\/\/www.xavierdesandrenavarre.com\/index.php\/fr\/allonymous\/","name":"ALLONYMOUS &#8226; Xavier DESANDRE NAVARRE","isPartOf":{"@id":"https:\/\/www.xavierdesandrenavarre.com\/#website"},"primaryImageOfPage":{"@id":"https:\/\/www.xavierdesandrenavarre.com\/index.php\/fr\/allonymous\/#primaryimage"},"image":{"@id":"https:\/\/www.xavierdesandrenavarre.com\/index.php\/fr\/allonymous\/#primaryimage"},"thumbnailUrl":"http:\/\/www.xavierdesandrenavarre.com\/wp-content\/uploads\/2015\/12\/554452_10150832192951191_849468099_n.jpg","datePublished":"2015-12-11T12:30:52+00:00","dateModified":"2017-01-09T08:43:50+00:00","breadcrumb":{"@id":"https:\/\/www.xavierdesandrenavarre.com\/index.php\/fr\/allonymous\/#breadcrumb"},"inLanguage":"fr-FR","potentialAction":[{"@type":"ReadAction","target":["https:\/\/www.xavierdesandrenavarre.com\/index.php\/fr\/allonymous\/"]}]},{"@type":"ImageObject","inLanguage":"fr-FR","@id":"https:\/\/www.xavierdesandrenavarre.com\/index.php\/fr\/allonymous\/#primaryimage","url":"http:\/\/www.xavierdesandrenavarre.com\/wp-content\/uploads\/2015\/12\/554452_10150832192951191_849468099_n.jpg","contentUrl":"http:\/\/www.xavierdesandrenavarre.com\/wp-content\/uploads\/2015\/12\/554452_10150832192951191_849468099_n.jpg"},{"@type":"BreadcrumbList","@id":"https:\/\/www.xavierdesandrenavarre.com\/index.php\/fr\/allonymous\/#breadcrumb","itemListElement":[{"@type":"ListItem","position":1,"name":"Accueil","item":"https:\/\/www.xavierdesandrenavarre.com\/index.php\/fr\/actualites\/"},{"@type":"ListItem","position":2,"name":"ALLONYMOUS"}]},{"@type":"WebSite","@id":"https:\/\/www.xavierdesandrenavarre.com\/#website","url":"https:\/\/www.xavierdesandrenavarre.com\/","name":"Xavier Desandre Navarre","description":"CREATIVE DRUMMING ","publisher":{"@id":"https:\/\/www.xavierdesandrenavarre.com\/#\/schema\/person\/d44923d7590d78b38ce0e9c1941a2c75"},"potentialAction":[{"@type":"SearchAction","target":{"@type":"EntryPoint","urlTemplate":"https:\/\/www.xavierdesandrenavarre.com\/?s={search_term_string}"},"query-input":{"@type":"PropertyValueSpecification","valueRequired":true,"valueName":"search_term_string"}}],"inLanguage":"fr-FR"},{"@type":["Person","Organization"],"@id":"https:\/\/www.xavierdesandrenavarre.com\/#\/schema\/person\/d44923d7590d78b38ce0e9c1941a2c75","name":"Xavier DESANDRE NAVARRE","image":{"@type":"ImageObject","inLanguage":"fr-FR","@id":"https:\/\/secure.gravatar.com\/avatar\/f5d0177a75f71d2039289a3687726c1181fc9368e48f4469bd627ff20d15397b?s=96&d=mm&r=g","url":"https:\/\/secure.gravatar.com\/avatar\/f5d0177a75f71d2039289a3687726c1181fc9368e48f4469bd627ff20d15397b?s=96&d=mm&r=g","contentUrl":"https:\/\/secure.gravatar.com\/avatar\/f5d0177a75f71d2039289a3687726c1181fc9368e48f4469bd627ff20d15397b?s=96&d=mm&r=g","caption":"Xavier DESANDRE NAVARRE"},"logo":{"@id":"https:\/\/secure.gravatar.com\/avatar\/f5d0177a75f71d2039289a3687726c1181fc9368e48f4469bd627ff20d15397b?s=96&d=mm&r=g"}}]}},"_links":{"self":[{"href":"https:\/\/www.xavierdesandrenavarre.com\/index.php\/wp-json\/wp\/v2\/pages\/798","targetHints":{"allow":["GET"]}}],"collection":[{"href":"https:\/\/www.xavierdesandrenavarre.com\/index.php\/wp-json\/wp\/v2\/pages"}],"about":[{"href":"https:\/\/www.xavierdesandrenavarre.com\/index.php\/wp-json\/wp\/v2\/types\/page"}],"author":[{"embeddable":true,"href":"https:\/\/www.xavierdesandrenavarre.com\/index.php\/wp-json\/wp\/v2\/users\/4"}],"replies":[{"embeddable":true,"href":"https:\/\/www.xavierdesandrenavarre.com\/index.php\/wp-json\/wp\/v2\/comments?post=798"}],"version-history":[{"count":1,"href":"https:\/\/www.xavierdesandrenavarre.com\/index.php\/wp-json\/wp\/v2\/pages\/798\/revisions"}],"predecessor-version":[{"id":1400,"href":"https:\/\/www.xavierdesandrenavarre.com\/index.php\/wp-json\/wp\/v2\/pages\/798\/revisions\/1400"}],"wp:attachment":[{"href":"https:\/\/www.xavierdesandrenavarre.com\/index.php\/wp-json\/wp\/v2\/media?parent=798"}],"curies":[{"name":"wp","href":"https:\/\/api.w.org\/{rel}","templated":true}]}}