{"id":628,"date":"2015-12-09T10:02:28","date_gmt":"2015-12-09T09:02:28","guid":{"rendered":"https:\/\/xavierdesandrenavarre.wordpress.com\/?page_id=628"},"modified":"2019-11-13T11:59:03","modified_gmt":"2019-11-13T10:59:03","slug":"presse-in-pulse","status":"publish","type":"page","link":"https:\/\/www.xavierdesandrenavarre.com\/index.php\/fr\/presse-in-pulse\/","title":{"rendered":"PRESSE : IN PULSE"},"content":{"rendered":"<p>\u00ab\u00a0Percussionniste inventif, celui que ses pairs nomment \u00ab\u00a0le\u00a0 sorcier\u00a0\u00bb, Xavier Desandre Navarre \u00e0 la t\u00eate de son quartet, irradie une splendide luminosit\u00e9 et nous propose une musique qui a toute sa place au tout premier plan du jazz europ\u00e9en.\u00a0\u00bb\u00a0Pascal Bussy<\/p>\n<p>\u00ab\u00a0De l\u2019\u00e9nergie, du groove, du swing. Le sorcier du rythme, Xavier Desandre Navarre, embrase l\u2019AmphiOp\u00e9ra avec ses percussions ethniques, recycl\u00e9es ou technologiques.\u00a0\u00bb Telerama<\/p>\n<p>\u00ab\u00a0Un musicien complet, inventif et surprenant\u00a0\u00bb Jazz Magazine<\/p>\n<p>&nbsp;<\/p>\n<h2 style=\"text-align: left;\"><span style=\"color: #ff0000;\"><a style=\"color: #ff0000;\" href=\"https:\/\/www.xavierdesandrenavarre.com\/index.php\/extraits-de-presse\/\" target=\"_blank\" rel=\"noopener noreferrer\">\u00ab\u00a0EXTRAITS DE PRESSE\u00a0\u00bb<\/a><\/span><\/h2>\n<p>Articles complets<\/p>\n<p><a href=\"https:\/\/www.xavierdesandrenavarre.com\/index.php\/jazz-man\/\" target=\"_blank\" rel=\"noopener noreferrer\">JAZZ MAGAZINE<\/a><\/p>\n<p><a href=\"https:\/\/www.xavierdesandrenavarre.com\/index.php\/jazz-news\/\" target=\"_blank\" rel=\"noopener noreferrer\">JAZZ NEWS<\/a><\/p>\n<p><a href=\"https:\/\/www.xavierdesandrenavarre.com\/index.php\/le-monde-2\/\" target=\"_blank\" rel=\"noopener noreferrer\">LE MONDE<\/a><\/p>\n<p><a href=\"https:\/\/www.xavierdesandrenavarre.com\/index.php\/telerama\/\" target=\"_blank\" rel=\"noopener noreferrer\">T\u00c9L\u00c9RAMA<\/a><\/p>\n<p><a href=\"https:\/\/www.xavierdesandrenavarre.com\/index.php\/batterie-magazine\/\" target=\"_blank\" rel=\"noopener noreferrer\">BATTERIE MAGAZINE<\/a><\/p>\n<p><a href=\"https:\/\/www.xavierdesandrenavarre.com\/index.php\/batteur-magazine\/\" target=\"_blank\" rel=\"noopener noreferrer\">BATTEUR MAGAZINE<\/a><\/p>\n<p><a href=\"https:\/\/www.xavierdesandrenavarre.com\/index.php\/culture-box\/\" target=\"_blank\" rel=\"noopener noreferrer\">CULTURE BOX<\/a><\/p>\n<p><a href=\"https:\/\/www.xavierdesandrenavarre.com\/index.php\/couleurs-jazz\/\" target=\"_blank\" rel=\"noopener noreferrer\">COULEURS \u00a0JAZZ<\/a><\/p>\n<p><a href=\"https:\/\/www.xavierdesandrenavarre.com\/index.php\/lhumanite\/\" target=\"_blank\" rel=\"noopener noreferrer\">L&rsquo;HUMANIT\u00c9<\/a><\/p>\n<p><a href=\"https:\/\/dl.dropboxusercontent.com\/u\/31720872\/Xavier%20Desandre%20Navarre%20IN%20PULSE%20L%27ENA%20magazine.png\" target=\"_blank\" rel=\"noopener noreferrer\">L&rsquo;ENA MAGAZINE HORS LES MURS<\/a><\/p>\n<p><a href=\"https:\/\/www.xavierdesandrenavarre.com\/index.php\/midi-libre\/\" target=\"_blank\" rel=\"noopener noreferrer\">MIDI LIBRE<\/a><\/p>\n<p><a href=\"https:\/\/www.xavierdesandrenavarre.com\/index.php\/les-dernieres-nouvelles-du-jazz\/\" target=\"_blank\" rel=\"noopener noreferrer\">LES DERNI\u00c8RES NOUVELLES DU JAZZ<\/a><\/p>\n<p><a href=\"https:\/\/www.xavierdesandrenavarre.com\/index.php\/fanz-yo\/\" target=\"_blank\" rel=\"noopener noreferrer\">FANZ YO<\/a><\/p>\n<p><a href=\"https:\/\/www.xavierdesandrenavarre.com\/index.php\/homme-deluxe\/\" target=\"_blank\" rel=\"noopener noreferrer\">HOMME DELUXE<\/a><\/p>\n<p>&nbsp;<\/p>\n<p>&nbsp;<\/p>\n<p>&nbsp;<\/p>\n<p>&nbsp;<\/p>\n<p>&nbsp;<\/p>\n<p>&nbsp;<\/p>\n<p>&nbsp;<\/p>\n<p>&nbsp;<\/p>\n","protected":false},"excerpt":{"rendered":"<p>\u00ab\u00a0Percussionniste inventif, celui que ses pairs nomment \u00ab\u00a0le\u00a0 sorcier\u00a0\u00bb, Xavier Desandre Navarre \u00e0 la t\u00eate de son quartet, irradie une splendide luminosit\u00e9 et nous propose une musique qui a toute sa place au tout premier plan du jazz europ\u00e9en.\u00a0\u00bb\u00a0Pascal Bussy \u00ab\u00a0De l\u2019\u00e9nergie, du groove, du swing. Le sorcier du rythme, Xavier Desandre Navarre, embrase l\u2019AmphiOp\u00e9ra &hellip; <a class=\"more-link\" href=\"https:\/\/www.xavierdesandrenavarre.com\/index.php\/fr\/presse-in-pulse\/\">Lire la suite <span class=\"screen-reader-text\">PRESSE : IN PULSE<\/span><\/a><\/p>\n","protected":false},"author":4,"featured_media":0,"parent":0,"menu_order":0,"comment_status":"closed","ping_status":"closed","template":"","meta":{"__cvm_playback_settings":[],"__cvm_video_id":"","footnotes":""},"class_list":["post-628","page","type-page","status-publish","hentry"],"yoast_head":"<!-- This site is optimized with the Yoast SEO plugin v27.5 - https:\/\/yoast.com\/product\/yoast-seo-wordpress\/ -->\n<title>PRESSE : IN PULSE &#8226; Xavier DESANDRE NAVARRE<\/title>\n<meta name=\"robots\" content=\"index, follow, max-snippet:-1, max-image-preview:large, max-video-preview:-1\" \/>\n<link rel=\"canonical\" href=\"https:\/\/www.xavierdesandrenavarre.com\/index.php\/fr\/presse-in-pulse\/\" \/>\n<meta property=\"og:locale\" content=\"fr_FR\" \/>\n<meta property=\"og:type\" content=\"article\" \/>\n<meta property=\"og:title\" content=\"PRESSE : IN PULSE &#8226; Xavier DESANDRE NAVARRE\" \/>\n<meta property=\"og:description\" content=\"\u00ab\u00a0Percussionniste inventif, celui que ses pairs nomment \u00ab\u00a0le\u00a0 sorcier\u00a0\u00bb, Xavier Desandre Navarre \u00e0 la t\u00eate de son quartet, irradie une splendide luminosit\u00e9 et nous propose une musique qui a toute sa place au tout premier plan du jazz europ\u00e9en.\u00a0\u00bb\u00a0Pascal Bussy \u00ab\u00a0De l\u2019\u00e9nergie, du groove, du swing. Le sorcier du rythme, Xavier Desandre Navarre, embrase l\u2019AmphiOp\u00e9ra &hellip; Lire la suite PRESSE : IN PULSE\" \/>\n<meta property=\"og:url\" content=\"https:\/\/www.xavierdesandrenavarre.com\/index.php\/fr\/presse-in-pulse\/\" \/>\n<meta property=\"og:site_name\" content=\"Xavier DESANDRE NAVARRE\" \/>\n<meta property=\"article:modified_time\" content=\"2019-11-13T10:59:03+00:00\" \/>\n<meta name=\"twitter:card\" content=\"summary_large_image\" \/>\n<meta name=\"twitter:label1\" content=\"Dur\u00e9e de lecture estim\u00e9e\" \/>\n\t<meta name=\"twitter:data1\" content=\"1 minute\" \/>\n<script type=\"application\/ld+json\" class=\"yoast-schema-graph\">{\"@context\":\"https:\\\/\\\/schema.org\",\"@graph\":[{\"@type\":\"WebPage\",\"@id\":\"https:\\\/\\\/www.xavierdesandrenavarre.com\\\/index.php\\\/fr\\\/presse-in-pulse\\\/\",\"url\":\"https:\\\/\\\/www.xavierdesandrenavarre.com\\\/index.php\\\/fr\\\/presse-in-pulse\\\/\",\"name\":\"PRESSE : IN PULSE &#8226; Xavier DESANDRE NAVARRE\",\"isPartOf\":{\"@id\":\"https:\\\/\\\/www.xavierdesandrenavarre.com\\\/#website\"},\"datePublished\":\"2015-12-09T09:02:28+00:00\",\"dateModified\":\"2019-11-13T10:59:03+00:00\",\"breadcrumb\":{\"@id\":\"https:\\\/\\\/www.xavierdesandrenavarre.com\\\/index.php\\\/fr\\\/presse-in-pulse\\\/#breadcrumb\"},\"inLanguage\":\"fr-FR\",\"potentialAction\":[{\"@type\":\"ReadAction\",\"target\":[\"https:\\\/\\\/www.xavierdesandrenavarre.com\\\/index.php\\\/fr\\\/presse-in-pulse\\\/\"]}]},{\"@type\":\"BreadcrumbList\",\"@id\":\"https:\\\/\\\/www.xavierdesandrenavarre.com\\\/index.php\\\/fr\\\/presse-in-pulse\\\/#breadcrumb\",\"itemListElement\":[{\"@type\":\"ListItem\",\"position\":1,\"name\":\"Accueil\",\"item\":\"https:\\\/\\\/www.xavierdesandrenavarre.com\\\/index.php\\\/fr\\\/actualites\\\/\"},{\"@type\":\"ListItem\",\"position\":2,\"name\":\"PRESSE : IN PULSE\"}]},{\"@type\":\"WebSite\",\"@id\":\"https:\\\/\\\/www.xavierdesandrenavarre.com\\\/#website\",\"url\":\"https:\\\/\\\/www.xavierdesandrenavarre.com\\\/\",\"name\":\"Xavier Desandre Navarre\",\"description\":\"CREATIVE DRUMMING \",\"publisher\":{\"@id\":\"https:\\\/\\\/www.xavierdesandrenavarre.com\\\/#\\\/schema\\\/person\\\/d44923d7590d78b38ce0e9c1941a2c75\"},\"potentialAction\":[{\"@type\":\"SearchAction\",\"target\":{\"@type\":\"EntryPoint\",\"urlTemplate\":\"https:\\\/\\\/www.xavierdesandrenavarre.com\\\/?s={search_term_string}\"},\"query-input\":{\"@type\":\"PropertyValueSpecification\",\"valueRequired\":true,\"valueName\":\"search_term_string\"}}],\"inLanguage\":\"fr-FR\"},{\"@type\":[\"Person\",\"Organization\"],\"@id\":\"https:\\\/\\\/www.xavierdesandrenavarre.com\\\/#\\\/schema\\\/person\\\/d44923d7590d78b38ce0e9c1941a2c75\",\"name\":\"Xavier DESANDRE NAVARRE\",\"image\":{\"@type\":\"ImageObject\",\"inLanguage\":\"fr-FR\",\"@id\":\"https:\\\/\\\/secure.gravatar.com\\\/avatar\\\/f5d0177a75f71d2039289a3687726c1181fc9368e48f4469bd627ff20d15397b?s=96&d=mm&r=g\",\"url\":\"https:\\\/\\\/secure.gravatar.com\\\/avatar\\\/f5d0177a75f71d2039289a3687726c1181fc9368e48f4469bd627ff20d15397b?s=96&d=mm&r=g\",\"contentUrl\":\"https:\\\/\\\/secure.gravatar.com\\\/avatar\\\/f5d0177a75f71d2039289a3687726c1181fc9368e48f4469bd627ff20d15397b?s=96&d=mm&r=g\",\"caption\":\"Xavier DESANDRE NAVARRE\"},\"logo\":{\"@id\":\"https:\\\/\\\/secure.gravatar.com\\\/avatar\\\/f5d0177a75f71d2039289a3687726c1181fc9368e48f4469bd627ff20d15397b?s=96&d=mm&r=g\"}}]}<\/script>\n<!-- \/ Yoast SEO plugin. -->","yoast_head_json":{"title":"PRESSE : IN PULSE &#8226; Xavier DESANDRE NAVARRE","robots":{"index":"index","follow":"follow","max-snippet":"max-snippet:-1","max-image-preview":"max-image-preview:large","max-video-preview":"max-video-preview:-1"},"canonical":"https:\/\/www.xavierdesandrenavarre.com\/index.php\/fr\/presse-in-pulse\/","og_locale":"fr_FR","og_type":"article","og_title":"PRESSE : IN PULSE &#8226; Xavier DESANDRE NAVARRE","og_description":"\u00ab\u00a0Percussionniste inventif, celui que ses pairs nomment \u00ab\u00a0le\u00a0 sorcier\u00a0\u00bb, Xavier Desandre Navarre \u00e0 la t\u00eate de son quartet, irradie une splendide luminosit\u00e9 et nous propose une musique qui a toute sa place au tout premier plan du jazz europ\u00e9en.\u00a0\u00bb\u00a0Pascal Bussy \u00ab\u00a0De l\u2019\u00e9nergie, du groove, du swing. Le sorcier du rythme, Xavier Desandre Navarre, embrase l\u2019AmphiOp\u00e9ra &hellip; Lire la suite PRESSE : IN PULSE","og_url":"https:\/\/www.xavierdesandrenavarre.com\/index.php\/fr\/presse-in-pulse\/","og_site_name":"Xavier DESANDRE NAVARRE","article_modified_time":"2019-11-13T10:59:03+00:00","twitter_card":"summary_large_image","twitter_misc":{"Dur\u00e9e de lecture estim\u00e9e":"1 minute"},"schema":{"@context":"https:\/\/schema.org","@graph":[{"@type":"WebPage","@id":"https:\/\/www.xavierdesandrenavarre.com\/index.php\/fr\/presse-in-pulse\/","url":"https:\/\/www.xavierdesandrenavarre.com\/index.php\/fr\/presse-in-pulse\/","name":"PRESSE : IN PULSE &#8226; Xavier DESANDRE NAVARRE","isPartOf":{"@id":"https:\/\/www.xavierdesandrenavarre.com\/#website"},"datePublished":"2015-12-09T09:02:28+00:00","dateModified":"2019-11-13T10:59:03+00:00","breadcrumb":{"@id":"https:\/\/www.xavierdesandrenavarre.com\/index.php\/fr\/presse-in-pulse\/#breadcrumb"},"inLanguage":"fr-FR","potentialAction":[{"@type":"ReadAction","target":["https:\/\/www.xavierdesandrenavarre.com\/index.php\/fr\/presse-in-pulse\/"]}]},{"@type":"BreadcrumbList","@id":"https:\/\/www.xavierdesandrenavarre.com\/index.php\/fr\/presse-in-pulse\/#breadcrumb","itemListElement":[{"@type":"ListItem","position":1,"name":"Accueil","item":"https:\/\/www.xavierdesandrenavarre.com\/index.php\/fr\/actualites\/"},{"@type":"ListItem","position":2,"name":"PRESSE : IN PULSE"}]},{"@type":"WebSite","@id":"https:\/\/www.xavierdesandrenavarre.com\/#website","url":"https:\/\/www.xavierdesandrenavarre.com\/","name":"Xavier Desandre Navarre","description":"CREATIVE DRUMMING ","publisher":{"@id":"https:\/\/www.xavierdesandrenavarre.com\/#\/schema\/person\/d44923d7590d78b38ce0e9c1941a2c75"},"potentialAction":[{"@type":"SearchAction","target":{"@type":"EntryPoint","urlTemplate":"https:\/\/www.xavierdesandrenavarre.com\/?s={search_term_string}"},"query-input":{"@type":"PropertyValueSpecification","valueRequired":true,"valueName":"search_term_string"}}],"inLanguage":"fr-FR"},{"@type":["Person","Organization"],"@id":"https:\/\/www.xavierdesandrenavarre.com\/#\/schema\/person\/d44923d7590d78b38ce0e9c1941a2c75","name":"Xavier DESANDRE NAVARRE","image":{"@type":"ImageObject","inLanguage":"fr-FR","@id":"https:\/\/secure.gravatar.com\/avatar\/f5d0177a75f71d2039289a3687726c1181fc9368e48f4469bd627ff20d15397b?s=96&d=mm&r=g","url":"https:\/\/secure.gravatar.com\/avatar\/f5d0177a75f71d2039289a3687726c1181fc9368e48f4469bd627ff20d15397b?s=96&d=mm&r=g","contentUrl":"https:\/\/secure.gravatar.com\/avatar\/f5d0177a75f71d2039289a3687726c1181fc9368e48f4469bd627ff20d15397b?s=96&d=mm&r=g","caption":"Xavier DESANDRE NAVARRE"},"logo":{"@id":"https:\/\/secure.gravatar.com\/avatar\/f5d0177a75f71d2039289a3687726c1181fc9368e48f4469bd627ff20d15397b?s=96&d=mm&r=g"}}]}},"_links":{"self":[{"href":"https:\/\/www.xavierdesandrenavarre.com\/index.php\/wp-json\/wp\/v2\/pages\/628","targetHints":{"allow":["GET"]}}],"collection":[{"href":"https:\/\/www.xavierdesandrenavarre.com\/index.php\/wp-json\/wp\/v2\/pages"}],"about":[{"href":"https:\/\/www.xavierdesandrenavarre.com\/index.php\/wp-json\/wp\/v2\/types\/page"}],"author":[{"embeddable":true,"href":"https:\/\/www.xavierdesandrenavarre.com\/index.php\/wp-json\/wp\/v2\/users\/4"}],"replies":[{"embeddable":true,"href":"https:\/\/www.xavierdesandrenavarre.com\/index.php\/wp-json\/wp\/v2\/comments?post=628"}],"version-history":[{"count":5,"href":"https:\/\/www.xavierdesandrenavarre.com\/index.php\/wp-json\/wp\/v2\/pages\/628\/revisions"}],"predecessor-version":[{"id":1739,"href":"https:\/\/www.xavierdesandrenavarre.com\/index.php\/wp-json\/wp\/v2\/pages\/628\/revisions\/1739"}],"wp:attachment":[{"href":"https:\/\/www.xavierdesandrenavarre.com\/index.php\/wp-json\/wp\/v2\/media?parent=628"}],"curies":[{"name":"wp","href":"https:\/\/api.w.org\/{rel}","templated":true}]}}