{"id":613,"date":"2015-12-09T08:29:35","date_gmt":"2015-12-09T07:29:35","guid":{"rendered":"https:\/\/xavierdesandrenavarre.wordpress.com\/?page_id=613"},"modified":"2015-12-09T08:29:35","modified_gmt":"2015-12-09T07:29:35","slug":"interview","status":"publish","type":"page","link":"https:\/\/www.xavierdesandrenavarre.com\/index.php\/fr\/interview\/","title":{"rendered":"INTERVIEW"},"content":{"rendered":"<h2 class=\"p1\" style=\"text-align:center;\"><span class=\"s1\" style=\"color:#3366ff;\">Toute La Culture<\/span><\/h2>\n<p class=\"p2\" style=\"text-align:center;\"><span class=\"s1\"><b>JAZZ : INTERVIEW DU PERCUSSIONNISTE XAVIER DESANDRE-NAVARRE<\/b><\/span><\/p>\n<p class=\"p5\"><span class=\"s1\" style=\"color:#3366ff;\"><b>TLC : Comment est n\u00e9e votre passion pour les percussions ?<\/b><\/span><\/p>\n<p class=\"p2\" style=\"text-align:justify;\"><span class=\"s1\"><b>Xavier Desandre-Navarre<\/b> : Quand j\u2019\u00e9tais petit je tapais partout, les tables, les chaises, vraiment partout. Et par l\u2019interm\u00e9diaire d\u2019une association qui proposait des cours de percussions, de guitare, et plein d\u2019autres disciplines qui n\u2019\u00e9taient pas encore enseign\u00e9es au conservatoire, j\u2019ai rencontr\u00e9 un ma\u00eetre percussionniste br\u00e9silien du Candombl\u00e9, qui connaissait tous les rythmes afro-br\u00e9siliens et \u00e9galement les rythmes plus latins des \u00e9coles de Samba. Je suis donc arriv\u00e9 assez facilement l\u00e0-dedans et j\u2019avais certaines facilit\u00e9s pour apprendre. Ce n\u2019\u00e9tait pas un prof, c\u2019\u00e9tait un gars venu faire des \u00e9tudes en France et qui avait ce savoir faire. J\u2019\u00e9tais tr\u00e8s int\u00e9ress\u00e9 par ce qu\u2019il m\u2019apprenait. Ensuite j\u2019ai eu tr\u00e8s envie de jouer de la batterie, donc j\u2019ai commenc\u00e9 \u00e0 apprendre la batterie. Selon les groupes avec lesquels je jouais, je choisissais la batterie ou les percus. A l\u2019\u00e9poque je devais avoir 16 ans,\u00a0 je jouais avec des groupes amateurs. Jusqu\u2019\u00e0 22 ans, je jouais \u00e0 la fois des percus et de la batterie, je n\u2019avais pas d\u2019instrument de pr\u00e9dilection, \u00e7a d\u00e9pendait des r\u00e9pertoires. Puis j\u2019ai rencontr\u00e9 le pianiste Laurent Cugny, qui m\u2019a convi\u00e9 pour faire une tourn\u00e9e avec Gil Evans en 1987 en tant que percussionniste, j\u2019ai donc d\u00e9barqu\u00e9 \u00e0 Paris en tant que percussionniste et, depuis, cette \u00e9tiquette est rest\u00e9e. J\u2019aime toujours jouer de la batterie, et ce que je fais aujourd\u2019hui, c\u2019est que j\u2019inclus des \u00e9l\u00e9ments de percussion \u00e0 la batterie. C\u2019est assez rare que je joue un set de batterie pur, il y a toujours deux ou trois percus rajout\u00e9es, qui d\u00e9pendent de la musique que je vais jouer. Selon mon go\u00fbt je rajoute tel ou tel \u00e9l\u00e9ment.<\/span><\/p>\n<p class=\"p5\" style=\"text-align:justify;\"><span class=\"s1\" style=\"color:#3366ff;\"><b>Quelles sont les musiques qui ont marqu\u00e9 votre style de jeu ?<\/b><\/span><\/p>\n<p class=\"p2\" style=\"text-align:justify;\"><span class=\"s1\">La musique br\u00e9silienne. C\u2019est par l\u00e0 que je suis entr\u00e9 dans la musique et \u00e7a a \u00e9t\u00e9 quelque chose de tr\u00e8s fort pour moi. Je trouve que la culture br\u00e9silienne est extr\u00eamement int\u00e9ressante dans le sens o\u00f9 elle absorbe beaucoup d\u2019influences qu\u2019elle retraduit \u00e0 sa fa\u00e7on. En m\u00eame temps, il y a ce m\u00e9lange de cultures au sein m\u00eame de la tradition br\u00e9silienne qui est \u00e9norme, avec \u00e0 la fois l\u2019influence africaine, europ\u00e9enne, am\u00e9rindienne. Tout \u00e7a fait un esp\u00e8ce de m\u00e9lange avec un ancrage fort dans la terre et la t\u00eate dans les \u00e9toiles. Et cette fa\u00e7on de voir les choses me pla\u00eet beaucoup. Les br\u00e9siliens ont ce c\u00f4t\u00e9 un peu cam\u00e9l\u00e9on, ils arrivent \u00e0 \u00eatre influenc\u00e9s par plein de choses et ressortent tout \u00e7a \u00e0 leur propre sauce. Avec du groove et de la bonne humeur ! (rires)<\/span><\/p>\n<p class=\"p5\" style=\"text-align:justify;\"><span class=\"s1\" style=\"color:#3366ff;\"><b>C\u2019est aussi l\u2019esprit du jazz.<\/b><\/span><\/p>\n<p class=\"p2\" style=\"text-align:justify;\"><span class=\"s1\">Compl\u00e8tement. Les musiques que j\u2019aime le plus jouer sur sc\u00e8ne sont \u00e9videmment des musiques o\u00f9 l\u2019on communique, des musiques o\u00f9 il y a une part d\u2019improvisation et d\u2019interaction entre les musiciens. Pour moi c\u2019est vraiment important. L\u2019interaction c\u2019est ce qui compte.<\/span><\/p>\n<p class=\"p5\" style=\"text-align:justify;\"><span class=\"s1\" style=\"color:#3366ff;\"><b>Vous avez des projets en cours ?<\/b><\/span><\/p>\n<p class=\"p2\" style=\"text-align:justify;\"><span class=\"s1\">Oui j\u2019ai un projet de concert en solo, qui aura lieu le 14 juillet \u00e0 Bezouce dans le Gard. Parall\u00e8lement \u00e0 \u00e7a, j\u2019ai un projet de duo avec un ami percussionniste indien qui s\u2019appelle Prabhu Edouard, on va m\u00e9langer nos deux points de vue. Il est indien mais a grandi en France et par la suite il a d\u00e9cid\u00e9 de retourner \u00e0 ses sources indiennes et d\u2019apprendre les tablas avec des grands ma\u00eetres en Inde. Il a aujourd\u2019hui un niveau extraordinaire et est reconnu comme un des ma\u00eetres des tablas. On va se concocter quelques chose ensemble qui va \u00eatre une sorte de rencontre entre les rythmes et les musicalit\u00e9s indiennes et ce que j\u2019aurai \u00e0 proposer de mon c\u00f4t\u00e9.<\/span><\/p>\n<p class=\"p5\" style=\"text-align:justify;\"><span class=\"s1\" style=\"color:#3366ff;\"><b>Quelles percussions vous jouerez ?<\/b><\/span><\/p>\n<p class=\"p2\" style=\"text-align:justify;\"><span class=\"s1\">Prabhu jouera trois ou quatre tablas, qui sont des instruments accord\u00e9s, de fa\u00e7on \u00e0 travailler sur plusieurs tonalit\u00e9s et sur les m\u00e9lodies. Dans ces projets de solo et de duo, l\u2019id\u00e9e c\u2019est le groove \u00e9videmment, mais aussi mettre en avant les couleurs des percussions et la m\u00e9lodie qu\u2019on peut en tirer, sans forc\u00e9ment aller vers les claviers percussions type marimba ou xylo. M\u00eame les percussions traditionnelles sont d\u2019une certaine fa\u00e7on m\u00e9lodiques.<\/span><\/p>\n<p class=\"p5\" style=\"text-align:justify;\"><span class=\"s1\" style=\"color:#3366ff;\"><b>Lors du concert de Jacky Terrasson le 28 mai, vous avez r\u00e9alis\u00e9 une performance en tapant sur vos joues et vos l\u00e8vres, c\u2019est quelque chose que vous travaillez souvent ?<\/b><\/span><\/p>\n<p class=\"p2\" style=\"text-align:justify;\"><span class=\"s1\">Ca fait un bout de temps que je suis int\u00e9ress\u00e9 par \u00e7a et que je le travaille tranquillement, je cherche un peu, je trouve des nouveaux sons. Et en m\u00eame temps il y a un c\u00f4t\u00e9 premier que j\u2019aime beaucoup, on se prom\u00e8ne avec son instrument en se tapant sur la bouche, les joues, ou ailleurs, y a plein de trucs terribles \u00e0 faire avec les percussions corporelles et vocales, c\u2019est infini. Et on peut se promener avec sans probl\u00e8me !(rires<\/span><\/p>\n<p class=\"p5\" style=\"text-align:justify;\"><span class=\"s1\" style=\"color:#3366ff;\"><b>Vous composez \u00e9galement des musiques de film ?<\/b><\/span><\/p>\n<p class=\"p2\" style=\"text-align:justify;\"><span class=\"s1\">Oui j\u2019ai compos\u00e9 pour le film L\u00e9on de Luc Besson. J\u2019ai un outil \u00e0 la maison qui me permet de produire des choses pour du film, et de faire des pr\u00e9productions pour des disques. Je re\u00e7ois des fichiers sons du Br\u00e9sil, du Danemark ou de Su\u00e8de, je bosse dessus et je les renvoie. Il y a beaucoup d\u2019enregistrements comme \u00e7a, chaque musicien enregistre dans un studio diff\u00e9rent, les overdubs sont assez courants.<\/span><\/p>\n<p class=\"p5\" style=\"text-align:justify;\"><span class=\"s1\" style=\"color:#3366ff;\"><b>Y a-t-il des rencontres qui ont marqu\u00e9 votre parcours ?<\/b><\/span><\/p>\n<p class=\"p2\" style=\"text-align:justify;\"><span class=\"s1\">Quand je suis arriv\u00e9 \u00e0 Paris, il y a eu ces rencontres avec des grands orchestres de Jazz et avec des solistes d\u2019un super niveau, qui avaient un discours vraiment int\u00e9ressant, des gens comme Michel Portal ou Yves Robert, on a eu des exp\u00e9riences g\u00e9niales. Et puis ce qui m\u2019a beaucoup int\u00e9ress\u00e9, c\u2019est une connexion que j\u2019ai r\u00e9ussi \u00e0 ouvrir gr\u00e2ce \u00e0 un ami pianiste qui s\u2019appelle Nils Lan Doky, qui est danois, et qui m\u2019a ouvert vers la Scandinavie et les musiciens nordiques. J\u2019ai d\u00e9couvert des musiciens g\u00e9niaux, et depuis une vingtaine d\u2019ann\u00e9es je passe pas mal de temps sur ces projets et je fais beaucoup de choses avec des musiciens scandinaves.<\/span><\/p>\n<p class=\"p5\" style=\"text-align:justify;\"><span class=\"s1\" style=\"color:#3366ff;\"><b>Dans quelles diff\u00e9rentes formations jouez-vous avec ces musiciens nordiques ?<\/b><\/span><\/p>\n<p class=\"p2\" style=\"text-align:justify;\"><span class=\"s1\">Je joue dans une premi\u00e8re formation avec le contrebassiste Lars Danielsson et des pianistes qui varient, Leszek Mozdzer, Jakob Carlsson, Bugge Wesseltoft, Yaron Herman ou encore Bobo Stenson. J\u2019ai fait pas mal de choses avec le pianiste Niels Lan Doky, on a eu un quartet avec Paul Wertico le batteur de Pat Metheny. On a pu mener des projets divers et vari\u00e9s, avec l\u2019Orchestre Symphonique de Copenhague, avec Randy Brecker, David Sanborn, avec un orchestre traditionnel chinois.<\/span><\/p>\n<p class=\"p5\" style=\"text-align:justify;\"><span class=\"s1\" style=\"color:#3366ff;\"><b>Pensez-vous que chaque rencontre est d\u00e9terminante dans la vie d\u2019un artiste ?<\/b><\/span><\/p>\n<p class=\"p2\" style=\"text-align:justify;\"><span class=\"s1\">En ce qui me concerne, toutes les rencontres n\u2019ont pas \u00e9t\u00e9 d\u00e9terminantes mais \u00e0 chaque fois j\u2019ai appris des choses. Que ce soit avec des musiciens br\u00e9siliens, cubains, africains, classiques, ou d\u2019un jazz tr\u00e8s moderne. A partir du moment o\u00f9 la musique est faite avec le coeur, je pense que quelque chose se passe, il y a une connivence qui s\u2019\u00e9tablit, quelque chose de vrai. Et comme toutes ces musiques auxquelles j\u2019ai particip\u00e9 sont, la plupart du temps, des musiques o\u00f9 l\u2019on demande au coeur de s\u2019ouvrir, de s\u2019exprimer, et d\u2019aller vers l\u2019autre, et bien tout cela est b\u00e9n\u00e9fique. Non seulement d\u2019un point de vue musical mais aussi au-del\u00e0 de la musique. En fait avec la musique j\u2019ai eu la chance de vivre plein de trucs de terribles, que \u00e7a dure ! (rires)<\/span><\/p>\n<p class=\"p5\" style=\"text-align:justify;\"><span class=\"s1\" style=\"color:#3366ff;\"><b>Selon vous, y a-t-il une tradition de percussions en France ?<\/b><\/span><\/p>\n<p class=\"p2\" style=\"text-align:justify;\"><span class=\"s1\">Je pense qu\u2019il n\u2019y a pas de tradition forte de percussions en France, on est oblig\u00e9 d\u2019aller la chercher dans les pays \u00e9trangers de tradition percussive, l\u2019Inde, le Br\u00e9sil, la Cara\u00efbe, l\u2019Afrique \u00e9videmment. Je n\u2019ai jamais eu envie de jouer la musique br\u00e9silienne comme un br\u00e9silien pourrait la jouer, parce que je pense que culturellement il y a quelque chose de beaucoup plus fort et profond chez eux par rapport \u00e0 leur propre tradition, mais en revanche utiliser tous ces rythmes l\u00e0, que je connais en grande partie, et les amener vers d\u2019autres musiques comme le jazz, le rock, le funk ou la pop, \u00e7a m\u2019int\u00e9resse \u00e9norm\u00e9ment et j\u2019ai un certain savoir-faire avec \u00e7a. Et par exemple avec les musiciens scandinaves, quand j\u2019arrive avec des id\u00e9es de groove pour certaines de leurs compositions qui sont typiquement nordiques, \u00e7a donne des trucs assez marrants !<\/span><\/p>\n<p class=\"p2\" style=\"text-align:right;\"><strong>Neil Saidi<\/strong><\/p>\n<p class=\"p2\" style=\"text-align:justify;\"><a href=\"http:\/\/toutelaculture.com\/musique\/jazz-interview-du-percussionniste-xavier-desandre-navarre\/\" target=\"_blank\"><img loading=\"lazy\" decoding=\"async\" class=\" size-full wp-image-622 aligncenter\" src=\"https:\/\/www.xavierdesandrenavarre.com\/wp-content\/uploads\/2015\/12\/logo.png\" alt=\"logo\" width=\"228\" height=\"75\" \/><\/a><\/p>\n","protected":false},"excerpt":{"rendered":"<p>Toute La Culture JAZZ : INTERVIEW DU PERCUSSIONNISTE XAVIER DESANDRE-NAVARRE TLC : Comment est n\u00e9e votre passion pour les percussions ? Xavier Desandre-Navarre : Quand j\u2019\u00e9tais petit je tapais partout, les tables, les chaises, vraiment partout. Et par l\u2019interm\u00e9diaire d\u2019une association qui proposait des cours de percussions, de guitare, et plein d\u2019autres disciplines qui n\u2019\u00e9taient &hellip; <a class=\"more-link\" href=\"https:\/\/www.xavierdesandrenavarre.com\/index.php\/fr\/interview\/\">Lire la suite <span class=\"screen-reader-text\">INTERVIEW<\/span><\/a><\/p>\n","protected":false},"author":4,"featured_media":0,"parent":0,"menu_order":0,"comment_status":"closed","ping_status":"closed","template":"","meta":{"__cvm_playback_settings":[],"__cvm_video_id":"","footnotes":""},"class_list":["post-613","page","type-page","status-publish","hentry"],"yoast_head":"<!-- This site is optimized with the Yoast SEO plugin v27.4 - https:\/\/yoast.com\/product\/yoast-seo-wordpress\/ -->\n<title>INTERVIEW &#8226; Xavier DESANDRE NAVARRE<\/title>\n<meta name=\"robots\" content=\"index, follow, max-snippet:-1, max-image-preview:large, max-video-preview:-1\" \/>\n<link rel=\"canonical\" href=\"https:\/\/www.xavierdesandrenavarre.com\/index.php\/fr\/interview\/\" \/>\n<meta property=\"og:locale\" content=\"fr_FR\" \/>\n<meta property=\"og:type\" content=\"article\" \/>\n<meta property=\"og:title\" content=\"INTERVIEW &#8226; Xavier DESANDRE NAVARRE\" \/>\n<meta property=\"og:description\" content=\"Toute La Culture JAZZ : INTERVIEW DU PERCUSSIONNISTE XAVIER DESANDRE-NAVARRE TLC : Comment est n\u00e9e votre passion pour les percussions ? Xavier Desandre-Navarre : Quand j\u2019\u00e9tais petit je tapais partout, les tables, les chaises, vraiment partout. Et par l\u2019interm\u00e9diaire d\u2019une association qui proposait des cours de percussions, de guitare, et plein d\u2019autres disciplines qui n\u2019\u00e9taient &hellip; Lire la suite INTERVIEW\" \/>\n<meta property=\"og:url\" content=\"https:\/\/www.xavierdesandrenavarre.com\/index.php\/fr\/interview\/\" \/>\n<meta property=\"og:site_name\" content=\"Xavier DESANDRE NAVARRE\" \/>\n<meta property=\"og:image\" content=\"http:\/\/www.xavierdesandrenavarre.com\/wp-content\/uploads\/2015\/12\/logo.png\" \/>\n<meta name=\"twitter:card\" content=\"summary_large_image\" \/>\n<meta name=\"twitter:label1\" content=\"Dur\u00e9e de lecture estim\u00e9e\" \/>\n\t<meta name=\"twitter:data1\" content=\"8 minutes\" \/>\n<script type=\"application\/ld+json\" class=\"yoast-schema-graph\">{\"@context\":\"https:\\\/\\\/schema.org\",\"@graph\":[{\"@type\":\"WebPage\",\"@id\":\"https:\\\/\\\/www.xavierdesandrenavarre.com\\\/index.php\\\/fr\\\/interview\\\/\",\"url\":\"https:\\\/\\\/www.xavierdesandrenavarre.com\\\/index.php\\\/fr\\\/interview\\\/\",\"name\":\"INTERVIEW &#8226; Xavier DESANDRE NAVARRE\",\"isPartOf\":{\"@id\":\"https:\\\/\\\/www.xavierdesandrenavarre.com\\\/#website\"},\"primaryImageOfPage\":{\"@id\":\"https:\\\/\\\/www.xavierdesandrenavarre.com\\\/index.php\\\/fr\\\/interview\\\/#primaryimage\"},\"image\":{\"@id\":\"https:\\\/\\\/www.xavierdesandrenavarre.com\\\/index.php\\\/fr\\\/interview\\\/#primaryimage\"},\"thumbnailUrl\":\"http:\\\/\\\/www.xavierdesandrenavarre.com\\\/wp-content\\\/uploads\\\/2015\\\/12\\\/logo.png\",\"datePublished\":\"2015-12-09T07:29:35+00:00\",\"breadcrumb\":{\"@id\":\"https:\\\/\\\/www.xavierdesandrenavarre.com\\\/index.php\\\/fr\\\/interview\\\/#breadcrumb\"},\"inLanguage\":\"fr-FR\",\"potentialAction\":[{\"@type\":\"ReadAction\",\"target\":[\"https:\\\/\\\/www.xavierdesandrenavarre.com\\\/index.php\\\/fr\\\/interview\\\/\"]}]},{\"@type\":\"ImageObject\",\"inLanguage\":\"fr-FR\",\"@id\":\"https:\\\/\\\/www.xavierdesandrenavarre.com\\\/index.php\\\/fr\\\/interview\\\/#primaryimage\",\"url\":\"http:\\\/\\\/www.xavierdesandrenavarre.com\\\/wp-content\\\/uploads\\\/2015\\\/12\\\/logo.png\",\"contentUrl\":\"http:\\\/\\\/www.xavierdesandrenavarre.com\\\/wp-content\\\/uploads\\\/2015\\\/12\\\/logo.png\"},{\"@type\":\"BreadcrumbList\",\"@id\":\"https:\\\/\\\/www.xavierdesandrenavarre.com\\\/index.php\\\/fr\\\/interview\\\/#breadcrumb\",\"itemListElement\":[{\"@type\":\"ListItem\",\"position\":1,\"name\":\"Accueil\",\"item\":\"https:\\\/\\\/www.xavierdesandrenavarre.com\\\/index.php\\\/fr\\\/actualites\\\/\"},{\"@type\":\"ListItem\",\"position\":2,\"name\":\"INTERVIEW\"}]},{\"@type\":\"WebSite\",\"@id\":\"https:\\\/\\\/www.xavierdesandrenavarre.com\\\/#website\",\"url\":\"https:\\\/\\\/www.xavierdesandrenavarre.com\\\/\",\"name\":\"Xavier Desandre Navarre\",\"description\":\"CREATIVE DRUMMING \",\"publisher\":{\"@id\":\"https:\\\/\\\/www.xavierdesandrenavarre.com\\\/#\\\/schema\\\/person\\\/d44923d7590d78b38ce0e9c1941a2c75\"},\"potentialAction\":[{\"@type\":\"SearchAction\",\"target\":{\"@type\":\"EntryPoint\",\"urlTemplate\":\"https:\\\/\\\/www.xavierdesandrenavarre.com\\\/?s={search_term_string}\"},\"query-input\":{\"@type\":\"PropertyValueSpecification\",\"valueRequired\":true,\"valueName\":\"search_term_string\"}}],\"inLanguage\":\"fr-FR\"},{\"@type\":[\"Person\",\"Organization\"],\"@id\":\"https:\\\/\\\/www.xavierdesandrenavarre.com\\\/#\\\/schema\\\/person\\\/d44923d7590d78b38ce0e9c1941a2c75\",\"name\":\"Xavier DESANDRE NAVARRE\",\"image\":{\"@type\":\"ImageObject\",\"inLanguage\":\"fr-FR\",\"@id\":\"https:\\\/\\\/secure.gravatar.com\\\/avatar\\\/f5d0177a75f71d2039289a3687726c1181fc9368e48f4469bd627ff20d15397b?s=96&d=mm&r=g\",\"url\":\"https:\\\/\\\/secure.gravatar.com\\\/avatar\\\/f5d0177a75f71d2039289a3687726c1181fc9368e48f4469bd627ff20d15397b?s=96&d=mm&r=g\",\"contentUrl\":\"https:\\\/\\\/secure.gravatar.com\\\/avatar\\\/f5d0177a75f71d2039289a3687726c1181fc9368e48f4469bd627ff20d15397b?s=96&d=mm&r=g\",\"caption\":\"Xavier DESANDRE NAVARRE\"},\"logo\":{\"@id\":\"https:\\\/\\\/secure.gravatar.com\\\/avatar\\\/f5d0177a75f71d2039289a3687726c1181fc9368e48f4469bd627ff20d15397b?s=96&d=mm&r=g\"}}]}<\/script>\n<!-- \/ Yoast SEO plugin. -->","yoast_head_json":{"title":"INTERVIEW &#8226; Xavier DESANDRE NAVARRE","robots":{"index":"index","follow":"follow","max-snippet":"max-snippet:-1","max-image-preview":"max-image-preview:large","max-video-preview":"max-video-preview:-1"},"canonical":"https:\/\/www.xavierdesandrenavarre.com\/index.php\/fr\/interview\/","og_locale":"fr_FR","og_type":"article","og_title":"INTERVIEW &#8226; Xavier DESANDRE NAVARRE","og_description":"Toute La Culture JAZZ : INTERVIEW DU PERCUSSIONNISTE XAVIER DESANDRE-NAVARRE TLC : Comment est n\u00e9e votre passion pour les percussions ? Xavier Desandre-Navarre : Quand j\u2019\u00e9tais petit je tapais partout, les tables, les chaises, vraiment partout. Et par l\u2019interm\u00e9diaire d\u2019une association qui proposait des cours de percussions, de guitare, et plein d\u2019autres disciplines qui n\u2019\u00e9taient &hellip; Lire la suite INTERVIEW","og_url":"https:\/\/www.xavierdesandrenavarre.com\/index.php\/fr\/interview\/","og_site_name":"Xavier DESANDRE NAVARRE","og_image":[{"url":"http:\/\/www.xavierdesandrenavarre.com\/wp-content\/uploads\/2015\/12\/logo.png","type":"","width":"","height":""}],"twitter_card":"summary_large_image","twitter_misc":{"Dur\u00e9e de lecture estim\u00e9e":"8 minutes"},"schema":{"@context":"https:\/\/schema.org","@graph":[{"@type":"WebPage","@id":"https:\/\/www.xavierdesandrenavarre.com\/index.php\/fr\/interview\/","url":"https:\/\/www.xavierdesandrenavarre.com\/index.php\/fr\/interview\/","name":"INTERVIEW &#8226; Xavier DESANDRE NAVARRE","isPartOf":{"@id":"https:\/\/www.xavierdesandrenavarre.com\/#website"},"primaryImageOfPage":{"@id":"https:\/\/www.xavierdesandrenavarre.com\/index.php\/fr\/interview\/#primaryimage"},"image":{"@id":"https:\/\/www.xavierdesandrenavarre.com\/index.php\/fr\/interview\/#primaryimage"},"thumbnailUrl":"http:\/\/www.xavierdesandrenavarre.com\/wp-content\/uploads\/2015\/12\/logo.png","datePublished":"2015-12-09T07:29:35+00:00","breadcrumb":{"@id":"https:\/\/www.xavierdesandrenavarre.com\/index.php\/fr\/interview\/#breadcrumb"},"inLanguage":"fr-FR","potentialAction":[{"@type":"ReadAction","target":["https:\/\/www.xavierdesandrenavarre.com\/index.php\/fr\/interview\/"]}]},{"@type":"ImageObject","inLanguage":"fr-FR","@id":"https:\/\/www.xavierdesandrenavarre.com\/index.php\/fr\/interview\/#primaryimage","url":"http:\/\/www.xavierdesandrenavarre.com\/wp-content\/uploads\/2015\/12\/logo.png","contentUrl":"http:\/\/www.xavierdesandrenavarre.com\/wp-content\/uploads\/2015\/12\/logo.png"},{"@type":"BreadcrumbList","@id":"https:\/\/www.xavierdesandrenavarre.com\/index.php\/fr\/interview\/#breadcrumb","itemListElement":[{"@type":"ListItem","position":1,"name":"Accueil","item":"https:\/\/www.xavierdesandrenavarre.com\/index.php\/fr\/actualites\/"},{"@type":"ListItem","position":2,"name":"INTERVIEW"}]},{"@type":"WebSite","@id":"https:\/\/www.xavierdesandrenavarre.com\/#website","url":"https:\/\/www.xavierdesandrenavarre.com\/","name":"Xavier Desandre Navarre","description":"CREATIVE DRUMMING ","publisher":{"@id":"https:\/\/www.xavierdesandrenavarre.com\/#\/schema\/person\/d44923d7590d78b38ce0e9c1941a2c75"},"potentialAction":[{"@type":"SearchAction","target":{"@type":"EntryPoint","urlTemplate":"https:\/\/www.xavierdesandrenavarre.com\/?s={search_term_string}"},"query-input":{"@type":"PropertyValueSpecification","valueRequired":true,"valueName":"search_term_string"}}],"inLanguage":"fr-FR"},{"@type":["Person","Organization"],"@id":"https:\/\/www.xavierdesandrenavarre.com\/#\/schema\/person\/d44923d7590d78b38ce0e9c1941a2c75","name":"Xavier DESANDRE NAVARRE","image":{"@type":"ImageObject","inLanguage":"fr-FR","@id":"https:\/\/secure.gravatar.com\/avatar\/f5d0177a75f71d2039289a3687726c1181fc9368e48f4469bd627ff20d15397b?s=96&d=mm&r=g","url":"https:\/\/secure.gravatar.com\/avatar\/f5d0177a75f71d2039289a3687726c1181fc9368e48f4469bd627ff20d15397b?s=96&d=mm&r=g","contentUrl":"https:\/\/secure.gravatar.com\/avatar\/f5d0177a75f71d2039289a3687726c1181fc9368e48f4469bd627ff20d15397b?s=96&d=mm&r=g","caption":"Xavier DESANDRE NAVARRE"},"logo":{"@id":"https:\/\/secure.gravatar.com\/avatar\/f5d0177a75f71d2039289a3687726c1181fc9368e48f4469bd627ff20d15397b?s=96&d=mm&r=g"}}]}},"_links":{"self":[{"href":"https:\/\/www.xavierdesandrenavarre.com\/index.php\/wp-json\/wp\/v2\/pages\/613","targetHints":{"allow":["GET"]}}],"collection":[{"href":"https:\/\/www.xavierdesandrenavarre.com\/index.php\/wp-json\/wp\/v2\/pages"}],"about":[{"href":"https:\/\/www.xavierdesandrenavarre.com\/index.php\/wp-json\/wp\/v2\/types\/page"}],"author":[{"embeddable":true,"href":"https:\/\/www.xavierdesandrenavarre.com\/index.php\/wp-json\/wp\/v2\/users\/4"}],"replies":[{"embeddable":true,"href":"https:\/\/www.xavierdesandrenavarre.com\/index.php\/wp-json\/wp\/v2\/comments?post=613"}],"version-history":[{"count":0,"href":"https:\/\/www.xavierdesandrenavarre.com\/index.php\/wp-json\/wp\/v2\/pages\/613\/revisions"}],"wp:attachment":[{"href":"https:\/\/www.xavierdesandrenavarre.com\/index.php\/wp-json\/wp\/v2\/media?parent=613"}],"curies":[{"name":"wp","href":"https:\/\/api.w.org\/{rel}","templated":true}]}}