{"id":581,"date":"2015-12-08T16:32:32","date_gmt":"2015-12-08T15:32:32","guid":{"rendered":"https:\/\/xavierdesandrenavarre.wordpress.com\/?page_id=581"},"modified":"2019-11-12T18:25:52","modified_gmt":"2019-11-12T17:25:52","slug":"presse","status":"publish","type":"page","link":"https:\/\/www.xavierdesandrenavarre.com\/index.php\/fr\/presse\/","title":{"rendered":"PRESSE"},"content":{"rendered":"<blockquote>\n<p class=\"p1\" style=\"text-align: justify;\"><em><span class=\"s1\">\u00ab\u00a0Xavier Desandre Navarre, c\u2019est un musicien complet. Il r\u00e9sume \u00e0 lui tout seul la musique, et pourtant il est blanc\u2026\u00a0\u00bb<\/span><\/em><\/p>\n<p class=\"p1\" style=\"text-align: right;\"><span class=\"s1\"><strong>Guy Lopez, Batteur News<\/strong><\/span><em><span class=\"s1\">\u00a0<\/span><\/em><\/p>\n<\/blockquote>\n<blockquote>\n<p class=\"p1\" style=\"text-align: justify;\"><em><span class=\"s1\"><img loading=\"lazy\" decoding=\"async\" class=\" size-full wp-image-959 alignleft\" src=\"https:\/\/www.xavierdesandrenavarre.com\/wp-content\/uploads\/2015\/12\/capture-d_ecc81cran-2015-12-12-acc80-20-52-13.png\" alt=\"Capture d\u2019\u00e9cran 2015-12-12 \u00e0 20.52.13\" width=\"179\" height=\"42\" \/>\u00ab\u00a0Utilisation spectaculaire de la voix et des percussions avec un percussionniste qui imite les bruits de la jungle\u00a0\u2026\u00a0\u00bb<\/span><\/em><\/p>\n<p class=\"p1\" style=\"text-align: justify;\"><em><span class=\"s1\">\u00ab\u00a0Xavier Desandre Navarre joue d\u2019ailleurs pieds nus et le cheveu h\u00e9riss\u00e9, signes visibles qu\u2019il est en constante vibration avec quelque divinit\u00e9 tellurique.\u00a0\u00bb<\/span><\/em><\/p>\n<p class=\"p1\" style=\"text-align: right;\"><strong><span class=\"s1\">Lucien Giraud, Jazz Magazine<\/span><\/strong><\/p>\n<\/blockquote>\n<blockquote>\n<p class=\"p1\" style=\"text-align: justify;\"><em><span class=\"s1\"><img loading=\"lazy\" decoding=\"async\" class=\" wp-image-999 alignleft\" src=\"https:\/\/www.xavierdesandrenavarre.com\/wp-content\/uploads\/2015\/12\/imgres.png\" alt=\"imgres\" width=\"155\" height=\"66\" srcset=\"https:\/\/www.xavierdesandrenavarre.com\/wp-content\/uploads\/2015\/12\/imgres.png 345w, https:\/\/www.xavierdesandrenavarre.com\/wp-content\/uploads\/2015\/12\/imgres-300x127.png 300w\" sizes=\"auto, (max-width: 155px) 100vw, 155px\" \/>\u00ab\u00a0Percussionniste, Xavier Dresandre Navarre a r\u00e9guli\u00e8rement montr\u00e9 qu&rsquo;il mettait<br \/>\nson \u00e9nergie\u00a0et sa vivacit\u00e9 en jeu pour aller chercher la m\u00e9lodie dans les son set les rythmes.\u00a0\u00bb<\/span><\/em><\/p>\n<p class=\"p1\" style=\"text-align: justify;\"><em><span class=\"s1\">\u00ab\u00a0Xavier Desandre-Navarre, soliste remarquable\u2026.\u00a0\u00bb <\/span><\/em><\/p>\n<p class=\"p1\" style=\"text-align: right;\"><strong><span class=\"s1\">Weser Kurier &#8211; (Quotidien Allemand)<\/span><\/strong><\/p>\n<\/blockquote>\n<blockquote>\n<p class=\"p1\" style=\"text-align: justify;\"><em><span class=\"s1\"><img loading=\"lazy\" decoding=\"async\" class=\" wp-image-1000 alignleft\" src=\"https:\/\/www.xavierdesandrenavarre.com\/wp-content\/uploads\/2015\/12\/imgres-1.jpg\" alt=\"imgres-1.jpg\" width=\"134\" height=\"84\" \/>\u00ab\u00a0Xavier Desandre Navarre use de ses instruments les plus vari\u00e9s d\u2019une mani\u00e8re incomparable,<span class=\"Apple-converted-space\">\u00a0 <\/span>montrant dans ses interventions un sens profond de l\u2019\u00e9coute, ainsi qu\u2019un grand esprit d\u2019\u00e0-propos.\u00a0\u00bb<\/span><\/em><\/p>\n<p class=\"p1\" style=\"text-align: right;\"><strong><span class=\"s1\">Camille Thomas, Dunkerque Expansion<\/span><\/strong><\/p>\n<\/blockquote>\n<blockquote>\n<p class=\"p1\" style=\"text-align: justify;\"><em><span class=\"s1\">\u00ab\u00a0Certains arrangements souvent rythmiques jusqu\u2019au rock \u00e9taient le zoo du percussionniste Xavier Desandre. Il se pr\u00e9senta par un long solo, au cours duquel il utilisa tous les registres, depuis les congas jusqu\u2019aux effets \u00e9lectroniques et, sur un rythme \u00e9poustouflant, manipulant par moments plusieurs instruments \u00e0 la fois.\u00a0\u00bb<\/span><\/em><\/p>\n<p class=\"p1\" style=\"text-align: right;\"><strong><span class=\"s1\">\u00a0Erlanger\u00a0&#8211; (Quotidien Allemand)<\/span><\/strong><\/p>\n<\/blockquote>\n<h3 class=\"p1\" style=\"text-align: left;\"><span style=\"color: #ff0000;\"><a style=\"color: #ff0000;\" href=\"https:\/\/www.xavierdesandrenavarre.com\/index.php\/press-in-english\/\">\u00ab\u00a0PRESS\u00a0IN ENGLISH\u00a0\u00bb<\/a><\/span><\/h3>\n<h3><span style=\"color: #ff0000;\"><a style=\"color: #ff0000;\" href=\"https:\/\/www.xavierdesandrenavarre.com\/index.php\/interview\/\">\u00ab\u00a0INTERVIEW\u00a0\u00bb<\/a><\/span><\/h3>\n","protected":false},"excerpt":{"rendered":"<p>\u00ab\u00a0Xavier Desandre Navarre, c\u2019est un musicien complet. Il r\u00e9sume \u00e0 lui tout seul la musique, et pourtant il est blanc\u2026\u00a0\u00bb Guy Lopez, Batteur News\u00a0 \u00ab\u00a0Utilisation spectaculaire de la voix et des percussions avec un percussionniste qui imite les bruits de la jungle\u00a0\u2026\u00a0\u00bb \u00ab\u00a0Xavier Desandre Navarre joue d\u2019ailleurs pieds nus et le cheveu h\u00e9riss\u00e9, signes visibles &hellip; <a class=\"more-link\" href=\"https:\/\/www.xavierdesandrenavarre.com\/index.php\/fr\/presse\/\">Lire la suite <span class=\"screen-reader-text\">PRESSE<\/span><\/a><\/p>\n","protected":false},"author":4,"featured_media":0,"parent":0,"menu_order":0,"comment_status":"closed","ping_status":"closed","template":"","meta":{"__cvm_playback_settings":[],"__cvm_video_id":"","footnotes":""},"class_list":["post-581","page","type-page","status-publish","hentry"],"yoast_head":"<!-- This site is optimized with the Yoast SEO plugin v27.4 - https:\/\/yoast.com\/product\/yoast-seo-wordpress\/ -->\n<title>PRESSE &#8226; Xavier DESANDRE NAVARRE<\/title>\n<meta name=\"robots\" content=\"index, follow, max-snippet:-1, max-image-preview:large, max-video-preview:-1\" \/>\n<link rel=\"canonical\" href=\"https:\/\/www.xavierdesandrenavarre.com\/index.php\/fr\/presse\/\" \/>\n<meta property=\"og:locale\" content=\"fr_FR\" \/>\n<meta property=\"og:type\" content=\"article\" \/>\n<meta property=\"og:title\" content=\"PRESSE &#8226; Xavier DESANDRE NAVARRE\" \/>\n<meta property=\"og:description\" content=\"\u00ab\u00a0Xavier Desandre Navarre, c\u2019est un musicien complet. Il r\u00e9sume \u00e0 lui tout seul la musique, et pourtant il est blanc\u2026\u00a0\u00bb Guy Lopez, Batteur News\u00a0 \u00ab\u00a0Utilisation spectaculaire de la voix et des percussions avec un percussionniste qui imite les bruits de la jungle\u00a0\u2026\u00a0\u00bb \u00ab\u00a0Xavier Desandre Navarre joue d\u2019ailleurs pieds nus et le cheveu h\u00e9riss\u00e9, signes visibles &hellip; Lire la suite PRESSE\" \/>\n<meta property=\"og:url\" content=\"https:\/\/www.xavierdesandrenavarre.com\/index.php\/fr\/presse\/\" \/>\n<meta property=\"og:site_name\" content=\"Xavier DESANDRE NAVARRE\" \/>\n<meta property=\"article:modified_time\" content=\"2019-11-12T17:25:52+00:00\" \/>\n<meta property=\"og:image\" content=\"http:\/\/www.xavierdesandrenavarre.com\/wp-content\/uploads\/2015\/12\/capture-d_ecc81cran-2015-12-12-acc80-20-52-13.png\" \/>\n<meta name=\"twitter:card\" content=\"summary_large_image\" \/>\n<meta name=\"twitter:label1\" content=\"Dur\u00e9e de lecture estim\u00e9e\" \/>\n\t<meta name=\"twitter:data1\" content=\"1 minute\" \/>\n<script type=\"application\/ld+json\" class=\"yoast-schema-graph\">{\"@context\":\"https:\\\/\\\/schema.org\",\"@graph\":[{\"@type\":\"WebPage\",\"@id\":\"https:\\\/\\\/www.xavierdesandrenavarre.com\\\/index.php\\\/fr\\\/presse\\\/\",\"url\":\"https:\\\/\\\/www.xavierdesandrenavarre.com\\\/index.php\\\/fr\\\/presse\\\/\",\"name\":\"PRESSE &#8226; Xavier DESANDRE NAVARRE\",\"isPartOf\":{\"@id\":\"https:\\\/\\\/www.xavierdesandrenavarre.com\\\/#website\"},\"primaryImageOfPage\":{\"@id\":\"https:\\\/\\\/www.xavierdesandrenavarre.com\\\/index.php\\\/fr\\\/presse\\\/#primaryimage\"},\"image\":{\"@id\":\"https:\\\/\\\/www.xavierdesandrenavarre.com\\\/index.php\\\/fr\\\/presse\\\/#primaryimage\"},\"thumbnailUrl\":\"http:\\\/\\\/www.xavierdesandrenavarre.com\\\/wp-content\\\/uploads\\\/2015\\\/12\\\/capture-d_ecc81cran-2015-12-12-acc80-20-52-13.png\",\"datePublished\":\"2015-12-08T15:32:32+00:00\",\"dateModified\":\"2019-11-12T17:25:52+00:00\",\"breadcrumb\":{\"@id\":\"https:\\\/\\\/www.xavierdesandrenavarre.com\\\/index.php\\\/fr\\\/presse\\\/#breadcrumb\"},\"inLanguage\":\"fr-FR\",\"potentialAction\":[{\"@type\":\"ReadAction\",\"target\":[\"https:\\\/\\\/www.xavierdesandrenavarre.com\\\/index.php\\\/fr\\\/presse\\\/\"]}]},{\"@type\":\"ImageObject\",\"inLanguage\":\"fr-FR\",\"@id\":\"https:\\\/\\\/www.xavierdesandrenavarre.com\\\/index.php\\\/fr\\\/presse\\\/#primaryimage\",\"url\":\"http:\\\/\\\/www.xavierdesandrenavarre.com\\\/wp-content\\\/uploads\\\/2015\\\/12\\\/capture-d_ecc81cran-2015-12-12-acc80-20-52-13.png\",\"contentUrl\":\"http:\\\/\\\/www.xavierdesandrenavarre.com\\\/wp-content\\\/uploads\\\/2015\\\/12\\\/capture-d_ecc81cran-2015-12-12-acc80-20-52-13.png\"},{\"@type\":\"BreadcrumbList\",\"@id\":\"https:\\\/\\\/www.xavierdesandrenavarre.com\\\/index.php\\\/fr\\\/presse\\\/#breadcrumb\",\"itemListElement\":[{\"@type\":\"ListItem\",\"position\":1,\"name\":\"Accueil\",\"item\":\"https:\\\/\\\/www.xavierdesandrenavarre.com\\\/index.php\\\/fr\\\/actualites\\\/\"},{\"@type\":\"ListItem\",\"position\":2,\"name\":\"PRESSE\"}]},{\"@type\":\"WebSite\",\"@id\":\"https:\\\/\\\/www.xavierdesandrenavarre.com\\\/#website\",\"url\":\"https:\\\/\\\/www.xavierdesandrenavarre.com\\\/\",\"name\":\"Xavier Desandre Navarre\",\"description\":\"CREATIVE DRUMMING \",\"publisher\":{\"@id\":\"https:\\\/\\\/www.xavierdesandrenavarre.com\\\/#\\\/schema\\\/person\\\/d44923d7590d78b38ce0e9c1941a2c75\"},\"potentialAction\":[{\"@type\":\"SearchAction\",\"target\":{\"@type\":\"EntryPoint\",\"urlTemplate\":\"https:\\\/\\\/www.xavierdesandrenavarre.com\\\/?s={search_term_string}\"},\"query-input\":{\"@type\":\"PropertyValueSpecification\",\"valueRequired\":true,\"valueName\":\"search_term_string\"}}],\"inLanguage\":\"fr-FR\"},{\"@type\":[\"Person\",\"Organization\"],\"@id\":\"https:\\\/\\\/www.xavierdesandrenavarre.com\\\/#\\\/schema\\\/person\\\/d44923d7590d78b38ce0e9c1941a2c75\",\"name\":\"Xavier DESANDRE NAVARRE\",\"image\":{\"@type\":\"ImageObject\",\"inLanguage\":\"fr-FR\",\"@id\":\"https:\\\/\\\/secure.gravatar.com\\\/avatar\\\/f5d0177a75f71d2039289a3687726c1181fc9368e48f4469bd627ff20d15397b?s=96&d=mm&r=g\",\"url\":\"https:\\\/\\\/secure.gravatar.com\\\/avatar\\\/f5d0177a75f71d2039289a3687726c1181fc9368e48f4469bd627ff20d15397b?s=96&d=mm&r=g\",\"contentUrl\":\"https:\\\/\\\/secure.gravatar.com\\\/avatar\\\/f5d0177a75f71d2039289a3687726c1181fc9368e48f4469bd627ff20d15397b?s=96&d=mm&r=g\",\"caption\":\"Xavier DESANDRE NAVARRE\"},\"logo\":{\"@id\":\"https:\\\/\\\/secure.gravatar.com\\\/avatar\\\/f5d0177a75f71d2039289a3687726c1181fc9368e48f4469bd627ff20d15397b?s=96&d=mm&r=g\"}}]}<\/script>\n<!-- \/ Yoast SEO plugin. -->","yoast_head_json":{"title":"PRESSE &#8226; Xavier DESANDRE NAVARRE","robots":{"index":"index","follow":"follow","max-snippet":"max-snippet:-1","max-image-preview":"max-image-preview:large","max-video-preview":"max-video-preview:-1"},"canonical":"https:\/\/www.xavierdesandrenavarre.com\/index.php\/fr\/presse\/","og_locale":"fr_FR","og_type":"article","og_title":"PRESSE &#8226; Xavier DESANDRE NAVARRE","og_description":"\u00ab\u00a0Xavier Desandre Navarre, c\u2019est un musicien complet. Il r\u00e9sume \u00e0 lui tout seul la musique, et pourtant il est blanc\u2026\u00a0\u00bb Guy Lopez, Batteur News\u00a0 \u00ab\u00a0Utilisation spectaculaire de la voix et des percussions avec un percussionniste qui imite les bruits de la jungle\u00a0\u2026\u00a0\u00bb \u00ab\u00a0Xavier Desandre Navarre joue d\u2019ailleurs pieds nus et le cheveu h\u00e9riss\u00e9, signes visibles &hellip; Lire la suite PRESSE","og_url":"https:\/\/www.xavierdesandrenavarre.com\/index.php\/fr\/presse\/","og_site_name":"Xavier DESANDRE NAVARRE","article_modified_time":"2019-11-12T17:25:52+00:00","og_image":[{"url":"http:\/\/www.xavierdesandrenavarre.com\/wp-content\/uploads\/2015\/12\/capture-d_ecc81cran-2015-12-12-acc80-20-52-13.png","type":"","width":"","height":""}],"twitter_card":"summary_large_image","twitter_misc":{"Dur\u00e9e de lecture estim\u00e9e":"1 minute"},"schema":{"@context":"https:\/\/schema.org","@graph":[{"@type":"WebPage","@id":"https:\/\/www.xavierdesandrenavarre.com\/index.php\/fr\/presse\/","url":"https:\/\/www.xavierdesandrenavarre.com\/index.php\/fr\/presse\/","name":"PRESSE &#8226; Xavier DESANDRE NAVARRE","isPartOf":{"@id":"https:\/\/www.xavierdesandrenavarre.com\/#website"},"primaryImageOfPage":{"@id":"https:\/\/www.xavierdesandrenavarre.com\/index.php\/fr\/presse\/#primaryimage"},"image":{"@id":"https:\/\/www.xavierdesandrenavarre.com\/index.php\/fr\/presse\/#primaryimage"},"thumbnailUrl":"http:\/\/www.xavierdesandrenavarre.com\/wp-content\/uploads\/2015\/12\/capture-d_ecc81cran-2015-12-12-acc80-20-52-13.png","datePublished":"2015-12-08T15:32:32+00:00","dateModified":"2019-11-12T17:25:52+00:00","breadcrumb":{"@id":"https:\/\/www.xavierdesandrenavarre.com\/index.php\/fr\/presse\/#breadcrumb"},"inLanguage":"fr-FR","potentialAction":[{"@type":"ReadAction","target":["https:\/\/www.xavierdesandrenavarre.com\/index.php\/fr\/presse\/"]}]},{"@type":"ImageObject","inLanguage":"fr-FR","@id":"https:\/\/www.xavierdesandrenavarre.com\/index.php\/fr\/presse\/#primaryimage","url":"http:\/\/www.xavierdesandrenavarre.com\/wp-content\/uploads\/2015\/12\/capture-d_ecc81cran-2015-12-12-acc80-20-52-13.png","contentUrl":"http:\/\/www.xavierdesandrenavarre.com\/wp-content\/uploads\/2015\/12\/capture-d_ecc81cran-2015-12-12-acc80-20-52-13.png"},{"@type":"BreadcrumbList","@id":"https:\/\/www.xavierdesandrenavarre.com\/index.php\/fr\/presse\/#breadcrumb","itemListElement":[{"@type":"ListItem","position":1,"name":"Accueil","item":"https:\/\/www.xavierdesandrenavarre.com\/index.php\/fr\/actualites\/"},{"@type":"ListItem","position":2,"name":"PRESSE"}]},{"@type":"WebSite","@id":"https:\/\/www.xavierdesandrenavarre.com\/#website","url":"https:\/\/www.xavierdesandrenavarre.com\/","name":"Xavier Desandre Navarre","description":"CREATIVE DRUMMING ","publisher":{"@id":"https:\/\/www.xavierdesandrenavarre.com\/#\/schema\/person\/d44923d7590d78b38ce0e9c1941a2c75"},"potentialAction":[{"@type":"SearchAction","target":{"@type":"EntryPoint","urlTemplate":"https:\/\/www.xavierdesandrenavarre.com\/?s={search_term_string}"},"query-input":{"@type":"PropertyValueSpecification","valueRequired":true,"valueName":"search_term_string"}}],"inLanguage":"fr-FR"},{"@type":["Person","Organization"],"@id":"https:\/\/www.xavierdesandrenavarre.com\/#\/schema\/person\/d44923d7590d78b38ce0e9c1941a2c75","name":"Xavier DESANDRE NAVARRE","image":{"@type":"ImageObject","inLanguage":"fr-FR","@id":"https:\/\/secure.gravatar.com\/avatar\/f5d0177a75f71d2039289a3687726c1181fc9368e48f4469bd627ff20d15397b?s=96&d=mm&r=g","url":"https:\/\/secure.gravatar.com\/avatar\/f5d0177a75f71d2039289a3687726c1181fc9368e48f4469bd627ff20d15397b?s=96&d=mm&r=g","contentUrl":"https:\/\/secure.gravatar.com\/avatar\/f5d0177a75f71d2039289a3687726c1181fc9368e48f4469bd627ff20d15397b?s=96&d=mm&r=g","caption":"Xavier DESANDRE NAVARRE"},"logo":{"@id":"https:\/\/secure.gravatar.com\/avatar\/f5d0177a75f71d2039289a3687726c1181fc9368e48f4469bd627ff20d15397b?s=96&d=mm&r=g"}}]}},"_links":{"self":[{"href":"https:\/\/www.xavierdesandrenavarre.com\/index.php\/wp-json\/wp\/v2\/pages\/581","targetHints":{"allow":["GET"]}}],"collection":[{"href":"https:\/\/www.xavierdesandrenavarre.com\/index.php\/wp-json\/wp\/v2\/pages"}],"about":[{"href":"https:\/\/www.xavierdesandrenavarre.com\/index.php\/wp-json\/wp\/v2\/types\/page"}],"author":[{"embeddable":true,"href":"https:\/\/www.xavierdesandrenavarre.com\/index.php\/wp-json\/wp\/v2\/users\/4"}],"replies":[{"embeddable":true,"href":"https:\/\/www.xavierdesandrenavarre.com\/index.php\/wp-json\/wp\/v2\/comments?post=581"}],"version-history":[{"count":3,"href":"https:\/\/www.xavierdesandrenavarre.com\/index.php\/wp-json\/wp\/v2\/pages\/581\/revisions"}],"predecessor-version":[{"id":1692,"href":"https:\/\/www.xavierdesandrenavarre.com\/index.php\/wp-json\/wp\/v2\/pages\/581\/revisions\/1692"}],"wp:attachment":[{"href":"https:\/\/www.xavierdesandrenavarre.com\/index.php\/wp-json\/wp\/v2\/media?parent=581"}],"curies":[{"name":"wp","href":"https:\/\/api.w.org\/{rel}","templated":true}]}}