{"id":531,"date":"2015-12-08T15:00:37","date_gmt":"2015-12-08T14:00:37","guid":{"rendered":"https:\/\/xavierdesandrenavarre.wordpress.com\/?page_id=531"},"modified":"2015-12-08T15:00:37","modified_gmt":"2015-12-08T14:00:37","slug":"stephane-kerecki","status":"publish","type":"page","link":"https:\/\/www.xavierdesandrenavarre.com\/index.php\/fr\/stephane-kerecki\/","title":{"rendered":"STEPHANE KERECKI"},"content":{"rendered":"<p class=\"p1\" style=\"text-align:justify;\"><span class=\"s1\"><i><img loading=\"lazy\" decoding=\"async\" class=\"  wp-image-533 alignleft\" src=\"https:\/\/www.xavierdesandrenavarre.com\/wp-content\/uploads\/2015\/12\/capture-d_c3a9cran-2015-12-08-c3a0-14-58-41.png\" alt=\"Capture d\u2019\u00e9cran 2015-12-08 \u00e0 14.58.41\" width=\"238\" height=\"197\" \/>\u00ab Sa totale ma\u00eetrise Instrumentale et son intelligence de l&rsquo;organisation sonore lui permettent, \u00e9chappant aux clich\u00e9s\u2010ghettos de la contrebasse (stricte fonctionnalit\u00e9 \u00ab\u00a0discr\u00e8te mais efficace\u00a0\u00bb et\/ou rituels solos\u2010d\u00e9monstrations) de s&rsquo;imposer au coeur d&rsquo;un ensemble simultan\u00e9ment comme voix majeure (\u00e0 la belle et dense sonorit\u00e9), compositeur\u2010arrangeur et, sans le moindre exhibitionnisme, axe m\u00e9lodico\u2010harmonique \u00bb <\/i>&#8211; <b>Philippe Carles, Le nouveau Dictionnaire du Jazz &#8211;<\/b><\/span><\/p>\n<p class=\"p3\" style=\"text-align:justify;\"><span class=\"s1\">St\u00e9phane Kerecki est n\u00e9 \u00e0 Paris en 1970. Apr\u00e8s des \u00e9tudes sup\u00e9rieures d\u2019\u00e9conomie \u00e0 Paris II (DEA), il entre au <b>Conservatoire National Sup\u00e9rieur de Paris<\/b> o\u00f9 il \u00e9tudie la contrebasse avec Jean<\/span><span class=\"s2\">\u2010<\/span><span class=\"s1\">Fran\u00e7ois Jenny<\/span><span class=\"s2\">\u2010<\/span><span class=\"s1\">Clarke, Riccardo Del Fra et Jean Paul Celea. Il rejoint le quartet de Steve Potts et \u00e0 devient le premier bassiste du \u00ab Paris Jazz<\/span> <span class=\"s1\">Big Band \u00bb.<\/span><\/p>\n<p class=\"p1\" style=\"text-align:justify;\"><span class=\"s1\">Depuis une dizaine d\u2019ann\u00e9es, St\u00e9phane Kerecki s\u2019est produit dans les groupes de Denis Colin,<span class=\"Apple-converted-space\">\u00a0 <\/span>Guillaume de Chassy, <b>Yaron Herman, John Taylor, Daniel Humair, Tony Malaby,<\/b><span class=\"Apple-converted-space\">\u00a0 <\/span>Fran\u00e7ois Jeanneau, Sheila Jordan, Steve Lehman, Ronnie Lynn Patterson, <b>Michel Portal<\/b>, Anne Paceo, Thomas Savy, <b>Jacky Terrasson<\/b>, etc.<\/span><\/p>\n<p class=\"p1\" style=\"text-align:justify;\"><span class=\"s1\">Par ailleurs, il est gratifi\u00e9 en 2001 du Second prix de Soliste au \u00ab Concours International de Jazz de Paris La D\u00e9fense \u00bb (seul contrebassiste nomm\u00e9). En 2005, le magazine \u00ab Jazzman \u00bb le classe parmi les \u00ab\u00a0125 talents pour demain\u00a0\u00bb.<\/span><\/p>\n<p class=\"p5\" style=\"text-align:justify;\"><span class=\"s1\">En f\u00e9vrier 2013, St\u00e9phane Kerecki est nomm\u00e9 parmi les trois finalistes du Prix Django Reinhard (Musicien Fran\u00e7ais de l\u2019ann\u00e9e) de l\u2019 \u00ab Acad\u00e9mie du Jazz \u00bb.<\/span><\/p>\n<p class=\"p5\" style=\"text-align:justify;\"><span class=\"s1\"><b>Il re\u00e7oit en 2014 le prix \u00ab\u00a0Meilleur Album Jazz\u00a0\u00bb de l&rsquo;acad\u00e9mie du Jazz.<\/b><\/span><\/p>\n<p class=\"p5\" style=\"text-align:justify;\"><a href=\"http:\/\/www.stephanekerecki.com\/\" target=\"_blank\">Site internet de Stephane Kerecki<\/a><\/p>\n","protected":false},"excerpt":{"rendered":"<p>\u00ab Sa totale ma\u00eetrise Instrumentale et son intelligence de l&rsquo;organisation sonore lui permettent, \u00e9chappant aux clich\u00e9s\u2010ghettos de la contrebasse (stricte fonctionnalit\u00e9 \u00ab\u00a0discr\u00e8te mais efficace\u00a0\u00bb et\/ou rituels solos\u2010d\u00e9monstrations) de s&rsquo;imposer au coeur d&rsquo;un ensemble simultan\u00e9ment comme voix majeure (\u00e0 la belle et dense sonorit\u00e9), compositeur\u2010arrangeur et, sans le moindre exhibitionnisme, axe m\u00e9lodico\u2010harmonique \u00bb &#8211; Philippe Carles, &hellip; <a class=\"more-link\" href=\"https:\/\/www.xavierdesandrenavarre.com\/index.php\/fr\/stephane-kerecki\/\">Lire la suite <span class=\"screen-reader-text\">STEPHANE KERECKI<\/span><\/a><\/p>\n","protected":false},"author":4,"featured_media":0,"parent":0,"menu_order":0,"comment_status":"closed","ping_status":"closed","template":"","meta":{"__cvm_playback_settings":[],"__cvm_video_id":"","footnotes":""},"class_list":["post-531","page","type-page","status-publish","hentry"],"yoast_head":"<!-- This site is optimized with the Yoast SEO plugin v27.4 - https:\/\/yoast.com\/product\/yoast-seo-wordpress\/ -->\n<title>STEPHANE KERECKI &#8226; Xavier DESANDRE NAVARRE<\/title>\n<meta name=\"robots\" content=\"index, follow, max-snippet:-1, max-image-preview:large, max-video-preview:-1\" \/>\n<link rel=\"canonical\" href=\"https:\/\/www.xavierdesandrenavarre.com\/index.php\/fr\/stephane-kerecki\/\" \/>\n<meta property=\"og:locale\" content=\"fr_FR\" \/>\n<meta property=\"og:type\" content=\"article\" \/>\n<meta property=\"og:title\" content=\"STEPHANE KERECKI &#8226; Xavier DESANDRE NAVARRE\" \/>\n<meta property=\"og:description\" content=\"\u00ab Sa totale ma\u00eetrise Instrumentale et son intelligence de l&rsquo;organisation sonore lui permettent, \u00e9chappant aux clich\u00e9s\u2010ghettos de la contrebasse (stricte fonctionnalit\u00e9 \u00ab\u00a0discr\u00e8te mais efficace\u00a0\u00bb et\/ou rituels solos\u2010d\u00e9monstrations) de s&rsquo;imposer au coeur d&rsquo;un ensemble simultan\u00e9ment comme voix majeure (\u00e0 la belle et dense sonorit\u00e9), compositeur\u2010arrangeur et, sans le moindre exhibitionnisme, axe m\u00e9lodico\u2010harmonique \u00bb &#8211; Philippe Carles, &hellip; Lire la suite STEPHANE KERECKI\" \/>\n<meta property=\"og:url\" content=\"https:\/\/www.xavierdesandrenavarre.com\/index.php\/fr\/stephane-kerecki\/\" \/>\n<meta property=\"og:site_name\" content=\"Xavier DESANDRE NAVARRE\" \/>\n<meta property=\"og:image\" content=\"http:\/\/www.xavierdesandrenavarre.com\/wp-content\/uploads\/2015\/12\/capture-d_c3a9cran-2015-12-08-c3a0-14-58-41.png\" \/>\n<meta name=\"twitter:card\" content=\"summary_large_image\" \/>\n<meta name=\"twitter:label1\" content=\"Dur\u00e9e de lecture estim\u00e9e\" \/>\n\t<meta name=\"twitter:data1\" content=\"1 minute\" \/>\n<script type=\"application\/ld+json\" class=\"yoast-schema-graph\">{\"@context\":\"https:\\\/\\\/schema.org\",\"@graph\":[{\"@type\":\"WebPage\",\"@id\":\"https:\\\/\\\/www.xavierdesandrenavarre.com\\\/index.php\\\/fr\\\/stephane-kerecki\\\/\",\"url\":\"https:\\\/\\\/www.xavierdesandrenavarre.com\\\/index.php\\\/fr\\\/stephane-kerecki\\\/\",\"name\":\"STEPHANE KERECKI &#8226; Xavier DESANDRE NAVARRE\",\"isPartOf\":{\"@id\":\"https:\\\/\\\/www.xavierdesandrenavarre.com\\\/#website\"},\"primaryImageOfPage\":{\"@id\":\"https:\\\/\\\/www.xavierdesandrenavarre.com\\\/index.php\\\/fr\\\/stephane-kerecki\\\/#primaryimage\"},\"image\":{\"@id\":\"https:\\\/\\\/www.xavierdesandrenavarre.com\\\/index.php\\\/fr\\\/stephane-kerecki\\\/#primaryimage\"},\"thumbnailUrl\":\"http:\\\/\\\/www.xavierdesandrenavarre.com\\\/wp-content\\\/uploads\\\/2015\\\/12\\\/capture-d_c3a9cran-2015-12-08-c3a0-14-58-41.png\",\"datePublished\":\"2015-12-08T14:00:37+00:00\",\"breadcrumb\":{\"@id\":\"https:\\\/\\\/www.xavierdesandrenavarre.com\\\/index.php\\\/fr\\\/stephane-kerecki\\\/#breadcrumb\"},\"inLanguage\":\"fr-FR\",\"potentialAction\":[{\"@type\":\"ReadAction\",\"target\":[\"https:\\\/\\\/www.xavierdesandrenavarre.com\\\/index.php\\\/fr\\\/stephane-kerecki\\\/\"]}]},{\"@type\":\"ImageObject\",\"inLanguage\":\"fr-FR\",\"@id\":\"https:\\\/\\\/www.xavierdesandrenavarre.com\\\/index.php\\\/fr\\\/stephane-kerecki\\\/#primaryimage\",\"url\":\"http:\\\/\\\/www.xavierdesandrenavarre.com\\\/wp-content\\\/uploads\\\/2015\\\/12\\\/capture-d_c3a9cran-2015-12-08-c3a0-14-58-41.png\",\"contentUrl\":\"http:\\\/\\\/www.xavierdesandrenavarre.com\\\/wp-content\\\/uploads\\\/2015\\\/12\\\/capture-d_c3a9cran-2015-12-08-c3a0-14-58-41.png\"},{\"@type\":\"BreadcrumbList\",\"@id\":\"https:\\\/\\\/www.xavierdesandrenavarre.com\\\/index.php\\\/fr\\\/stephane-kerecki\\\/#breadcrumb\",\"itemListElement\":[{\"@type\":\"ListItem\",\"position\":1,\"name\":\"Accueil\",\"item\":\"https:\\\/\\\/www.xavierdesandrenavarre.com\\\/index.php\\\/fr\\\/actualites\\\/\"},{\"@type\":\"ListItem\",\"position\":2,\"name\":\"STEPHANE KERECKI\"}]},{\"@type\":\"WebSite\",\"@id\":\"https:\\\/\\\/www.xavierdesandrenavarre.com\\\/#website\",\"url\":\"https:\\\/\\\/www.xavierdesandrenavarre.com\\\/\",\"name\":\"Xavier Desandre Navarre\",\"description\":\"CREATIVE DRUMMING \",\"publisher\":{\"@id\":\"https:\\\/\\\/www.xavierdesandrenavarre.com\\\/#\\\/schema\\\/person\\\/d44923d7590d78b38ce0e9c1941a2c75\"},\"potentialAction\":[{\"@type\":\"SearchAction\",\"target\":{\"@type\":\"EntryPoint\",\"urlTemplate\":\"https:\\\/\\\/www.xavierdesandrenavarre.com\\\/?s={search_term_string}\"},\"query-input\":{\"@type\":\"PropertyValueSpecification\",\"valueRequired\":true,\"valueName\":\"search_term_string\"}}],\"inLanguage\":\"fr-FR\"},{\"@type\":[\"Person\",\"Organization\"],\"@id\":\"https:\\\/\\\/www.xavierdesandrenavarre.com\\\/#\\\/schema\\\/person\\\/d44923d7590d78b38ce0e9c1941a2c75\",\"name\":\"Xavier DESANDRE NAVARRE\",\"image\":{\"@type\":\"ImageObject\",\"inLanguage\":\"fr-FR\",\"@id\":\"https:\\\/\\\/secure.gravatar.com\\\/avatar\\\/f5d0177a75f71d2039289a3687726c1181fc9368e48f4469bd627ff20d15397b?s=96&d=mm&r=g\",\"url\":\"https:\\\/\\\/secure.gravatar.com\\\/avatar\\\/f5d0177a75f71d2039289a3687726c1181fc9368e48f4469bd627ff20d15397b?s=96&d=mm&r=g\",\"contentUrl\":\"https:\\\/\\\/secure.gravatar.com\\\/avatar\\\/f5d0177a75f71d2039289a3687726c1181fc9368e48f4469bd627ff20d15397b?s=96&d=mm&r=g\",\"caption\":\"Xavier DESANDRE NAVARRE\"},\"logo\":{\"@id\":\"https:\\\/\\\/secure.gravatar.com\\\/avatar\\\/f5d0177a75f71d2039289a3687726c1181fc9368e48f4469bd627ff20d15397b?s=96&d=mm&r=g\"}}]}<\/script>\n<!-- \/ Yoast SEO plugin. -->","yoast_head_json":{"title":"STEPHANE KERECKI &#8226; Xavier DESANDRE NAVARRE","robots":{"index":"index","follow":"follow","max-snippet":"max-snippet:-1","max-image-preview":"max-image-preview:large","max-video-preview":"max-video-preview:-1"},"canonical":"https:\/\/www.xavierdesandrenavarre.com\/index.php\/fr\/stephane-kerecki\/","og_locale":"fr_FR","og_type":"article","og_title":"STEPHANE KERECKI &#8226; Xavier DESANDRE NAVARRE","og_description":"\u00ab Sa totale ma\u00eetrise Instrumentale et son intelligence de l&rsquo;organisation sonore lui permettent, \u00e9chappant aux clich\u00e9s\u2010ghettos de la contrebasse (stricte fonctionnalit\u00e9 \u00ab\u00a0discr\u00e8te mais efficace\u00a0\u00bb et\/ou rituels solos\u2010d\u00e9monstrations) de s&rsquo;imposer au coeur d&rsquo;un ensemble simultan\u00e9ment comme voix majeure (\u00e0 la belle et dense sonorit\u00e9), compositeur\u2010arrangeur et, sans le moindre exhibitionnisme, axe m\u00e9lodico\u2010harmonique \u00bb &#8211; Philippe Carles, &hellip; Lire la suite STEPHANE KERECKI","og_url":"https:\/\/www.xavierdesandrenavarre.com\/index.php\/fr\/stephane-kerecki\/","og_site_name":"Xavier DESANDRE NAVARRE","og_image":[{"url":"http:\/\/www.xavierdesandrenavarre.com\/wp-content\/uploads\/2015\/12\/capture-d_c3a9cran-2015-12-08-c3a0-14-58-41.png","type":"","width":"","height":""}],"twitter_card":"summary_large_image","twitter_misc":{"Dur\u00e9e de lecture estim\u00e9e":"1 minute"},"schema":{"@context":"https:\/\/schema.org","@graph":[{"@type":"WebPage","@id":"https:\/\/www.xavierdesandrenavarre.com\/index.php\/fr\/stephane-kerecki\/","url":"https:\/\/www.xavierdesandrenavarre.com\/index.php\/fr\/stephane-kerecki\/","name":"STEPHANE KERECKI &#8226; Xavier DESANDRE NAVARRE","isPartOf":{"@id":"https:\/\/www.xavierdesandrenavarre.com\/#website"},"primaryImageOfPage":{"@id":"https:\/\/www.xavierdesandrenavarre.com\/index.php\/fr\/stephane-kerecki\/#primaryimage"},"image":{"@id":"https:\/\/www.xavierdesandrenavarre.com\/index.php\/fr\/stephane-kerecki\/#primaryimage"},"thumbnailUrl":"http:\/\/www.xavierdesandrenavarre.com\/wp-content\/uploads\/2015\/12\/capture-d_c3a9cran-2015-12-08-c3a0-14-58-41.png","datePublished":"2015-12-08T14:00:37+00:00","breadcrumb":{"@id":"https:\/\/www.xavierdesandrenavarre.com\/index.php\/fr\/stephane-kerecki\/#breadcrumb"},"inLanguage":"fr-FR","potentialAction":[{"@type":"ReadAction","target":["https:\/\/www.xavierdesandrenavarre.com\/index.php\/fr\/stephane-kerecki\/"]}]},{"@type":"ImageObject","inLanguage":"fr-FR","@id":"https:\/\/www.xavierdesandrenavarre.com\/index.php\/fr\/stephane-kerecki\/#primaryimage","url":"http:\/\/www.xavierdesandrenavarre.com\/wp-content\/uploads\/2015\/12\/capture-d_c3a9cran-2015-12-08-c3a0-14-58-41.png","contentUrl":"http:\/\/www.xavierdesandrenavarre.com\/wp-content\/uploads\/2015\/12\/capture-d_c3a9cran-2015-12-08-c3a0-14-58-41.png"},{"@type":"BreadcrumbList","@id":"https:\/\/www.xavierdesandrenavarre.com\/index.php\/fr\/stephane-kerecki\/#breadcrumb","itemListElement":[{"@type":"ListItem","position":1,"name":"Accueil","item":"https:\/\/www.xavierdesandrenavarre.com\/index.php\/fr\/actualites\/"},{"@type":"ListItem","position":2,"name":"STEPHANE KERECKI"}]},{"@type":"WebSite","@id":"https:\/\/www.xavierdesandrenavarre.com\/#website","url":"https:\/\/www.xavierdesandrenavarre.com\/","name":"Xavier Desandre Navarre","description":"CREATIVE DRUMMING ","publisher":{"@id":"https:\/\/www.xavierdesandrenavarre.com\/#\/schema\/person\/d44923d7590d78b38ce0e9c1941a2c75"},"potentialAction":[{"@type":"SearchAction","target":{"@type":"EntryPoint","urlTemplate":"https:\/\/www.xavierdesandrenavarre.com\/?s={search_term_string}"},"query-input":{"@type":"PropertyValueSpecification","valueRequired":true,"valueName":"search_term_string"}}],"inLanguage":"fr-FR"},{"@type":["Person","Organization"],"@id":"https:\/\/www.xavierdesandrenavarre.com\/#\/schema\/person\/d44923d7590d78b38ce0e9c1941a2c75","name":"Xavier DESANDRE NAVARRE","image":{"@type":"ImageObject","inLanguage":"fr-FR","@id":"https:\/\/secure.gravatar.com\/avatar\/f5d0177a75f71d2039289a3687726c1181fc9368e48f4469bd627ff20d15397b?s=96&d=mm&r=g","url":"https:\/\/secure.gravatar.com\/avatar\/f5d0177a75f71d2039289a3687726c1181fc9368e48f4469bd627ff20d15397b?s=96&d=mm&r=g","contentUrl":"https:\/\/secure.gravatar.com\/avatar\/f5d0177a75f71d2039289a3687726c1181fc9368e48f4469bd627ff20d15397b?s=96&d=mm&r=g","caption":"Xavier DESANDRE NAVARRE"},"logo":{"@id":"https:\/\/secure.gravatar.com\/avatar\/f5d0177a75f71d2039289a3687726c1181fc9368e48f4469bd627ff20d15397b?s=96&d=mm&r=g"}}]}},"_links":{"self":[{"href":"https:\/\/www.xavierdesandrenavarre.com\/index.php\/wp-json\/wp\/v2\/pages\/531","targetHints":{"allow":["GET"]}}],"collection":[{"href":"https:\/\/www.xavierdesandrenavarre.com\/index.php\/wp-json\/wp\/v2\/pages"}],"about":[{"href":"https:\/\/www.xavierdesandrenavarre.com\/index.php\/wp-json\/wp\/v2\/types\/page"}],"author":[{"embeddable":true,"href":"https:\/\/www.xavierdesandrenavarre.com\/index.php\/wp-json\/wp\/v2\/users\/4"}],"replies":[{"embeddable":true,"href":"https:\/\/www.xavierdesandrenavarre.com\/index.php\/wp-json\/wp\/v2\/comments?post=531"}],"version-history":[{"count":0,"href":"https:\/\/www.xavierdesandrenavarre.com\/index.php\/wp-json\/wp\/v2\/pages\/531\/revisions"}],"wp:attachment":[{"href":"https:\/\/www.xavierdesandrenavarre.com\/index.php\/wp-json\/wp\/v2\/media?parent=531"}],"curies":[{"name":"wp","href":"https:\/\/api.w.org\/{rel}","templated":true}]}}