{"id":523,"date":"2015-12-08T14:57:33","date_gmt":"2015-12-08T13:57:33","guid":{"rendered":"https:\/\/xavierdesandrenavarre.wordpress.com\/?page_id=523"},"modified":"2015-12-08T14:57:33","modified_gmt":"2015-12-08T13:57:33","slug":"stephane-guillaume","status":"publish","type":"page","link":"https:\/\/www.xavierdesandrenavarre.com\/index.php\/fr\/stephane-guillaume\/","title":{"rendered":"STEPHANE GUILLAUME"},"content":{"rendered":"<p class=\"p1\" style=\"text-align:justify;\"><span class=\"s1\"><img loading=\"lazy\" decoding=\"async\" class=\" size-full wp-image-525 alignleft\" src=\"https:\/\/www.xavierdesandrenavarre.com\/wp-content\/uploads\/2015\/12\/capture-d_c3a9cran-2015-12-08-c3a0-14-54-55.png\" alt=\"Capture d\u2019\u00e9cran 2015-12-08 \u00e0 14.54.55\" width=\"179\" height=\"192\" \/>Le saxophoniste et fl\u00fbtiste, r\u00e9f\u00e9rence de la sc\u00e8ne jazz europ\u00e9enne, St\u00e9phane Guillaume, instrumentiste sans \u00e9gal en jazz sur les divers instruments \u00e0 anche qu\u2019il ma\u00eetrise\u00a0: clarinette en si b\u00e9mol et clarinette basse, saxophones t\u00e9nor et soprano. Ainsi que les fl\u00fbtes, en do et sol (alto). <\/span><\/p>\n<p class=\"p1\" style=\"text-align:justify;\"><span class=\"s1\"><i>\u00ab On lui mettrait un ocarina dans le nez, il en tirerait encore des traits \u00e0 rendre fou d\u2019admiration pour leur v\u00e9locit\u00e9 et leur mise en place \u00bb<\/i>. &#8211; <b>Michel Contat, Telerama &#8211;<\/b><\/span><\/p>\n<p class=\"p3\" style=\"text-align:justify;\"><span class=\"s1\">Premier prix du conservatoire de Paris en saxophone classique \u00e0 l\u2019\u00e2ge de 17 ans, surdou\u00e9 du jazz europ\u00e9en, admir\u00e9 Outre-Atlantique par <b>Peter Erskine et Vince Mendoza,<\/b> St\u00e9phane Guillaume propose depuis 2003 \u00e0 la t\u00eate de son quartet r\u00e9gulier, des projets musicaux des plus intenses.<\/span><\/p>\n<p class=\"p1\" style=\"text-align:justify;\"><span class=\"s1\">Il int\u00e8gre<span class=\"Apple-converted-space\">\u00a0 <\/span><b>l\u2019Orchestre National de Jazz<\/b> de Laurent Cugny en 1994. <\/span><\/p>\n<p class=\"p1\" style=\"text-align:justify;\"><span class=\"s1\">Depuis lors, son parcours se m\u00e9lange \u00e0 celui de <b>Quincy Jones, Toots Thielmans,<\/b> Lucky Peterson, Baptiste Trottignon, Didier Lockwood, Antoine Herv\u00e9, Claude Barth\u00e9l\u00e9my, Denis Badault, Tommy Smith, Christian Escoud\u00e9, Julien Lourau, Maria Schneider, ou encore Enrico Rava.<\/span><\/p>\n<p class=\"p1\" style=\"text-align:justify;\"><span class=\"s1\">Il intervient r\u00e9guli\u00e8rement en tant que p\u00e9dagogue au Centre des Musiques de Didier Lockwood.<\/span><\/p>\n<p class=\"p1\" style=\"text-align:justify;\"><a href=\"http:\/\/stephaneguillaume.com\/\" target=\"_blank\">Site internet de Stephane Guillaume<\/a><\/p>\n","protected":false},"excerpt":{"rendered":"<p>Le saxophoniste et fl\u00fbtiste, r\u00e9f\u00e9rence de la sc\u00e8ne jazz europ\u00e9enne, St\u00e9phane Guillaume, instrumentiste sans \u00e9gal en jazz sur les divers instruments \u00e0 anche qu\u2019il ma\u00eetrise\u00a0: clarinette en si b\u00e9mol et clarinette basse, saxophones t\u00e9nor et soprano. Ainsi que les fl\u00fbtes, en do et sol (alto). \u00ab On lui mettrait un ocarina dans le nez, il &hellip; <a class=\"more-link\" href=\"https:\/\/www.xavierdesandrenavarre.com\/index.php\/fr\/stephane-guillaume\/\">Lire la suite <span class=\"screen-reader-text\">STEPHANE GUILLAUME<\/span><\/a><\/p>\n","protected":false},"author":4,"featured_media":0,"parent":0,"menu_order":0,"comment_status":"closed","ping_status":"closed","template":"","meta":{"__cvm_playback_settings":[],"__cvm_video_id":"","footnotes":""},"class_list":["post-523","page","type-page","status-publish","hentry"],"yoast_head":"<!-- This site is optimized with the Yoast SEO plugin v27.5 - https:\/\/yoast.com\/product\/yoast-seo-wordpress\/ -->\n<title>STEPHANE GUILLAUME &#8226; Xavier DESANDRE NAVARRE<\/title>\n<meta name=\"robots\" content=\"index, follow, max-snippet:-1, max-image-preview:large, max-video-preview:-1\" \/>\n<link rel=\"canonical\" href=\"https:\/\/www.xavierdesandrenavarre.com\/index.php\/fr\/stephane-guillaume\/\" \/>\n<meta property=\"og:locale\" content=\"fr_FR\" \/>\n<meta property=\"og:type\" content=\"article\" \/>\n<meta property=\"og:title\" content=\"STEPHANE GUILLAUME &#8226; Xavier DESANDRE NAVARRE\" \/>\n<meta property=\"og:description\" content=\"Le saxophoniste et fl\u00fbtiste, r\u00e9f\u00e9rence de la sc\u00e8ne jazz europ\u00e9enne, St\u00e9phane Guillaume, instrumentiste sans \u00e9gal en jazz sur les divers instruments \u00e0 anche qu\u2019il ma\u00eetrise\u00a0: clarinette en si b\u00e9mol et clarinette basse, saxophones t\u00e9nor et soprano. Ainsi que les fl\u00fbtes, en do et sol (alto). \u00ab On lui mettrait un ocarina dans le nez, il &hellip; Lire la suite STEPHANE GUILLAUME\" \/>\n<meta property=\"og:url\" content=\"https:\/\/www.xavierdesandrenavarre.com\/index.php\/fr\/stephane-guillaume\/\" \/>\n<meta property=\"og:site_name\" content=\"Xavier DESANDRE NAVARRE\" \/>\n<meta property=\"og:image\" content=\"http:\/\/www.xavierdesandrenavarre.com\/wp-content\/uploads\/2015\/12\/capture-d_c3a9cran-2015-12-08-c3a0-14-54-55.png\" \/>\n<meta name=\"twitter:card\" content=\"summary_large_image\" \/>\n<meta name=\"twitter:label1\" content=\"Dur\u00e9e de lecture estim\u00e9e\" \/>\n\t<meta name=\"twitter:data1\" content=\"2 minutes\" \/>\n<script type=\"application\/ld+json\" class=\"yoast-schema-graph\">{\"@context\":\"https:\\\/\\\/schema.org\",\"@graph\":[{\"@type\":\"WebPage\",\"@id\":\"https:\\\/\\\/www.xavierdesandrenavarre.com\\\/index.php\\\/fr\\\/stephane-guillaume\\\/\",\"url\":\"https:\\\/\\\/www.xavierdesandrenavarre.com\\\/index.php\\\/fr\\\/stephane-guillaume\\\/\",\"name\":\"STEPHANE GUILLAUME &#8226; Xavier DESANDRE NAVARRE\",\"isPartOf\":{\"@id\":\"https:\\\/\\\/www.xavierdesandrenavarre.com\\\/#website\"},\"primaryImageOfPage\":{\"@id\":\"https:\\\/\\\/www.xavierdesandrenavarre.com\\\/index.php\\\/fr\\\/stephane-guillaume\\\/#primaryimage\"},\"image\":{\"@id\":\"https:\\\/\\\/www.xavierdesandrenavarre.com\\\/index.php\\\/fr\\\/stephane-guillaume\\\/#primaryimage\"},\"thumbnailUrl\":\"http:\\\/\\\/www.xavierdesandrenavarre.com\\\/wp-content\\\/uploads\\\/2015\\\/12\\\/capture-d_c3a9cran-2015-12-08-c3a0-14-54-55.png\",\"datePublished\":\"2015-12-08T13:57:33+00:00\",\"breadcrumb\":{\"@id\":\"https:\\\/\\\/www.xavierdesandrenavarre.com\\\/index.php\\\/fr\\\/stephane-guillaume\\\/#breadcrumb\"},\"inLanguage\":\"fr-FR\",\"potentialAction\":[{\"@type\":\"ReadAction\",\"target\":[\"https:\\\/\\\/www.xavierdesandrenavarre.com\\\/index.php\\\/fr\\\/stephane-guillaume\\\/\"]}]},{\"@type\":\"ImageObject\",\"inLanguage\":\"fr-FR\",\"@id\":\"https:\\\/\\\/www.xavierdesandrenavarre.com\\\/index.php\\\/fr\\\/stephane-guillaume\\\/#primaryimage\",\"url\":\"http:\\\/\\\/www.xavierdesandrenavarre.com\\\/wp-content\\\/uploads\\\/2015\\\/12\\\/capture-d_c3a9cran-2015-12-08-c3a0-14-54-55.png\",\"contentUrl\":\"http:\\\/\\\/www.xavierdesandrenavarre.com\\\/wp-content\\\/uploads\\\/2015\\\/12\\\/capture-d_c3a9cran-2015-12-08-c3a0-14-54-55.png\"},{\"@type\":\"BreadcrumbList\",\"@id\":\"https:\\\/\\\/www.xavierdesandrenavarre.com\\\/index.php\\\/fr\\\/stephane-guillaume\\\/#breadcrumb\",\"itemListElement\":[{\"@type\":\"ListItem\",\"position\":1,\"name\":\"Accueil\",\"item\":\"https:\\\/\\\/www.xavierdesandrenavarre.com\\\/index.php\\\/fr\\\/actualites\\\/\"},{\"@type\":\"ListItem\",\"position\":2,\"name\":\"STEPHANE GUILLAUME\"}]},{\"@type\":\"WebSite\",\"@id\":\"https:\\\/\\\/www.xavierdesandrenavarre.com\\\/#website\",\"url\":\"https:\\\/\\\/www.xavierdesandrenavarre.com\\\/\",\"name\":\"Xavier Desandre Navarre\",\"description\":\"CREATIVE DRUMMING \",\"publisher\":{\"@id\":\"https:\\\/\\\/www.xavierdesandrenavarre.com\\\/#\\\/schema\\\/person\\\/d44923d7590d78b38ce0e9c1941a2c75\"},\"potentialAction\":[{\"@type\":\"SearchAction\",\"target\":{\"@type\":\"EntryPoint\",\"urlTemplate\":\"https:\\\/\\\/www.xavierdesandrenavarre.com\\\/?s={search_term_string}\"},\"query-input\":{\"@type\":\"PropertyValueSpecification\",\"valueRequired\":true,\"valueName\":\"search_term_string\"}}],\"inLanguage\":\"fr-FR\"},{\"@type\":[\"Person\",\"Organization\"],\"@id\":\"https:\\\/\\\/www.xavierdesandrenavarre.com\\\/#\\\/schema\\\/person\\\/d44923d7590d78b38ce0e9c1941a2c75\",\"name\":\"Xavier DESANDRE NAVARRE\",\"image\":{\"@type\":\"ImageObject\",\"inLanguage\":\"fr-FR\",\"@id\":\"https:\\\/\\\/secure.gravatar.com\\\/avatar\\\/f5d0177a75f71d2039289a3687726c1181fc9368e48f4469bd627ff20d15397b?s=96&d=mm&r=g\",\"url\":\"https:\\\/\\\/secure.gravatar.com\\\/avatar\\\/f5d0177a75f71d2039289a3687726c1181fc9368e48f4469bd627ff20d15397b?s=96&d=mm&r=g\",\"contentUrl\":\"https:\\\/\\\/secure.gravatar.com\\\/avatar\\\/f5d0177a75f71d2039289a3687726c1181fc9368e48f4469bd627ff20d15397b?s=96&d=mm&r=g\",\"caption\":\"Xavier DESANDRE NAVARRE\"},\"logo\":{\"@id\":\"https:\\\/\\\/secure.gravatar.com\\\/avatar\\\/f5d0177a75f71d2039289a3687726c1181fc9368e48f4469bd627ff20d15397b?s=96&d=mm&r=g\"}}]}<\/script>\n<!-- \/ Yoast SEO plugin. -->","yoast_head_json":{"title":"STEPHANE GUILLAUME &#8226; Xavier DESANDRE NAVARRE","robots":{"index":"index","follow":"follow","max-snippet":"max-snippet:-1","max-image-preview":"max-image-preview:large","max-video-preview":"max-video-preview:-1"},"canonical":"https:\/\/www.xavierdesandrenavarre.com\/index.php\/fr\/stephane-guillaume\/","og_locale":"fr_FR","og_type":"article","og_title":"STEPHANE GUILLAUME &#8226; Xavier DESANDRE NAVARRE","og_description":"Le saxophoniste et fl\u00fbtiste, r\u00e9f\u00e9rence de la sc\u00e8ne jazz europ\u00e9enne, St\u00e9phane Guillaume, instrumentiste sans \u00e9gal en jazz sur les divers instruments \u00e0 anche qu\u2019il ma\u00eetrise\u00a0: clarinette en si b\u00e9mol et clarinette basse, saxophones t\u00e9nor et soprano. Ainsi que les fl\u00fbtes, en do et sol (alto). \u00ab On lui mettrait un ocarina dans le nez, il &hellip; Lire la suite STEPHANE GUILLAUME","og_url":"https:\/\/www.xavierdesandrenavarre.com\/index.php\/fr\/stephane-guillaume\/","og_site_name":"Xavier DESANDRE NAVARRE","og_image":[{"url":"http:\/\/www.xavierdesandrenavarre.com\/wp-content\/uploads\/2015\/12\/capture-d_c3a9cran-2015-12-08-c3a0-14-54-55.png","type":"","width":"","height":""}],"twitter_card":"summary_large_image","twitter_misc":{"Dur\u00e9e de lecture estim\u00e9e":"2 minutes"},"schema":{"@context":"https:\/\/schema.org","@graph":[{"@type":"WebPage","@id":"https:\/\/www.xavierdesandrenavarre.com\/index.php\/fr\/stephane-guillaume\/","url":"https:\/\/www.xavierdesandrenavarre.com\/index.php\/fr\/stephane-guillaume\/","name":"STEPHANE GUILLAUME &#8226; Xavier DESANDRE NAVARRE","isPartOf":{"@id":"https:\/\/www.xavierdesandrenavarre.com\/#website"},"primaryImageOfPage":{"@id":"https:\/\/www.xavierdesandrenavarre.com\/index.php\/fr\/stephane-guillaume\/#primaryimage"},"image":{"@id":"https:\/\/www.xavierdesandrenavarre.com\/index.php\/fr\/stephane-guillaume\/#primaryimage"},"thumbnailUrl":"http:\/\/www.xavierdesandrenavarre.com\/wp-content\/uploads\/2015\/12\/capture-d_c3a9cran-2015-12-08-c3a0-14-54-55.png","datePublished":"2015-12-08T13:57:33+00:00","breadcrumb":{"@id":"https:\/\/www.xavierdesandrenavarre.com\/index.php\/fr\/stephane-guillaume\/#breadcrumb"},"inLanguage":"fr-FR","potentialAction":[{"@type":"ReadAction","target":["https:\/\/www.xavierdesandrenavarre.com\/index.php\/fr\/stephane-guillaume\/"]}]},{"@type":"ImageObject","inLanguage":"fr-FR","@id":"https:\/\/www.xavierdesandrenavarre.com\/index.php\/fr\/stephane-guillaume\/#primaryimage","url":"http:\/\/www.xavierdesandrenavarre.com\/wp-content\/uploads\/2015\/12\/capture-d_c3a9cran-2015-12-08-c3a0-14-54-55.png","contentUrl":"http:\/\/www.xavierdesandrenavarre.com\/wp-content\/uploads\/2015\/12\/capture-d_c3a9cran-2015-12-08-c3a0-14-54-55.png"},{"@type":"BreadcrumbList","@id":"https:\/\/www.xavierdesandrenavarre.com\/index.php\/fr\/stephane-guillaume\/#breadcrumb","itemListElement":[{"@type":"ListItem","position":1,"name":"Accueil","item":"https:\/\/www.xavierdesandrenavarre.com\/index.php\/fr\/actualites\/"},{"@type":"ListItem","position":2,"name":"STEPHANE GUILLAUME"}]},{"@type":"WebSite","@id":"https:\/\/www.xavierdesandrenavarre.com\/#website","url":"https:\/\/www.xavierdesandrenavarre.com\/","name":"Xavier Desandre Navarre","description":"CREATIVE DRUMMING ","publisher":{"@id":"https:\/\/www.xavierdesandrenavarre.com\/#\/schema\/person\/d44923d7590d78b38ce0e9c1941a2c75"},"potentialAction":[{"@type":"SearchAction","target":{"@type":"EntryPoint","urlTemplate":"https:\/\/www.xavierdesandrenavarre.com\/?s={search_term_string}"},"query-input":{"@type":"PropertyValueSpecification","valueRequired":true,"valueName":"search_term_string"}}],"inLanguage":"fr-FR"},{"@type":["Person","Organization"],"@id":"https:\/\/www.xavierdesandrenavarre.com\/#\/schema\/person\/d44923d7590d78b38ce0e9c1941a2c75","name":"Xavier DESANDRE NAVARRE","image":{"@type":"ImageObject","inLanguage":"fr-FR","@id":"https:\/\/secure.gravatar.com\/avatar\/f5d0177a75f71d2039289a3687726c1181fc9368e48f4469bd627ff20d15397b?s=96&d=mm&r=g","url":"https:\/\/secure.gravatar.com\/avatar\/f5d0177a75f71d2039289a3687726c1181fc9368e48f4469bd627ff20d15397b?s=96&d=mm&r=g","contentUrl":"https:\/\/secure.gravatar.com\/avatar\/f5d0177a75f71d2039289a3687726c1181fc9368e48f4469bd627ff20d15397b?s=96&d=mm&r=g","caption":"Xavier DESANDRE NAVARRE"},"logo":{"@id":"https:\/\/secure.gravatar.com\/avatar\/f5d0177a75f71d2039289a3687726c1181fc9368e48f4469bd627ff20d15397b?s=96&d=mm&r=g"}}]}},"_links":{"self":[{"href":"https:\/\/www.xavierdesandrenavarre.com\/index.php\/wp-json\/wp\/v2\/pages\/523","targetHints":{"allow":["GET"]}}],"collection":[{"href":"https:\/\/www.xavierdesandrenavarre.com\/index.php\/wp-json\/wp\/v2\/pages"}],"about":[{"href":"https:\/\/www.xavierdesandrenavarre.com\/index.php\/wp-json\/wp\/v2\/types\/page"}],"author":[{"embeddable":true,"href":"https:\/\/www.xavierdesandrenavarre.com\/index.php\/wp-json\/wp\/v2\/users\/4"}],"replies":[{"embeddable":true,"href":"https:\/\/www.xavierdesandrenavarre.com\/index.php\/wp-json\/wp\/v2\/comments?post=523"}],"version-history":[{"count":0,"href":"https:\/\/www.xavierdesandrenavarre.com\/index.php\/wp-json\/wp\/v2\/pages\/523\/revisions"}],"wp:attachment":[{"href":"https:\/\/www.xavierdesandrenavarre.com\/index.php\/wp-json\/wp\/v2\/media?parent=523"}],"curies":[{"name":"wp","href":"https:\/\/api.w.org\/{rel}","templated":true}]}}