{"id":516,"date":"2015-12-08T14:52:17","date_gmt":"2015-12-08T13:52:17","guid":{"rendered":"https:\/\/xavierdesandrenavarre.wordpress.com\/?page_id=516"},"modified":"2015-12-08T14:52:17","modified_gmt":"2015-12-08T13:52:17","slug":"emil-spanyi","status":"publish","type":"page","link":"https:\/\/www.xavierdesandrenavarre.com\/index.php\/fr\/emil-spanyi\/","title":{"rendered":"EMIL SPANYI"},"content":{"rendered":"<p class=\"p1\" style=\"text-align:justify;\"><span class=\"s1\"><img loading=\"lazy\" decoding=\"async\" class=\" size-full wp-image-518 alignleft\" src=\"https:\/\/www.xavierdesandrenavarre.com\/wp-content\/uploads\/2015\/12\/capture-d_c3a9cran-2015-12-08-c3a0-14-51-03.png\" alt=\"Capture d\u2019\u00e9cran 2015-12-08 \u00e0 14.51.03\" width=\"178\" height=\"255\" \/>Pianiste, compositeur, arrangeur, p\u00e9dagogue, ing\u00e9nieur du son &amp; sound designer de nationalit\u00e9 Hongroise. Emil Spanyi \u00e9tudie le piano et la composition \u00e0 Budapest, puis au MHS GRAZ o\u00f9 il obtient son <b>\u00ab\u00a0Magister Atrium\u00a0\u00bb.<\/b> Premier prix au CNSM. Il ne compte plus les r\u00e9compenses obtenues : Prix de Piano au festival \u00abJazz \u00e0 Vienne\u00bb, laur\u00e9at des concours Hennessy &amp; Blue-Note, etc. <\/span><\/p>\n<p class=\"p2\" style=\"text-align:justify;\"><span class=\"s1\">Il joue avec <b>Quincy Jones,<\/b> David Sanborn, <b>NHOP,<\/b> Bob Berg, Mark Murphy, Ed Thigpen, Ray Brown, Philippe Catherine, <b>Clark Terry,<\/b> Fran\u00e7ois Jeanneau, Niels Lan Doky, Randy Brecker,<span class=\"Apple-converted-space\">\u00a0 <\/span>Daniel Humair, et bien d\u2019autres.<\/span><\/p>\n<p class=\"p2\" style=\"text-align:justify;\">\n","protected":false},"excerpt":{"rendered":"<p>Pianiste, compositeur, arrangeur, p\u00e9dagogue, ing\u00e9nieur du son &amp; sound designer de nationalit\u00e9 Hongroise. Emil Spanyi \u00e9tudie le piano et la composition \u00e0 Budapest, puis au MHS GRAZ o\u00f9 il obtient son \u00ab\u00a0Magister Atrium\u00a0\u00bb. Premier prix au CNSM. Il ne compte plus les r\u00e9compenses obtenues : Prix de Piano au festival \u00abJazz \u00e0 Vienne\u00bb, laur\u00e9at des &hellip; <a class=\"more-link\" href=\"https:\/\/www.xavierdesandrenavarre.com\/index.php\/fr\/emil-spanyi\/\">Lire la suite <span class=\"screen-reader-text\">EMIL SPANYI<\/span><\/a><\/p>\n","protected":false},"author":4,"featured_media":0,"parent":0,"menu_order":0,"comment_status":"closed","ping_status":"closed","template":"","meta":{"__cvm_playback_settings":[],"__cvm_video_id":"","footnotes":""},"class_list":["post-516","page","type-page","status-publish","hentry"],"yoast_head":"<!-- This site is optimized with the Yoast SEO plugin v27.4 - https:\/\/yoast.com\/product\/yoast-seo-wordpress\/ -->\n<title>EMIL SPANYI &#8226; Xavier DESANDRE NAVARRE<\/title>\n<meta name=\"robots\" content=\"index, follow, max-snippet:-1, max-image-preview:large, max-video-preview:-1\" \/>\n<link rel=\"canonical\" href=\"https:\/\/www.xavierdesandrenavarre.com\/index.php\/fr\/emil-spanyi\/\" \/>\n<meta property=\"og:locale\" content=\"fr_FR\" \/>\n<meta property=\"og:type\" content=\"article\" \/>\n<meta property=\"og:title\" content=\"EMIL SPANYI &#8226; Xavier DESANDRE NAVARRE\" \/>\n<meta property=\"og:description\" content=\"Pianiste, compositeur, arrangeur, p\u00e9dagogue, ing\u00e9nieur du son &amp; sound designer de nationalit\u00e9 Hongroise. Emil Spanyi \u00e9tudie le piano et la composition \u00e0 Budapest, puis au MHS GRAZ o\u00f9 il obtient son \u00ab\u00a0Magister Atrium\u00a0\u00bb. Premier prix au CNSM. Il ne compte plus les r\u00e9compenses obtenues : Prix de Piano au festival \u00abJazz \u00e0 Vienne\u00bb, laur\u00e9at des &hellip; Lire la suite EMIL SPANYI\" \/>\n<meta property=\"og:url\" content=\"https:\/\/www.xavierdesandrenavarre.com\/index.php\/fr\/emil-spanyi\/\" \/>\n<meta property=\"og:site_name\" content=\"Xavier DESANDRE NAVARRE\" \/>\n<meta property=\"og:image\" content=\"http:\/\/www.xavierdesandrenavarre.com\/wp-content\/uploads\/2015\/12\/capture-d_c3a9cran-2015-12-08-c3a0-14-51-03.png\" \/>\n<meta name=\"twitter:card\" content=\"summary_large_image\" \/>\n<script type=\"application\/ld+json\" class=\"yoast-schema-graph\">{\"@context\":\"https:\\\/\\\/schema.org\",\"@graph\":[{\"@type\":\"WebPage\",\"@id\":\"https:\\\/\\\/www.xavierdesandrenavarre.com\\\/index.php\\\/fr\\\/emil-spanyi\\\/\",\"url\":\"https:\\\/\\\/www.xavierdesandrenavarre.com\\\/index.php\\\/fr\\\/emil-spanyi\\\/\",\"name\":\"EMIL SPANYI &#8226; Xavier DESANDRE NAVARRE\",\"isPartOf\":{\"@id\":\"https:\\\/\\\/www.xavierdesandrenavarre.com\\\/#website\"},\"primaryImageOfPage\":{\"@id\":\"https:\\\/\\\/www.xavierdesandrenavarre.com\\\/index.php\\\/fr\\\/emil-spanyi\\\/#primaryimage\"},\"image\":{\"@id\":\"https:\\\/\\\/www.xavierdesandrenavarre.com\\\/index.php\\\/fr\\\/emil-spanyi\\\/#primaryimage\"},\"thumbnailUrl\":\"http:\\\/\\\/www.xavierdesandrenavarre.com\\\/wp-content\\\/uploads\\\/2015\\\/12\\\/capture-d_c3a9cran-2015-12-08-c3a0-14-51-03.png\",\"datePublished\":\"2015-12-08T13:52:17+00:00\",\"breadcrumb\":{\"@id\":\"https:\\\/\\\/www.xavierdesandrenavarre.com\\\/index.php\\\/fr\\\/emil-spanyi\\\/#breadcrumb\"},\"inLanguage\":\"fr-FR\",\"potentialAction\":[{\"@type\":\"ReadAction\",\"target\":[\"https:\\\/\\\/www.xavierdesandrenavarre.com\\\/index.php\\\/fr\\\/emil-spanyi\\\/\"]}]},{\"@type\":\"ImageObject\",\"inLanguage\":\"fr-FR\",\"@id\":\"https:\\\/\\\/www.xavierdesandrenavarre.com\\\/index.php\\\/fr\\\/emil-spanyi\\\/#primaryimage\",\"url\":\"http:\\\/\\\/www.xavierdesandrenavarre.com\\\/wp-content\\\/uploads\\\/2015\\\/12\\\/capture-d_c3a9cran-2015-12-08-c3a0-14-51-03.png\",\"contentUrl\":\"http:\\\/\\\/www.xavierdesandrenavarre.com\\\/wp-content\\\/uploads\\\/2015\\\/12\\\/capture-d_c3a9cran-2015-12-08-c3a0-14-51-03.png\"},{\"@type\":\"BreadcrumbList\",\"@id\":\"https:\\\/\\\/www.xavierdesandrenavarre.com\\\/index.php\\\/fr\\\/emil-spanyi\\\/#breadcrumb\",\"itemListElement\":[{\"@type\":\"ListItem\",\"position\":1,\"name\":\"Accueil\",\"item\":\"https:\\\/\\\/www.xavierdesandrenavarre.com\\\/index.php\\\/fr\\\/actualites\\\/\"},{\"@type\":\"ListItem\",\"position\":2,\"name\":\"EMIL SPANYI\"}]},{\"@type\":\"WebSite\",\"@id\":\"https:\\\/\\\/www.xavierdesandrenavarre.com\\\/#website\",\"url\":\"https:\\\/\\\/www.xavierdesandrenavarre.com\\\/\",\"name\":\"Xavier Desandre Navarre\",\"description\":\"CREATIVE DRUMMING \",\"publisher\":{\"@id\":\"https:\\\/\\\/www.xavierdesandrenavarre.com\\\/#\\\/schema\\\/person\\\/d44923d7590d78b38ce0e9c1941a2c75\"},\"potentialAction\":[{\"@type\":\"SearchAction\",\"target\":{\"@type\":\"EntryPoint\",\"urlTemplate\":\"https:\\\/\\\/www.xavierdesandrenavarre.com\\\/?s={search_term_string}\"},\"query-input\":{\"@type\":\"PropertyValueSpecification\",\"valueRequired\":true,\"valueName\":\"search_term_string\"}}],\"inLanguage\":\"fr-FR\"},{\"@type\":[\"Person\",\"Organization\"],\"@id\":\"https:\\\/\\\/www.xavierdesandrenavarre.com\\\/#\\\/schema\\\/person\\\/d44923d7590d78b38ce0e9c1941a2c75\",\"name\":\"Xavier DESANDRE NAVARRE\",\"image\":{\"@type\":\"ImageObject\",\"inLanguage\":\"fr-FR\",\"@id\":\"https:\\\/\\\/secure.gravatar.com\\\/avatar\\\/f5d0177a75f71d2039289a3687726c1181fc9368e48f4469bd627ff20d15397b?s=96&d=mm&r=g\",\"url\":\"https:\\\/\\\/secure.gravatar.com\\\/avatar\\\/f5d0177a75f71d2039289a3687726c1181fc9368e48f4469bd627ff20d15397b?s=96&d=mm&r=g\",\"contentUrl\":\"https:\\\/\\\/secure.gravatar.com\\\/avatar\\\/f5d0177a75f71d2039289a3687726c1181fc9368e48f4469bd627ff20d15397b?s=96&d=mm&r=g\",\"caption\":\"Xavier DESANDRE NAVARRE\"},\"logo\":{\"@id\":\"https:\\\/\\\/secure.gravatar.com\\\/avatar\\\/f5d0177a75f71d2039289a3687726c1181fc9368e48f4469bd627ff20d15397b?s=96&d=mm&r=g\"}}]}<\/script>\n<!-- \/ Yoast SEO plugin. -->","yoast_head_json":{"title":"EMIL SPANYI &#8226; Xavier DESANDRE NAVARRE","robots":{"index":"index","follow":"follow","max-snippet":"max-snippet:-1","max-image-preview":"max-image-preview:large","max-video-preview":"max-video-preview:-1"},"canonical":"https:\/\/www.xavierdesandrenavarre.com\/index.php\/fr\/emil-spanyi\/","og_locale":"fr_FR","og_type":"article","og_title":"EMIL SPANYI &#8226; Xavier DESANDRE NAVARRE","og_description":"Pianiste, compositeur, arrangeur, p\u00e9dagogue, ing\u00e9nieur du son &amp; sound designer de nationalit\u00e9 Hongroise. Emil Spanyi \u00e9tudie le piano et la composition \u00e0 Budapest, puis au MHS GRAZ o\u00f9 il obtient son \u00ab\u00a0Magister Atrium\u00a0\u00bb. Premier prix au CNSM. Il ne compte plus les r\u00e9compenses obtenues : Prix de Piano au festival \u00abJazz \u00e0 Vienne\u00bb, laur\u00e9at des &hellip; Lire la suite EMIL SPANYI","og_url":"https:\/\/www.xavierdesandrenavarre.com\/index.php\/fr\/emil-spanyi\/","og_site_name":"Xavier DESANDRE NAVARRE","og_image":[{"url":"http:\/\/www.xavierdesandrenavarre.com\/wp-content\/uploads\/2015\/12\/capture-d_c3a9cran-2015-12-08-c3a0-14-51-03.png","type":"","width":"","height":""}],"twitter_card":"summary_large_image","schema":{"@context":"https:\/\/schema.org","@graph":[{"@type":"WebPage","@id":"https:\/\/www.xavierdesandrenavarre.com\/index.php\/fr\/emil-spanyi\/","url":"https:\/\/www.xavierdesandrenavarre.com\/index.php\/fr\/emil-spanyi\/","name":"EMIL SPANYI &#8226; Xavier DESANDRE NAVARRE","isPartOf":{"@id":"https:\/\/www.xavierdesandrenavarre.com\/#website"},"primaryImageOfPage":{"@id":"https:\/\/www.xavierdesandrenavarre.com\/index.php\/fr\/emil-spanyi\/#primaryimage"},"image":{"@id":"https:\/\/www.xavierdesandrenavarre.com\/index.php\/fr\/emil-spanyi\/#primaryimage"},"thumbnailUrl":"http:\/\/www.xavierdesandrenavarre.com\/wp-content\/uploads\/2015\/12\/capture-d_c3a9cran-2015-12-08-c3a0-14-51-03.png","datePublished":"2015-12-08T13:52:17+00:00","breadcrumb":{"@id":"https:\/\/www.xavierdesandrenavarre.com\/index.php\/fr\/emil-spanyi\/#breadcrumb"},"inLanguage":"fr-FR","potentialAction":[{"@type":"ReadAction","target":["https:\/\/www.xavierdesandrenavarre.com\/index.php\/fr\/emil-spanyi\/"]}]},{"@type":"ImageObject","inLanguage":"fr-FR","@id":"https:\/\/www.xavierdesandrenavarre.com\/index.php\/fr\/emil-spanyi\/#primaryimage","url":"http:\/\/www.xavierdesandrenavarre.com\/wp-content\/uploads\/2015\/12\/capture-d_c3a9cran-2015-12-08-c3a0-14-51-03.png","contentUrl":"http:\/\/www.xavierdesandrenavarre.com\/wp-content\/uploads\/2015\/12\/capture-d_c3a9cran-2015-12-08-c3a0-14-51-03.png"},{"@type":"BreadcrumbList","@id":"https:\/\/www.xavierdesandrenavarre.com\/index.php\/fr\/emil-spanyi\/#breadcrumb","itemListElement":[{"@type":"ListItem","position":1,"name":"Accueil","item":"https:\/\/www.xavierdesandrenavarre.com\/index.php\/fr\/actualites\/"},{"@type":"ListItem","position":2,"name":"EMIL SPANYI"}]},{"@type":"WebSite","@id":"https:\/\/www.xavierdesandrenavarre.com\/#website","url":"https:\/\/www.xavierdesandrenavarre.com\/","name":"Xavier Desandre Navarre","description":"CREATIVE DRUMMING ","publisher":{"@id":"https:\/\/www.xavierdesandrenavarre.com\/#\/schema\/person\/d44923d7590d78b38ce0e9c1941a2c75"},"potentialAction":[{"@type":"SearchAction","target":{"@type":"EntryPoint","urlTemplate":"https:\/\/www.xavierdesandrenavarre.com\/?s={search_term_string}"},"query-input":{"@type":"PropertyValueSpecification","valueRequired":true,"valueName":"search_term_string"}}],"inLanguage":"fr-FR"},{"@type":["Person","Organization"],"@id":"https:\/\/www.xavierdesandrenavarre.com\/#\/schema\/person\/d44923d7590d78b38ce0e9c1941a2c75","name":"Xavier DESANDRE NAVARRE","image":{"@type":"ImageObject","inLanguage":"fr-FR","@id":"https:\/\/secure.gravatar.com\/avatar\/f5d0177a75f71d2039289a3687726c1181fc9368e48f4469bd627ff20d15397b?s=96&d=mm&r=g","url":"https:\/\/secure.gravatar.com\/avatar\/f5d0177a75f71d2039289a3687726c1181fc9368e48f4469bd627ff20d15397b?s=96&d=mm&r=g","contentUrl":"https:\/\/secure.gravatar.com\/avatar\/f5d0177a75f71d2039289a3687726c1181fc9368e48f4469bd627ff20d15397b?s=96&d=mm&r=g","caption":"Xavier DESANDRE NAVARRE"},"logo":{"@id":"https:\/\/secure.gravatar.com\/avatar\/f5d0177a75f71d2039289a3687726c1181fc9368e48f4469bd627ff20d15397b?s=96&d=mm&r=g"}}]}},"_links":{"self":[{"href":"https:\/\/www.xavierdesandrenavarre.com\/index.php\/wp-json\/wp\/v2\/pages\/516","targetHints":{"allow":["GET"]}}],"collection":[{"href":"https:\/\/www.xavierdesandrenavarre.com\/index.php\/wp-json\/wp\/v2\/pages"}],"about":[{"href":"https:\/\/www.xavierdesandrenavarre.com\/index.php\/wp-json\/wp\/v2\/types\/page"}],"author":[{"embeddable":true,"href":"https:\/\/www.xavierdesandrenavarre.com\/index.php\/wp-json\/wp\/v2\/users\/4"}],"replies":[{"embeddable":true,"href":"https:\/\/www.xavierdesandrenavarre.com\/index.php\/wp-json\/wp\/v2\/comments?post=516"}],"version-history":[{"count":0,"href":"https:\/\/www.xavierdesandrenavarre.com\/index.php\/wp-json\/wp\/v2\/pages\/516\/revisions"}],"wp:attachment":[{"href":"https:\/\/www.xavierdesandrenavarre.com\/index.php\/wp-json\/wp\/v2\/media?parent=516"}],"curies":[{"name":"wp","href":"https:\/\/api.w.org\/{rel}","templated":true}]}}