{"id":2179,"date":"2024-03-28T12:11:13","date_gmt":"2024-03-28T11:11:13","guid":{"rendered":"https:\/\/www.xavierdesandrenavarre.com\/?page_id=2179"},"modified":"2024-03-28T12:46:54","modified_gmt":"2024-03-28T11:46:54","slug":"actu","status":"publish","type":"page","link":"https:\/\/www.xavierdesandrenavarre.com\/index.php\/fr\/actu\/","title":{"rendered":"ACTU"},"content":{"rendered":"<h2 style=\"text-align: left;\"><span style=\"color: #000080;\"><strong>Dimanche 7 avril 2024\u00a0<\/strong><\/span><\/h2>\n<h3 style=\"text-align: left;\"><a href=\"https:\/\/www.larenaissance-mondeville.fr\/spectacles\/in-pulse-orchestral-project\/\" target=\"_blank\" rel=\"noopener\">La Renaissance<\/a>, Mondeville \u00e0 17h00<\/h3>\n<p style=\"text-align: left;\"><img loading=\"lazy\" decoding=\"async\" class=\" wp-image-2183 alignleft\" src=\"https:\/\/www.xavierdesandrenavarre.com\/wp-content\/uploads\/2024\/03\/Capture-decran-2024-03-26-a-16.22.12-174x300.png\" alt=\"\" width=\"231\" height=\"399\" srcset=\"https:\/\/www.xavierdesandrenavarre.com\/wp-content\/uploads\/2024\/03\/Capture-decran-2024-03-26-a-16.22.12-174x300.png 174w, https:\/\/www.xavierdesandrenavarre.com\/wp-content\/uploads\/2024\/03\/Capture-decran-2024-03-26-a-16.22.12-593x1024.png 593w, https:\/\/www.xavierdesandrenavarre.com\/wp-content\/uploads\/2024\/03\/Capture-decran-2024-03-26-a-16.22.12.png 710w\" sizes=\"auto, (max-width: 231px) 100vw, 231px\" \/><\/p>\n<p style=\"text-align: left;\"><strong>Composition, percussions<\/strong><br \/>\nXavier Desandre-Navarre<\/p>\n<p style=\"text-align: left;\"><strong>Arrangements<\/strong><br \/>\nEmil Spanyi<\/p>\n<p style=\"text-align: left;\"><strong>Piano<\/strong><br \/>\nEmil Spanyi<\/p>\n<p style=\"text-align: left;\"><strong>Contrebasse<\/strong><br \/>\nSt\u00e9phane Kerecki<\/p>\n<p style=\"text-align: left;\"><strong>Saxophones<br \/>\n<\/strong>Christophe Monniot<\/p>\n<p style=\"text-align: left;\"><strong>Direction musicale<\/strong><br \/>\nJean Deroyer<\/p>\n<p style=\"text-align: left;\"><strong>et 21 musiciens de l\u2019Orchestre R\u00e9gional <\/strong><br \/>\n<strong>de Normandie<\/strong><\/p>\n<p style=\"text-align: left;\">L\u2019Orchestre R\u00e9gional de Normandie est soutenu et accompagn\u00e9 par le Conseil R\u00e9gional de Normandie, par le Minist\u00e8re de la Culture \u2013 Direction R\u00e9gionale des Affaires Culturelles de Normandie \u2014 avec la participation des Conseils D\u00e9partementaux de la Manche, du Calvados et de l\u2019Orne. L\u2019Orchestre R\u00e9gional de Normandie est accueilli en r\u00e9sidence depuis 2005 par la Ville de Mondeville et la Renaissance en qualit\u00e9 de partenaire artistique privil\u00e9gi\u00e9.<\/p>\n","protected":false},"excerpt":{"rendered":"<p>Dimanche 7 avril 2024\u00a0 La Renaissance, Mondeville \u00e0 17h00 Composition, percussions Xavier Desandre-Navarre Arrangements Emil Spanyi Piano Emil Spanyi Contrebasse St\u00e9phane Kerecki Saxophones Christophe Monniot Direction musicale Jean Deroyer et 21 musiciens de l\u2019Orchestre R\u00e9gional de Normandie L\u2019Orchestre R\u00e9gional de Normandie est soutenu et accompagn\u00e9 par le Conseil R\u00e9gional de Normandie, par le Minist\u00e8re de &hellip; <a class=\"more-link\" href=\"https:\/\/www.xavierdesandrenavarre.com\/index.php\/fr\/actu\/\">Lire la suite <span class=\"screen-reader-text\">ACTU<\/span><\/a><\/p>\n","protected":false},"author":3,"featured_media":0,"parent":0,"menu_order":0,"comment_status":"closed","ping_status":"closed","template":"template-home.php","meta":{"__cvm_playback_settings":[],"__cvm_video_id":"","footnotes":""},"class_list":["post-2179","page","type-page","status-publish","hentry"],"yoast_head":"<!-- This site is optimized with the Yoast SEO plugin v27.4 - https:\/\/yoast.com\/product\/yoast-seo-wordpress\/ -->\n<title>ACTU &#8226; Xavier DESANDRE NAVARRE<\/title>\n<meta name=\"robots\" content=\"index, follow, max-snippet:-1, max-image-preview:large, max-video-preview:-1\" \/>\n<link rel=\"canonical\" href=\"https:\/\/www.xavierdesandrenavarre.com\/index.php\/fr\/actu\/\" \/>\n<meta property=\"og:locale\" content=\"fr_FR\" \/>\n<meta property=\"og:type\" content=\"article\" \/>\n<meta property=\"og:title\" content=\"ACTU &#8226; Xavier DESANDRE NAVARRE\" \/>\n<meta property=\"og:description\" content=\"Dimanche 7 avril 2024\u00a0 La Renaissance, Mondeville \u00e0 17h00 Composition, percussions Xavier Desandre-Navarre Arrangements Emil Spanyi Piano Emil Spanyi Contrebasse St\u00e9phane Kerecki Saxophones Christophe Monniot Direction musicale Jean Deroyer et 21 musiciens de l\u2019Orchestre R\u00e9gional de Normandie L\u2019Orchestre R\u00e9gional de Normandie est soutenu et accompagn\u00e9 par le Conseil R\u00e9gional de Normandie, par le Minist\u00e8re de &hellip; Lire la suite ACTU\" \/>\n<meta property=\"og:url\" content=\"https:\/\/www.xavierdesandrenavarre.com\/index.php\/fr\/actu\/\" \/>\n<meta property=\"og:site_name\" content=\"Xavier DESANDRE NAVARRE\" \/>\n<meta property=\"article:modified_time\" content=\"2024-03-28T11:46:54+00:00\" \/>\n<meta property=\"og:image\" content=\"https:\/\/www.xavierdesandrenavarre.com\/wp-content\/uploads\/2024\/03\/Capture-decran-2024-03-26-a-16.22.12-174x300.png\" \/>\n<meta name=\"twitter:card\" content=\"summary_large_image\" \/>\n<meta name=\"twitter:label1\" content=\"Dur\u00e9e de lecture estim\u00e9e\" \/>\n\t<meta name=\"twitter:data1\" content=\"1 minute\" \/>\n<script type=\"application\/ld+json\" class=\"yoast-schema-graph\">{\"@context\":\"https:\\\/\\\/schema.org\",\"@graph\":[{\"@type\":\"WebPage\",\"@id\":\"https:\\\/\\\/www.xavierdesandrenavarre.com\\\/index.php\\\/fr\\\/actu\\\/\",\"url\":\"https:\\\/\\\/www.xavierdesandrenavarre.com\\\/index.php\\\/fr\\\/actu\\\/\",\"name\":\"ACTU &#8226; Xavier DESANDRE NAVARRE\",\"isPartOf\":{\"@id\":\"https:\\\/\\\/www.xavierdesandrenavarre.com\\\/#website\"},\"primaryImageOfPage\":{\"@id\":\"https:\\\/\\\/www.xavierdesandrenavarre.com\\\/index.php\\\/fr\\\/actu\\\/#primaryimage\"},\"image\":{\"@id\":\"https:\\\/\\\/www.xavierdesandrenavarre.com\\\/index.php\\\/fr\\\/actu\\\/#primaryimage\"},\"thumbnailUrl\":\"https:\\\/\\\/www.xavierdesandrenavarre.com\\\/wp-content\\\/uploads\\\/2024\\\/03\\\/Capture-decran-2024-03-26-a-16.22.12-174x300.png\",\"datePublished\":\"2024-03-28T11:11:13+00:00\",\"dateModified\":\"2024-03-28T11:46:54+00:00\",\"breadcrumb\":{\"@id\":\"https:\\\/\\\/www.xavierdesandrenavarre.com\\\/index.php\\\/fr\\\/actu\\\/#breadcrumb\"},\"inLanguage\":\"fr-FR\",\"potentialAction\":[{\"@type\":\"ReadAction\",\"target\":[\"https:\\\/\\\/www.xavierdesandrenavarre.com\\\/index.php\\\/fr\\\/actu\\\/\"]}]},{\"@type\":\"ImageObject\",\"inLanguage\":\"fr-FR\",\"@id\":\"https:\\\/\\\/www.xavierdesandrenavarre.com\\\/index.php\\\/fr\\\/actu\\\/#primaryimage\",\"url\":\"https:\\\/\\\/www.xavierdesandrenavarre.com\\\/wp-content\\\/uploads\\\/2024\\\/03\\\/Capture-decran-2024-03-26-a-16.22.12.png\",\"contentUrl\":\"https:\\\/\\\/www.xavierdesandrenavarre.com\\\/wp-content\\\/uploads\\\/2024\\\/03\\\/Capture-decran-2024-03-26-a-16.22.12.png\",\"width\":710,\"height\":1226},{\"@type\":\"BreadcrumbList\",\"@id\":\"https:\\\/\\\/www.xavierdesandrenavarre.com\\\/index.php\\\/fr\\\/actu\\\/#breadcrumb\",\"itemListElement\":[{\"@type\":\"ListItem\",\"position\":1,\"name\":\"Accueil\",\"item\":\"https:\\\/\\\/www.xavierdesandrenavarre.com\\\/index.php\\\/fr\\\/actualites\\\/\"},{\"@type\":\"ListItem\",\"position\":2,\"name\":\"ACTU\"}]},{\"@type\":\"WebSite\",\"@id\":\"https:\\\/\\\/www.xavierdesandrenavarre.com\\\/#website\",\"url\":\"https:\\\/\\\/www.xavierdesandrenavarre.com\\\/\",\"name\":\"Xavier Desandre Navarre\",\"description\":\"CREATIVE DRUMMING \",\"publisher\":{\"@id\":\"https:\\\/\\\/www.xavierdesandrenavarre.com\\\/#\\\/schema\\\/person\\\/d44923d7590d78b38ce0e9c1941a2c75\"},\"potentialAction\":[{\"@type\":\"SearchAction\",\"target\":{\"@type\":\"EntryPoint\",\"urlTemplate\":\"https:\\\/\\\/www.xavierdesandrenavarre.com\\\/?s={search_term_string}\"},\"query-input\":{\"@type\":\"PropertyValueSpecification\",\"valueRequired\":true,\"valueName\":\"search_term_string\"}}],\"inLanguage\":\"fr-FR\"},{\"@type\":[\"Person\",\"Organization\"],\"@id\":\"https:\\\/\\\/www.xavierdesandrenavarre.com\\\/#\\\/schema\\\/person\\\/d44923d7590d78b38ce0e9c1941a2c75\",\"name\":\"Xavier DESANDRE NAVARRE\",\"image\":{\"@type\":\"ImageObject\",\"inLanguage\":\"fr-FR\",\"@id\":\"https:\\\/\\\/secure.gravatar.com\\\/avatar\\\/f5d0177a75f71d2039289a3687726c1181fc9368e48f4469bd627ff20d15397b?s=96&d=mm&r=g\",\"url\":\"https:\\\/\\\/secure.gravatar.com\\\/avatar\\\/f5d0177a75f71d2039289a3687726c1181fc9368e48f4469bd627ff20d15397b?s=96&d=mm&r=g\",\"contentUrl\":\"https:\\\/\\\/secure.gravatar.com\\\/avatar\\\/f5d0177a75f71d2039289a3687726c1181fc9368e48f4469bd627ff20d15397b?s=96&d=mm&r=g\",\"caption\":\"Xavier DESANDRE NAVARRE\"},\"logo\":{\"@id\":\"https:\\\/\\\/secure.gravatar.com\\\/avatar\\\/f5d0177a75f71d2039289a3687726c1181fc9368e48f4469bd627ff20d15397b?s=96&d=mm&r=g\"}}]}<\/script>\n<!-- \/ Yoast SEO plugin. -->","yoast_head_json":{"title":"ACTU &#8226; Xavier DESANDRE NAVARRE","robots":{"index":"index","follow":"follow","max-snippet":"max-snippet:-1","max-image-preview":"max-image-preview:large","max-video-preview":"max-video-preview:-1"},"canonical":"https:\/\/www.xavierdesandrenavarre.com\/index.php\/fr\/actu\/","og_locale":"fr_FR","og_type":"article","og_title":"ACTU &#8226; Xavier DESANDRE NAVARRE","og_description":"Dimanche 7 avril 2024\u00a0 La Renaissance, Mondeville \u00e0 17h00 Composition, percussions Xavier Desandre-Navarre Arrangements Emil Spanyi Piano Emil Spanyi Contrebasse St\u00e9phane Kerecki Saxophones Christophe Monniot Direction musicale Jean Deroyer et 21 musiciens de l\u2019Orchestre R\u00e9gional de Normandie L\u2019Orchestre R\u00e9gional de Normandie est soutenu et accompagn\u00e9 par le Conseil R\u00e9gional de Normandie, par le Minist\u00e8re de &hellip; Lire la suite ACTU","og_url":"https:\/\/www.xavierdesandrenavarre.com\/index.php\/fr\/actu\/","og_site_name":"Xavier DESANDRE NAVARRE","article_modified_time":"2024-03-28T11:46:54+00:00","og_image":[{"url":"https:\/\/www.xavierdesandrenavarre.com\/wp-content\/uploads\/2024\/03\/Capture-decran-2024-03-26-a-16.22.12-174x300.png","type":"","width":"","height":""}],"twitter_card":"summary_large_image","twitter_misc":{"Dur\u00e9e de lecture estim\u00e9e":"1 minute"},"schema":{"@context":"https:\/\/schema.org","@graph":[{"@type":"WebPage","@id":"https:\/\/www.xavierdesandrenavarre.com\/index.php\/fr\/actu\/","url":"https:\/\/www.xavierdesandrenavarre.com\/index.php\/fr\/actu\/","name":"ACTU &#8226; Xavier DESANDRE NAVARRE","isPartOf":{"@id":"https:\/\/www.xavierdesandrenavarre.com\/#website"},"primaryImageOfPage":{"@id":"https:\/\/www.xavierdesandrenavarre.com\/index.php\/fr\/actu\/#primaryimage"},"image":{"@id":"https:\/\/www.xavierdesandrenavarre.com\/index.php\/fr\/actu\/#primaryimage"},"thumbnailUrl":"https:\/\/www.xavierdesandrenavarre.com\/wp-content\/uploads\/2024\/03\/Capture-decran-2024-03-26-a-16.22.12-174x300.png","datePublished":"2024-03-28T11:11:13+00:00","dateModified":"2024-03-28T11:46:54+00:00","breadcrumb":{"@id":"https:\/\/www.xavierdesandrenavarre.com\/index.php\/fr\/actu\/#breadcrumb"},"inLanguage":"fr-FR","potentialAction":[{"@type":"ReadAction","target":["https:\/\/www.xavierdesandrenavarre.com\/index.php\/fr\/actu\/"]}]},{"@type":"ImageObject","inLanguage":"fr-FR","@id":"https:\/\/www.xavierdesandrenavarre.com\/index.php\/fr\/actu\/#primaryimage","url":"https:\/\/www.xavierdesandrenavarre.com\/wp-content\/uploads\/2024\/03\/Capture-decran-2024-03-26-a-16.22.12.png","contentUrl":"https:\/\/www.xavierdesandrenavarre.com\/wp-content\/uploads\/2024\/03\/Capture-decran-2024-03-26-a-16.22.12.png","width":710,"height":1226},{"@type":"BreadcrumbList","@id":"https:\/\/www.xavierdesandrenavarre.com\/index.php\/fr\/actu\/#breadcrumb","itemListElement":[{"@type":"ListItem","position":1,"name":"Accueil","item":"https:\/\/www.xavierdesandrenavarre.com\/index.php\/fr\/actualites\/"},{"@type":"ListItem","position":2,"name":"ACTU"}]},{"@type":"WebSite","@id":"https:\/\/www.xavierdesandrenavarre.com\/#website","url":"https:\/\/www.xavierdesandrenavarre.com\/","name":"Xavier Desandre Navarre","description":"CREATIVE DRUMMING ","publisher":{"@id":"https:\/\/www.xavierdesandrenavarre.com\/#\/schema\/person\/d44923d7590d78b38ce0e9c1941a2c75"},"potentialAction":[{"@type":"SearchAction","target":{"@type":"EntryPoint","urlTemplate":"https:\/\/www.xavierdesandrenavarre.com\/?s={search_term_string}"},"query-input":{"@type":"PropertyValueSpecification","valueRequired":true,"valueName":"search_term_string"}}],"inLanguage":"fr-FR"},{"@type":["Person","Organization"],"@id":"https:\/\/www.xavierdesandrenavarre.com\/#\/schema\/person\/d44923d7590d78b38ce0e9c1941a2c75","name":"Xavier DESANDRE NAVARRE","image":{"@type":"ImageObject","inLanguage":"fr-FR","@id":"https:\/\/secure.gravatar.com\/avatar\/f5d0177a75f71d2039289a3687726c1181fc9368e48f4469bd627ff20d15397b?s=96&d=mm&r=g","url":"https:\/\/secure.gravatar.com\/avatar\/f5d0177a75f71d2039289a3687726c1181fc9368e48f4469bd627ff20d15397b?s=96&d=mm&r=g","contentUrl":"https:\/\/secure.gravatar.com\/avatar\/f5d0177a75f71d2039289a3687726c1181fc9368e48f4469bd627ff20d15397b?s=96&d=mm&r=g","caption":"Xavier DESANDRE NAVARRE"},"logo":{"@id":"https:\/\/secure.gravatar.com\/avatar\/f5d0177a75f71d2039289a3687726c1181fc9368e48f4469bd627ff20d15397b?s=96&d=mm&r=g"}}]}},"_links":{"self":[{"href":"https:\/\/www.xavierdesandrenavarre.com\/index.php\/wp-json\/wp\/v2\/pages\/2179","targetHints":{"allow":["GET"]}}],"collection":[{"href":"https:\/\/www.xavierdesandrenavarre.com\/index.php\/wp-json\/wp\/v2\/pages"}],"about":[{"href":"https:\/\/www.xavierdesandrenavarre.com\/index.php\/wp-json\/wp\/v2\/types\/page"}],"author":[{"embeddable":true,"href":"https:\/\/www.xavierdesandrenavarre.com\/index.php\/wp-json\/wp\/v2\/users\/3"}],"replies":[{"embeddable":true,"href":"https:\/\/www.xavierdesandrenavarre.com\/index.php\/wp-json\/wp\/v2\/comments?post=2179"}],"version-history":[{"count":6,"href":"https:\/\/www.xavierdesandrenavarre.com\/index.php\/wp-json\/wp\/v2\/pages\/2179\/revisions"}],"predecessor-version":[{"id":2196,"href":"https:\/\/www.xavierdesandrenavarre.com\/index.php\/wp-json\/wp\/v2\/pages\/2179\/revisions\/2196"}],"wp:attachment":[{"href":"https:\/\/www.xavierdesandrenavarre.com\/index.php\/wp-json\/wp\/v2\/media?parent=2179"}],"curies":[{"name":"wp","href":"https:\/\/api.w.org\/{rel}","templated":true}]}}