{"id":2028,"date":"2022-10-07T14:12:31","date_gmt":"2022-10-07T13:12:31","guid":{"rendered":"https:\/\/www.xavierdesandrenavarre.com\/?page_id=2028"},"modified":"2022-10-07T14:12:31","modified_gmt":"2022-10-07T13:12:31","slug":"biographie","status":"publish","type":"page","link":"https:\/\/www.xavierdesandrenavarre.com\/index.php\/fr\/biographie\/biographie\/","title":{"rendered":"BIOGRAPHIE"},"content":{"rendered":"<p><img loading=\"lazy\" decoding=\"async\" class=\"size-medium wp-image-1788 alignleft\" src=\"https:\/\/www.xavierdesandrenavarre.com\/wp-content\/uploads\/2019\/11\/cropped-10Xavier-300x300.jpg\" alt=\"\" width=\"300\" height=\"300\" srcset=\"https:\/\/www.xavierdesandrenavarre.com\/wp-content\/uploads\/2019\/11\/cropped-10Xavier-300x300.jpg 300w, https:\/\/www.xavierdesandrenavarre.com\/wp-content\/uploads\/2019\/11\/cropped-10Xavier-150x150.jpg 150w, https:\/\/www.xavierdesandrenavarre.com\/wp-content\/uploads\/2019\/11\/cropped-10Xavier-365x365.jpg 365w, https:\/\/www.xavierdesandrenavarre.com\/wp-content\/uploads\/2019\/11\/cropped-10Xavier-500x500.jpg 500w, https:\/\/www.xavierdesandrenavarre.com\/wp-content\/uploads\/2019\/11\/cropped-10Xavier-270x270.jpg 270w, https:\/\/www.xavierdesandrenavarre.com\/wp-content\/uploads\/2019\/11\/cropped-10Xavier-192x192.jpg 192w, https:\/\/www.xavierdesandrenavarre.com\/wp-content\/uploads\/2019\/11\/cropped-10Xavier-180x180.jpg 180w, https:\/\/www.xavierdesandrenavarre.com\/wp-content\/uploads\/2019\/11\/cropped-10Xavier-32x32.jpg 32w, https:\/\/www.xavierdesandrenavarre.com\/wp-content\/uploads\/2019\/11\/cropped-10Xavier.jpg 512w\" sizes=\"auto, (max-width: 300px) 100vw, 300px\" \/><\/p>\n<p><span style=\"color: #000000;\">En m\u00eame temps qu\u2019il \u00e9tudie au Conservatoire d&rsquo;<strong>Aix-en-Provence<\/strong>, Xavier Desandre Navarre s&rsquo;int\u00e9resse aux percussions ethniques, ayant v\u00e9cu un an en Iran.<\/span><\/p>\n<p><span style=\"color: #000000;\">C&rsquo;est Silvio de Santana Jr, Maitre-Tambour des c\u00e9r\u00e9monies du Candombl\u00e8 au <strong>Br\u00e9sil<\/strong>, qui l&rsquo;initie aux percussions br\u00e9siliennes\u201centre ciel et terre\u201d, lui enseignant les esprits des diverses polyrythmies br\u00e9siliennes, riches en m\u00e9tissages.<\/span><\/p>\n<p><span style=\"color: #000000;\">Il s\u2019installe <strong>\u00e0 Paris<\/strong> \u00e0 l&rsquo;automne 1987 lorsque <strong>Laurent Cugny<\/strong> lui demande d&rsquo;\u00eatre le percussionniste de son ensemble \u00ab\u00a0Lumi\u00e8re\u00a0\u00bb pour une tourn\u00e9e europ\u00e9enne avec <strong>Gil Evans<\/strong>, l&rsquo;arrangeur de <strong>Miles Davis<\/strong>. En 1991, il sera le percussionniste de <strong>l&rsquo;Orchestre National de Jazz<\/strong> sous la direction de Denis Badault.<\/span><\/p>\n<p><span style=\"color: #000000;\">Il participera ensuite aux exp\u00e9riences singuli\u00e8res des groupes de <strong>Michel Portal<\/strong>, du tromboniste Yves Robert, ,Vincent Courtois, Franck Tortiller, \u2026 , de <strong>Charlie Haden et du Liberation Orchestra<\/strong> au festival Banlieues Bleues.<\/span><\/p>\n<p><span style=\"color: #000000;\">C\u2019est aussi l\u2019\u00e9poque o\u00f9 il se produit avec deux formations au groove d\u00e9capant: L\u2019Incroyable Jungle Beat et Hope\u2019n Collective. En 1996, il accompagne la chanteuse et pianiste br\u00e9silienne <strong>Tania Maria<\/strong> au Blue Note de NYC et int\u00e8gre son orchestre lors de son retour en France.<\/span><\/p>\n<p><span style=\"color: #000000;\">Un peu plus tard, il rejoint le Soul Makossa Gang de <strong>Manu Dibango<\/strong>, joue Salle Pleyel la musique \u00e9lectronique de <strong>Laurent Garnier<\/strong> \u201cIt\u2019s Just Music\u201d, tout en continuant les projets Jazz avec Yves Rousseau \/ Wanderer Spetet, <strong>Edouard Ferlet<\/strong>, \u2026<\/span><\/p>\n<p><span style=\"color: #000000;\">Une contribution durable aux projets du pianiste danois <strong>Niels Lan Doky<\/strong> depuis 1996 lui ouvre les portes de la Scandinavie o\u00f9 il joue et enregistre en studio avec des artistes de premier plan de la sc\u00e8ne du jazz nordique: <strong>Lars Danielsson<\/strong>, Bobo Stenson, Ulf Wakenius, Nils Peter Molvaer ou Caecilie Norby. C\u2019est avec ces musiciens qu\u2019il enregistre les quatre derniers CD de la chanteuse cor\u00e9enne <strong>Youn Sun Nah<\/strong> (Disque d\u2019Or).<\/span><\/p>\n<p><span style=\"color: #000000;\">Il \u00e9labore son second spectacle solo, <a style=\"color: #000000;\" href=\"https:\/\/www.xavierdesandrenavarre.com\/index.php\/fr\/presentation-beat-body-soul\/\">\u201cBEAT BODY &amp; SOUL\u201d<\/a> en 2012. Concert jou\u00e9 au festival de Paris parc Floral, \u00e0 l\u2019Op\u00e9ra de Lyon, le festival \u201cSons 9\u201d\u2026 C\u2019est \u00e0 cette \u00e9poque qu\u2019il monte sa formation Electro Jazz \/ Slam <a style=\"color: #000000;\" href=\"https:\/\/www.xavierdesandrenavarre.com\/index.php\/fr\/united-nations-of-groove\/\">\u00ab\u00a0UNITED NATIONS OF GROOVE\u00a0\u00bb<\/a>.<\/span><\/p>\n<p><span style=\"color: #000000;\">En 2014 il sort l&rsquo;album <a style=\"color: #000000;\" href=\"https:\/\/www.xavierdesandrenavarre.com\/index.php\/fr\/presentation-in-pulse\/\">\u201cIN PULSE\u201d<\/a>, chez \u201cJazz Village \/ Harmonia Mundi\u201d, qui est superbement acceuilli par la presse. Pour ce quartet jazz acoustique, il compose des musiques tres m\u00e9lodiques empreintes des rythmes du monde.<\/span><\/p>\n<p><span style=\"color: #000000;\">Entre 2015 et 2019 on le retrouve avec le <a style=\"color: #000000;\" href=\"https:\/\/www.xavierdesandrenavarre.com\/index.php\/fr\/wanderer-septet-yves-rousseau\/\">\u00ab\u00a0WANDERER SEPTET\u00a0\u00bb<\/a> du contrebassiste <strong>Yves Rousseau<\/strong>. (Tourn\u00e9e dans les sc\u00e8nes Nationales en France ainsi qu&rsquo;en Chine)<\/span><\/p>\n<p><span style=\"color: #000000;\">2018-19 Il est artiste en r\u00e9sidence de cr\u00e9ation au Th\u00e9\u00e2tre 71. (Sc\u00e8ne nationale de Malakoff)<\/span><\/p>\n<p><span style=\"color: #000000;\">Il enregistre en 2018 <a style=\"color: #000000;\" href=\"https:\/\/www.xavierdesandrenavarre.com\/index.php\/fr\/hakuei-kim-xavier-desandre-navarre-duo\/\">\u00ab\u00a0CONVERSATIONS IN PARIS\u00a0\u00bb<\/a> avec <strong>Hakuei KIM<\/strong>, pianiste Cor\u00e9en bas\u00e9 \u00e0 Tokyo. (Verve Universal Japan 2019)<\/span><\/p>\n<p><span style=\"color: #000000;\">2020, Il compose la \u00a0musique de la chor\u00e9graphie \u00ab\u00a0AKZAK\u00a0\u00bb cr\u00e9\u00e9e par <strong>H\u00e9la Fattoumi et Eric Lamoureux<\/strong> \u00e0 \u00ab\u00a0<a style=\"color: #000000;\" href=\"https:\/\/viadanse.com\">VIADANSE\u00a0\u00bb<\/a>\u00a0. (Centre Chor\u00e9graphique de Belfort Franche Comt\u00e9)<\/span><\/p>\n<p><span style=\"color: #000000;\">L&rsquo;album <strong>\u00ab\u00a0IN PULSE2\u00a0\u00bb<\/strong> sort en 2020 chez Cristal Records.<\/span><\/p>\n","protected":false},"excerpt":{"rendered":"<p>En m\u00eame temps qu\u2019il \u00e9tudie au Conservatoire d&rsquo;Aix-en-Provence, Xavier Desandre Navarre s&rsquo;int\u00e9resse aux percussions ethniques, ayant v\u00e9cu un an en Iran. C&rsquo;est Silvio de Santana Jr, Maitre-Tambour des c\u00e9r\u00e9monies du Candombl\u00e8 au Br\u00e9sil, qui l&rsquo;initie aux percussions br\u00e9siliennes\u201centre ciel et terre\u201d, lui enseignant les esprits des diverses polyrythmies br\u00e9siliennes, riches en m\u00e9tissages. Il s\u2019installe \u00e0 &hellip; <a class=\"more-link\" href=\"https:\/\/www.xavierdesandrenavarre.com\/index.php\/fr\/biographie\/biographie\/\">Lire la suite <span class=\"screen-reader-text\">BIOGRAPHIE<\/span><\/a><\/p>\n","protected":false},"author":1,"featured_media":0,"parent":124,"menu_order":0,"comment_status":"closed","ping_status":"closed","template":"","meta":{"__cvm_playback_settings":[],"__cvm_video_id":"","footnotes":""},"class_list":["post-2028","page","type-page","status-publish","hentry"],"yoast_head":"<!-- This site is optimized with the Yoast SEO plugin v27.4 - https:\/\/yoast.com\/product\/yoast-seo-wordpress\/ -->\n<title>BIOGRAPHIE &#8226; Xavier DESANDRE NAVARRE<\/title>\n<meta name=\"robots\" content=\"index, follow, max-snippet:-1, max-image-preview:large, max-video-preview:-1\" \/>\n<link rel=\"canonical\" href=\"https:\/\/www.xavierdesandrenavarre.com\/index.php\/fr\/biographie\/biographie\/\" \/>\n<meta property=\"og:locale\" content=\"fr_FR\" \/>\n<meta property=\"og:type\" content=\"article\" \/>\n<meta property=\"og:title\" content=\"BIOGRAPHIE &#8226; Xavier DESANDRE NAVARRE\" \/>\n<meta property=\"og:description\" content=\"En m\u00eame temps qu\u2019il \u00e9tudie au Conservatoire d&rsquo;Aix-en-Provence, Xavier Desandre Navarre s&rsquo;int\u00e9resse aux percussions ethniques, ayant v\u00e9cu un an en Iran. C&rsquo;est Silvio de Santana Jr, Maitre-Tambour des c\u00e9r\u00e9monies du Candombl\u00e8 au Br\u00e9sil, qui l&rsquo;initie aux percussions br\u00e9siliennes\u201centre ciel et terre\u201d, lui enseignant les esprits des diverses polyrythmies br\u00e9siliennes, riches en m\u00e9tissages. Il s\u2019installe \u00e0 &hellip; Lire la suite BIOGRAPHIE\" \/>\n<meta property=\"og:url\" content=\"https:\/\/www.xavierdesandrenavarre.com\/index.php\/fr\/biographie\/biographie\/\" \/>\n<meta property=\"og:site_name\" content=\"Xavier DESANDRE NAVARRE\" \/>\n<meta property=\"og:image\" content=\"https:\/\/www.xavierdesandrenavarre.com\/wp-content\/uploads\/2019\/11\/cropped-10Xavier-300x300.jpg\" \/>\n<meta name=\"twitter:card\" content=\"summary_large_image\" \/>\n<meta name=\"twitter:label1\" content=\"Dur\u00e9e de lecture estim\u00e9e\" \/>\n\t<meta name=\"twitter:data1\" content=\"3 minutes\" \/>\n<script type=\"application\/ld+json\" class=\"yoast-schema-graph\">{\"@context\":\"https:\\\/\\\/schema.org\",\"@graph\":[{\"@type\":\"WebPage\",\"@id\":\"https:\\\/\\\/www.xavierdesandrenavarre.com\\\/index.php\\\/fr\\\/biographie\\\/biographie\\\/\",\"url\":\"https:\\\/\\\/www.xavierdesandrenavarre.com\\\/index.php\\\/fr\\\/biographie\\\/biographie\\\/\",\"name\":\"BIOGRAPHIE &#8226; Xavier DESANDRE NAVARRE\",\"isPartOf\":{\"@id\":\"https:\\\/\\\/www.xavierdesandrenavarre.com\\\/#website\"},\"primaryImageOfPage\":{\"@id\":\"https:\\\/\\\/www.xavierdesandrenavarre.com\\\/index.php\\\/fr\\\/biographie\\\/biographie\\\/#primaryimage\"},\"image\":{\"@id\":\"https:\\\/\\\/www.xavierdesandrenavarre.com\\\/index.php\\\/fr\\\/biographie\\\/biographie\\\/#primaryimage\"},\"thumbnailUrl\":\"https:\\\/\\\/www.xavierdesandrenavarre.com\\\/wp-content\\\/uploads\\\/2019\\\/11\\\/cropped-10Xavier-300x300.jpg\",\"datePublished\":\"2022-10-07T13:12:31+00:00\",\"breadcrumb\":{\"@id\":\"https:\\\/\\\/www.xavierdesandrenavarre.com\\\/index.php\\\/fr\\\/biographie\\\/biographie\\\/#breadcrumb\"},\"inLanguage\":\"fr-FR\",\"potentialAction\":[{\"@type\":\"ReadAction\",\"target\":[\"https:\\\/\\\/www.xavierdesandrenavarre.com\\\/index.php\\\/fr\\\/biographie\\\/biographie\\\/\"]}]},{\"@type\":\"ImageObject\",\"inLanguage\":\"fr-FR\",\"@id\":\"https:\\\/\\\/www.xavierdesandrenavarre.com\\\/index.php\\\/fr\\\/biographie\\\/biographie\\\/#primaryimage\",\"url\":\"https:\\\/\\\/www.xavierdesandrenavarre.com\\\/wp-content\\\/uploads\\\/2019\\\/11\\\/cropped-10Xavier.jpg\",\"contentUrl\":\"https:\\\/\\\/www.xavierdesandrenavarre.com\\\/wp-content\\\/uploads\\\/2019\\\/11\\\/cropped-10Xavier.jpg\",\"width\":512,\"height\":512},{\"@type\":\"BreadcrumbList\",\"@id\":\"https:\\\/\\\/www.xavierdesandrenavarre.com\\\/index.php\\\/fr\\\/biographie\\\/biographie\\\/#breadcrumb\",\"itemListElement\":[{\"@type\":\"ListItem\",\"position\":1,\"name\":\"Accueil\",\"item\":\"https:\\\/\\\/www.xavierdesandrenavarre.com\\\/index.php\\\/fr\\\/actualites\\\/\"},{\"@type\":\"ListItem\",\"position\":2,\"name\":\"BIO\\\/PRESSE\",\"item\":\"https:\\\/\\\/www.xavierdesandrenavarre.com\\\/index.php\\\/fr\\\/biographie\\\/\"},{\"@type\":\"ListItem\",\"position\":3,\"name\":\"BIOGRAPHIE\"}]},{\"@type\":\"WebSite\",\"@id\":\"https:\\\/\\\/www.xavierdesandrenavarre.com\\\/#website\",\"url\":\"https:\\\/\\\/www.xavierdesandrenavarre.com\\\/\",\"name\":\"Xavier Desandre Navarre\",\"description\":\"CREATIVE DRUMMING \",\"publisher\":{\"@id\":\"https:\\\/\\\/www.xavierdesandrenavarre.com\\\/#\\\/schema\\\/person\\\/d44923d7590d78b38ce0e9c1941a2c75\"},\"potentialAction\":[{\"@type\":\"SearchAction\",\"target\":{\"@type\":\"EntryPoint\",\"urlTemplate\":\"https:\\\/\\\/www.xavierdesandrenavarre.com\\\/?s={search_term_string}\"},\"query-input\":{\"@type\":\"PropertyValueSpecification\",\"valueRequired\":true,\"valueName\":\"search_term_string\"}}],\"inLanguage\":\"fr-FR\"},{\"@type\":[\"Person\",\"Organization\"],\"@id\":\"https:\\\/\\\/www.xavierdesandrenavarre.com\\\/#\\\/schema\\\/person\\\/d44923d7590d78b38ce0e9c1941a2c75\",\"name\":\"Xavier DESANDRE NAVARRE\",\"image\":{\"@type\":\"ImageObject\",\"inLanguage\":\"fr-FR\",\"@id\":\"https:\\\/\\\/secure.gravatar.com\\\/avatar\\\/f5d0177a75f71d2039289a3687726c1181fc9368e48f4469bd627ff20d15397b?s=96&d=mm&r=g\",\"url\":\"https:\\\/\\\/secure.gravatar.com\\\/avatar\\\/f5d0177a75f71d2039289a3687726c1181fc9368e48f4469bd627ff20d15397b?s=96&d=mm&r=g\",\"contentUrl\":\"https:\\\/\\\/secure.gravatar.com\\\/avatar\\\/f5d0177a75f71d2039289a3687726c1181fc9368e48f4469bd627ff20d15397b?s=96&d=mm&r=g\",\"caption\":\"Xavier DESANDRE NAVARRE\"},\"logo\":{\"@id\":\"https:\\\/\\\/secure.gravatar.com\\\/avatar\\\/f5d0177a75f71d2039289a3687726c1181fc9368e48f4469bd627ff20d15397b?s=96&d=mm&r=g\"}}]}<\/script>\n<!-- \/ Yoast SEO plugin. -->","yoast_head_json":{"title":"BIOGRAPHIE &#8226; Xavier DESANDRE NAVARRE","robots":{"index":"index","follow":"follow","max-snippet":"max-snippet:-1","max-image-preview":"max-image-preview:large","max-video-preview":"max-video-preview:-1"},"canonical":"https:\/\/www.xavierdesandrenavarre.com\/index.php\/fr\/biographie\/biographie\/","og_locale":"fr_FR","og_type":"article","og_title":"BIOGRAPHIE &#8226; Xavier DESANDRE NAVARRE","og_description":"En m\u00eame temps qu\u2019il \u00e9tudie au Conservatoire d&rsquo;Aix-en-Provence, Xavier Desandre Navarre s&rsquo;int\u00e9resse aux percussions ethniques, ayant v\u00e9cu un an en Iran. C&rsquo;est Silvio de Santana Jr, Maitre-Tambour des c\u00e9r\u00e9monies du Candombl\u00e8 au Br\u00e9sil, qui l&rsquo;initie aux percussions br\u00e9siliennes\u201centre ciel et terre\u201d, lui enseignant les esprits des diverses polyrythmies br\u00e9siliennes, riches en m\u00e9tissages. Il s\u2019installe \u00e0 &hellip; Lire la suite BIOGRAPHIE","og_url":"https:\/\/www.xavierdesandrenavarre.com\/index.php\/fr\/biographie\/biographie\/","og_site_name":"Xavier DESANDRE NAVARRE","og_image":[{"url":"https:\/\/www.xavierdesandrenavarre.com\/wp-content\/uploads\/2019\/11\/cropped-10Xavier-300x300.jpg","type":"","width":"","height":""}],"twitter_card":"summary_large_image","twitter_misc":{"Dur\u00e9e de lecture estim\u00e9e":"3 minutes"},"schema":{"@context":"https:\/\/schema.org","@graph":[{"@type":"WebPage","@id":"https:\/\/www.xavierdesandrenavarre.com\/index.php\/fr\/biographie\/biographie\/","url":"https:\/\/www.xavierdesandrenavarre.com\/index.php\/fr\/biographie\/biographie\/","name":"BIOGRAPHIE &#8226; Xavier DESANDRE NAVARRE","isPartOf":{"@id":"https:\/\/www.xavierdesandrenavarre.com\/#website"},"primaryImageOfPage":{"@id":"https:\/\/www.xavierdesandrenavarre.com\/index.php\/fr\/biographie\/biographie\/#primaryimage"},"image":{"@id":"https:\/\/www.xavierdesandrenavarre.com\/index.php\/fr\/biographie\/biographie\/#primaryimage"},"thumbnailUrl":"https:\/\/www.xavierdesandrenavarre.com\/wp-content\/uploads\/2019\/11\/cropped-10Xavier-300x300.jpg","datePublished":"2022-10-07T13:12:31+00:00","breadcrumb":{"@id":"https:\/\/www.xavierdesandrenavarre.com\/index.php\/fr\/biographie\/biographie\/#breadcrumb"},"inLanguage":"fr-FR","potentialAction":[{"@type":"ReadAction","target":["https:\/\/www.xavierdesandrenavarre.com\/index.php\/fr\/biographie\/biographie\/"]}]},{"@type":"ImageObject","inLanguage":"fr-FR","@id":"https:\/\/www.xavierdesandrenavarre.com\/index.php\/fr\/biographie\/biographie\/#primaryimage","url":"https:\/\/www.xavierdesandrenavarre.com\/wp-content\/uploads\/2019\/11\/cropped-10Xavier.jpg","contentUrl":"https:\/\/www.xavierdesandrenavarre.com\/wp-content\/uploads\/2019\/11\/cropped-10Xavier.jpg","width":512,"height":512},{"@type":"BreadcrumbList","@id":"https:\/\/www.xavierdesandrenavarre.com\/index.php\/fr\/biographie\/biographie\/#breadcrumb","itemListElement":[{"@type":"ListItem","position":1,"name":"Accueil","item":"https:\/\/www.xavierdesandrenavarre.com\/index.php\/fr\/actualites\/"},{"@type":"ListItem","position":2,"name":"BIO\/PRESSE","item":"https:\/\/www.xavierdesandrenavarre.com\/index.php\/fr\/biographie\/"},{"@type":"ListItem","position":3,"name":"BIOGRAPHIE"}]},{"@type":"WebSite","@id":"https:\/\/www.xavierdesandrenavarre.com\/#website","url":"https:\/\/www.xavierdesandrenavarre.com\/","name":"Xavier Desandre Navarre","description":"CREATIVE DRUMMING ","publisher":{"@id":"https:\/\/www.xavierdesandrenavarre.com\/#\/schema\/person\/d44923d7590d78b38ce0e9c1941a2c75"},"potentialAction":[{"@type":"SearchAction","target":{"@type":"EntryPoint","urlTemplate":"https:\/\/www.xavierdesandrenavarre.com\/?s={search_term_string}"},"query-input":{"@type":"PropertyValueSpecification","valueRequired":true,"valueName":"search_term_string"}}],"inLanguage":"fr-FR"},{"@type":["Person","Organization"],"@id":"https:\/\/www.xavierdesandrenavarre.com\/#\/schema\/person\/d44923d7590d78b38ce0e9c1941a2c75","name":"Xavier DESANDRE NAVARRE","image":{"@type":"ImageObject","inLanguage":"fr-FR","@id":"https:\/\/secure.gravatar.com\/avatar\/f5d0177a75f71d2039289a3687726c1181fc9368e48f4469bd627ff20d15397b?s=96&d=mm&r=g","url":"https:\/\/secure.gravatar.com\/avatar\/f5d0177a75f71d2039289a3687726c1181fc9368e48f4469bd627ff20d15397b?s=96&d=mm&r=g","contentUrl":"https:\/\/secure.gravatar.com\/avatar\/f5d0177a75f71d2039289a3687726c1181fc9368e48f4469bd627ff20d15397b?s=96&d=mm&r=g","caption":"Xavier DESANDRE NAVARRE"},"logo":{"@id":"https:\/\/secure.gravatar.com\/avatar\/f5d0177a75f71d2039289a3687726c1181fc9368e48f4469bd627ff20d15397b?s=96&d=mm&r=g"}}]}},"_links":{"self":[{"href":"https:\/\/www.xavierdesandrenavarre.com\/index.php\/wp-json\/wp\/v2\/pages\/2028","targetHints":{"allow":["GET"]}}],"collection":[{"href":"https:\/\/www.xavierdesandrenavarre.com\/index.php\/wp-json\/wp\/v2\/pages"}],"about":[{"href":"https:\/\/www.xavierdesandrenavarre.com\/index.php\/wp-json\/wp\/v2\/types\/page"}],"author":[{"embeddable":true,"href":"https:\/\/www.xavierdesandrenavarre.com\/index.php\/wp-json\/wp\/v2\/users\/1"}],"replies":[{"embeddable":true,"href":"https:\/\/www.xavierdesandrenavarre.com\/index.php\/wp-json\/wp\/v2\/comments?post=2028"}],"version-history":[{"count":0,"href":"https:\/\/www.xavierdesandrenavarre.com\/index.php\/wp-json\/wp\/v2\/pages\/2028\/revisions"}],"up":[{"embeddable":true,"href":"https:\/\/www.xavierdesandrenavarre.com\/index.php\/wp-json\/wp\/v2\/pages\/124"}],"wp:attachment":[{"href":"https:\/\/www.xavierdesandrenavarre.com\/index.php\/wp-json\/wp\/v2\/media?parent=2028"}],"curies":[{"name":"wp","href":"https:\/\/api.w.org\/{rel}","templated":true}]}}