{"id":196,"date":"2015-11-25T22:04:31","date_gmt":"2015-11-25T21:04:31","guid":{"rendered":"https:\/\/xavierdesandrenavarre.wordpress.com\/?page_id=196"},"modified":"2019-11-13T11:41:20","modified_gmt":"2019-11-13T10:41:20","slug":"presentation-beat-body-soul","status":"publish","type":"page","link":"https:\/\/www.xavierdesandrenavarre.com\/index.php\/fr\/presentation-beat-body-soul\/","title":{"rendered":"BEAT BODY &#038; SOUL SOLO"},"content":{"rendered":"<p><img loading=\"lazy\" decoding=\"async\" class=\" size-full wp-image-545 aligncenter\" src=\"https:\/\/www.xavierdesandrenavarre.com\/wp-content\/uploads\/2015\/12\/capture-d_c3a9cran-2015-12-08-c3a0-15-17-23.png\" alt=\"Capture d\u2019\u00e9cran 2015-12-08 \u00e0 15.17.23\" width=\"670\" height=\"245\" srcset=\"https:\/\/www.xavierdesandrenavarre.com\/wp-content\/uploads\/2015\/12\/capture-d_c3a9cran-2015-12-08-c3a0-15-17-23.png 670w, https:\/\/www.xavierdesandrenavarre.com\/wp-content\/uploads\/2015\/12\/capture-d_c3a9cran-2015-12-08-c3a0-15-17-23-300x110.png 300w\" sizes=\"auto, (max-width: 670px) 100vw, 670px\" \/><\/p>\n<p style=\"text-align: justify;\"><em>Comme un chaman des temps modernes, mixant acoustique et \u00e9lectronique.\u00a0<\/em><em>La <strong>voix<\/strong>, les <strong>percussions<\/strong>, ainsi que toute sorte d\u2019<strong>objets curieux<\/strong>, sont le mat\u00e9riau sonore de chacune de ses compositions. Rythmes et m\u00e9lodies, <strong>traitements \u00e9le<\/strong><\/em><em><strong>ctroniques et sampling en temps r\u00e9el<\/strong> sont les ingr\u00e9dients participent \u00e0 cette architecture musicale unique.<\/em><\/p>\n<p class=\"p1\" style=\"text-align: justify;\"><span class=\"s1\">Dans son univers musical, l\u2019Orient rencontre l\u2019Occident, le Nord flirte avec le Sud, la for\u00eat amazonienne se rappelle qu\u2019elle fut coll\u00e9e \u00e0 l\u2019Afrique, les p\u00f4les se confondent, et se dissolvent dans les tropiques, tel un parcours initiatique. C\u2019est beau \u00e0 voir et \u00e0 \u00e9couter. On en sort transform\u00e9 !<\/span><\/p>\n<p class=\"p1\" style=\"text-align: justify;\"><span class=\"s1\">Pour cette performance unique, la voix, les percussions ainsi que toute sorte d\u2019objets curieux sont le mat\u00e9riau sonore de chacune des pi\u00e8ces o\u00f9 rythmes et m\u00e9lodies pr\u00e9sentent une forme d\u2019architecture musicale unique. \u00a0A la fa\u00e7on<\/span><span class=\"s2\"> d\u2019un chef d\u2019orchestre qui dirigerait un ensemble compos\u00e9 de multiples lui-m\u00eame, <\/span><span class=\"s1\">mixant acoustique et \u00e9lectronique, <\/span><span class=\"s2\">u<\/span><span class=\"s1\">ne chor\u00e9graphie puissante se d\u00e9gage de sa gestuelle.<\/span><\/p>\n<p><img loading=\"lazy\" decoding=\"async\" class=\" wp-image-699 alignright\" src=\"https:\/\/www.xavierdesandrenavarre.com\/wp-content\/uploads\/2015\/12\/capture-d_ecc81cran-2015-12-11-acc80-12-58-15.png\" alt=\"Capture d\u2019\u00e9cran 2015-12-11 \u00e0 12.58.15\" width=\"284\" height=\"248\" srcset=\"https:\/\/www.xavierdesandrenavarre.com\/wp-content\/uploads\/2015\/12\/capture-d_ecc81cran-2015-12-11-acc80-12-58-15.png 424w, https:\/\/www.xavierdesandrenavarre.com\/wp-content\/uploads\/2015\/12\/capture-d_ecc81cran-2015-12-11-acc80-12-58-15-300x262.png 300w\" sizes=\"auto, (max-width: 284px) 100vw, 284px\" \/><\/p>\n<p style=\"text-align: justify;\"><strong><u>Beat Body &amp; Soul<\/u><\/strong><u> \u00e0 \u00e9t\u00e9 pr\u00e9sent\u00e9 \u00e0:<\/u><\/p>\n<ul>\n<li style=\"text-align: justify;\">Festival International de Gwangju (Cor\u00e9e)<\/li>\n<li style=\"text-align: justify;\">Festival de Paris (Parc Floral)<\/li>\n<li style=\"text-align: justify;\">Festival Sons 9 (Paris)<\/li>\n<li style=\"text-align: justify;\">Op\u00e9ra de Lyon<\/li>\n<li>Th\u00e9\u00e2tre 71 Sc\u00e8ne Nationale de Malakoff<\/li>\n<li>Festival de Cluny &#8230;\/&#8230;<\/li>\n<\/ul>\n<p>&nbsp;<\/p>\n<p>&nbsp;<\/p>\n<blockquote>\n<p class=\"p1\" style=\"text-align: justify;\"><span class=\"s1\"><i><a href=\"https:\/\/www.xavierdesandrenavarre.com\/index.php\/fr\/videos-beat-body-and-soul\/\"> <img loading=\"lazy\" decoding=\"async\" class=\"alignnone  wp-image-1721\" src=\"https:\/\/www.xavierdesandrenavarre.com\/wp-content\/uploads\/2019\/11\/LOGO-video-1-300x207.png\" alt=\"\" width=\"135\" height=\"93\" srcset=\"https:\/\/www.xavierdesandrenavarre.com\/wp-content\/uploads\/2019\/11\/LOGO-video-1-300x207.png 300w, https:\/\/www.xavierdesandrenavarre.com\/wp-content\/uploads\/2019\/11\/LOGO-video-1.png 593w\" sizes=\"auto, (max-width: 135px) 100vw, 135px\" \/><\/a>\u00a0 \u00a0 \u00a0 \u00a0 \u00a0 \u00a0 \u00a0 \u00a0 \u00a0 \u00a0 \u00a0 \u00a0\u00a0<a href=\"https:\/\/www.xavierdesandrenavarre.com\/index.php\/fr\/concerts-beat-body-and-soul\/\"><img loading=\"lazy\" decoding=\"async\" class=\"alignnone  wp-image-1731\" src=\"https:\/\/www.xavierdesandrenavarre.com\/wp-content\/uploads\/2019\/11\/LOGO-Photo-1-300x276.png\" alt=\"\" width=\"104\" height=\"96\" srcset=\"https:\/\/www.xavierdesandrenavarre.com\/wp-content\/uploads\/2019\/11\/LOGO-Photo-1-300x276.png 300w, https:\/\/www.xavierdesandrenavarre.com\/wp-content\/uploads\/2019\/11\/LOGO-Photo-1.png 422w\" sizes=\"auto, (max-width: 104px) 100vw, 104px\" \/><\/a>\u00a0 \u00a0 \u00a0 \u00a0 \u00a0 \u00a0 \u00a0 \u00a0 \u00a0 \u00a0 \u00a0 \u00a0 \u00a0 \u00a0 \u00a0 \u00a0<a href=\"https:\/\/www.xavierdesandrenavarre.com\/index.php\/fr\/presse-beat-body-and-soul\/\"><img loading=\"lazy\" decoding=\"async\" class=\"alignnone  wp-image-1720\" src=\"https:\/\/www.xavierdesandrenavarre.com\/wp-content\/uploads\/2019\/11\/LOGO-presse-1-300x220.png\" alt=\"\" width=\"112\" height=\"82\" srcset=\"https:\/\/www.xavierdesandrenavarre.com\/wp-content\/uploads\/2019\/11\/LOGO-presse-1-300x220.png 300w, https:\/\/www.xavierdesandrenavarre.com\/wp-content\/uploads\/2019\/11\/LOGO-presse-1-500x372.png 500w, https:\/\/www.xavierdesandrenavarre.com\/wp-content\/uploads\/2019\/11\/LOGO-presse-1.png 508w\" sizes=\"auto, (max-width: 112px) 100vw, 112px\" \/><\/a><\/i><\/span><\/p>\n<p>&nbsp;<\/p>\n<p class=\"p1\" style=\"text-align: justify;\"><span class=\"s1\">X. Desandre Navarre propose des Master-Class\u00a0<\/span><span class=\"s2\">\u00abPercussions et \u00e9lectronique live\u00bb.<\/span><\/p>\n<\/blockquote>\n","protected":false},"excerpt":{"rendered":"<p>Comme un chaman des temps modernes, mixant acoustique et \u00e9lectronique.\u00a0La voix, les percussions, ainsi que toute sorte d\u2019objets curieux, sont le mat\u00e9riau sonore de chacune de ses compositions. Rythmes et m\u00e9lodies, traitements \u00e9lectroniques et sampling en temps r\u00e9el sont les ingr\u00e9dients participent \u00e0 cette architecture musicale unique. Dans son univers musical, l\u2019Orient rencontre l\u2019Occident, le &hellip; <a class=\"more-link\" href=\"https:\/\/www.xavierdesandrenavarre.com\/index.php\/fr\/presentation-beat-body-soul\/\">Lire la suite <span class=\"screen-reader-text\">BEAT BODY &#038; SOUL SOLO<\/span><\/a><\/p>\n","protected":false},"author":3,"featured_media":0,"parent":0,"menu_order":0,"comment_status":"closed","ping_status":"closed","template":"","meta":{"__cvm_playback_settings":[],"__cvm_video_id":"","footnotes":""},"class_list":["post-196","page","type-page","status-publish","hentry"],"yoast_head":"<!-- This site is optimized with the Yoast SEO plugin v27.4 - https:\/\/yoast.com\/product\/yoast-seo-wordpress\/ -->\n<title>BEAT BODY &amp; SOUL SOLO &#8226; Xavier DESANDRE NAVARRE<\/title>\n<meta name=\"robots\" content=\"index, follow, max-snippet:-1, max-image-preview:large, max-video-preview:-1\" \/>\n<link rel=\"canonical\" href=\"https:\/\/www.xavierdesandrenavarre.com\/index.php\/fr\/presentation-beat-body-soul\/\" \/>\n<meta property=\"og:locale\" content=\"fr_FR\" \/>\n<meta property=\"og:type\" content=\"article\" \/>\n<meta property=\"og:title\" content=\"BEAT BODY &amp; SOUL SOLO &#8226; Xavier DESANDRE NAVARRE\" \/>\n<meta property=\"og:description\" content=\"Comme un chaman des temps modernes, mixant acoustique et \u00e9lectronique.\u00a0La voix, les percussions, ainsi que toute sorte d\u2019objets curieux, sont le mat\u00e9riau sonore de chacune de ses compositions. Rythmes et m\u00e9lodies, traitements \u00e9lectroniques et sampling en temps r\u00e9el sont les ingr\u00e9dients participent \u00e0 cette architecture musicale unique. Dans son univers musical, l\u2019Orient rencontre l\u2019Occident, le &hellip; Lire la suite BEAT BODY &#038; SOUL SOLO\" \/>\n<meta property=\"og:url\" content=\"https:\/\/www.xavierdesandrenavarre.com\/index.php\/fr\/presentation-beat-body-soul\/\" \/>\n<meta property=\"og:site_name\" content=\"Xavier DESANDRE NAVARRE\" \/>\n<meta property=\"article:modified_time\" content=\"2019-11-13T10:41:20+00:00\" \/>\n<meta property=\"og:image\" content=\"http:\/\/www.xavierdesandrenavarre.com\/wp-content\/uploads\/2015\/12\/capture-d_c3a9cran-2015-12-08-c3a0-15-17-23.png\" \/>\n<meta name=\"twitter:card\" content=\"summary_large_image\" \/>\n<meta name=\"twitter:label1\" content=\"Dur\u00e9e de lecture estim\u00e9e\" \/>\n\t<meta name=\"twitter:data1\" content=\"1 minute\" \/>\n<script type=\"application\/ld+json\" class=\"yoast-schema-graph\">{\"@context\":\"https:\\\/\\\/schema.org\",\"@graph\":[{\"@type\":\"WebPage\",\"@id\":\"https:\\\/\\\/www.xavierdesandrenavarre.com\\\/index.php\\\/fr\\\/presentation-beat-body-soul\\\/\",\"url\":\"https:\\\/\\\/www.xavierdesandrenavarre.com\\\/index.php\\\/fr\\\/presentation-beat-body-soul\\\/\",\"name\":\"BEAT BODY & SOUL SOLO &#8226; Xavier DESANDRE NAVARRE\",\"isPartOf\":{\"@id\":\"https:\\\/\\\/www.xavierdesandrenavarre.com\\\/#website\"},\"primaryImageOfPage\":{\"@id\":\"https:\\\/\\\/www.xavierdesandrenavarre.com\\\/index.php\\\/fr\\\/presentation-beat-body-soul\\\/#primaryimage\"},\"image\":{\"@id\":\"https:\\\/\\\/www.xavierdesandrenavarre.com\\\/index.php\\\/fr\\\/presentation-beat-body-soul\\\/#primaryimage\"},\"thumbnailUrl\":\"http:\\\/\\\/www.xavierdesandrenavarre.com\\\/wp-content\\\/uploads\\\/2015\\\/12\\\/capture-d_c3a9cran-2015-12-08-c3a0-15-17-23.png\",\"datePublished\":\"2015-11-25T21:04:31+00:00\",\"dateModified\":\"2019-11-13T10:41:20+00:00\",\"breadcrumb\":{\"@id\":\"https:\\\/\\\/www.xavierdesandrenavarre.com\\\/index.php\\\/fr\\\/presentation-beat-body-soul\\\/#breadcrumb\"},\"inLanguage\":\"fr-FR\",\"potentialAction\":[{\"@type\":\"ReadAction\",\"target\":[\"https:\\\/\\\/www.xavierdesandrenavarre.com\\\/index.php\\\/fr\\\/presentation-beat-body-soul\\\/\"]}]},{\"@type\":\"ImageObject\",\"inLanguage\":\"fr-FR\",\"@id\":\"https:\\\/\\\/www.xavierdesandrenavarre.com\\\/index.php\\\/fr\\\/presentation-beat-body-soul\\\/#primaryimage\",\"url\":\"http:\\\/\\\/www.xavierdesandrenavarre.com\\\/wp-content\\\/uploads\\\/2015\\\/12\\\/capture-d_c3a9cran-2015-12-08-c3a0-15-17-23.png\",\"contentUrl\":\"http:\\\/\\\/www.xavierdesandrenavarre.com\\\/wp-content\\\/uploads\\\/2015\\\/12\\\/capture-d_c3a9cran-2015-12-08-c3a0-15-17-23.png\"},{\"@type\":\"BreadcrumbList\",\"@id\":\"https:\\\/\\\/www.xavierdesandrenavarre.com\\\/index.php\\\/fr\\\/presentation-beat-body-soul\\\/#breadcrumb\",\"itemListElement\":[{\"@type\":\"ListItem\",\"position\":1,\"name\":\"Accueil\",\"item\":\"https:\\\/\\\/www.xavierdesandrenavarre.com\\\/index.php\\\/fr\\\/actualites\\\/\"},{\"@type\":\"ListItem\",\"position\":2,\"name\":\"BEAT BODY &#038; SOUL SOLO\"}]},{\"@type\":\"WebSite\",\"@id\":\"https:\\\/\\\/www.xavierdesandrenavarre.com\\\/#website\",\"url\":\"https:\\\/\\\/www.xavierdesandrenavarre.com\\\/\",\"name\":\"Xavier Desandre Navarre\",\"description\":\"CREATIVE DRUMMING \",\"publisher\":{\"@id\":\"https:\\\/\\\/www.xavierdesandrenavarre.com\\\/#\\\/schema\\\/person\\\/d44923d7590d78b38ce0e9c1941a2c75\"},\"potentialAction\":[{\"@type\":\"SearchAction\",\"target\":{\"@type\":\"EntryPoint\",\"urlTemplate\":\"https:\\\/\\\/www.xavierdesandrenavarre.com\\\/?s={search_term_string}\"},\"query-input\":{\"@type\":\"PropertyValueSpecification\",\"valueRequired\":true,\"valueName\":\"search_term_string\"}}],\"inLanguage\":\"fr-FR\"},{\"@type\":[\"Person\",\"Organization\"],\"@id\":\"https:\\\/\\\/www.xavierdesandrenavarre.com\\\/#\\\/schema\\\/person\\\/d44923d7590d78b38ce0e9c1941a2c75\",\"name\":\"Xavier DESANDRE NAVARRE\",\"image\":{\"@type\":\"ImageObject\",\"inLanguage\":\"fr-FR\",\"@id\":\"https:\\\/\\\/secure.gravatar.com\\\/avatar\\\/f5d0177a75f71d2039289a3687726c1181fc9368e48f4469bd627ff20d15397b?s=96&d=mm&r=g\",\"url\":\"https:\\\/\\\/secure.gravatar.com\\\/avatar\\\/f5d0177a75f71d2039289a3687726c1181fc9368e48f4469bd627ff20d15397b?s=96&d=mm&r=g\",\"contentUrl\":\"https:\\\/\\\/secure.gravatar.com\\\/avatar\\\/f5d0177a75f71d2039289a3687726c1181fc9368e48f4469bd627ff20d15397b?s=96&d=mm&r=g\",\"caption\":\"Xavier DESANDRE NAVARRE\"},\"logo\":{\"@id\":\"https:\\\/\\\/secure.gravatar.com\\\/avatar\\\/f5d0177a75f71d2039289a3687726c1181fc9368e48f4469bd627ff20d15397b?s=96&d=mm&r=g\"}}]}<\/script>\n<!-- \/ Yoast SEO plugin. -->","yoast_head_json":{"title":"BEAT BODY & SOUL SOLO &#8226; Xavier DESANDRE NAVARRE","robots":{"index":"index","follow":"follow","max-snippet":"max-snippet:-1","max-image-preview":"max-image-preview:large","max-video-preview":"max-video-preview:-1"},"canonical":"https:\/\/www.xavierdesandrenavarre.com\/index.php\/fr\/presentation-beat-body-soul\/","og_locale":"fr_FR","og_type":"article","og_title":"BEAT BODY & SOUL SOLO &#8226; Xavier DESANDRE NAVARRE","og_description":"Comme un chaman des temps modernes, mixant acoustique et \u00e9lectronique.\u00a0La voix, les percussions, ainsi que toute sorte d\u2019objets curieux, sont le mat\u00e9riau sonore de chacune de ses compositions. Rythmes et m\u00e9lodies, traitements \u00e9lectroniques et sampling en temps r\u00e9el sont les ingr\u00e9dients participent \u00e0 cette architecture musicale unique. Dans son univers musical, l\u2019Orient rencontre l\u2019Occident, le &hellip; Lire la suite BEAT BODY &#038; SOUL SOLO","og_url":"https:\/\/www.xavierdesandrenavarre.com\/index.php\/fr\/presentation-beat-body-soul\/","og_site_name":"Xavier DESANDRE NAVARRE","article_modified_time":"2019-11-13T10:41:20+00:00","og_image":[{"url":"http:\/\/www.xavierdesandrenavarre.com\/wp-content\/uploads\/2015\/12\/capture-d_c3a9cran-2015-12-08-c3a0-15-17-23.png","type":"","width":"","height":""}],"twitter_card":"summary_large_image","twitter_misc":{"Dur\u00e9e de lecture estim\u00e9e":"1 minute"},"schema":{"@context":"https:\/\/schema.org","@graph":[{"@type":"WebPage","@id":"https:\/\/www.xavierdesandrenavarre.com\/index.php\/fr\/presentation-beat-body-soul\/","url":"https:\/\/www.xavierdesandrenavarre.com\/index.php\/fr\/presentation-beat-body-soul\/","name":"BEAT BODY & SOUL SOLO &#8226; Xavier DESANDRE NAVARRE","isPartOf":{"@id":"https:\/\/www.xavierdesandrenavarre.com\/#website"},"primaryImageOfPage":{"@id":"https:\/\/www.xavierdesandrenavarre.com\/index.php\/fr\/presentation-beat-body-soul\/#primaryimage"},"image":{"@id":"https:\/\/www.xavierdesandrenavarre.com\/index.php\/fr\/presentation-beat-body-soul\/#primaryimage"},"thumbnailUrl":"http:\/\/www.xavierdesandrenavarre.com\/wp-content\/uploads\/2015\/12\/capture-d_c3a9cran-2015-12-08-c3a0-15-17-23.png","datePublished":"2015-11-25T21:04:31+00:00","dateModified":"2019-11-13T10:41:20+00:00","breadcrumb":{"@id":"https:\/\/www.xavierdesandrenavarre.com\/index.php\/fr\/presentation-beat-body-soul\/#breadcrumb"},"inLanguage":"fr-FR","potentialAction":[{"@type":"ReadAction","target":["https:\/\/www.xavierdesandrenavarre.com\/index.php\/fr\/presentation-beat-body-soul\/"]}]},{"@type":"ImageObject","inLanguage":"fr-FR","@id":"https:\/\/www.xavierdesandrenavarre.com\/index.php\/fr\/presentation-beat-body-soul\/#primaryimage","url":"http:\/\/www.xavierdesandrenavarre.com\/wp-content\/uploads\/2015\/12\/capture-d_c3a9cran-2015-12-08-c3a0-15-17-23.png","contentUrl":"http:\/\/www.xavierdesandrenavarre.com\/wp-content\/uploads\/2015\/12\/capture-d_c3a9cran-2015-12-08-c3a0-15-17-23.png"},{"@type":"BreadcrumbList","@id":"https:\/\/www.xavierdesandrenavarre.com\/index.php\/fr\/presentation-beat-body-soul\/#breadcrumb","itemListElement":[{"@type":"ListItem","position":1,"name":"Accueil","item":"https:\/\/www.xavierdesandrenavarre.com\/index.php\/fr\/actualites\/"},{"@type":"ListItem","position":2,"name":"BEAT BODY &#038; SOUL SOLO"}]},{"@type":"WebSite","@id":"https:\/\/www.xavierdesandrenavarre.com\/#website","url":"https:\/\/www.xavierdesandrenavarre.com\/","name":"Xavier Desandre Navarre","description":"CREATIVE DRUMMING ","publisher":{"@id":"https:\/\/www.xavierdesandrenavarre.com\/#\/schema\/person\/d44923d7590d78b38ce0e9c1941a2c75"},"potentialAction":[{"@type":"SearchAction","target":{"@type":"EntryPoint","urlTemplate":"https:\/\/www.xavierdesandrenavarre.com\/?s={search_term_string}"},"query-input":{"@type":"PropertyValueSpecification","valueRequired":true,"valueName":"search_term_string"}}],"inLanguage":"fr-FR"},{"@type":["Person","Organization"],"@id":"https:\/\/www.xavierdesandrenavarre.com\/#\/schema\/person\/d44923d7590d78b38ce0e9c1941a2c75","name":"Xavier DESANDRE NAVARRE","image":{"@type":"ImageObject","inLanguage":"fr-FR","@id":"https:\/\/secure.gravatar.com\/avatar\/f5d0177a75f71d2039289a3687726c1181fc9368e48f4469bd627ff20d15397b?s=96&d=mm&r=g","url":"https:\/\/secure.gravatar.com\/avatar\/f5d0177a75f71d2039289a3687726c1181fc9368e48f4469bd627ff20d15397b?s=96&d=mm&r=g","contentUrl":"https:\/\/secure.gravatar.com\/avatar\/f5d0177a75f71d2039289a3687726c1181fc9368e48f4469bd627ff20d15397b?s=96&d=mm&r=g","caption":"Xavier DESANDRE NAVARRE"},"logo":{"@id":"https:\/\/secure.gravatar.com\/avatar\/f5d0177a75f71d2039289a3687726c1181fc9368e48f4469bd627ff20d15397b?s=96&d=mm&r=g"}}]}},"_links":{"self":[{"href":"https:\/\/www.xavierdesandrenavarre.com\/index.php\/wp-json\/wp\/v2\/pages\/196","targetHints":{"allow":["GET"]}}],"collection":[{"href":"https:\/\/www.xavierdesandrenavarre.com\/index.php\/wp-json\/wp\/v2\/pages"}],"about":[{"href":"https:\/\/www.xavierdesandrenavarre.com\/index.php\/wp-json\/wp\/v2\/types\/page"}],"author":[{"embeddable":true,"href":"https:\/\/www.xavierdesandrenavarre.com\/index.php\/wp-json\/wp\/v2\/users\/3"}],"replies":[{"embeddable":true,"href":"https:\/\/www.xavierdesandrenavarre.com\/index.php\/wp-json\/wp\/v2\/comments?post=196"}],"version-history":[{"count":8,"href":"https:\/\/www.xavierdesandrenavarre.com\/index.php\/wp-json\/wp\/v2\/pages\/196\/revisions"}],"predecessor-version":[{"id":1734,"href":"https:\/\/www.xavierdesandrenavarre.com\/index.php\/wp-json\/wp\/v2\/pages\/196\/revisions\/1734"}],"wp:attachment":[{"href":"https:\/\/www.xavierdesandrenavarre.com\/index.php\/wp-json\/wp\/v2\/media?parent=196"}],"curies":[{"name":"wp","href":"https:\/\/api.w.org\/{rel}","templated":true}]}}