{"id":1615,"date":"2019-11-10T14:10:30","date_gmt":"2019-11-10T13:10:30","guid":{"rendered":"http:\/\/www.xavierdesandrenavarre.com\/?page_id=1615"},"modified":"2020-08-27T15:53:35","modified_gmt":"2020-08-27T14:53:35","slug":"musique","status":"publish","type":"page","link":"https:\/\/www.xavierdesandrenavarre.com\/index.php\/fr\/musique\/","title":{"rendered":"MUSIQUE"},"content":{"rendered":"<p><span style=\"color: #ffffff;\">Avec son quartet \u00ab\u00a0IN PULSE\u00a0\u00bb, ses concerts solo \u00ab\u00a0BEAT BODY &amp; SOUL\u00a0\u00bb ou sa formation \u00e9lectrique avec chanteur \/ slammeur \u00ab\u00a0UNITED NA<\/span><\/p>\n<p>Il pr\u00e9sente sa musique avec son quartet <a href=\"https:\/\/www.xavierdesandrenavarre.com\/index.php\/fr\/presentation-in-pulse\/\">\u00ab\u00a0IN PULSE\u00a0\u00bb<\/a><\/p>\n<p>Ses concerts solo <a href=\"https:\/\/www.xavierdesandrenavarre.com\/index.php\/fr\/presentation-beat-body-soul\/\">\u00ab\u00a0BEAT BODY &amp; SOUL\u00a0\u00bb<\/a><\/p>\n<p>Sa formation \u00e9lectrique avec chanteur \/ slammeur \u00ab\u00a0<a href=\"https:\/\/www.xavierdesandrenavarre.com\/index.php\/fr\/united-nations-of-groove\/\">UNITED NATIONS OF GROOVE\u00a0\u00bb<\/a><\/p>\n<p>Sa musique pour la danse contemporaine <a href=\"https:\/\/www.xavierdesandrenavarre.com\/index.php\/fr\/akzak-choregraphie\/\">AKZAK<\/a><\/p>\n<p>En duo avec <a href=\"https:\/\/www.xavierdesandrenavarre.com\/index.php\/fr\/hakuei-kim-xavier-desandre-navarre-duo\/\">Hakuei KIM \u00ab\u00a0Conversations In Paris\u00a0\u00bb<\/a><\/p>\n<p><span style=\"color: #ffffff;\">TIONS OF GROOVE\u00a0\u00bb, il nous emm\u00e8ne dans ses univers aux c\u00f4t\u00e9s de musiciens de haute vol\u00e9e.<\/span><\/p>\n","protected":false},"excerpt":{"rendered":"<p>Avec son quartet \u00ab\u00a0IN PULSE\u00a0\u00bb, ses concerts solo \u00ab\u00a0BEAT BODY &amp; SOUL\u00a0\u00bb ou sa formation \u00e9lectrique avec chanteur \/ slammeur \u00ab\u00a0UNITED NA Il pr\u00e9sente sa musique avec son quartet \u00ab\u00a0IN PULSE\u00a0\u00bb Ses concerts solo \u00ab\u00a0BEAT BODY &amp; SOUL\u00a0\u00bb Sa formation \u00e9lectrique avec chanteur \/ slammeur \u00ab\u00a0UNITED NATIONS OF GROOVE\u00a0\u00bb Sa musique pour la danse contemporaine &hellip; <a class=\"more-link\" href=\"https:\/\/www.xavierdesandrenavarre.com\/index.php\/fr\/musique\/\">Lire la suite <span class=\"screen-reader-text\">MUSIQUE<\/span><\/a><\/p>\n","protected":false},"author":3,"featured_media":0,"parent":0,"menu_order":0,"comment_status":"closed","ping_status":"closed","template":"","meta":{"__cvm_playback_settings":[],"__cvm_video_id":"","footnotes":""},"class_list":["post-1615","page","type-page","status-publish","hentry"],"yoast_head":"<!-- This site is optimized with the Yoast SEO plugin v27.4 - https:\/\/yoast.com\/product\/yoast-seo-wordpress\/ -->\n<title>MUSIQUE &#8226; Xavier DESANDRE NAVARRE<\/title>\n<meta name=\"robots\" content=\"index, follow, max-snippet:-1, max-image-preview:large, max-video-preview:-1\" \/>\n<link rel=\"canonical\" href=\"https:\/\/www.xavierdesandrenavarre.com\/index.php\/fr\/musique\/\" \/>\n<meta property=\"og:locale\" content=\"fr_FR\" \/>\n<meta property=\"og:type\" content=\"article\" \/>\n<meta property=\"og:title\" content=\"MUSIQUE &#8226; Xavier DESANDRE NAVARRE\" \/>\n<meta property=\"og:description\" content=\"Avec son quartet \u00ab\u00a0IN PULSE\u00a0\u00bb, ses concerts solo \u00ab\u00a0BEAT BODY &amp; SOUL\u00a0\u00bb ou sa formation \u00e9lectrique avec chanteur \/ slammeur \u00ab\u00a0UNITED NA Il pr\u00e9sente sa musique avec son quartet \u00ab\u00a0IN PULSE\u00a0\u00bb Ses concerts solo \u00ab\u00a0BEAT BODY &amp; SOUL\u00a0\u00bb Sa formation \u00e9lectrique avec chanteur \/ slammeur \u00ab\u00a0UNITED NATIONS OF GROOVE\u00a0\u00bb Sa musique pour la danse contemporaine &hellip; Lire la suite MUSIQUE\" \/>\n<meta property=\"og:url\" content=\"https:\/\/www.xavierdesandrenavarre.com\/index.php\/fr\/musique\/\" \/>\n<meta property=\"og:site_name\" content=\"Xavier DESANDRE NAVARRE\" \/>\n<meta property=\"article:modified_time\" content=\"2020-08-27T14:53:35+00:00\" \/>\n<meta name=\"twitter:card\" content=\"summary_large_image\" \/>\n<script type=\"application\/ld+json\" class=\"yoast-schema-graph\">{\"@context\":\"https:\\\/\\\/schema.org\",\"@graph\":[{\"@type\":\"WebPage\",\"@id\":\"https:\\\/\\\/www.xavierdesandrenavarre.com\\\/index.php\\\/fr\\\/musique\\\/\",\"url\":\"https:\\\/\\\/www.xavierdesandrenavarre.com\\\/index.php\\\/fr\\\/musique\\\/\",\"name\":\"MUSIQUE &#8226; Xavier DESANDRE NAVARRE\",\"isPartOf\":{\"@id\":\"https:\\\/\\\/www.xavierdesandrenavarre.com\\\/#website\"},\"datePublished\":\"2019-11-10T13:10:30+00:00\",\"dateModified\":\"2020-08-27T14:53:35+00:00\",\"breadcrumb\":{\"@id\":\"https:\\\/\\\/www.xavierdesandrenavarre.com\\\/index.php\\\/fr\\\/musique\\\/#breadcrumb\"},\"inLanguage\":\"fr-FR\",\"potentialAction\":[{\"@type\":\"ReadAction\",\"target\":[\"https:\\\/\\\/www.xavierdesandrenavarre.com\\\/index.php\\\/fr\\\/musique\\\/\"]}]},{\"@type\":\"BreadcrumbList\",\"@id\":\"https:\\\/\\\/www.xavierdesandrenavarre.com\\\/index.php\\\/fr\\\/musique\\\/#breadcrumb\",\"itemListElement\":[{\"@type\":\"ListItem\",\"position\":1,\"name\":\"Accueil\",\"item\":\"https:\\\/\\\/www.xavierdesandrenavarre.com\\\/index.php\\\/fr\\\/actualites\\\/\"},{\"@type\":\"ListItem\",\"position\":2,\"name\":\"MUSIQUE\"}]},{\"@type\":\"WebSite\",\"@id\":\"https:\\\/\\\/www.xavierdesandrenavarre.com\\\/#website\",\"url\":\"https:\\\/\\\/www.xavierdesandrenavarre.com\\\/\",\"name\":\"Xavier Desandre Navarre\",\"description\":\"CREATIVE DRUMMING \",\"publisher\":{\"@id\":\"https:\\\/\\\/www.xavierdesandrenavarre.com\\\/#\\\/schema\\\/person\\\/d44923d7590d78b38ce0e9c1941a2c75\"},\"potentialAction\":[{\"@type\":\"SearchAction\",\"target\":{\"@type\":\"EntryPoint\",\"urlTemplate\":\"https:\\\/\\\/www.xavierdesandrenavarre.com\\\/?s={search_term_string}\"},\"query-input\":{\"@type\":\"PropertyValueSpecification\",\"valueRequired\":true,\"valueName\":\"search_term_string\"}}],\"inLanguage\":\"fr-FR\"},{\"@type\":[\"Person\",\"Organization\"],\"@id\":\"https:\\\/\\\/www.xavierdesandrenavarre.com\\\/#\\\/schema\\\/person\\\/d44923d7590d78b38ce0e9c1941a2c75\",\"name\":\"Xavier DESANDRE NAVARRE\",\"image\":{\"@type\":\"ImageObject\",\"inLanguage\":\"fr-FR\",\"@id\":\"https:\\\/\\\/secure.gravatar.com\\\/avatar\\\/f5d0177a75f71d2039289a3687726c1181fc9368e48f4469bd627ff20d15397b?s=96&d=mm&r=g\",\"url\":\"https:\\\/\\\/secure.gravatar.com\\\/avatar\\\/f5d0177a75f71d2039289a3687726c1181fc9368e48f4469bd627ff20d15397b?s=96&d=mm&r=g\",\"contentUrl\":\"https:\\\/\\\/secure.gravatar.com\\\/avatar\\\/f5d0177a75f71d2039289a3687726c1181fc9368e48f4469bd627ff20d15397b?s=96&d=mm&r=g\",\"caption\":\"Xavier DESANDRE NAVARRE\"},\"logo\":{\"@id\":\"https:\\\/\\\/secure.gravatar.com\\\/avatar\\\/f5d0177a75f71d2039289a3687726c1181fc9368e48f4469bd627ff20d15397b?s=96&d=mm&r=g\"}}]}<\/script>\n<!-- \/ Yoast SEO plugin. -->","yoast_head_json":{"title":"MUSIQUE &#8226; Xavier DESANDRE NAVARRE","robots":{"index":"index","follow":"follow","max-snippet":"max-snippet:-1","max-image-preview":"max-image-preview:large","max-video-preview":"max-video-preview:-1"},"canonical":"https:\/\/www.xavierdesandrenavarre.com\/index.php\/fr\/musique\/","og_locale":"fr_FR","og_type":"article","og_title":"MUSIQUE &#8226; Xavier DESANDRE NAVARRE","og_description":"Avec son quartet \u00ab\u00a0IN PULSE\u00a0\u00bb, ses concerts solo \u00ab\u00a0BEAT BODY &amp; SOUL\u00a0\u00bb ou sa formation \u00e9lectrique avec chanteur \/ slammeur \u00ab\u00a0UNITED NA Il pr\u00e9sente sa musique avec son quartet \u00ab\u00a0IN PULSE\u00a0\u00bb Ses concerts solo \u00ab\u00a0BEAT BODY &amp; SOUL\u00a0\u00bb Sa formation \u00e9lectrique avec chanteur \/ slammeur \u00ab\u00a0UNITED NATIONS OF GROOVE\u00a0\u00bb Sa musique pour la danse contemporaine &hellip; Lire la suite MUSIQUE","og_url":"https:\/\/www.xavierdesandrenavarre.com\/index.php\/fr\/musique\/","og_site_name":"Xavier DESANDRE NAVARRE","article_modified_time":"2020-08-27T14:53:35+00:00","twitter_card":"summary_large_image","schema":{"@context":"https:\/\/schema.org","@graph":[{"@type":"WebPage","@id":"https:\/\/www.xavierdesandrenavarre.com\/index.php\/fr\/musique\/","url":"https:\/\/www.xavierdesandrenavarre.com\/index.php\/fr\/musique\/","name":"MUSIQUE &#8226; Xavier DESANDRE NAVARRE","isPartOf":{"@id":"https:\/\/www.xavierdesandrenavarre.com\/#website"},"datePublished":"2019-11-10T13:10:30+00:00","dateModified":"2020-08-27T14:53:35+00:00","breadcrumb":{"@id":"https:\/\/www.xavierdesandrenavarre.com\/index.php\/fr\/musique\/#breadcrumb"},"inLanguage":"fr-FR","potentialAction":[{"@type":"ReadAction","target":["https:\/\/www.xavierdesandrenavarre.com\/index.php\/fr\/musique\/"]}]},{"@type":"BreadcrumbList","@id":"https:\/\/www.xavierdesandrenavarre.com\/index.php\/fr\/musique\/#breadcrumb","itemListElement":[{"@type":"ListItem","position":1,"name":"Accueil","item":"https:\/\/www.xavierdesandrenavarre.com\/index.php\/fr\/actualites\/"},{"@type":"ListItem","position":2,"name":"MUSIQUE"}]},{"@type":"WebSite","@id":"https:\/\/www.xavierdesandrenavarre.com\/#website","url":"https:\/\/www.xavierdesandrenavarre.com\/","name":"Xavier Desandre Navarre","description":"CREATIVE DRUMMING ","publisher":{"@id":"https:\/\/www.xavierdesandrenavarre.com\/#\/schema\/person\/d44923d7590d78b38ce0e9c1941a2c75"},"potentialAction":[{"@type":"SearchAction","target":{"@type":"EntryPoint","urlTemplate":"https:\/\/www.xavierdesandrenavarre.com\/?s={search_term_string}"},"query-input":{"@type":"PropertyValueSpecification","valueRequired":true,"valueName":"search_term_string"}}],"inLanguage":"fr-FR"},{"@type":["Person","Organization"],"@id":"https:\/\/www.xavierdesandrenavarre.com\/#\/schema\/person\/d44923d7590d78b38ce0e9c1941a2c75","name":"Xavier DESANDRE NAVARRE","image":{"@type":"ImageObject","inLanguage":"fr-FR","@id":"https:\/\/secure.gravatar.com\/avatar\/f5d0177a75f71d2039289a3687726c1181fc9368e48f4469bd627ff20d15397b?s=96&d=mm&r=g","url":"https:\/\/secure.gravatar.com\/avatar\/f5d0177a75f71d2039289a3687726c1181fc9368e48f4469bd627ff20d15397b?s=96&d=mm&r=g","contentUrl":"https:\/\/secure.gravatar.com\/avatar\/f5d0177a75f71d2039289a3687726c1181fc9368e48f4469bd627ff20d15397b?s=96&d=mm&r=g","caption":"Xavier DESANDRE NAVARRE"},"logo":{"@id":"https:\/\/secure.gravatar.com\/avatar\/f5d0177a75f71d2039289a3687726c1181fc9368e48f4469bd627ff20d15397b?s=96&d=mm&r=g"}}]}},"_links":{"self":[{"href":"https:\/\/www.xavierdesandrenavarre.com\/index.php\/wp-json\/wp\/v2\/pages\/1615","targetHints":{"allow":["GET"]}}],"collection":[{"href":"https:\/\/www.xavierdesandrenavarre.com\/index.php\/wp-json\/wp\/v2\/pages"}],"about":[{"href":"https:\/\/www.xavierdesandrenavarre.com\/index.php\/wp-json\/wp\/v2\/types\/page"}],"author":[{"embeddable":true,"href":"https:\/\/www.xavierdesandrenavarre.com\/index.php\/wp-json\/wp\/v2\/users\/3"}],"replies":[{"embeddable":true,"href":"https:\/\/www.xavierdesandrenavarre.com\/index.php\/wp-json\/wp\/v2\/comments?post=1615"}],"version-history":[{"count":5,"href":"https:\/\/www.xavierdesandrenavarre.com\/index.php\/wp-json\/wp\/v2\/pages\/1615\/revisions"}],"predecessor-version":[{"id":1806,"href":"https:\/\/www.xavierdesandrenavarre.com\/index.php\/wp-json\/wp\/v2\/pages\/1615\/revisions\/1806"}],"wp:attachment":[{"href":"https:\/\/www.xavierdesandrenavarre.com\/index.php\/wp-json\/wp\/v2\/media?parent=1615"}],"curies":[{"name":"wp","href":"https:\/\/api.w.org\/{rel}","templated":true}]}}