{"id":1581,"date":"2019-06-26T13:15:28","date_gmt":"2019-06-26T12:15:28","guid":{"rendered":"http:\/\/www.xavierdesandrenavarre.com\/?page_id=1581"},"modified":"2019-11-12T19:42:07","modified_gmt":"2019-11-12T18:42:07","slug":"hakuei-kim-xavier-desandre-navarre-duo","status":"publish","type":"page","link":"https:\/\/www.xavierdesandrenavarre.com\/index.php\/fr\/hakuei-kim-xavier-desandre-navarre-duo\/","title":{"rendered":"Hakuei KIM &#038; Xavier DESANDRE NAVARRE"},"content":{"rendered":"<p><span style=\"color: #000000;\"><img loading=\"lazy\" decoding=\"async\" class=\"alignleft wp-image-1579\" src=\"https:\/\/www.xavierdesandrenavarre.com\/wp-content\/uploads\/2019\/06\/Conversations-in-Paris-293x300.png\" alt=\"\" width=\"188\" height=\"192\" \/><\/span><\/p>\n<p><span style=\"color: #000000;\"><img loading=\"lazy\" decoding=\"async\" class=\" wp-image-1582 alignright\" src=\"https:\/\/www.xavierdesandrenavarre.com\/wp-content\/uploads\/2019\/06\/Hakuei-Xavier-300x107.png\" alt=\"\" width=\"452\" height=\"161\" srcset=\"https:\/\/www.xavierdesandrenavarre.com\/wp-content\/uploads\/2019\/06\/Hakuei-Xavier-300x107.png 300w, https:\/\/www.xavierdesandrenavarre.com\/wp-content\/uploads\/2019\/06\/Hakuei-Xavier-768x273.png 768w, https:\/\/www.xavierdesandrenavarre.com\/wp-content\/uploads\/2019\/06\/Hakuei-Xavier.png 814w\" sizes=\"auto, (max-width: 452px) 100vw, 452px\" \/><\/span><\/p>\n<p>&nbsp;<\/p>\n<p>&nbsp;<\/p>\n<p>&nbsp;<\/p>\n<p>&nbsp;<\/p>\n<div class=\"page\" title=\"Page 1\">\n<div class=\"section\">\n<div class=\"layoutArea\">\n<div class=\"column\">\n<p>&nbsp;<\/p>\n<p>&nbsp;<\/p>\n<p style=\"text-align: center;\"><span style=\"color: #000000;\"><strong>\u00ab Conversations In Paris \u00bb (Verve Universal)<\/strong><\/span><\/p>\n<p style=\"text-align: center;\"><span style=\"color: #000000;\">\u30ab\u30f3\u30f4\u30a1\u30bb\u30fc\u30b7\u30e7\u30f3\u30ba\u30fb\u30a4\u30f3\u30fb\u30d1\u30ea\u00a0\u00bb (\u30f4\u30a1\u30fc\u30f4\/\u30e6\u30cb\u30d0\u30fc\u30b5\u30eb)<\/span><\/p>\n<\/div>\n<p style=\"text-align: center;\"><span style=\"color: #000000;\"><strong>Concert enregistr\u00e9 en septembre 20018 au Sunside , Paris.<\/strong><\/span><\/p>\n<div class=\"column\" style=\"text-align: center;\">\n<pre><span style=\"color: #000000;\"> \u4e92\u3044\u306e\u30a4\u30f3\u30b9\u30d4\u30ec\u30fc\u30b7\u30e7\u30f3\u304c\u30d1\u30ea\u306e\u591c\u306b\u3076\u3064\u304b\u308a\u5408\u3046\u3001\u2f69\u767d\u71b1\u306e\u30c7\u30e5\u30aa\u30fb\u30d1\r\n              \u30d5\u30a9\u30fc\u30de\u30f3\u30b9!\r\n<\/span><\/pre>\n<p><span style=\"color: #000000;\"><strong>Performance en duo incandescente o\u00f9 l&rsquo;inspiration des uns et des autres rencontre la nuit parisienne!<\/strong><\/span><\/p>\n<pre><span style=\"color: #000000;\">\u30d5\u30e9\u30f3\u30b9\u3092\u4ee3\u8868\u3059\u308b\u30d1\u30fc\u30ab\u30c3\u30b7\u30e7\u30f3\u594f\u8005\u3068\u7d44\u3093\u3060\u3001\u30cf\u30af\u30a8\u30a4\u30fb\u30ad\u30e0\u521d\u306e\u6d77\u6d77\u5916\r\n              \u30e9\u30a4\u30f4\u9332\u2fb3\u97f3\u3002\r\n<\/span><\/pre>\n<p>&nbsp;<\/p>\n<div class=\"epyt-video-wrapper\">\n<div  id=\"_ytid_28096\"  width=\"560\" height=\"315\"  data-origwidth=\"560\" data-origheight=\"315\" data-facadesrc=\"https:\/\/www.youtube.com\/embed\/mYQLoiY79cM?enablejsapi=1&#038;autoplay=0&#038;cc_load_policy=0&#038;cc_lang_pref=&#038;iv_load_policy=3&#038;loop=0&#038;rel=0&#038;fs=1&#038;playsinline=1&#038;autohide=1&#038;theme=dark&#038;color=red&#038;controls=1&#038;disablekb=0&#038;\" class=\"__youtube_prefs__ epyt-facade epyt-is-override  no-lazyload\" data-epautoplay=\"1\" ><img decoding=\"async\" data-spai-excluded=\"true\" class=\"epyt-facade-poster skip-lazy\" loading=\"lazy\"  alt=\"YouTube player\"  src=\"https:\/\/i.ytimg.com\/vi\/mYQLoiY79cM\/maxresdefault.jpg\"  \/><button class=\"epyt-facade-play\" aria-label=\"Play\"><svg data-no-lazy=\"1\" height=\"100%\" version=\"1.1\" viewBox=\"0 0 68 48\" width=\"100%\"><path class=\"ytp-large-play-button-bg\" d=\"M66.52,7.74c-0.78-2.93-2.49-5.41-5.42-6.19C55.79,.13,34,0,34,0S12.21,.13,6.9,1.55 C3.97,2.33,2.27,4.81,1.48,7.74C0.06,13.05,0,24,0,24s0.06,10.95,1.48,16.26c0.78,2.93,2.49,5.41,5.42,6.19 C12.21,47.87,34,48,34,48s21.79-0.13,27.1-1.55c2.93-0.78,4.64-3.26,5.42-6.19C67.94,34.95,68,24,68,24S67.94,13.05,66.52,7.74z\" fill=\"#f00\"><\/path><path d=\"M 45,24 27,14 27,34\" fill=\"#fff\"><\/path><\/svg><\/button><\/div>\n<\/div>\n<\/div>\n<\/div>\n<\/div>\n<\/div>\n<div class=\"page\" title=\"Page 2\">\n<div class=\"section\">\n<div class=\"layoutArea\">\n<div class=\"column\">\n<p>&nbsp;<\/p>\n<\/div>\n<\/div>\n<\/div>\n<\/div>\n<p><span style=\"color: #000000;\">Le percussionniste<span class=\"Apple-converted-space\">\u00a0 <\/span><b>Xavier Desandre Navarre<\/b> est un adepte des rencontres musicales \u00e9tonnantes, de celles qui prennent des risques et sortent des sentiers battus. Le pianiste Japonais <b>Hakuei Kim<\/b>, sign\u00e9 chez Universal Japon,<b><span class=\"Apple-converted-space\">\u00a0<\/span><\/b> fait partie de ces musiciens qui suivent volontiers cette m\u00eame d\u00e9marche.<span class=\"Apple-converted-space\">\u00a0<\/span><\/span><\/p>\n<p><span style=\"color: #000000;\">Ils se sont rencontr\u00e9s en Cor\u00e9e du Sud, solistes invit\u00e9s du festival de Gwangju, aux c\u00f4t\u00e9s de Linda Oh (Pat Metheny Quartet), Simon Barker, \u2026,<span class=\"Apple-converted-space\">\u00a0 <\/span>pour une collaboration avec des musiciens Cor\u00e9ens, Aram Lee, jean Oh (Black String), &#8230;<span class=\"Apple-converted-space\">\u00a0<\/span><\/span><\/p>\n<p><span style=\"color: #000000;\">De passage \u00e0 Paris, Hakuei Kim et Xavier Desandre Navarre ont donn\u00e9 un concert au Sunside, haut lieu du Jazz \u00e0 Paris et en France, dont le r\u00e9pertoire fut totalement improvis\u00e9,.<span class=\"Apple-converted-space\">\u00a0<\/span><\/span><\/p>\n<p><span style=\"color: #000000;\">Cette rencontre de haut vol entre ces deux merveilleux musiciens fut enregistr\u00e9e. Le CD est a pr\u00e9sent sorti sur le prestigieux label Verve Universal Japon. (2019)<\/span><\/p>\n<p><span style=\"color: #000000;\"><i>\u2026 \u00ab\u00a0the profusion of rhythmic ideas, his ease to play dynamics and spaces, to<span class=\"Apple-converted-space\">\u00a0<\/span><\/i><\/span><\/p>\n<p><span style=\"color: #000000;\"><i>alternate movement and suspension, all of this makes us think of guys like Jacky Terrasson and Stephen Scott at their debut\u2026 The young man has incontestably a great potential and the musicality of a genius.\u00bb <\/i><b><i>Alex DUTILH<\/i><\/b><\/span><\/p>\n<p><span style=\"color: #000000;\"><b>HAKUEI KIM (Jazz Pianist, Composer, Arranger)<span class=\"Apple-converted-space\">\u00a0<\/span><\/b><\/span><\/p>\n<p><span style=\"color: #000000;\">Hakuei Kim was born in 1975 Kyoto, Japan and was brought up in Sapporo. He grew up in a family with Korean\/Japanese heritage.<\/span><\/p>\n<p><span style=\"color: #000000;\">In his late teens he moved to Sydney, Australia and pursues an intense study for jazz and improvisation at the Sydney Conservatorium of Music under the tutelage of an ECM artist Mike Nock.<\/span><\/p>\n<p><span style=\"color: #000000;\">During his years in Australia, Hakuei Kim has established himself as one of the prominent young talents emerging on the local scene. After recording his debut album \u201cOPEN THE GREEN DOOR\u201d (DIW,2005),he relocates to Tokyo and since then, many musical situations have unfolded itself. The album has won 4-star rating from the French jazz magazine JAZZMAN.<\/span><\/p>\n<p><span style=\"color: #000000;\">He since then has released following albums as a leader or co-leader;<\/span><\/p>\n<p><span style=\"color: #000000;\">\u201cHome Beyond the Cloud\u201d (DIW\/2006)<\/span><\/p>\n<p><span style=\"color: #000000;\">\u201cShadow of Time\u201d (DIW\/2008)<\/span><\/p>\n<p><span style=\"color: #000000;\">\u201cTrisonique\u201d (Universal Music Japan\/2011)<\/span><\/p>\n<p><span style=\"color: #000000;\">\u201cBreak the Ice\u201d (Universal Music Japan\/2012)<\/span><\/p>\n<p><span style=\"color: #000000;\">\u201cA Borderless Hour\u201d (Universal Music Japan\/2013)<\/span><\/p>\n<p><span style=\"color: #000000;\">\u201cHana\u201d (Verve\/Universal Music Japan\/2016)<\/span><\/p>\n<p><span style=\"color: #000000;\">\u201cResonance\u201d (Verve\/Universal Music Japan\/2018)<\/span><\/p>\n<p><span style=\"color: #000000;\">He has performed at various jazz festivals both in and out of Japan such as; \u201cYokohama Jazz Promenade\u201d(Japan), \u201cSapporo City Jazz\u201d(Japan), \u201cHong Kong International Summer Jazz Festival\u201d(China), \u201cGwangju International World Music Festival\u201d(South Korea) and In 2016, Hakuei\u2019s trio Trisonique performed at Detroit International Jazz Festival in the United States and their performance and repertoire were highly acclaimed by both the audience and the critics.<\/span><\/p>\n<p><span style=\"color: #000000;\">His latest release is titled \u201cConversations in Paris\u201d (VERVE-UNIVERSAL\/2019). A duo album which was recorded live in Paris, France in 2018 with a French percussionist Xavier Desandre Navarre.<\/span><\/p>\n<p><span style=\"color: #000000;\">He is currently based in Tokyo and performs and tours both nationally and internationally.<\/span><\/p>\n<p>&nbsp;<\/p>\n<p><span class=\"Apple-converted-space\" style=\"color: #000000;\"><a style=\"color: #000000;\" href=\"https:\/\/www.universal-music.co.jp\/hakuei-kim\/biography\/\">Hakuei Kim website<\/a>\u00a0<\/span><\/p>\n","protected":false},"excerpt":{"rendered":"<p>&nbsp; &nbsp; &nbsp; &nbsp; &nbsp; &nbsp; \u00ab Conversations In Paris \u00bb (Verve Universal) \u30ab\u30f3\u30f4\u30a1\u30bb\u30fc\u30b7\u30e7\u30f3\u30ba\u30fb\u30a4\u30f3\u30fb\u30d1\u30ea\u00a0\u00bb (\u30f4\u30a1\u30fc\u30f4\/\u30e6\u30cb\u30d0\u30fc\u30b5\u30eb) Concert enregistr\u00e9 en septembre 20018 au Sunside , Paris. \u4e92\u3044\u306e\u30a4\u30f3\u30b9\u30d4\u30ec\u30fc\u30b7\u30e7\u30f3\u304c\u30d1\u30ea\u306e\u591c\u306b\u3076\u3064\u304b\u308a\u5408\u3046\u3001\u2f69\u767d\u71b1\u306e\u30c7\u30e5\u30aa\u30fb\u30d1 \u30d5\u30a9\u30fc\u30de\u30f3\u30b9! Performance en duo incandescente o\u00f9 l&rsquo;inspiration des uns et des autres rencontre la nuit parisienne! \u30d5\u30e9\u30f3\u30b9\u3092\u4ee3\u8868\u3059\u308b\u30d1\u30fc\u30ab\u30c3\u30b7\u30e7\u30f3\u594f\u8005\u3068\u7d44\u3093\u3060\u3001\u30cf\u30af\u30a8\u30a4\u30fb\u30ad\u30e0\u521d\u306e\u6d77\u6d77\u5916 \u30e9\u30a4\u30f4\u9332\u2fb3\u97f3\u3002 &nbsp; &nbsp; Le percussionniste\u00a0 Xavier Desandre Navarre est un adepte des rencontres &hellip; <a class=\"more-link\" href=\"https:\/\/www.xavierdesandrenavarre.com\/index.php\/fr\/hakuei-kim-xavier-desandre-navarre-duo\/\">Lire la suite <span class=\"screen-reader-text\">Hakuei KIM &#038; Xavier DESANDRE NAVARRE<\/span><\/a><\/p>\n","protected":false},"author":3,"featured_media":0,"parent":0,"menu_order":0,"comment_status":"closed","ping_status":"closed","template":"","meta":{"__cvm_playback_settings":[],"__cvm_video_id":"","footnotes":""},"class_list":["post-1581","page","type-page","status-publish","hentry"],"yoast_head":"<!-- This site is optimized with the Yoast SEO plugin v27.4 - https:\/\/yoast.com\/product\/yoast-seo-wordpress\/ -->\n<title>Hakuei KIM &amp; Xavier DESANDRE NAVARRE &#8226; Xavier DESANDRE NAVARRE<\/title>\n<meta name=\"robots\" content=\"index, follow, max-snippet:-1, max-image-preview:large, max-video-preview:-1\" \/>\n<link rel=\"canonical\" href=\"https:\/\/www.xavierdesandrenavarre.com\/index.php\/fr\/hakuei-kim-xavier-desandre-navarre-duo\/\" \/>\n<meta property=\"og:locale\" content=\"fr_FR\" \/>\n<meta property=\"og:type\" content=\"article\" \/>\n<meta property=\"og:title\" content=\"Hakuei KIM &amp; Xavier DESANDRE NAVARRE &#8226; Xavier DESANDRE NAVARRE\" \/>\n<meta property=\"og:description\" content=\"&nbsp; &nbsp; &nbsp; &nbsp; &nbsp; &nbsp; \u00ab Conversations In Paris \u00bb (Verve Universal) \u30ab\u30f3\u30f4\u30a1\u30bb\u30fc\u30b7\u30e7\u30f3\u30ba\u30fb\u30a4\u30f3\u30fb\u30d1\u30ea\u00a0\u00bb (\u30f4\u30a1\u30fc\u30f4\/\u30e6\u30cb\u30d0\u30fc\u30b5\u30eb) Concert enregistr\u00e9 en septembre 20018 au Sunside , Paris. \u4e92\u3044\u306e\u30a4\u30f3\u30b9\u30d4\u30ec\u30fc\u30b7\u30e7\u30f3\u304c\u30d1\u30ea\u306e\u591c\u306b\u3076\u3064\u304b\u308a\u5408\u3046\u3001\u2f69\u767d\u71b1\u306e\u30c7\u30e5\u30aa\u30fb\u30d1 \u30d5\u30a9\u30fc\u30de\u30f3\u30b9! Performance en duo incandescente o\u00f9 l&rsquo;inspiration des uns et des autres rencontre la nuit parisienne! \u30d5\u30e9\u30f3\u30b9\u3092\u4ee3\u8868\u3059\u308b\u30d1\u30fc\u30ab\u30c3\u30b7\u30e7\u30f3\u594f\u8005\u3068\u7d44\u3093\u3060\u3001\u30cf\u30af\u30a8\u30a4\u30fb\u30ad\u30e0\u521d\u306e\u6d77\u6d77\u5916 \u30e9\u30a4\u30f4\u9332\u2fb3\u97f3\u3002 &nbsp; &nbsp; Le percussionniste\u00a0 Xavier Desandre Navarre est un adepte des rencontres &hellip; Lire la suite Hakuei KIM &#038; Xavier DESANDRE NAVARRE\" \/>\n<meta property=\"og:url\" content=\"https:\/\/www.xavierdesandrenavarre.com\/index.php\/fr\/hakuei-kim-xavier-desandre-navarre-duo\/\" \/>\n<meta property=\"og:site_name\" content=\"Xavier DESANDRE NAVARRE\" \/>\n<meta property=\"article:modified_time\" content=\"2019-11-12T18:42:07+00:00\" \/>\n<meta property=\"og:image\" content=\"http:\/\/www.xavierdesandrenavarre.com\/wp-content\/uploads\/2019\/06\/Conversations-in-Paris-293x300.png\" \/>\n<meta name=\"twitter:card\" content=\"summary_large_image\" \/>\n<meta name=\"twitter:label1\" content=\"Dur\u00e9e de lecture estim\u00e9e\" \/>\n\t<meta name=\"twitter:data1\" content=\"3 minutes\" \/>\n<script type=\"application\/ld+json\" class=\"yoast-schema-graph\">{\"@context\":\"https:\\\/\\\/schema.org\",\"@graph\":[{\"@type\":\"WebPage\",\"@id\":\"https:\\\/\\\/www.xavierdesandrenavarre.com\\\/index.php\\\/fr\\\/hakuei-kim-xavier-desandre-navarre-duo\\\/\",\"url\":\"https:\\\/\\\/www.xavierdesandrenavarre.com\\\/index.php\\\/fr\\\/hakuei-kim-xavier-desandre-navarre-duo\\\/\",\"name\":\"Hakuei KIM & Xavier DESANDRE NAVARRE &#8226; Xavier DESANDRE NAVARRE\",\"isPartOf\":{\"@id\":\"https:\\\/\\\/www.xavierdesandrenavarre.com\\\/#website\"},\"primaryImageOfPage\":{\"@id\":\"https:\\\/\\\/www.xavierdesandrenavarre.com\\\/index.php\\\/fr\\\/hakuei-kim-xavier-desandre-navarre-duo\\\/#primaryimage\"},\"image\":{\"@id\":\"https:\\\/\\\/www.xavierdesandrenavarre.com\\\/index.php\\\/fr\\\/hakuei-kim-xavier-desandre-navarre-duo\\\/#primaryimage\"},\"thumbnailUrl\":\"http:\\\/\\\/www.xavierdesandrenavarre.com\\\/wp-content\\\/uploads\\\/2019\\\/06\\\/Conversations-in-Paris-293x300.png\",\"datePublished\":\"2019-06-26T12:15:28+00:00\",\"dateModified\":\"2019-11-12T18:42:07+00:00\",\"breadcrumb\":{\"@id\":\"https:\\\/\\\/www.xavierdesandrenavarre.com\\\/index.php\\\/fr\\\/hakuei-kim-xavier-desandre-navarre-duo\\\/#breadcrumb\"},\"inLanguage\":\"fr-FR\",\"potentialAction\":[{\"@type\":\"ReadAction\",\"target\":[\"https:\\\/\\\/www.xavierdesandrenavarre.com\\\/index.php\\\/fr\\\/hakuei-kim-xavier-desandre-navarre-duo\\\/\"]}]},{\"@type\":\"ImageObject\",\"inLanguage\":\"fr-FR\",\"@id\":\"https:\\\/\\\/www.xavierdesandrenavarre.com\\\/index.php\\\/fr\\\/hakuei-kim-xavier-desandre-navarre-duo\\\/#primaryimage\",\"url\":\"http:\\\/\\\/www.xavierdesandrenavarre.com\\\/wp-content\\\/uploads\\\/2019\\\/06\\\/Conversations-in-Paris-293x300.png\",\"contentUrl\":\"http:\\\/\\\/www.xavierdesandrenavarre.com\\\/wp-content\\\/uploads\\\/2019\\\/06\\\/Conversations-in-Paris-293x300.png\"},{\"@type\":\"BreadcrumbList\",\"@id\":\"https:\\\/\\\/www.xavierdesandrenavarre.com\\\/index.php\\\/fr\\\/hakuei-kim-xavier-desandre-navarre-duo\\\/#breadcrumb\",\"itemListElement\":[{\"@type\":\"ListItem\",\"position\":1,\"name\":\"Accueil\",\"item\":\"https:\\\/\\\/www.xavierdesandrenavarre.com\\\/index.php\\\/fr\\\/actualites\\\/\"},{\"@type\":\"ListItem\",\"position\":2,\"name\":\"Hakuei KIM &#038; Xavier DESANDRE NAVARRE\"}]},{\"@type\":\"WebSite\",\"@id\":\"https:\\\/\\\/www.xavierdesandrenavarre.com\\\/#website\",\"url\":\"https:\\\/\\\/www.xavierdesandrenavarre.com\\\/\",\"name\":\"Xavier Desandre Navarre\",\"description\":\"CREATIVE DRUMMING \",\"publisher\":{\"@id\":\"https:\\\/\\\/www.xavierdesandrenavarre.com\\\/#\\\/schema\\\/person\\\/d44923d7590d78b38ce0e9c1941a2c75\"},\"potentialAction\":[{\"@type\":\"SearchAction\",\"target\":{\"@type\":\"EntryPoint\",\"urlTemplate\":\"https:\\\/\\\/www.xavierdesandrenavarre.com\\\/?s={search_term_string}\"},\"query-input\":{\"@type\":\"PropertyValueSpecification\",\"valueRequired\":true,\"valueName\":\"search_term_string\"}}],\"inLanguage\":\"fr-FR\"},{\"@type\":[\"Person\",\"Organization\"],\"@id\":\"https:\\\/\\\/www.xavierdesandrenavarre.com\\\/#\\\/schema\\\/person\\\/d44923d7590d78b38ce0e9c1941a2c75\",\"name\":\"Xavier DESANDRE NAVARRE\",\"image\":{\"@type\":\"ImageObject\",\"inLanguage\":\"fr-FR\",\"@id\":\"https:\\\/\\\/secure.gravatar.com\\\/avatar\\\/f5d0177a75f71d2039289a3687726c1181fc9368e48f4469bd627ff20d15397b?s=96&d=mm&r=g\",\"url\":\"https:\\\/\\\/secure.gravatar.com\\\/avatar\\\/f5d0177a75f71d2039289a3687726c1181fc9368e48f4469bd627ff20d15397b?s=96&d=mm&r=g\",\"contentUrl\":\"https:\\\/\\\/secure.gravatar.com\\\/avatar\\\/f5d0177a75f71d2039289a3687726c1181fc9368e48f4469bd627ff20d15397b?s=96&d=mm&r=g\",\"caption\":\"Xavier DESANDRE NAVARRE\"},\"logo\":{\"@id\":\"https:\\\/\\\/secure.gravatar.com\\\/avatar\\\/f5d0177a75f71d2039289a3687726c1181fc9368e48f4469bd627ff20d15397b?s=96&d=mm&r=g\"}}]}<\/script>\n<!-- \/ Yoast SEO plugin. -->","yoast_head_json":{"title":"Hakuei KIM & Xavier DESANDRE NAVARRE &#8226; Xavier DESANDRE NAVARRE","robots":{"index":"index","follow":"follow","max-snippet":"max-snippet:-1","max-image-preview":"max-image-preview:large","max-video-preview":"max-video-preview:-1"},"canonical":"https:\/\/www.xavierdesandrenavarre.com\/index.php\/fr\/hakuei-kim-xavier-desandre-navarre-duo\/","og_locale":"fr_FR","og_type":"article","og_title":"Hakuei KIM & Xavier DESANDRE NAVARRE &#8226; Xavier DESANDRE NAVARRE","og_description":"&nbsp; &nbsp; &nbsp; &nbsp; &nbsp; &nbsp; \u00ab Conversations In Paris \u00bb (Verve Universal) \u30ab\u30f3\u30f4\u30a1\u30bb\u30fc\u30b7\u30e7\u30f3\u30ba\u30fb\u30a4\u30f3\u30fb\u30d1\u30ea\u00a0\u00bb (\u30f4\u30a1\u30fc\u30f4\/\u30e6\u30cb\u30d0\u30fc\u30b5\u30eb) Concert enregistr\u00e9 en septembre 20018 au Sunside , Paris. \u4e92\u3044\u306e\u30a4\u30f3\u30b9\u30d4\u30ec\u30fc\u30b7\u30e7\u30f3\u304c\u30d1\u30ea\u306e\u591c\u306b\u3076\u3064\u304b\u308a\u5408\u3046\u3001\u2f69\u767d\u71b1\u306e\u30c7\u30e5\u30aa\u30fb\u30d1 \u30d5\u30a9\u30fc\u30de\u30f3\u30b9! Performance en duo incandescente o\u00f9 l&rsquo;inspiration des uns et des autres rencontre la nuit parisienne! \u30d5\u30e9\u30f3\u30b9\u3092\u4ee3\u8868\u3059\u308b\u30d1\u30fc\u30ab\u30c3\u30b7\u30e7\u30f3\u594f\u8005\u3068\u7d44\u3093\u3060\u3001\u30cf\u30af\u30a8\u30a4\u30fb\u30ad\u30e0\u521d\u306e\u6d77\u6d77\u5916 \u30e9\u30a4\u30f4\u9332\u2fb3\u97f3\u3002 &nbsp; &nbsp; Le percussionniste\u00a0 Xavier Desandre Navarre est un adepte des rencontres &hellip; Lire la suite Hakuei KIM &#038; Xavier DESANDRE NAVARRE","og_url":"https:\/\/www.xavierdesandrenavarre.com\/index.php\/fr\/hakuei-kim-xavier-desandre-navarre-duo\/","og_site_name":"Xavier DESANDRE NAVARRE","article_modified_time":"2019-11-12T18:42:07+00:00","og_image":[{"url":"http:\/\/www.xavierdesandrenavarre.com\/wp-content\/uploads\/2019\/06\/Conversations-in-Paris-293x300.png","type":"","width":"","height":""}],"twitter_card":"summary_large_image","twitter_misc":{"Dur\u00e9e de lecture estim\u00e9e":"3 minutes"},"schema":{"@context":"https:\/\/schema.org","@graph":[{"@type":"WebPage","@id":"https:\/\/www.xavierdesandrenavarre.com\/index.php\/fr\/hakuei-kim-xavier-desandre-navarre-duo\/","url":"https:\/\/www.xavierdesandrenavarre.com\/index.php\/fr\/hakuei-kim-xavier-desandre-navarre-duo\/","name":"Hakuei KIM & Xavier DESANDRE NAVARRE &#8226; Xavier DESANDRE NAVARRE","isPartOf":{"@id":"https:\/\/www.xavierdesandrenavarre.com\/#website"},"primaryImageOfPage":{"@id":"https:\/\/www.xavierdesandrenavarre.com\/index.php\/fr\/hakuei-kim-xavier-desandre-navarre-duo\/#primaryimage"},"image":{"@id":"https:\/\/www.xavierdesandrenavarre.com\/index.php\/fr\/hakuei-kim-xavier-desandre-navarre-duo\/#primaryimage"},"thumbnailUrl":"http:\/\/www.xavierdesandrenavarre.com\/wp-content\/uploads\/2019\/06\/Conversations-in-Paris-293x300.png","datePublished":"2019-06-26T12:15:28+00:00","dateModified":"2019-11-12T18:42:07+00:00","breadcrumb":{"@id":"https:\/\/www.xavierdesandrenavarre.com\/index.php\/fr\/hakuei-kim-xavier-desandre-navarre-duo\/#breadcrumb"},"inLanguage":"fr-FR","potentialAction":[{"@type":"ReadAction","target":["https:\/\/www.xavierdesandrenavarre.com\/index.php\/fr\/hakuei-kim-xavier-desandre-navarre-duo\/"]}]},{"@type":"ImageObject","inLanguage":"fr-FR","@id":"https:\/\/www.xavierdesandrenavarre.com\/index.php\/fr\/hakuei-kim-xavier-desandre-navarre-duo\/#primaryimage","url":"http:\/\/www.xavierdesandrenavarre.com\/wp-content\/uploads\/2019\/06\/Conversations-in-Paris-293x300.png","contentUrl":"http:\/\/www.xavierdesandrenavarre.com\/wp-content\/uploads\/2019\/06\/Conversations-in-Paris-293x300.png"},{"@type":"BreadcrumbList","@id":"https:\/\/www.xavierdesandrenavarre.com\/index.php\/fr\/hakuei-kim-xavier-desandre-navarre-duo\/#breadcrumb","itemListElement":[{"@type":"ListItem","position":1,"name":"Accueil","item":"https:\/\/www.xavierdesandrenavarre.com\/index.php\/fr\/actualites\/"},{"@type":"ListItem","position":2,"name":"Hakuei KIM &#038; Xavier DESANDRE NAVARRE"}]},{"@type":"WebSite","@id":"https:\/\/www.xavierdesandrenavarre.com\/#website","url":"https:\/\/www.xavierdesandrenavarre.com\/","name":"Xavier Desandre Navarre","description":"CREATIVE DRUMMING ","publisher":{"@id":"https:\/\/www.xavierdesandrenavarre.com\/#\/schema\/person\/d44923d7590d78b38ce0e9c1941a2c75"},"potentialAction":[{"@type":"SearchAction","target":{"@type":"EntryPoint","urlTemplate":"https:\/\/www.xavierdesandrenavarre.com\/?s={search_term_string}"},"query-input":{"@type":"PropertyValueSpecification","valueRequired":true,"valueName":"search_term_string"}}],"inLanguage":"fr-FR"},{"@type":["Person","Organization"],"@id":"https:\/\/www.xavierdesandrenavarre.com\/#\/schema\/person\/d44923d7590d78b38ce0e9c1941a2c75","name":"Xavier DESANDRE NAVARRE","image":{"@type":"ImageObject","inLanguage":"fr-FR","@id":"https:\/\/secure.gravatar.com\/avatar\/f5d0177a75f71d2039289a3687726c1181fc9368e48f4469bd627ff20d15397b?s=96&d=mm&r=g","url":"https:\/\/secure.gravatar.com\/avatar\/f5d0177a75f71d2039289a3687726c1181fc9368e48f4469bd627ff20d15397b?s=96&d=mm&r=g","contentUrl":"https:\/\/secure.gravatar.com\/avatar\/f5d0177a75f71d2039289a3687726c1181fc9368e48f4469bd627ff20d15397b?s=96&d=mm&r=g","caption":"Xavier DESANDRE NAVARRE"},"logo":{"@id":"https:\/\/secure.gravatar.com\/avatar\/f5d0177a75f71d2039289a3687726c1181fc9368e48f4469bd627ff20d15397b?s=96&d=mm&r=g"}}]}},"_links":{"self":[{"href":"https:\/\/www.xavierdesandrenavarre.com\/index.php\/wp-json\/wp\/v2\/pages\/1581","targetHints":{"allow":["GET"]}}],"collection":[{"href":"https:\/\/www.xavierdesandrenavarre.com\/index.php\/wp-json\/wp\/v2\/pages"}],"about":[{"href":"https:\/\/www.xavierdesandrenavarre.com\/index.php\/wp-json\/wp\/v2\/types\/page"}],"author":[{"embeddable":true,"href":"https:\/\/www.xavierdesandrenavarre.com\/index.php\/wp-json\/wp\/v2\/users\/3"}],"replies":[{"embeddable":true,"href":"https:\/\/www.xavierdesandrenavarre.com\/index.php\/wp-json\/wp\/v2\/comments?post=1581"}],"version-history":[{"count":6,"href":"https:\/\/www.xavierdesandrenavarre.com\/index.php\/wp-json\/wp\/v2\/pages\/1581\/revisions"}],"predecessor-version":[{"id":1712,"href":"https:\/\/www.xavierdesandrenavarre.com\/index.php\/wp-json\/wp\/v2\/pages\/1581\/revisions\/1712"}],"wp:attachment":[{"href":"https:\/\/www.xavierdesandrenavarre.com\/index.php\/wp-json\/wp\/v2\/media?parent=1581"}],"curies":[{"name":"wp","href":"https:\/\/api.w.org\/{rel}","templated":true}]}}