{"id":140,"date":"2015-11-25T21:07:55","date_gmt":"2015-11-25T20:07:55","guid":{"rendered":"https:\/\/xavierdesandrenavarre.wordpress.com\/?page_id=140"},"modified":"2015-11-25T21:07:55","modified_gmt":"2015-11-25T20:07:55","slug":"presse-beat-body-and-soul","status":"publish","type":"page","link":"https:\/\/www.xavierdesandrenavarre.com\/index.php\/fr\/presse-beat-body-and-soul\/","title":{"rendered":"PRESSE : BEAT BODY &#038; SOUL"},"content":{"rendered":"<blockquote>\n<p style=\"text-align:justify;\"><a href=\"http:\/\/www.jazzmagazine.com\/\" target=\"_blank\"><img loading=\"lazy\" decoding=\"async\" class=\"  wp-image-144 alignleft\" src=\"https:\/\/www.xavierdesandrenavarre.com\/wp-content\/uploads\/2015\/11\/imgres.png\" alt=\"imgres\" width=\"224\" height=\"95\" srcset=\"https:\/\/www.xavierdesandrenavarre.com\/wp-content\/uploads\/2015\/11\/imgres.png 346w, https:\/\/www.xavierdesandrenavarre.com\/wp-content\/uploads\/2015\/11\/imgres-300x127.png 300w\" sizes=\"auto, (max-width: 224px) 100vw, 224px\" \/><\/a><em>\u00a0<\/em><em>\u201cDans son univers musical, l\u2019Orient rencontre l\u2019Occident, le Nord flirte avec le Sud, la for\u00eat amazonienne se rappelle qu\u2019elle fut coll\u00e9e \u00e0 l\u2019Afrique, les p\u00f4les se confondent, et se dissolvent dans les tropiques, tel un parcours initiatique. C\u2019est beau \u00e0 voir et \u00e0 \u00e9couter. On en sort transform\u00e9 !\u201d<\/em><\/p>\n<p style=\"text-align:justify;\"><em>\u201cOn connaissait le talentueux batteur &amp; percussionniste et l\u2019on d\u00e9couvre un musicien complet, inventif et surprenant, qui ouvre son c\u0153ur en grand, chante remarquablement bien et compose un splendide puzzle musical aux mille facettes sonores. Abolissons les fronti\u00e8res mentales, terrestres et musicales afin de partir pour cet euphorique et d\u00e9paysant tour du monde\u201d.<\/em><\/p>\n<p style=\"text-align:center;\"><strong><em>Lionel Eskenazi (Jazz Magazine)<\/em><\/strong><\/p>\n<\/blockquote>\n<blockquote>\n<p style=\"text-align:justify;\"><img loading=\"lazy\" decoding=\"async\" class=\"  wp-image-153 alignleft\" src=\"https:\/\/www.xavierdesandrenavarre.com\/wp-content\/uploads\/2015\/11\/le-monde.jpg?w=559\" alt=\"Le Monde\" width=\"229\" height=\"49\" srcset=\"https:\/\/www.xavierdesandrenavarre.com\/wp-content\/uploads\/2015\/11\/le-monde.jpg 712w, https:\/\/www.xavierdesandrenavarre.com\/wp-content\/uploads\/2015\/11\/le-monde-300x64.jpg 300w\" sizes=\"auto, (max-width: 229px) 100vw, 229px\" \/><em>\u00ab<span class=\"s1\">Percussionniste, Xavier Desandre Navarre a r\u00e9guli\u00e8rement montr\u00e9 qu&rsquo;il mettait son \u00e9nergie et sa vivacit\u00e9 en jeu pour aller chercher la m\u00e9lodie dans les son set les rythmes.<\/span><\/em><\/p>\n<p class=\"p1\" style=\"text-align:justify;\"><em><span class=\"s1\">S&rsquo;il m\u00eale les instruments de l&rsquo;Afrique noire, du Br\u00e9sil, de l&rsquo;Asie, les peaux, le bois, les m\u00e9taux, Xavier Desandre Navarre \u00e9vite l&rsquo;\u00e9cueil du catalogue d\u00e9monstratif. Il conserve les propri\u00e9t\u00e9s, la nature, l&rsquo;histoire de chacune de ses percussions, met en valeur des agencements qui relient les territoires, les traditions.<\/span><\/em><\/p>\n<p class=\"p1\" style=\"text-align:justify;\"><em><span class=\"s1\">X DN traduit en musique des impressions de voyages, de rencontres, des ambiances en gardant les \u00e9motions vierges du premier regard.<\/span>\u00bb<\/em><\/p>\n<p style=\"text-align:center;\"><strong><em>Sylvain Siclier\u00a0(Journal Le Monde)<\/em><\/strong><\/p>\n<\/blockquote>\n<blockquote>\n<p style=\"text-align:justify;\"><a href=\"http:\/\/www.jazzmagazine.com\/\" target=\"_blank\"><img loading=\"lazy\" decoding=\"async\" class=\"alignnone  wp-image-144 alignleft\" src=\"https:\/\/www.xavierdesandrenavarre.com\/wp-content\/uploads\/2015\/11\/imgres.png\" alt=\"imgres\" width=\"225\" height=\"95\" srcset=\"https:\/\/www.xavierdesandrenavarre.com\/wp-content\/uploads\/2015\/11\/imgres.png 346w, https:\/\/www.xavierdesandrenavarre.com\/wp-content\/uploads\/2015\/11\/imgres-300x127.png 300w\" sizes=\"auto, (max-width: 225px) 100vw, 225px\" \/><\/a><em>\u00a0\u00bb Utilisation spectaculaire de la voix et des percussions avec un percussionniste qui imite les bruits de la jungle \u00bb \u2026 \u00ab une cath\u00e9drale de sons \u2026 \u00bb\u2026 Xavier Desandre joue d\u2019ailleurs pieds nus et le cheveu h\u00e9riss\u00e9, signes visibles qu\u2019il est en constante vibration avec quelque divinit\u00e9 tellurique. \u00bb<\/em><\/p>\n<p style=\"text-align:center;\"><strong><em>Lucien Giraud\u00a0(Jazz Magazine)<\/em><\/strong><\/p>\n<\/blockquote>\n<blockquote>\n<p style=\"text-align:center;\"><em>\u00ab Toute la plan\u00e8te est salu\u00e9e ici avec un sens de l\u2019arrangement impressionnant \u00bb<\/em><\/p>\n<p style=\"text-align:center;\"><strong><em>Mathieu Jouan\u00a0(Net Beat)<\/em><\/strong><\/p>\n<\/blockquote>\n<blockquote>\n<p style=\"text-align:justify;\"><em><a href=\"http:\/\/www.jazz-rhone-alpes.com\/120528\/\" target=\"_blank\"><img loading=\"lazy\" decoding=\"async\" class=\"alignnone  wp-image-173 alignleft\" src=\"https:\/\/www.xavierdesandrenavarre.com\/wp-content\/uploads\/2015\/11\/logo-jazz-rhone-alpes.png\" alt=\"LOGO JAZZ RHONE ALPES.png\" width=\"317\" height=\"56\" srcset=\"https:\/\/www.xavierdesandrenavarre.com\/wp-content\/uploads\/2015\/11\/logo-jazz-rhone-alpes.png 403w, https:\/\/www.xavierdesandrenavarre.com\/wp-content\/uploads\/2015\/11\/logo-jazz-rhone-alpes-300x53.png 300w\" sizes=\"auto, (max-width: 317px) 100vw, 317px\" \/><\/a>\u00ab<span class=\"s1\">Premier concert du percussionniste Xavier Desandre Navarre pour sa r\u00e9sidence \u00e0 l&rsquo;Op\u00e9ra de Lyon. Il commence par le plus dur, un solo ! Pas facile comme sujet.<\/span><\/em><\/p>\n<p class=\"p1\"><em><span class=\"s1\">On commence en terrain vierge : Xavier Desandre Navarre pr\u00e9pare son terrain de jeu en enregistrant quelques boucles avec des appeaux, sifflets et diverses petites percussions. L&rsquo;ambiance est plut\u00f4t exotique. Suivront des improvisations o\u00f9 congas, djemb\u00e9, tambourin et samplers sont mis \u00e0 contribution.<\/span><\/em><\/p>\n<p class=\"p1\"><img loading=\"lazy\" decoding=\"async\" class=\" size-full wp-image-577 aligncenter\" src=\"https:\/\/www.xavierdesandrenavarre.com\/wp-content\/uploads\/2015\/12\/capture-d_c3a9cran-2015-12-08-c3a0-16-23-26.png\" alt=\"Capture d\u2019e\u0301cran 2015-12-08 a\u0300 16.23.26.png\" width=\"517\" height=\"185\" srcset=\"https:\/\/www.xavierdesandrenavarre.com\/wp-content\/uploads\/2015\/12\/capture-d_c3a9cran-2015-12-08-c3a0-16-23-26.png 517w, https:\/\/www.xavierdesandrenavarre.com\/wp-content\/uploads\/2015\/12\/capture-d_c3a9cran-2015-12-08-c3a0-16-23-26-300x107.png 300w\" sizes=\"auto, (max-width: 517px) 100vw, 517px\" \/><\/p>\n<p class=\"p1\"><em><span class=\"s1\">Xavier Desandre Navarre n&rsquo;h\u00e9site pas \u00e0 vocaliser et \u00e0 chanter. Le public appr\u00e9cie cette prestation d&rsquo;homme orchestre, qui seul en sc\u00e8ne parvient \u00e0 construire un univers riche et vari\u00e9.<\/span><\/em><\/p>\n<p class=\"p1\"><em><span class=\"s1\">Ce premier concert s&rsquo;ach\u00e8ve sur un th\u00e8me Gilberto Gil et Gaetano Veloso (Ha\u00efti) qui traite de la n\u00e9gritude au Br\u00e9sil.<\/span>\u00bb<\/em><\/p>\n<p style=\"text-align:center;\"><strong><em>Pascal Derath\u00e9 \u00a0(Jazz Rhone Alpes)<\/em><\/strong><\/p>\n<\/blockquote>\n<blockquote>\n<p style=\"text-align:justify;\"><em><a href=\"http:\/\/www.telerama.fr\/\" target=\"_blank\"><img loading=\"lazy\" decoding=\"async\" class=\"  wp-image-575 alignleft\" src=\"https:\/\/www.xavierdesandrenavarre.com\/wp-content\/uploads\/2015\/12\/capture-d_c3a9cran-2015-12-08-c3a0-16-07-49.png\" alt=\"Capture d\u2019\u00e9cran 2015-12-08 \u00e0 16.07.49\" width=\"204\" height=\"48\" \/><\/a>\u00ab<span class=\"s1\">De l\u2019\u00e9nergie, du groove, du swing. Le sorcier du rythme, Xavier Desandre Navarre, embrase l\u2019AmphiOp\u00e9ra avec ses percussions ethniques, recycl\u00e9es ou technologiques. L\u2019AmphiOp\u00e9ra, c\u2019est l\u2019autre salle de l\u2019Op\u00e9ra de Lyon, un laboratoire contemporain o\u00f9 les genres et les gens se retrouvent. Pr\u00eats pour une \u00e9chapp\u00e9e culturelle ?<\/span>\u00bb<\/em><\/p>\n<p style=\"text-align:center;\"><strong><em>(T\u00e9l\u00e9rama)<\/em><\/strong><\/p>\n<\/blockquote>\n<blockquote>\n<p style=\"text-align:center;\"><img loading=\"lazy\" decoding=\"async\" class=\"alignnone size-full wp-image-704\" src=\"https:\/\/www.xavierdesandrenavarre.com\/wp-content\/uploads\/2015\/12\/capture-d_ecc81cran-2015-12-11-acc80-13-04-09.png\" alt=\"Capture d\u2019e\u0301cran 2015-12-11 a\u0300 13.04.09.png\" width=\"703\" height=\"517\" srcset=\"https:\/\/www.xavierdesandrenavarre.com\/wp-content\/uploads\/2015\/12\/capture-d_ecc81cran-2015-12-11-acc80-13-04-09.png 703w, https:\/\/www.xavierdesandrenavarre.com\/wp-content\/uploads\/2015\/12\/capture-d_ecc81cran-2015-12-11-acc80-13-04-09-300x221.png 300w\" sizes=\"auto, (max-width: 703px) 100vw, 703px\" \/><\/p>\n<p style=\"text-align:center;\"><strong>(Midi Libre)<\/strong><\/p>\n<\/blockquote>\n<p style=\"text-align:center;\">\n","protected":false},"excerpt":{"rendered":"<p>\u00a0\u201cDans son univers musical, l\u2019Orient rencontre l\u2019Occident, le Nord flirte avec le Sud, la for\u00eat amazonienne se rappelle qu\u2019elle fut coll\u00e9e \u00e0 l\u2019Afrique, les p\u00f4les se confondent, et se dissolvent dans les tropiques, tel un parcours initiatique. C\u2019est beau \u00e0 voir et \u00e0 \u00e9couter. On en sort transform\u00e9 !\u201d \u201cOn connaissait le talentueux batteur &amp; &hellip; <a class=\"more-link\" href=\"https:\/\/www.xavierdesandrenavarre.com\/index.php\/fr\/presse-beat-body-and-soul\/\">Lire la suite <span class=\"screen-reader-text\">PRESSE : BEAT BODY &#038; SOUL<\/span><\/a><\/p>\n","protected":false},"author":3,"featured_media":0,"parent":0,"menu_order":0,"comment_status":"closed","ping_status":"closed","template":"","meta":{"__cvm_playback_settings":[],"__cvm_video_id":"","footnotes":""},"class_list":["post-140","page","type-page","status-publish","hentry"],"yoast_head":"<!-- This site is optimized with the Yoast SEO plugin v27.5 - https:\/\/yoast.com\/product\/yoast-seo-wordpress\/ -->\n<title>PRESSE : BEAT BODY &amp; SOUL &#8226; Xavier DESANDRE NAVARRE<\/title>\n<meta name=\"robots\" content=\"index, follow, max-snippet:-1, max-image-preview:large, max-video-preview:-1\" \/>\n<link rel=\"canonical\" href=\"https:\/\/www.xavierdesandrenavarre.com\/index.php\/fr\/presse-beat-body-and-soul\/\" \/>\n<meta property=\"og:locale\" content=\"fr_FR\" \/>\n<meta property=\"og:type\" content=\"article\" \/>\n<meta property=\"og:title\" content=\"PRESSE : BEAT BODY &amp; SOUL &#8226; Xavier DESANDRE NAVARRE\" \/>\n<meta property=\"og:description\" content=\"\u00a0\u201cDans son univers musical, l\u2019Orient rencontre l\u2019Occident, le Nord flirte avec le Sud, la for\u00eat amazonienne se rappelle qu\u2019elle fut coll\u00e9e \u00e0 l\u2019Afrique, les p\u00f4les se confondent, et se dissolvent dans les tropiques, tel un parcours initiatique. C\u2019est beau \u00e0 voir et \u00e0 \u00e9couter. On en sort transform\u00e9 !\u201d \u201cOn connaissait le talentueux batteur &amp; &hellip; Lire la suite PRESSE : BEAT BODY &#038; SOUL\" \/>\n<meta property=\"og:url\" content=\"https:\/\/www.xavierdesandrenavarre.com\/index.php\/fr\/presse-beat-body-and-soul\/\" \/>\n<meta property=\"og:site_name\" content=\"Xavier DESANDRE NAVARRE\" \/>\n<meta property=\"og:image\" content=\"http:\/\/www.xavierdesandrenavarre.com\/wp-content\/uploads\/2015\/11\/imgres.png\" \/>\n<meta name=\"twitter:card\" content=\"summary_large_image\" \/>\n<meta name=\"twitter:label1\" content=\"Dur\u00e9e de lecture estim\u00e9e\" \/>\n\t<meta name=\"twitter:data1\" content=\"2 minutes\" \/>\n<script type=\"application\/ld+json\" class=\"yoast-schema-graph\">{\"@context\":\"https:\\\/\\\/schema.org\",\"@graph\":[{\"@type\":\"WebPage\",\"@id\":\"https:\\\/\\\/www.xavierdesandrenavarre.com\\\/index.php\\\/fr\\\/presse-beat-body-and-soul\\\/\",\"url\":\"https:\\\/\\\/www.xavierdesandrenavarre.com\\\/index.php\\\/fr\\\/presse-beat-body-and-soul\\\/\",\"name\":\"PRESSE : BEAT BODY & SOUL &#8226; Xavier DESANDRE NAVARRE\",\"isPartOf\":{\"@id\":\"https:\\\/\\\/www.xavierdesandrenavarre.com\\\/#website\"},\"primaryImageOfPage\":{\"@id\":\"https:\\\/\\\/www.xavierdesandrenavarre.com\\\/index.php\\\/fr\\\/presse-beat-body-and-soul\\\/#primaryimage\"},\"image\":{\"@id\":\"https:\\\/\\\/www.xavierdesandrenavarre.com\\\/index.php\\\/fr\\\/presse-beat-body-and-soul\\\/#primaryimage\"},\"thumbnailUrl\":\"http:\\\/\\\/www.xavierdesandrenavarre.com\\\/wp-content\\\/uploads\\\/2015\\\/11\\\/imgres.png\",\"datePublished\":\"2015-11-25T20:07:55+00:00\",\"breadcrumb\":{\"@id\":\"https:\\\/\\\/www.xavierdesandrenavarre.com\\\/index.php\\\/fr\\\/presse-beat-body-and-soul\\\/#breadcrumb\"},\"inLanguage\":\"fr-FR\",\"potentialAction\":[{\"@type\":\"ReadAction\",\"target\":[\"https:\\\/\\\/www.xavierdesandrenavarre.com\\\/index.php\\\/fr\\\/presse-beat-body-and-soul\\\/\"]}]},{\"@type\":\"ImageObject\",\"inLanguage\":\"fr-FR\",\"@id\":\"https:\\\/\\\/www.xavierdesandrenavarre.com\\\/index.php\\\/fr\\\/presse-beat-body-and-soul\\\/#primaryimage\",\"url\":\"http:\\\/\\\/www.xavierdesandrenavarre.com\\\/wp-content\\\/uploads\\\/2015\\\/11\\\/imgres.png\",\"contentUrl\":\"http:\\\/\\\/www.xavierdesandrenavarre.com\\\/wp-content\\\/uploads\\\/2015\\\/11\\\/imgres.png\"},{\"@type\":\"BreadcrumbList\",\"@id\":\"https:\\\/\\\/www.xavierdesandrenavarre.com\\\/index.php\\\/fr\\\/presse-beat-body-and-soul\\\/#breadcrumb\",\"itemListElement\":[{\"@type\":\"ListItem\",\"position\":1,\"name\":\"Accueil\",\"item\":\"https:\\\/\\\/www.xavierdesandrenavarre.com\\\/index.php\\\/fr\\\/actualites\\\/\"},{\"@type\":\"ListItem\",\"position\":2,\"name\":\"PRESSE : BEAT BODY &#038; SOUL\"}]},{\"@type\":\"WebSite\",\"@id\":\"https:\\\/\\\/www.xavierdesandrenavarre.com\\\/#website\",\"url\":\"https:\\\/\\\/www.xavierdesandrenavarre.com\\\/\",\"name\":\"Xavier Desandre Navarre\",\"description\":\"CREATIVE DRUMMING \",\"publisher\":{\"@id\":\"https:\\\/\\\/www.xavierdesandrenavarre.com\\\/#\\\/schema\\\/person\\\/d44923d7590d78b38ce0e9c1941a2c75\"},\"potentialAction\":[{\"@type\":\"SearchAction\",\"target\":{\"@type\":\"EntryPoint\",\"urlTemplate\":\"https:\\\/\\\/www.xavierdesandrenavarre.com\\\/?s={search_term_string}\"},\"query-input\":{\"@type\":\"PropertyValueSpecification\",\"valueRequired\":true,\"valueName\":\"search_term_string\"}}],\"inLanguage\":\"fr-FR\"},{\"@type\":[\"Person\",\"Organization\"],\"@id\":\"https:\\\/\\\/www.xavierdesandrenavarre.com\\\/#\\\/schema\\\/person\\\/d44923d7590d78b38ce0e9c1941a2c75\",\"name\":\"Xavier DESANDRE NAVARRE\",\"image\":{\"@type\":\"ImageObject\",\"inLanguage\":\"fr-FR\",\"@id\":\"https:\\\/\\\/secure.gravatar.com\\\/avatar\\\/f5d0177a75f71d2039289a3687726c1181fc9368e48f4469bd627ff20d15397b?s=96&d=mm&r=g\",\"url\":\"https:\\\/\\\/secure.gravatar.com\\\/avatar\\\/f5d0177a75f71d2039289a3687726c1181fc9368e48f4469bd627ff20d15397b?s=96&d=mm&r=g\",\"contentUrl\":\"https:\\\/\\\/secure.gravatar.com\\\/avatar\\\/f5d0177a75f71d2039289a3687726c1181fc9368e48f4469bd627ff20d15397b?s=96&d=mm&r=g\",\"caption\":\"Xavier DESANDRE NAVARRE\"},\"logo\":{\"@id\":\"https:\\\/\\\/secure.gravatar.com\\\/avatar\\\/f5d0177a75f71d2039289a3687726c1181fc9368e48f4469bd627ff20d15397b?s=96&d=mm&r=g\"}}]}<\/script>\n<!-- \/ Yoast SEO plugin. -->","yoast_head_json":{"title":"PRESSE : BEAT BODY & SOUL &#8226; Xavier DESANDRE NAVARRE","robots":{"index":"index","follow":"follow","max-snippet":"max-snippet:-1","max-image-preview":"max-image-preview:large","max-video-preview":"max-video-preview:-1"},"canonical":"https:\/\/www.xavierdesandrenavarre.com\/index.php\/fr\/presse-beat-body-and-soul\/","og_locale":"fr_FR","og_type":"article","og_title":"PRESSE : BEAT BODY & SOUL &#8226; Xavier DESANDRE NAVARRE","og_description":"\u00a0\u201cDans son univers musical, l\u2019Orient rencontre l\u2019Occident, le Nord flirte avec le Sud, la for\u00eat amazonienne se rappelle qu\u2019elle fut coll\u00e9e \u00e0 l\u2019Afrique, les p\u00f4les se confondent, et se dissolvent dans les tropiques, tel un parcours initiatique. C\u2019est beau \u00e0 voir et \u00e0 \u00e9couter. On en sort transform\u00e9 !\u201d \u201cOn connaissait le talentueux batteur &amp; &hellip; Lire la suite PRESSE : BEAT BODY &#038; SOUL","og_url":"https:\/\/www.xavierdesandrenavarre.com\/index.php\/fr\/presse-beat-body-and-soul\/","og_site_name":"Xavier DESANDRE NAVARRE","og_image":[{"url":"http:\/\/www.xavierdesandrenavarre.com\/wp-content\/uploads\/2015\/11\/imgres.png","type":"","width":"","height":""}],"twitter_card":"summary_large_image","twitter_misc":{"Dur\u00e9e de lecture estim\u00e9e":"2 minutes"},"schema":{"@context":"https:\/\/schema.org","@graph":[{"@type":"WebPage","@id":"https:\/\/www.xavierdesandrenavarre.com\/index.php\/fr\/presse-beat-body-and-soul\/","url":"https:\/\/www.xavierdesandrenavarre.com\/index.php\/fr\/presse-beat-body-and-soul\/","name":"PRESSE : BEAT BODY & SOUL &#8226; Xavier DESANDRE NAVARRE","isPartOf":{"@id":"https:\/\/www.xavierdesandrenavarre.com\/#website"},"primaryImageOfPage":{"@id":"https:\/\/www.xavierdesandrenavarre.com\/index.php\/fr\/presse-beat-body-and-soul\/#primaryimage"},"image":{"@id":"https:\/\/www.xavierdesandrenavarre.com\/index.php\/fr\/presse-beat-body-and-soul\/#primaryimage"},"thumbnailUrl":"http:\/\/www.xavierdesandrenavarre.com\/wp-content\/uploads\/2015\/11\/imgres.png","datePublished":"2015-11-25T20:07:55+00:00","breadcrumb":{"@id":"https:\/\/www.xavierdesandrenavarre.com\/index.php\/fr\/presse-beat-body-and-soul\/#breadcrumb"},"inLanguage":"fr-FR","potentialAction":[{"@type":"ReadAction","target":["https:\/\/www.xavierdesandrenavarre.com\/index.php\/fr\/presse-beat-body-and-soul\/"]}]},{"@type":"ImageObject","inLanguage":"fr-FR","@id":"https:\/\/www.xavierdesandrenavarre.com\/index.php\/fr\/presse-beat-body-and-soul\/#primaryimage","url":"http:\/\/www.xavierdesandrenavarre.com\/wp-content\/uploads\/2015\/11\/imgres.png","contentUrl":"http:\/\/www.xavierdesandrenavarre.com\/wp-content\/uploads\/2015\/11\/imgres.png"},{"@type":"BreadcrumbList","@id":"https:\/\/www.xavierdesandrenavarre.com\/index.php\/fr\/presse-beat-body-and-soul\/#breadcrumb","itemListElement":[{"@type":"ListItem","position":1,"name":"Accueil","item":"https:\/\/www.xavierdesandrenavarre.com\/index.php\/fr\/actualites\/"},{"@type":"ListItem","position":2,"name":"PRESSE : BEAT BODY &#038; SOUL"}]},{"@type":"WebSite","@id":"https:\/\/www.xavierdesandrenavarre.com\/#website","url":"https:\/\/www.xavierdesandrenavarre.com\/","name":"Xavier Desandre Navarre","description":"CREATIVE DRUMMING ","publisher":{"@id":"https:\/\/www.xavierdesandrenavarre.com\/#\/schema\/person\/d44923d7590d78b38ce0e9c1941a2c75"},"potentialAction":[{"@type":"SearchAction","target":{"@type":"EntryPoint","urlTemplate":"https:\/\/www.xavierdesandrenavarre.com\/?s={search_term_string}"},"query-input":{"@type":"PropertyValueSpecification","valueRequired":true,"valueName":"search_term_string"}}],"inLanguage":"fr-FR"},{"@type":["Person","Organization"],"@id":"https:\/\/www.xavierdesandrenavarre.com\/#\/schema\/person\/d44923d7590d78b38ce0e9c1941a2c75","name":"Xavier DESANDRE NAVARRE","image":{"@type":"ImageObject","inLanguage":"fr-FR","@id":"https:\/\/secure.gravatar.com\/avatar\/f5d0177a75f71d2039289a3687726c1181fc9368e48f4469bd627ff20d15397b?s=96&d=mm&r=g","url":"https:\/\/secure.gravatar.com\/avatar\/f5d0177a75f71d2039289a3687726c1181fc9368e48f4469bd627ff20d15397b?s=96&d=mm&r=g","contentUrl":"https:\/\/secure.gravatar.com\/avatar\/f5d0177a75f71d2039289a3687726c1181fc9368e48f4469bd627ff20d15397b?s=96&d=mm&r=g","caption":"Xavier DESANDRE NAVARRE"},"logo":{"@id":"https:\/\/secure.gravatar.com\/avatar\/f5d0177a75f71d2039289a3687726c1181fc9368e48f4469bd627ff20d15397b?s=96&d=mm&r=g"}}]}},"_links":{"self":[{"href":"https:\/\/www.xavierdesandrenavarre.com\/index.php\/wp-json\/wp\/v2\/pages\/140","targetHints":{"allow":["GET"]}}],"collection":[{"href":"https:\/\/www.xavierdesandrenavarre.com\/index.php\/wp-json\/wp\/v2\/pages"}],"about":[{"href":"https:\/\/www.xavierdesandrenavarre.com\/index.php\/wp-json\/wp\/v2\/types\/page"}],"author":[{"embeddable":true,"href":"https:\/\/www.xavierdesandrenavarre.com\/index.php\/wp-json\/wp\/v2\/users\/3"}],"replies":[{"embeddable":true,"href":"https:\/\/www.xavierdesandrenavarre.com\/index.php\/wp-json\/wp\/v2\/comments?post=140"}],"version-history":[{"count":0,"href":"https:\/\/www.xavierdesandrenavarre.com\/index.php\/wp-json\/wp\/v2\/pages\/140\/revisions"}],"wp:attachment":[{"href":"https:\/\/www.xavierdesandrenavarre.com\/index.php\/wp-json\/wp\/v2\/media?parent=140"}],"curies":[{"name":"wp","href":"https:\/\/api.w.org\/{rel}","templated":true}]}}