{"id":1364,"date":"2016-04-01T14:30:27","date_gmt":"2016-04-01T13:30:27","guid":{"rendered":"http:\/\/www.xavierdesandrenavarre.com\/?page_id=1364"},"modified":"2017-03-06T15:32:02","modified_gmt":"2017-03-06T14:32:02","slug":"phil-robert-3kindred-spirit-boogaloo-zoo","status":"publish","type":"page","link":"https:\/\/www.xavierdesandrenavarre.com\/index.php\/fr\/phil-robert-3kindred-spirit-boogaloo-zoo\/","title":{"rendered":"Phil ROBERT &#038; 3Kindred Spirit \u00ab\u00a0BOOGALOO ZOO\u00a0\u00bb"},"content":{"rendered":"<p><img loading=\"lazy\" decoding=\"async\" class=\"wp-image-1367 aligncenter\" src=\"https:\/\/www.xavierdesandrenavarre.com\/wp-content\/uploads\/2016\/04\/Boogaloo-Zoo-300x127.png\" alt=\"Boogaloo Zoo\" width=\"274\" height=\"116\" srcset=\"https:\/\/www.xavierdesandrenavarre.com\/wp-content\/uploads\/2016\/04\/Boogaloo-Zoo-300x127.png 300w, https:\/\/www.xavierdesandrenavarre.com\/wp-content\/uploads\/2016\/04\/Boogaloo-Zoo-768x324.png 768w, https:\/\/www.xavierdesandrenavarre.com\/wp-content\/uploads\/2016\/04\/Boogaloo-Zoo-1024x432.png 1024w\" sizes=\"auto, (max-width: 274px) 100vw, 274px\" \/><\/p>\n<p><img loading=\"lazy\" decoding=\"async\" class=\"alignnone wp-image-1365\" src=\"https:\/\/www.xavierdesandrenavarre.com\/wp-content\/uploads\/2016\/04\/LE-BAND-1171-300x194.jpg\" alt=\"LE BAND 1171\" width=\"377\" height=\"244\" srcset=\"https:\/\/www.xavierdesandrenavarre.com\/wp-content\/uploads\/2016\/04\/LE-BAND-1171-300x194.jpg 300w, https:\/\/www.xavierdesandrenavarre.com\/wp-content\/uploads\/2016\/04\/LE-BAND-1171-768x498.jpg 768w, https:\/\/www.xavierdesandrenavarre.com\/wp-content\/uploads\/2016\/04\/LE-BAND-1171-1024x664.jpg 1024w\" sizes=\"auto, (max-width: 377px) 100vw, 377px\" \/>\u00a0 \u00a0 \u00a0 \u00a0 \u00a0 \u00a0 \u00a0 \u00a0 \u00a0 \u00a0 \u00a0 \u00a0 \u00a0 \u00a0 \u00a0 \u00a0 \u00a0 \u00a0<img loading=\"lazy\" decoding=\"async\" class=\"alignnone wp-image-1366\" src=\"https:\/\/www.xavierdesandrenavarre.com\/wp-content\/uploads\/2016\/04\/Face-CD-Deluxe-600-300x300.png\" alt=\"Face CD Deluxe 600\" width=\"244\" height=\"244\" srcset=\"https:\/\/www.xavierdesandrenavarre.com\/wp-content\/uploads\/2016\/04\/Face-CD-Deluxe-600-300x300.png 300w, https:\/\/www.xavierdesandrenavarre.com\/wp-content\/uploads\/2016\/04\/Face-CD-Deluxe-600-150x150.png 150w, https:\/\/www.xavierdesandrenavarre.com\/wp-content\/uploads\/2016\/04\/Face-CD-Deluxe-600-365x365.png 365w, https:\/\/www.xavierdesandrenavarre.com\/wp-content\/uploads\/2016\/04\/Face-CD-Deluxe-600-500x500.png 500w, https:\/\/www.xavierdesandrenavarre.com\/wp-content\/uploads\/2016\/04\/Face-CD-Deluxe-600.png 600w\" sizes=\"auto, (max-width: 244px) 100vw, 244px\" \/><\/p>\n<p>&nbsp;<\/p>\n<div class=\"epyt-video-wrapper\">\n<div  id=\"_ytid_19858\"  width=\"560\" height=\"315\"  data-origwidth=\"560\" data-origheight=\"315\" data-facadesrc=\"https:\/\/www.youtube.com\/embed\/5FDjnES2ttA?enablejsapi=1&#038;list=PLySMjacX-qZLeoDHVvQBly7b179lHRBUF&#038;index=2&#038;autoplay=0&#038;cc_load_policy=0&#038;cc_lang_pref=&#038;iv_load_policy=3&#038;loop=0&#038;rel=0&#038;fs=1&#038;playsinline=1&#038;autohide=1&#038;theme=dark&#038;color=red&#038;controls=1&#038;disablekb=0&#038;\" class=\"__youtube_prefs__ epyt-facade epyt-is-override  no-lazyload\" data-epautoplay=\"1\" ><img decoding=\"async\" data-spai-excluded=\"true\" class=\"epyt-facade-poster skip-lazy\" loading=\"lazy\"  alt=\"YouTube player\"  src=\"https:\/\/i.ytimg.com\/vi\/5FDjnES2ttA\/maxresdefault.jpg\"  \/><button class=\"epyt-facade-play\" aria-label=\"Play\"><svg data-no-lazy=\"1\" height=\"100%\" version=\"1.1\" viewBox=\"0 0 68 48\" width=\"100%\"><path class=\"ytp-large-play-button-bg\" d=\"M66.52,7.74c-0.78-2.93-2.49-5.41-5.42-6.19C55.79,.13,34,0,34,0S12.21,.13,6.9,1.55 C3.97,2.33,2.27,4.81,1.48,7.74C0.06,13.05,0,24,0,24s0.06,10.95,1.48,16.26c0.78,2.93,2.49,5.41,5.42,6.19 C12.21,47.87,34,48,34,48s21.79-0.13,27.1-1.55c2.93-0.78,4.64-3.26,5.42-6.19C67.94,34.95,68,24,68,24S67.94,13.05,66.52,7.74z\" fill=\"#f00\"><\/path><path d=\"M 45,24 27,14 27,34\" fill=\"#fff\"><\/path><\/svg><\/button><\/div>\n<\/div>\n<p>&nbsp;<\/p>\n<p>RETROUVEZ PHIL ROBERT :<\/p>\n<p>Site Internet : <a href=\"http:\/\/www.phil-robert.com\/\" target=\"_blank\">www.phil-robert.com<\/a><\/p>\n<p><a href=\"http:\/\/www.phil-robert.com\/merchandising\/\" target=\"_blank\">Achats de Cd, Vinyls, mp3, Flac, Wav<\/a><\/p>\n<p><a href=\"http:\/\/www.cdbaby.com\/cd\/philjlrobert3kindredspir\" target=\"_blank\">Acheter le disc sur la plateforme externe cdbaby<\/a><\/p>\n<p>&nbsp;<\/p>\n<p>Facebook :<\/p>\n<p><a href=\"https:\/\/www.facebook.com\/philjlrobert\" target=\"_blank\">Phil Robert<\/a><\/p>\n<p><a href=\"https:\/\/www.facebook.com\/PhilJLRobert3kindred.spirit\/\" target=\"_blank\">3Kindred Spirit<\/a><\/p>\n<p>&nbsp;<\/p>\n<p><a href=\"https:\/\/www.youtube.com\/channel\/UC_RuBWBI-cIFKQQo0AE2pCg\" target=\"_blank\">Chaine Youtube<\/a><\/p>\n<p><a href=\"https:\/\/philjlrobert.bandcamp.com\/releases\" target=\"_blank\">Bandcamp<\/a><\/p>\n<p><a href=\"https:\/\/www.reverbnation.com\/PhilJLRobert\/\" target=\"_blank\">Reverbnation<\/a><\/p>\n<p>Music Award 2015\u00a0: cet album a\u00a0re\u00e7u l&rsquo;Award du Meilleur Album Jazz du mois de d\u00e9cembre 2015 par l&rsquo;organisme am\u00e9ricain\u00a0<a href=\"http:\/\/www.theakademia.com\/december2015_bestalbum_jazz3.html\" target=\"_blank\">The Akademia<\/a>.<\/p>\n<p>Attach\u00e9e de presse\u00a0: <a href=\"mailto:laetitia.matusik@gmail.com\" target=\"_blank\">Laetitia MATUSIK<\/a><\/p>\n<p>&nbsp;<\/p>\n","protected":false},"excerpt":{"rendered":"<p>\u00a0 \u00a0 \u00a0 \u00a0 \u00a0 \u00a0 \u00a0 \u00a0 \u00a0 \u00a0 \u00a0 \u00a0 \u00a0 \u00a0 \u00a0 \u00a0 \u00a0 \u00a0 &nbsp; &nbsp; RETROUVEZ PHIL ROBERT : Site Internet : www.phil-robert.com Achats de Cd, Vinyls, mp3, Flac, Wav Acheter le disc sur la plateforme externe cdbaby &nbsp; Facebook : Phil Robert 3Kindred Spirit &nbsp; Chaine Youtube Bandcamp Reverbnation &hellip; <a class=\"more-link\" href=\"https:\/\/www.xavierdesandrenavarre.com\/index.php\/fr\/phil-robert-3kindred-spirit-boogaloo-zoo\/\">Lire la suite <span class=\"screen-reader-text\">Phil ROBERT &#038; 3Kindred Spirit \u00ab\u00a0BOOGALOO ZOO\u00a0\u00bb<\/span><\/a><\/p>\n","protected":false},"author":3,"featured_media":0,"parent":0,"menu_order":0,"comment_status":"closed","ping_status":"closed","template":"","meta":{"__cvm_playback_settings":[],"__cvm_video_id":"","footnotes":""},"class_list":["post-1364","page","type-page","status-publish","hentry"],"yoast_head":"<!-- This site is optimized with the Yoast SEO plugin v27.4 - https:\/\/yoast.com\/product\/yoast-seo-wordpress\/ -->\n<title>Phil ROBERT &amp; 3Kindred Spirit &quot;BOOGALOO ZOO&quot; &#8226; Xavier DESANDRE NAVARRE<\/title>\n<meta name=\"robots\" content=\"index, follow, max-snippet:-1, max-image-preview:large, max-video-preview:-1\" \/>\n<link rel=\"canonical\" href=\"https:\/\/www.xavierdesandrenavarre.com\/index.php\/fr\/phil-robert-3kindred-spirit-boogaloo-zoo\/\" \/>\n<meta property=\"og:locale\" content=\"fr_FR\" \/>\n<meta property=\"og:type\" content=\"article\" \/>\n<meta property=\"og:title\" content=\"Phil ROBERT &amp; 3Kindred Spirit &quot;BOOGALOO ZOO&quot; &#8226; Xavier DESANDRE NAVARRE\" \/>\n<meta property=\"og:description\" content=\"\u00a0 \u00a0 \u00a0 \u00a0 \u00a0 \u00a0 \u00a0 \u00a0 \u00a0 \u00a0 \u00a0 \u00a0 \u00a0 \u00a0 \u00a0 \u00a0 \u00a0 \u00a0 &nbsp; &nbsp; RETROUVEZ PHIL ROBERT : Site Internet : www.phil-robert.com Achats de Cd, Vinyls, mp3, Flac, Wav Acheter le disc sur la plateforme externe cdbaby &nbsp; Facebook : Phil Robert 3Kindred Spirit &nbsp; Chaine Youtube Bandcamp Reverbnation &hellip; Lire la suite Phil ROBERT &#038; 3Kindred Spirit \u00ab\u00a0BOOGALOO ZOO\u00a0\u00bb\" \/>\n<meta property=\"og:url\" content=\"https:\/\/www.xavierdesandrenavarre.com\/index.php\/fr\/phil-robert-3kindred-spirit-boogaloo-zoo\/\" \/>\n<meta property=\"og:site_name\" content=\"Xavier DESANDRE NAVARRE\" \/>\n<meta property=\"article:modified_time\" content=\"2017-03-06T14:32:02+00:00\" \/>\n<meta property=\"og:image\" content=\"http:\/\/www.xavierdesandrenavarre.com\/wp-content\/uploads\/2016\/04\/Boogaloo-Zoo-300x127.png\" \/>\n<meta name=\"twitter:card\" content=\"summary_large_image\" \/>\n<meta name=\"twitter:label1\" content=\"Dur\u00e9e de lecture estim\u00e9e\" \/>\n\t<meta name=\"twitter:data1\" content=\"1 minute\" \/>\n<script type=\"application\/ld+json\" class=\"yoast-schema-graph\">{\"@context\":\"https:\\\/\\\/schema.org\",\"@graph\":[{\"@type\":\"WebPage\",\"@id\":\"https:\\\/\\\/www.xavierdesandrenavarre.com\\\/index.php\\\/fr\\\/phil-robert-3kindred-spirit-boogaloo-zoo\\\/\",\"url\":\"https:\\\/\\\/www.xavierdesandrenavarre.com\\\/index.php\\\/fr\\\/phil-robert-3kindred-spirit-boogaloo-zoo\\\/\",\"name\":\"Phil ROBERT & 3Kindred Spirit \\\"BOOGALOO ZOO\\\" &#8226; Xavier DESANDRE NAVARRE\",\"isPartOf\":{\"@id\":\"https:\\\/\\\/www.xavierdesandrenavarre.com\\\/#website\"},\"primaryImageOfPage\":{\"@id\":\"https:\\\/\\\/www.xavierdesandrenavarre.com\\\/index.php\\\/fr\\\/phil-robert-3kindred-spirit-boogaloo-zoo\\\/#primaryimage\"},\"image\":{\"@id\":\"https:\\\/\\\/www.xavierdesandrenavarre.com\\\/index.php\\\/fr\\\/phil-robert-3kindred-spirit-boogaloo-zoo\\\/#primaryimage\"},\"thumbnailUrl\":\"http:\\\/\\\/www.xavierdesandrenavarre.com\\\/wp-content\\\/uploads\\\/2016\\\/04\\\/Boogaloo-Zoo-300x127.png\",\"datePublished\":\"2016-04-01T13:30:27+00:00\",\"dateModified\":\"2017-03-06T14:32:02+00:00\",\"breadcrumb\":{\"@id\":\"https:\\\/\\\/www.xavierdesandrenavarre.com\\\/index.php\\\/fr\\\/phil-robert-3kindred-spirit-boogaloo-zoo\\\/#breadcrumb\"},\"inLanguage\":\"fr-FR\",\"potentialAction\":[{\"@type\":\"ReadAction\",\"target\":[\"https:\\\/\\\/www.xavierdesandrenavarre.com\\\/index.php\\\/fr\\\/phil-robert-3kindred-spirit-boogaloo-zoo\\\/\"]}]},{\"@type\":\"ImageObject\",\"inLanguage\":\"fr-FR\",\"@id\":\"https:\\\/\\\/www.xavierdesandrenavarre.com\\\/index.php\\\/fr\\\/phil-robert-3kindred-spirit-boogaloo-zoo\\\/#primaryimage\",\"url\":\"http:\\\/\\\/www.xavierdesandrenavarre.com\\\/wp-content\\\/uploads\\\/2016\\\/04\\\/Boogaloo-Zoo-300x127.png\",\"contentUrl\":\"http:\\\/\\\/www.xavierdesandrenavarre.com\\\/wp-content\\\/uploads\\\/2016\\\/04\\\/Boogaloo-Zoo-300x127.png\"},{\"@type\":\"BreadcrumbList\",\"@id\":\"https:\\\/\\\/www.xavierdesandrenavarre.com\\\/index.php\\\/fr\\\/phil-robert-3kindred-spirit-boogaloo-zoo\\\/#breadcrumb\",\"itemListElement\":[{\"@type\":\"ListItem\",\"position\":1,\"name\":\"Accueil\",\"item\":\"https:\\\/\\\/www.xavierdesandrenavarre.com\\\/index.php\\\/fr\\\/actualites\\\/\"},{\"@type\":\"ListItem\",\"position\":2,\"name\":\"Phil ROBERT &#038; 3Kindred Spirit \u00ab\u00a0BOOGALOO ZOO\u00a0\u00bb\"}]},{\"@type\":\"WebSite\",\"@id\":\"https:\\\/\\\/www.xavierdesandrenavarre.com\\\/#website\",\"url\":\"https:\\\/\\\/www.xavierdesandrenavarre.com\\\/\",\"name\":\"Xavier Desandre Navarre\",\"description\":\"CREATIVE DRUMMING \",\"publisher\":{\"@id\":\"https:\\\/\\\/www.xavierdesandrenavarre.com\\\/#\\\/schema\\\/person\\\/d44923d7590d78b38ce0e9c1941a2c75\"},\"potentialAction\":[{\"@type\":\"SearchAction\",\"target\":{\"@type\":\"EntryPoint\",\"urlTemplate\":\"https:\\\/\\\/www.xavierdesandrenavarre.com\\\/?s={search_term_string}\"},\"query-input\":{\"@type\":\"PropertyValueSpecification\",\"valueRequired\":true,\"valueName\":\"search_term_string\"}}],\"inLanguage\":\"fr-FR\"},{\"@type\":[\"Person\",\"Organization\"],\"@id\":\"https:\\\/\\\/www.xavierdesandrenavarre.com\\\/#\\\/schema\\\/person\\\/d44923d7590d78b38ce0e9c1941a2c75\",\"name\":\"Xavier DESANDRE NAVARRE\",\"image\":{\"@type\":\"ImageObject\",\"inLanguage\":\"fr-FR\",\"@id\":\"https:\\\/\\\/secure.gravatar.com\\\/avatar\\\/f5d0177a75f71d2039289a3687726c1181fc9368e48f4469bd627ff20d15397b?s=96&d=mm&r=g\",\"url\":\"https:\\\/\\\/secure.gravatar.com\\\/avatar\\\/f5d0177a75f71d2039289a3687726c1181fc9368e48f4469bd627ff20d15397b?s=96&d=mm&r=g\",\"contentUrl\":\"https:\\\/\\\/secure.gravatar.com\\\/avatar\\\/f5d0177a75f71d2039289a3687726c1181fc9368e48f4469bd627ff20d15397b?s=96&d=mm&r=g\",\"caption\":\"Xavier DESANDRE NAVARRE\"},\"logo\":{\"@id\":\"https:\\\/\\\/secure.gravatar.com\\\/avatar\\\/f5d0177a75f71d2039289a3687726c1181fc9368e48f4469bd627ff20d15397b?s=96&d=mm&r=g\"}}]}<\/script>\n<!-- \/ Yoast SEO plugin. -->","yoast_head_json":{"title":"Phil ROBERT & 3Kindred Spirit \"BOOGALOO ZOO\" &#8226; Xavier DESANDRE NAVARRE","robots":{"index":"index","follow":"follow","max-snippet":"max-snippet:-1","max-image-preview":"max-image-preview:large","max-video-preview":"max-video-preview:-1"},"canonical":"https:\/\/www.xavierdesandrenavarre.com\/index.php\/fr\/phil-robert-3kindred-spirit-boogaloo-zoo\/","og_locale":"fr_FR","og_type":"article","og_title":"Phil ROBERT & 3Kindred Spirit \"BOOGALOO ZOO\" &#8226; Xavier DESANDRE NAVARRE","og_description":"\u00a0 \u00a0 \u00a0 \u00a0 \u00a0 \u00a0 \u00a0 \u00a0 \u00a0 \u00a0 \u00a0 \u00a0 \u00a0 \u00a0 \u00a0 \u00a0 \u00a0 \u00a0 &nbsp; &nbsp; RETROUVEZ PHIL ROBERT : Site Internet : www.phil-robert.com Achats de Cd, Vinyls, mp3, Flac, Wav Acheter le disc sur la plateforme externe cdbaby &nbsp; Facebook : Phil Robert 3Kindred Spirit &nbsp; Chaine Youtube Bandcamp Reverbnation &hellip; Lire la suite Phil ROBERT &#038; 3Kindred Spirit \u00ab\u00a0BOOGALOO ZOO\u00a0\u00bb","og_url":"https:\/\/www.xavierdesandrenavarre.com\/index.php\/fr\/phil-robert-3kindred-spirit-boogaloo-zoo\/","og_site_name":"Xavier DESANDRE NAVARRE","article_modified_time":"2017-03-06T14:32:02+00:00","og_image":[{"url":"http:\/\/www.xavierdesandrenavarre.com\/wp-content\/uploads\/2016\/04\/Boogaloo-Zoo-300x127.png","type":"","width":"","height":""}],"twitter_card":"summary_large_image","twitter_misc":{"Dur\u00e9e de lecture estim\u00e9e":"1 minute"},"schema":{"@context":"https:\/\/schema.org","@graph":[{"@type":"WebPage","@id":"https:\/\/www.xavierdesandrenavarre.com\/index.php\/fr\/phil-robert-3kindred-spirit-boogaloo-zoo\/","url":"https:\/\/www.xavierdesandrenavarre.com\/index.php\/fr\/phil-robert-3kindred-spirit-boogaloo-zoo\/","name":"Phil ROBERT & 3Kindred Spirit \"BOOGALOO ZOO\" &#8226; Xavier DESANDRE NAVARRE","isPartOf":{"@id":"https:\/\/www.xavierdesandrenavarre.com\/#website"},"primaryImageOfPage":{"@id":"https:\/\/www.xavierdesandrenavarre.com\/index.php\/fr\/phil-robert-3kindred-spirit-boogaloo-zoo\/#primaryimage"},"image":{"@id":"https:\/\/www.xavierdesandrenavarre.com\/index.php\/fr\/phil-robert-3kindred-spirit-boogaloo-zoo\/#primaryimage"},"thumbnailUrl":"http:\/\/www.xavierdesandrenavarre.com\/wp-content\/uploads\/2016\/04\/Boogaloo-Zoo-300x127.png","datePublished":"2016-04-01T13:30:27+00:00","dateModified":"2017-03-06T14:32:02+00:00","breadcrumb":{"@id":"https:\/\/www.xavierdesandrenavarre.com\/index.php\/fr\/phil-robert-3kindred-spirit-boogaloo-zoo\/#breadcrumb"},"inLanguage":"fr-FR","potentialAction":[{"@type":"ReadAction","target":["https:\/\/www.xavierdesandrenavarre.com\/index.php\/fr\/phil-robert-3kindred-spirit-boogaloo-zoo\/"]}]},{"@type":"ImageObject","inLanguage":"fr-FR","@id":"https:\/\/www.xavierdesandrenavarre.com\/index.php\/fr\/phil-robert-3kindred-spirit-boogaloo-zoo\/#primaryimage","url":"http:\/\/www.xavierdesandrenavarre.com\/wp-content\/uploads\/2016\/04\/Boogaloo-Zoo-300x127.png","contentUrl":"http:\/\/www.xavierdesandrenavarre.com\/wp-content\/uploads\/2016\/04\/Boogaloo-Zoo-300x127.png"},{"@type":"BreadcrumbList","@id":"https:\/\/www.xavierdesandrenavarre.com\/index.php\/fr\/phil-robert-3kindred-spirit-boogaloo-zoo\/#breadcrumb","itemListElement":[{"@type":"ListItem","position":1,"name":"Accueil","item":"https:\/\/www.xavierdesandrenavarre.com\/index.php\/fr\/actualites\/"},{"@type":"ListItem","position":2,"name":"Phil ROBERT &#038; 3Kindred Spirit \u00ab\u00a0BOOGALOO ZOO\u00a0\u00bb"}]},{"@type":"WebSite","@id":"https:\/\/www.xavierdesandrenavarre.com\/#website","url":"https:\/\/www.xavierdesandrenavarre.com\/","name":"Xavier Desandre Navarre","description":"CREATIVE DRUMMING ","publisher":{"@id":"https:\/\/www.xavierdesandrenavarre.com\/#\/schema\/person\/d44923d7590d78b38ce0e9c1941a2c75"},"potentialAction":[{"@type":"SearchAction","target":{"@type":"EntryPoint","urlTemplate":"https:\/\/www.xavierdesandrenavarre.com\/?s={search_term_string}"},"query-input":{"@type":"PropertyValueSpecification","valueRequired":true,"valueName":"search_term_string"}}],"inLanguage":"fr-FR"},{"@type":["Person","Organization"],"@id":"https:\/\/www.xavierdesandrenavarre.com\/#\/schema\/person\/d44923d7590d78b38ce0e9c1941a2c75","name":"Xavier DESANDRE NAVARRE","image":{"@type":"ImageObject","inLanguage":"fr-FR","@id":"https:\/\/secure.gravatar.com\/avatar\/f5d0177a75f71d2039289a3687726c1181fc9368e48f4469bd627ff20d15397b?s=96&d=mm&r=g","url":"https:\/\/secure.gravatar.com\/avatar\/f5d0177a75f71d2039289a3687726c1181fc9368e48f4469bd627ff20d15397b?s=96&d=mm&r=g","contentUrl":"https:\/\/secure.gravatar.com\/avatar\/f5d0177a75f71d2039289a3687726c1181fc9368e48f4469bd627ff20d15397b?s=96&d=mm&r=g","caption":"Xavier DESANDRE NAVARRE"},"logo":{"@id":"https:\/\/secure.gravatar.com\/avatar\/f5d0177a75f71d2039289a3687726c1181fc9368e48f4469bd627ff20d15397b?s=96&d=mm&r=g"}}]}},"_links":{"self":[{"href":"https:\/\/www.xavierdesandrenavarre.com\/index.php\/wp-json\/wp\/v2\/pages\/1364","targetHints":{"allow":["GET"]}}],"collection":[{"href":"https:\/\/www.xavierdesandrenavarre.com\/index.php\/wp-json\/wp\/v2\/pages"}],"about":[{"href":"https:\/\/www.xavierdesandrenavarre.com\/index.php\/wp-json\/wp\/v2\/types\/page"}],"author":[{"embeddable":true,"href":"https:\/\/www.xavierdesandrenavarre.com\/index.php\/wp-json\/wp\/v2\/users\/3"}],"replies":[{"embeddable":true,"href":"https:\/\/www.xavierdesandrenavarre.com\/index.php\/wp-json\/wp\/v2\/comments?post=1364"}],"version-history":[{"count":4,"href":"https:\/\/www.xavierdesandrenavarre.com\/index.php\/wp-json\/wp\/v2\/pages\/1364\/revisions"}],"predecessor-version":[{"id":1431,"href":"https:\/\/www.xavierdesandrenavarre.com\/index.php\/wp-json\/wp\/v2\/pages\/1364\/revisions\/1431"}],"wp:attachment":[{"href":"https:\/\/www.xavierdesandrenavarre.com\/index.php\/wp-json\/wp\/v2\/media?parent=1364"}],"curies":[{"name":"wp","href":"https:\/\/api.w.org\/{rel}","templated":true}]}}