{"id":1332,"date":"2016-03-30T13:46:03","date_gmt":"2016-03-30T12:46:03","guid":{"rendered":"http:\/\/www.xavierdesandrenavarre.com\/?page_id=1332"},"modified":"2019-11-11T12:40:46","modified_gmt":"2019-11-11T11:40:46","slug":"andy-emler-xavier-desandre-navarre-duo","status":"publish","type":"page","link":"https:\/\/www.xavierdesandrenavarre.com\/index.php\/fr\/andy-emler-xavier-desandre-navarre-duo\/","title":{"rendered":"Andy EMLER &#038; Xavier DESANDRE NAVARRE Duo"},"content":{"rendered":"<figure id=\"attachment_1333\" aria-describedby=\"caption-attachment-1333\" style=\"width: 1134px\" class=\"wp-caption aligncenter\"><img loading=\"lazy\" decoding=\"async\" class=\"wp-image-1333 size-full\" src=\"https:\/\/www.xavierdesandrenavarre.com\/wp-content\/uploads\/2016\/03\/CC-10022016_DSC0301.jpg\" alt=\"AMphiop\u00e9ra de Lyon 10 11 12 13 fevrier 2016\" width=\"1134\" height=\"755\" srcset=\"https:\/\/www.xavierdesandrenavarre.com\/wp-content\/uploads\/2016\/03\/CC-10022016_DSC0301.jpg 1134w, https:\/\/www.xavierdesandrenavarre.com\/wp-content\/uploads\/2016\/03\/CC-10022016_DSC0301-300x200.jpg 300w, https:\/\/www.xavierdesandrenavarre.com\/wp-content\/uploads\/2016\/03\/CC-10022016_DSC0301-768x511.jpg 768w, https:\/\/www.xavierdesandrenavarre.com\/wp-content\/uploads\/2016\/03\/CC-10022016_DSC0301-1024x682.jpg 1024w\" sizes=\"auto, (max-width: 1134px) 100vw, 1134px\" \/><figcaption id=\"caption-attachment-1333\" class=\"wp-caption-text\">Op\u00e9ra de Lyon 10 f\u00e9vrier 2016 ( Photos C CHARPENEL )<\/figcaption><\/figure>\n<p style=\"text-align: center;\"><strong>Un duo in\u00e9dit en ouverture de la r\u00e9sidence d&rsquo;Andy Emler \u00e0 l&rsquo;AmphiOp\u00e9ra<\/strong><\/p>\n<p><img loading=\"lazy\" decoding=\"async\" class=\"wp-image-1334 alignnone\" src=\"https:\/\/www.xavierdesandrenavarre.com\/wp-content\/uploads\/2016\/03\/Xav-Andy-300x206.jpg\" alt=\"AMphiop\u00e9ra de Lyon 10 11 12 13 fevrier 2016\" width=\"235\" height=\"162\" srcset=\"https:\/\/www.xavierdesandrenavarre.com\/wp-content\/uploads\/2016\/03\/Xav-Andy-300x206.jpg 300w, https:\/\/www.xavierdesandrenavarre.com\/wp-content\/uploads\/2016\/03\/Xav-Andy-768x527.jpg 768w, https:\/\/www.xavierdesandrenavarre.com\/wp-content\/uploads\/2016\/03\/Xav-Andy.jpg 830w\" sizes=\"auto, (max-width: 235px) 100vw, 235px\" \/><\/p>\n<p>D\u00e9but de r\u00e9sidence \u00ab\u00a0grand format\u00a0\u00bb pour <strong>Andy Emler<\/strong> qui a laiss\u00e9 son MegaOctet au placard mais qui pour se venger va proposer pas moins de neuf formations diff\u00e9rentes sur quatre jours avec leurs lots de compositions et d&rsquo;arrangements sp\u00e9cialement cr\u00e9\u00e9s pour.<\/p>\n<p style=\"text-align: justify;\">En guise d&rsquo;\u00e9chauffement pour ce concert de la mi-journ\u00e9e Andy Emler nous propose un duo avec le percussionniste <strong>Xavier Desandre-Navarre<\/strong>.<\/p>\n<p style=\"text-align: justify;\">Il s&rsquo;agit d&rsquo;une premi\u00e8re et pour corser le tout c&rsquo;est du 100% improvis\u00e9<\/p>\n<p style=\"text-align: justify;\">Une premi\u00e8re pi\u00e8ce revisitera Beethoven, tout le monde reconnait. \u00ab\u00a0\u00c7a c&rsquo;est fait!\u00a0\u00bb nous l\u00e2chera Andy \u00e0 la fin.<\/p>\n<p style=\"text-align: justify;\">Ensuite il propose d&rsquo;honorer Chick Corea un musicien que tous deux appr\u00e9cient et il nous emm\u00e8nent pour un voyage sur un \u00ab\u00a0douze hu\u00eetres\u00a0\u00bb, tempo tr\u00e8s fran\u00e7ais ! On passe par <em>Spain<\/em> bien s\u00fbr.<\/p>\n<p style=\"text-align: justify;\">Place ensuite aux dr\u00f4les de percussions de Xavier qui seront rejointes par des variations improvis\u00e9es autour du \u00ab\u00a0K\u00f6ln concert\u00a0\u00bb de Jarrett, du \u00ab\u00a0Concerto en sol\u00a0\u00bb de Ravel ou encore de <em>Lucy in the sky<\/em> des Beatles et une foultitude d&rsquo;autres citations d\u00e9voil\u00e9es fort \u00e0 propos par un Andy Emler enthousiaste \u00e0 la jubilation communicative.<\/p>\n<p style=\"text-align: justify;\">Il est toujours \u00e9tonnant de voir fonctionner cette \u00e9trange alchimie de l&rsquo;improvisation collective par deux musiciens qui se d\u00e9couvrent.<\/p>\n<p style=\"text-align: justify;\">Des \u00ab\u00a0petits concerts\u00a0\u00bb comme celui-l\u00e0 sont parfaits pour faire aimer le jazz.<\/p>\n<p><em>Pascal Derath\u00e9 &amp; photos Christophe Charpenel<\/em><\/p>\n<p><a href=\"http:\/\/www.citizenjazz.com\/Andy-Emler-Trio-1-Anthony-Caillet-Francois-Thuillier-Trio-2-Xavier-Desandre.html\" target=\"_blank\" rel=\"noopener noreferrer\">Reportage Photo de la r\u00e9sidence d&rsquo;Andy Emler \u00e0 l&rsquo;Op\u00e9ra de Lyon (F\u00e9v 2016)<\/a><\/p>\n","protected":false},"excerpt":{"rendered":"<p>Un duo in\u00e9dit en ouverture de la r\u00e9sidence d&rsquo;Andy Emler \u00e0 l&rsquo;AmphiOp\u00e9ra D\u00e9but de r\u00e9sidence \u00ab\u00a0grand format\u00a0\u00bb pour Andy Emler qui a laiss\u00e9 son MegaOctet au placard mais qui pour se venger va proposer pas moins de neuf formations diff\u00e9rentes sur quatre jours avec leurs lots de compositions et d&rsquo;arrangements sp\u00e9cialement cr\u00e9\u00e9s pour. En guise &hellip; <a class=\"more-link\" href=\"https:\/\/www.xavierdesandrenavarre.com\/index.php\/fr\/andy-emler-xavier-desandre-navarre-duo\/\">Lire la suite <span class=\"screen-reader-text\">Andy EMLER &#038; Xavier DESANDRE NAVARRE Duo<\/span><\/a><\/p>\n","protected":false},"author":3,"featured_media":0,"parent":0,"menu_order":0,"comment_status":"closed","ping_status":"closed","template":"","meta":{"__cvm_playback_settings":[],"__cvm_video_id":"","footnotes":""},"class_list":["post-1332","page","type-page","status-publish","hentry"],"yoast_head":"<!-- This site is optimized with the Yoast SEO plugin v27.4 - https:\/\/yoast.com\/product\/yoast-seo-wordpress\/ -->\n<title>Andy EMLER &amp; Xavier DESANDRE NAVARRE Duo &#8226; Xavier DESANDRE NAVARRE<\/title>\n<meta name=\"robots\" content=\"index, follow, max-snippet:-1, max-image-preview:large, max-video-preview:-1\" \/>\n<link rel=\"canonical\" href=\"https:\/\/www.xavierdesandrenavarre.com\/index.php\/fr\/andy-emler-xavier-desandre-navarre-duo\/\" \/>\n<meta property=\"og:locale\" content=\"fr_FR\" \/>\n<meta property=\"og:type\" content=\"article\" \/>\n<meta property=\"og:title\" content=\"Andy EMLER &amp; Xavier DESANDRE NAVARRE Duo &#8226; Xavier DESANDRE NAVARRE\" \/>\n<meta property=\"og:description\" content=\"Un duo in\u00e9dit en ouverture de la r\u00e9sidence d&rsquo;Andy Emler \u00e0 l&rsquo;AmphiOp\u00e9ra D\u00e9but de r\u00e9sidence \u00ab\u00a0grand format\u00a0\u00bb pour Andy Emler qui a laiss\u00e9 son MegaOctet au placard mais qui pour se venger va proposer pas moins de neuf formations diff\u00e9rentes sur quatre jours avec leurs lots de compositions et d&rsquo;arrangements sp\u00e9cialement cr\u00e9\u00e9s pour. En guise &hellip; Lire la suite Andy EMLER &#038; Xavier DESANDRE NAVARRE Duo\" \/>\n<meta property=\"og:url\" content=\"https:\/\/www.xavierdesandrenavarre.com\/index.php\/fr\/andy-emler-xavier-desandre-navarre-duo\/\" \/>\n<meta property=\"og:site_name\" content=\"Xavier DESANDRE NAVARRE\" \/>\n<meta property=\"article:modified_time\" content=\"2019-11-11T11:40:46+00:00\" \/>\n<meta property=\"og:image\" content=\"http:\/\/www.xavierdesandrenavarre.com\/wp-content\/uploads\/2016\/03\/CC-10022016_DSC0301.jpg\" \/>\n<meta name=\"twitter:card\" content=\"summary_large_image\" \/>\n<meta name=\"twitter:label1\" content=\"Dur\u00e9e de lecture estim\u00e9e\" \/>\n\t<meta name=\"twitter:data1\" content=\"2 minutes\" \/>\n<script type=\"application\/ld+json\" class=\"yoast-schema-graph\">{\"@context\":\"https:\\\/\\\/schema.org\",\"@graph\":[{\"@type\":\"WebPage\",\"@id\":\"https:\\\/\\\/www.xavierdesandrenavarre.com\\\/index.php\\\/fr\\\/andy-emler-xavier-desandre-navarre-duo\\\/\",\"url\":\"https:\\\/\\\/www.xavierdesandrenavarre.com\\\/index.php\\\/fr\\\/andy-emler-xavier-desandre-navarre-duo\\\/\",\"name\":\"Andy EMLER & Xavier DESANDRE NAVARRE Duo &#8226; Xavier DESANDRE NAVARRE\",\"isPartOf\":{\"@id\":\"https:\\\/\\\/www.xavierdesandrenavarre.com\\\/#website\"},\"primaryImageOfPage\":{\"@id\":\"https:\\\/\\\/www.xavierdesandrenavarre.com\\\/index.php\\\/fr\\\/andy-emler-xavier-desandre-navarre-duo\\\/#primaryimage\"},\"image\":{\"@id\":\"https:\\\/\\\/www.xavierdesandrenavarre.com\\\/index.php\\\/fr\\\/andy-emler-xavier-desandre-navarre-duo\\\/#primaryimage\"},\"thumbnailUrl\":\"http:\\\/\\\/www.xavierdesandrenavarre.com\\\/wp-content\\\/uploads\\\/2016\\\/03\\\/CC-10022016_DSC0301.jpg\",\"datePublished\":\"2016-03-30T12:46:03+00:00\",\"dateModified\":\"2019-11-11T11:40:46+00:00\",\"breadcrumb\":{\"@id\":\"https:\\\/\\\/www.xavierdesandrenavarre.com\\\/index.php\\\/fr\\\/andy-emler-xavier-desandre-navarre-duo\\\/#breadcrumb\"},\"inLanguage\":\"fr-FR\",\"potentialAction\":[{\"@type\":\"ReadAction\",\"target\":[\"https:\\\/\\\/www.xavierdesandrenavarre.com\\\/index.php\\\/fr\\\/andy-emler-xavier-desandre-navarre-duo\\\/\"]}]},{\"@type\":\"ImageObject\",\"inLanguage\":\"fr-FR\",\"@id\":\"https:\\\/\\\/www.xavierdesandrenavarre.com\\\/index.php\\\/fr\\\/andy-emler-xavier-desandre-navarre-duo\\\/#primaryimage\",\"url\":\"http:\\\/\\\/www.xavierdesandrenavarre.com\\\/wp-content\\\/uploads\\\/2016\\\/03\\\/CC-10022016_DSC0301.jpg\",\"contentUrl\":\"http:\\\/\\\/www.xavierdesandrenavarre.com\\\/wp-content\\\/uploads\\\/2016\\\/03\\\/CC-10022016_DSC0301.jpg\"},{\"@type\":\"BreadcrumbList\",\"@id\":\"https:\\\/\\\/www.xavierdesandrenavarre.com\\\/index.php\\\/fr\\\/andy-emler-xavier-desandre-navarre-duo\\\/#breadcrumb\",\"itemListElement\":[{\"@type\":\"ListItem\",\"position\":1,\"name\":\"Accueil\",\"item\":\"https:\\\/\\\/www.xavierdesandrenavarre.com\\\/index.php\\\/fr\\\/actualites\\\/\"},{\"@type\":\"ListItem\",\"position\":2,\"name\":\"Andy EMLER &#038; Xavier DESANDRE NAVARRE Duo\"}]},{\"@type\":\"WebSite\",\"@id\":\"https:\\\/\\\/www.xavierdesandrenavarre.com\\\/#website\",\"url\":\"https:\\\/\\\/www.xavierdesandrenavarre.com\\\/\",\"name\":\"Xavier Desandre Navarre\",\"description\":\"CREATIVE DRUMMING \",\"publisher\":{\"@id\":\"https:\\\/\\\/www.xavierdesandrenavarre.com\\\/#\\\/schema\\\/person\\\/d44923d7590d78b38ce0e9c1941a2c75\"},\"potentialAction\":[{\"@type\":\"SearchAction\",\"target\":{\"@type\":\"EntryPoint\",\"urlTemplate\":\"https:\\\/\\\/www.xavierdesandrenavarre.com\\\/?s={search_term_string}\"},\"query-input\":{\"@type\":\"PropertyValueSpecification\",\"valueRequired\":true,\"valueName\":\"search_term_string\"}}],\"inLanguage\":\"fr-FR\"},{\"@type\":[\"Person\",\"Organization\"],\"@id\":\"https:\\\/\\\/www.xavierdesandrenavarre.com\\\/#\\\/schema\\\/person\\\/d44923d7590d78b38ce0e9c1941a2c75\",\"name\":\"Xavier DESANDRE NAVARRE\",\"image\":{\"@type\":\"ImageObject\",\"inLanguage\":\"fr-FR\",\"@id\":\"https:\\\/\\\/secure.gravatar.com\\\/avatar\\\/f5d0177a75f71d2039289a3687726c1181fc9368e48f4469bd627ff20d15397b?s=96&d=mm&r=g\",\"url\":\"https:\\\/\\\/secure.gravatar.com\\\/avatar\\\/f5d0177a75f71d2039289a3687726c1181fc9368e48f4469bd627ff20d15397b?s=96&d=mm&r=g\",\"contentUrl\":\"https:\\\/\\\/secure.gravatar.com\\\/avatar\\\/f5d0177a75f71d2039289a3687726c1181fc9368e48f4469bd627ff20d15397b?s=96&d=mm&r=g\",\"caption\":\"Xavier DESANDRE NAVARRE\"},\"logo\":{\"@id\":\"https:\\\/\\\/secure.gravatar.com\\\/avatar\\\/f5d0177a75f71d2039289a3687726c1181fc9368e48f4469bd627ff20d15397b?s=96&d=mm&r=g\"}}]}<\/script>\n<!-- \/ Yoast SEO plugin. -->","yoast_head_json":{"title":"Andy EMLER & Xavier DESANDRE NAVARRE Duo &#8226; Xavier DESANDRE NAVARRE","robots":{"index":"index","follow":"follow","max-snippet":"max-snippet:-1","max-image-preview":"max-image-preview:large","max-video-preview":"max-video-preview:-1"},"canonical":"https:\/\/www.xavierdesandrenavarre.com\/index.php\/fr\/andy-emler-xavier-desandre-navarre-duo\/","og_locale":"fr_FR","og_type":"article","og_title":"Andy EMLER & Xavier DESANDRE NAVARRE Duo &#8226; Xavier DESANDRE NAVARRE","og_description":"Un duo in\u00e9dit en ouverture de la r\u00e9sidence d&rsquo;Andy Emler \u00e0 l&rsquo;AmphiOp\u00e9ra D\u00e9but de r\u00e9sidence \u00ab\u00a0grand format\u00a0\u00bb pour Andy Emler qui a laiss\u00e9 son MegaOctet au placard mais qui pour se venger va proposer pas moins de neuf formations diff\u00e9rentes sur quatre jours avec leurs lots de compositions et d&rsquo;arrangements sp\u00e9cialement cr\u00e9\u00e9s pour. En guise &hellip; Lire la suite Andy EMLER &#038; Xavier DESANDRE NAVARRE Duo","og_url":"https:\/\/www.xavierdesandrenavarre.com\/index.php\/fr\/andy-emler-xavier-desandre-navarre-duo\/","og_site_name":"Xavier DESANDRE NAVARRE","article_modified_time":"2019-11-11T11:40:46+00:00","og_image":[{"url":"http:\/\/www.xavierdesandrenavarre.com\/wp-content\/uploads\/2016\/03\/CC-10022016_DSC0301.jpg","type":"","width":"","height":""}],"twitter_card":"summary_large_image","twitter_misc":{"Dur\u00e9e de lecture estim\u00e9e":"2 minutes"},"schema":{"@context":"https:\/\/schema.org","@graph":[{"@type":"WebPage","@id":"https:\/\/www.xavierdesandrenavarre.com\/index.php\/fr\/andy-emler-xavier-desandre-navarre-duo\/","url":"https:\/\/www.xavierdesandrenavarre.com\/index.php\/fr\/andy-emler-xavier-desandre-navarre-duo\/","name":"Andy EMLER & Xavier DESANDRE NAVARRE Duo &#8226; Xavier DESANDRE NAVARRE","isPartOf":{"@id":"https:\/\/www.xavierdesandrenavarre.com\/#website"},"primaryImageOfPage":{"@id":"https:\/\/www.xavierdesandrenavarre.com\/index.php\/fr\/andy-emler-xavier-desandre-navarre-duo\/#primaryimage"},"image":{"@id":"https:\/\/www.xavierdesandrenavarre.com\/index.php\/fr\/andy-emler-xavier-desandre-navarre-duo\/#primaryimage"},"thumbnailUrl":"http:\/\/www.xavierdesandrenavarre.com\/wp-content\/uploads\/2016\/03\/CC-10022016_DSC0301.jpg","datePublished":"2016-03-30T12:46:03+00:00","dateModified":"2019-11-11T11:40:46+00:00","breadcrumb":{"@id":"https:\/\/www.xavierdesandrenavarre.com\/index.php\/fr\/andy-emler-xavier-desandre-navarre-duo\/#breadcrumb"},"inLanguage":"fr-FR","potentialAction":[{"@type":"ReadAction","target":["https:\/\/www.xavierdesandrenavarre.com\/index.php\/fr\/andy-emler-xavier-desandre-navarre-duo\/"]}]},{"@type":"ImageObject","inLanguage":"fr-FR","@id":"https:\/\/www.xavierdesandrenavarre.com\/index.php\/fr\/andy-emler-xavier-desandre-navarre-duo\/#primaryimage","url":"http:\/\/www.xavierdesandrenavarre.com\/wp-content\/uploads\/2016\/03\/CC-10022016_DSC0301.jpg","contentUrl":"http:\/\/www.xavierdesandrenavarre.com\/wp-content\/uploads\/2016\/03\/CC-10022016_DSC0301.jpg"},{"@type":"BreadcrumbList","@id":"https:\/\/www.xavierdesandrenavarre.com\/index.php\/fr\/andy-emler-xavier-desandre-navarre-duo\/#breadcrumb","itemListElement":[{"@type":"ListItem","position":1,"name":"Accueil","item":"https:\/\/www.xavierdesandrenavarre.com\/index.php\/fr\/actualites\/"},{"@type":"ListItem","position":2,"name":"Andy EMLER &#038; Xavier DESANDRE NAVARRE Duo"}]},{"@type":"WebSite","@id":"https:\/\/www.xavierdesandrenavarre.com\/#website","url":"https:\/\/www.xavierdesandrenavarre.com\/","name":"Xavier Desandre Navarre","description":"CREATIVE DRUMMING ","publisher":{"@id":"https:\/\/www.xavierdesandrenavarre.com\/#\/schema\/person\/d44923d7590d78b38ce0e9c1941a2c75"},"potentialAction":[{"@type":"SearchAction","target":{"@type":"EntryPoint","urlTemplate":"https:\/\/www.xavierdesandrenavarre.com\/?s={search_term_string}"},"query-input":{"@type":"PropertyValueSpecification","valueRequired":true,"valueName":"search_term_string"}}],"inLanguage":"fr-FR"},{"@type":["Person","Organization"],"@id":"https:\/\/www.xavierdesandrenavarre.com\/#\/schema\/person\/d44923d7590d78b38ce0e9c1941a2c75","name":"Xavier DESANDRE NAVARRE","image":{"@type":"ImageObject","inLanguage":"fr-FR","@id":"https:\/\/secure.gravatar.com\/avatar\/f5d0177a75f71d2039289a3687726c1181fc9368e48f4469bd627ff20d15397b?s=96&d=mm&r=g","url":"https:\/\/secure.gravatar.com\/avatar\/f5d0177a75f71d2039289a3687726c1181fc9368e48f4469bd627ff20d15397b?s=96&d=mm&r=g","contentUrl":"https:\/\/secure.gravatar.com\/avatar\/f5d0177a75f71d2039289a3687726c1181fc9368e48f4469bd627ff20d15397b?s=96&d=mm&r=g","caption":"Xavier DESANDRE NAVARRE"},"logo":{"@id":"https:\/\/secure.gravatar.com\/avatar\/f5d0177a75f71d2039289a3687726c1181fc9368e48f4469bd627ff20d15397b?s=96&d=mm&r=g"}}]}},"_links":{"self":[{"href":"https:\/\/www.xavierdesandrenavarre.com\/index.php\/wp-json\/wp\/v2\/pages\/1332","targetHints":{"allow":["GET"]}}],"collection":[{"href":"https:\/\/www.xavierdesandrenavarre.com\/index.php\/wp-json\/wp\/v2\/pages"}],"about":[{"href":"https:\/\/www.xavierdesandrenavarre.com\/index.php\/wp-json\/wp\/v2\/types\/page"}],"author":[{"embeddable":true,"href":"https:\/\/www.xavierdesandrenavarre.com\/index.php\/wp-json\/wp\/v2\/users\/3"}],"replies":[{"embeddable":true,"href":"https:\/\/www.xavierdesandrenavarre.com\/index.php\/wp-json\/wp\/v2\/comments?post=1332"}],"version-history":[{"count":9,"href":"https:\/\/www.xavierdesandrenavarre.com\/index.php\/wp-json\/wp\/v2\/pages\/1332\/revisions"}],"predecessor-version":[{"id":1650,"href":"https:\/\/www.xavierdesandrenavarre.com\/index.php\/wp-json\/wp\/v2\/pages\/1332\/revisions\/1650"}],"wp:attachment":[{"href":"https:\/\/www.xavierdesandrenavarre.com\/index.php\/wp-json\/wp\/v2\/media?parent=1332"}],"curies":[{"name":"wp","href":"https:\/\/api.w.org\/{rel}","templated":true}]}}