{"id":1002,"date":"2015-12-11T13:25:58","date_gmt":"2015-12-11T12:25:58","guid":{"rendered":"https:\/\/xavierdesandrenavarre.wordpress.com\/?page_id=788"},"modified":"2019-11-13T11:50:40","modified_gmt":"2019-11-13T10:50:40","slug":"united-nations-of-groove","status":"publish","type":"page","link":"https:\/\/www.xavierdesandrenavarre.com\/index.php\/fr\/united-nations-of-groove\/","title":{"rendered":"UNITED NATIONS OF GROOVE"},"content":{"rendered":"<p class=\"p1\" style=\"text-align: justify;\"><span class=\"s1\"><img loading=\"lazy\" decoding=\"async\" class=\" wp-image-795 alignnone\" src=\"https:\/\/www.xavierdesandrenavarre.com\/wp-content\/uploads\/2015\/12\/image-3.png\" alt=\"Image 3.png\" width=\"617\" height=\"300\" srcset=\"https:\/\/www.xavierdesandrenavarre.com\/wp-content\/uploads\/2015\/12\/image-3.png 673w, https:\/\/www.xavierdesandrenavarre.com\/wp-content\/uploads\/2015\/12\/image-3-300x146.png 300w\" sizes=\"auto, (max-width: 617px) 100vw, 617px\" \/><\/span><\/p>\n<p class=\"p1\" style=\"text-align: justify;\"><span class=\"s1\">Entre Black music et Jazz, UNITED NATIONS OF GROOVE pr\u00e9sente un spectacle musical et visuel alliant une musique puissante et d\u00e9licate, un mix \u00e9lectrique et acoustique.\u00a0 La projection live des images uniques du visual designer Tekyes subliment ces paysages et impressions du monde contemporain. <\/span><\/p>\n<p class=\"p3\" style=\"text-align: justify;\"><span class=\"s1\">Dans la lign\u00e9e de Gil Scott Heron, qui aurait chant\u00e9 sur la musique de Gil Evans ou sur l\u2019afro-beat de Fela Kuti, la po\u00e9sie d\u2019Allonymous est une r\u00e9flexion sur la soci\u00e9t\u00e9 et le enjeux du monde moderne. Par instants surr\u00e9aliste, puis hyperr\u00e9aliste, la m\u00e9lodie des mots et le claquement des syllabes se fondent en une seule musique.<\/span><\/p>\n<p class=\"p3\" style=\"text-align: justify;\"><span class=\"s1\">Une forme qui combine musique instrumentale et chant\u00e9e, qui s\u2019\u00e9mancipe des normes et des pr\u00e9jug\u00e9s. Les compositions mettent en valeur la voix du chanteur charismatique\u00a0 Allonymous, les improvisations du saxophoniste\u00a0 St\u00e9phane Guillaume et les claviers hyper groovy de Jean-Phi Dary. Le batteur- percussionniste Xavier Desandre Navarre m\u00e9lange habilement dans un set hybride, percussions et sons \u00e9lectroniques.<\/span><\/p>\n<p>&nbsp;<\/p>\n<p><a href=\"https:\/\/www.xavierdesandrenavarre.com\/index.php\/fr\/photos-united-nations-of-groove\/\"><img loading=\"lazy\" decoding=\"async\" class=\"alignnone wp-image-1731\" src=\"https:\/\/www.xavierdesandrenavarre.com\/wp-content\/uploads\/2019\/11\/LOGO-Photo-1-300x276.png\" alt=\"\" width=\"88\" height=\"81\" srcset=\"https:\/\/www.xavierdesandrenavarre.com\/wp-content\/uploads\/2019\/11\/LOGO-Photo-1-300x276.png 300w, https:\/\/www.xavierdesandrenavarre.com\/wp-content\/uploads\/2019\/11\/LOGO-Photo-1.png 422w\" sizes=\"auto, (max-width: 88px) 100vw, 88px\" \/><\/a>\u00a0 \u00a0 \u00a0 \u00a0 \u00a0 \u00a0 \u00a0 \u00a0 \u00a0 \u00a0 \u00a0 \u00a0 \u00a0 \u00a0 \u00a0 \u00a0 \u00a0 \u00a0 \u00a0 \u00a0 \u00a0 \u00a0\u00a0<a href=\"https:\/\/www.xavierdesandrenavarre.com\/index.php\/fr\/videos-united-nations-of-groove\/\"><img loading=\"lazy\" decoding=\"async\" class=\"alignnone wp-image-1721\" src=\"https:\/\/www.xavierdesandrenavarre.com\/wp-content\/uploads\/2019\/11\/LOGO-video-1-300x207.png\" alt=\"\" width=\"116\" height=\"80\" srcset=\"https:\/\/www.xavierdesandrenavarre.com\/wp-content\/uploads\/2019\/11\/LOGO-video-1-300x207.png 300w, https:\/\/www.xavierdesandrenavarre.com\/wp-content\/uploads\/2019\/11\/LOGO-video-1.png 593w\" sizes=\"auto, (max-width: 116px) 100vw, 116px\" \/><\/a>\u00a0 \u00a0 \u00a0 \u00a0 \u00a0 \u00a0 \u00a0 \u00a0 \u00a0 \u00a0 \u00a0 \u00a0 \u00a0 \u00a0 \u00a0 \u00a0 \u00a0 \u00a0<a href=\"https:\/\/www.xavierdesandrenavarre.com\/index.php\/fr\/presse-united-nations-of-groove\/\"><img loading=\"lazy\" decoding=\"async\" class=\"alignnone wp-image-1720\" src=\"https:\/\/www.xavierdesandrenavarre.com\/wp-content\/uploads\/2019\/11\/LOGO-presse-1-300x220.png\" alt=\"\" width=\"108\" height=\"79\" srcset=\"https:\/\/www.xavierdesandrenavarre.com\/wp-content\/uploads\/2019\/11\/LOGO-presse-1-300x220.png 300w, https:\/\/www.xavierdesandrenavarre.com\/wp-content\/uploads\/2019\/11\/LOGO-presse-1-500x372.png 500w, https:\/\/www.xavierdesandrenavarre.com\/wp-content\/uploads\/2019\/11\/LOGO-presse-1.png 508w\" sizes=\"auto, (max-width: 108px) 100vw, 108px\" \/><\/a><\/p>\n<p class=\"p1\"><strong>Artistes :<\/strong><\/p>\n<p class=\"p1\"><span class=\"s1\"><a href=\"https:\/\/www.xavierdesandrenavarre.com\/index.php\/allonymous\/\" target=\"_blank\" rel=\"noopener noreferrer\">ALLONYMOUS<\/a> : <\/span><span class=\"s2\">Slam, Chant, Textes Originaux<\/span><\/p>\n<p class=\"p1\"><span class=\"s1\"><span class=\"s2\"><a href=\"https:\/\/www.xavierdesandrenavarre.com\/index.php\/jean-philippe-dary\/\" target=\"_blank\" rel=\"noopener noreferrer\">Jean Philippe DARY<\/a> :<span class=\"Apple-converted-space\">\u00a0 <\/span><\/span><span class=\"s3\">Piano &amp;\u00a0Claviers<\/span><\/span><\/p>\n<p class=\"p1\"><span class=\"s1\"><a href=\"https:\/\/www.xavierdesandrenavarre.com\/index.php\/biographie\/\" target=\"_blank\" rel=\"noopener noreferrer\">Xavier DESANDRE NAVARRE<\/a> :<span class=\"Apple-converted-space\">\u00a0 <\/span><\/span><span class=\"s2\">Batterie,<span class=\"Apple-converted-space\">\u00a0<\/span>Percussions &amp; Compositions<\/span><\/p>\n<p class=\"p2\"><span class=\"s2\"><a href=\"https:\/\/www.xavierdesandrenavarre.com\/index.php\/stephane-guillaume\/\" target=\"_blank\" rel=\"noopener noreferrer\">St\u00e9phane GUILLAUME<\/a> : <\/span><span class=\"s3\">Saxophone, Basse &amp; Fl\u00fbtes<\/span><\/p>\n<p class=\"p1\"><span class=\"s1\"><a href=\"https:\/\/www.xavierdesandrenavarre.com\/index.php\/tekyes\/\" target=\"_blank\" rel=\"noopener noreferrer\">TEKYES<\/a> :\u00a0<\/span><span class=\"s2\">Visual Designer<\/span><\/p>\n","protected":false},"excerpt":{"rendered":"<p>Entre Black music et Jazz, UNITED NATIONS OF GROOVE pr\u00e9sente un spectacle musical et visuel alliant une musique puissante et d\u00e9licate, un mix \u00e9lectrique et acoustique.\u00a0 La projection live des images uniques du visual designer Tekyes subliment ces paysages et impressions du monde contemporain. Dans la lign\u00e9e de Gil Scott Heron, qui aurait chant\u00e9 sur &hellip; <a class=\"more-link\" href=\"https:\/\/www.xavierdesandrenavarre.com\/index.php\/fr\/united-nations-of-groove\/\">Lire la suite <span class=\"screen-reader-text\">UNITED NATIONS OF GROOVE<\/span><\/a><\/p>\n","protected":false},"author":4,"featured_media":0,"parent":0,"menu_order":0,"comment_status":"closed","ping_status":"closed","template":"","meta":{"__cvm_playback_settings":[],"__cvm_video_id":"","footnotes":""},"class_list":["post-1002","page","type-page","status-publish","hentry"],"yoast_head":"<!-- This site is optimized with the Yoast SEO plugin v27.5 - https:\/\/yoast.com\/product\/yoast-seo-wordpress\/ -->\n<title>UNITED NATIONS OF GROOVE &#8226; Xavier DESANDRE NAVARRE<\/title>\n<meta name=\"robots\" content=\"index, follow, max-snippet:-1, max-image-preview:large, max-video-preview:-1\" \/>\n<link rel=\"canonical\" href=\"https:\/\/www.xavierdesandrenavarre.com\/index.php\/fr\/united-nations-of-groove\/\" \/>\n<meta property=\"og:locale\" content=\"fr_FR\" \/>\n<meta property=\"og:type\" content=\"article\" \/>\n<meta property=\"og:title\" content=\"UNITED NATIONS OF GROOVE &#8226; Xavier DESANDRE NAVARRE\" \/>\n<meta property=\"og:description\" content=\"Entre Black music et Jazz, UNITED NATIONS OF GROOVE pr\u00e9sente un spectacle musical et visuel alliant une musique puissante et d\u00e9licate, un mix \u00e9lectrique et acoustique.\u00a0 La projection live des images uniques du visual designer Tekyes subliment ces paysages et impressions du monde contemporain. Dans la lign\u00e9e de Gil Scott Heron, qui aurait chant\u00e9 sur &hellip; Lire la suite UNITED NATIONS OF GROOVE\" \/>\n<meta property=\"og:url\" content=\"https:\/\/www.xavierdesandrenavarre.com\/index.php\/fr\/united-nations-of-groove\/\" \/>\n<meta property=\"og:site_name\" content=\"Xavier DESANDRE NAVARRE\" \/>\n<meta property=\"article:modified_time\" content=\"2019-11-13T10:50:40+00:00\" \/>\n<meta property=\"og:image\" content=\"http:\/\/www.xavierdesandrenavarre.com\/wp-content\/uploads\/2015\/12\/image-3.png\" \/>\n<meta name=\"twitter:card\" content=\"summary_large_image\" \/>\n<meta name=\"twitter:label1\" content=\"Dur\u00e9e de lecture estim\u00e9e\" \/>\n\t<meta name=\"twitter:data1\" content=\"1 minute\" \/>\n<script type=\"application\/ld+json\" class=\"yoast-schema-graph\">{\"@context\":\"https:\\\/\\\/schema.org\",\"@graph\":[{\"@type\":\"WebPage\",\"@id\":\"https:\\\/\\\/www.xavierdesandrenavarre.com\\\/index.php\\\/fr\\\/united-nations-of-groove\\\/\",\"url\":\"https:\\\/\\\/www.xavierdesandrenavarre.com\\\/index.php\\\/fr\\\/united-nations-of-groove\\\/\",\"name\":\"UNITED NATIONS OF GROOVE &#8226; Xavier DESANDRE NAVARRE\",\"isPartOf\":{\"@id\":\"https:\\\/\\\/www.xavierdesandrenavarre.com\\\/#website\"},\"primaryImageOfPage\":{\"@id\":\"https:\\\/\\\/www.xavierdesandrenavarre.com\\\/index.php\\\/fr\\\/united-nations-of-groove\\\/#primaryimage\"},\"image\":{\"@id\":\"https:\\\/\\\/www.xavierdesandrenavarre.com\\\/index.php\\\/fr\\\/united-nations-of-groove\\\/#primaryimage\"},\"thumbnailUrl\":\"http:\\\/\\\/www.xavierdesandrenavarre.com\\\/wp-content\\\/uploads\\\/2015\\\/12\\\/image-3.png\",\"datePublished\":\"2015-12-11T12:25:58+00:00\",\"dateModified\":\"2019-11-13T10:50:40+00:00\",\"breadcrumb\":{\"@id\":\"https:\\\/\\\/www.xavierdesandrenavarre.com\\\/index.php\\\/fr\\\/united-nations-of-groove\\\/#breadcrumb\"},\"inLanguage\":\"fr-FR\",\"potentialAction\":[{\"@type\":\"ReadAction\",\"target\":[\"https:\\\/\\\/www.xavierdesandrenavarre.com\\\/index.php\\\/fr\\\/united-nations-of-groove\\\/\"]}]},{\"@type\":\"ImageObject\",\"inLanguage\":\"fr-FR\",\"@id\":\"https:\\\/\\\/www.xavierdesandrenavarre.com\\\/index.php\\\/fr\\\/united-nations-of-groove\\\/#primaryimage\",\"url\":\"http:\\\/\\\/www.xavierdesandrenavarre.com\\\/wp-content\\\/uploads\\\/2015\\\/12\\\/image-3.png\",\"contentUrl\":\"http:\\\/\\\/www.xavierdesandrenavarre.com\\\/wp-content\\\/uploads\\\/2015\\\/12\\\/image-3.png\"},{\"@type\":\"BreadcrumbList\",\"@id\":\"https:\\\/\\\/www.xavierdesandrenavarre.com\\\/index.php\\\/fr\\\/united-nations-of-groove\\\/#breadcrumb\",\"itemListElement\":[{\"@type\":\"ListItem\",\"position\":1,\"name\":\"Accueil\",\"item\":\"https:\\\/\\\/www.xavierdesandrenavarre.com\\\/index.php\\\/fr\\\/actualites\\\/\"},{\"@type\":\"ListItem\",\"position\":2,\"name\":\"UNITED NATIONS OF GROOVE\"}]},{\"@type\":\"WebSite\",\"@id\":\"https:\\\/\\\/www.xavierdesandrenavarre.com\\\/#website\",\"url\":\"https:\\\/\\\/www.xavierdesandrenavarre.com\\\/\",\"name\":\"Xavier Desandre Navarre\",\"description\":\"CREATIVE DRUMMING \",\"publisher\":{\"@id\":\"https:\\\/\\\/www.xavierdesandrenavarre.com\\\/#\\\/schema\\\/person\\\/d44923d7590d78b38ce0e9c1941a2c75\"},\"potentialAction\":[{\"@type\":\"SearchAction\",\"target\":{\"@type\":\"EntryPoint\",\"urlTemplate\":\"https:\\\/\\\/www.xavierdesandrenavarre.com\\\/?s={search_term_string}\"},\"query-input\":{\"@type\":\"PropertyValueSpecification\",\"valueRequired\":true,\"valueName\":\"search_term_string\"}}],\"inLanguage\":\"fr-FR\"},{\"@type\":[\"Person\",\"Organization\"],\"@id\":\"https:\\\/\\\/www.xavierdesandrenavarre.com\\\/#\\\/schema\\\/person\\\/d44923d7590d78b38ce0e9c1941a2c75\",\"name\":\"Xavier DESANDRE NAVARRE\",\"image\":{\"@type\":\"ImageObject\",\"inLanguage\":\"fr-FR\",\"@id\":\"https:\\\/\\\/secure.gravatar.com\\\/avatar\\\/f5d0177a75f71d2039289a3687726c1181fc9368e48f4469bd627ff20d15397b?s=96&d=mm&r=g\",\"url\":\"https:\\\/\\\/secure.gravatar.com\\\/avatar\\\/f5d0177a75f71d2039289a3687726c1181fc9368e48f4469bd627ff20d15397b?s=96&d=mm&r=g\",\"contentUrl\":\"https:\\\/\\\/secure.gravatar.com\\\/avatar\\\/f5d0177a75f71d2039289a3687726c1181fc9368e48f4469bd627ff20d15397b?s=96&d=mm&r=g\",\"caption\":\"Xavier DESANDRE NAVARRE\"},\"logo\":{\"@id\":\"https:\\\/\\\/secure.gravatar.com\\\/avatar\\\/f5d0177a75f71d2039289a3687726c1181fc9368e48f4469bd627ff20d15397b?s=96&d=mm&r=g\"}}]}<\/script>\n<!-- \/ Yoast SEO plugin. -->","yoast_head_json":{"title":"UNITED NATIONS OF GROOVE &#8226; Xavier DESANDRE NAVARRE","robots":{"index":"index","follow":"follow","max-snippet":"max-snippet:-1","max-image-preview":"max-image-preview:large","max-video-preview":"max-video-preview:-1"},"canonical":"https:\/\/www.xavierdesandrenavarre.com\/index.php\/fr\/united-nations-of-groove\/","og_locale":"fr_FR","og_type":"article","og_title":"UNITED NATIONS OF GROOVE &#8226; Xavier DESANDRE NAVARRE","og_description":"Entre Black music et Jazz, UNITED NATIONS OF GROOVE pr\u00e9sente un spectacle musical et visuel alliant une musique puissante et d\u00e9licate, un mix \u00e9lectrique et acoustique.\u00a0 La projection live des images uniques du visual designer Tekyes subliment ces paysages et impressions du monde contemporain. Dans la lign\u00e9e de Gil Scott Heron, qui aurait chant\u00e9 sur &hellip; Lire la suite UNITED NATIONS OF GROOVE","og_url":"https:\/\/www.xavierdesandrenavarre.com\/index.php\/fr\/united-nations-of-groove\/","og_site_name":"Xavier DESANDRE NAVARRE","article_modified_time":"2019-11-13T10:50:40+00:00","og_image":[{"url":"http:\/\/www.xavierdesandrenavarre.com\/wp-content\/uploads\/2015\/12\/image-3.png","type":"","width":"","height":""}],"twitter_card":"summary_large_image","twitter_misc":{"Dur\u00e9e de lecture estim\u00e9e":"1 minute"},"schema":{"@context":"https:\/\/schema.org","@graph":[{"@type":"WebPage","@id":"https:\/\/www.xavierdesandrenavarre.com\/index.php\/fr\/united-nations-of-groove\/","url":"https:\/\/www.xavierdesandrenavarre.com\/index.php\/fr\/united-nations-of-groove\/","name":"UNITED NATIONS OF GROOVE &#8226; Xavier DESANDRE NAVARRE","isPartOf":{"@id":"https:\/\/www.xavierdesandrenavarre.com\/#website"},"primaryImageOfPage":{"@id":"https:\/\/www.xavierdesandrenavarre.com\/index.php\/fr\/united-nations-of-groove\/#primaryimage"},"image":{"@id":"https:\/\/www.xavierdesandrenavarre.com\/index.php\/fr\/united-nations-of-groove\/#primaryimage"},"thumbnailUrl":"http:\/\/www.xavierdesandrenavarre.com\/wp-content\/uploads\/2015\/12\/image-3.png","datePublished":"2015-12-11T12:25:58+00:00","dateModified":"2019-11-13T10:50:40+00:00","breadcrumb":{"@id":"https:\/\/www.xavierdesandrenavarre.com\/index.php\/fr\/united-nations-of-groove\/#breadcrumb"},"inLanguage":"fr-FR","potentialAction":[{"@type":"ReadAction","target":["https:\/\/www.xavierdesandrenavarre.com\/index.php\/fr\/united-nations-of-groove\/"]}]},{"@type":"ImageObject","inLanguage":"fr-FR","@id":"https:\/\/www.xavierdesandrenavarre.com\/index.php\/fr\/united-nations-of-groove\/#primaryimage","url":"http:\/\/www.xavierdesandrenavarre.com\/wp-content\/uploads\/2015\/12\/image-3.png","contentUrl":"http:\/\/www.xavierdesandrenavarre.com\/wp-content\/uploads\/2015\/12\/image-3.png"},{"@type":"BreadcrumbList","@id":"https:\/\/www.xavierdesandrenavarre.com\/index.php\/fr\/united-nations-of-groove\/#breadcrumb","itemListElement":[{"@type":"ListItem","position":1,"name":"Accueil","item":"https:\/\/www.xavierdesandrenavarre.com\/index.php\/fr\/actualites\/"},{"@type":"ListItem","position":2,"name":"UNITED NATIONS OF GROOVE"}]},{"@type":"WebSite","@id":"https:\/\/www.xavierdesandrenavarre.com\/#website","url":"https:\/\/www.xavierdesandrenavarre.com\/","name":"Xavier Desandre Navarre","description":"CREATIVE DRUMMING ","publisher":{"@id":"https:\/\/www.xavierdesandrenavarre.com\/#\/schema\/person\/d44923d7590d78b38ce0e9c1941a2c75"},"potentialAction":[{"@type":"SearchAction","target":{"@type":"EntryPoint","urlTemplate":"https:\/\/www.xavierdesandrenavarre.com\/?s={search_term_string}"},"query-input":{"@type":"PropertyValueSpecification","valueRequired":true,"valueName":"search_term_string"}}],"inLanguage":"fr-FR"},{"@type":["Person","Organization"],"@id":"https:\/\/www.xavierdesandrenavarre.com\/#\/schema\/person\/d44923d7590d78b38ce0e9c1941a2c75","name":"Xavier DESANDRE NAVARRE","image":{"@type":"ImageObject","inLanguage":"fr-FR","@id":"https:\/\/secure.gravatar.com\/avatar\/f5d0177a75f71d2039289a3687726c1181fc9368e48f4469bd627ff20d15397b?s=96&d=mm&r=g","url":"https:\/\/secure.gravatar.com\/avatar\/f5d0177a75f71d2039289a3687726c1181fc9368e48f4469bd627ff20d15397b?s=96&d=mm&r=g","contentUrl":"https:\/\/secure.gravatar.com\/avatar\/f5d0177a75f71d2039289a3687726c1181fc9368e48f4469bd627ff20d15397b?s=96&d=mm&r=g","caption":"Xavier DESANDRE NAVARRE"},"logo":{"@id":"https:\/\/secure.gravatar.com\/avatar\/f5d0177a75f71d2039289a3687726c1181fc9368e48f4469bd627ff20d15397b?s=96&d=mm&r=g"}}]}},"_links":{"self":[{"href":"https:\/\/www.xavierdesandrenavarre.com\/index.php\/wp-json\/wp\/v2\/pages\/1002","targetHints":{"allow":["GET"]}}],"collection":[{"href":"https:\/\/www.xavierdesandrenavarre.com\/index.php\/wp-json\/wp\/v2\/pages"}],"about":[{"href":"https:\/\/www.xavierdesandrenavarre.com\/index.php\/wp-json\/wp\/v2\/types\/page"}],"author":[{"embeddable":true,"href":"https:\/\/www.xavierdesandrenavarre.com\/index.php\/wp-json\/wp\/v2\/users\/4"}],"replies":[{"embeddable":true,"href":"https:\/\/www.xavierdesandrenavarre.com\/index.php\/wp-json\/wp\/v2\/comments?post=1002"}],"version-history":[{"count":5,"href":"https:\/\/www.xavierdesandrenavarre.com\/index.php\/wp-json\/wp\/v2\/pages\/1002\/revisions"}],"predecessor-version":[{"id":1737,"href":"https:\/\/www.xavierdesandrenavarre.com\/index.php\/wp-json\/wp\/v2\/pages\/1002\/revisions\/1737"}],"wp:attachment":[{"href":"https:\/\/www.xavierdesandrenavarre.com\/index.php\/wp-json\/wp\/v2\/media?parent=1002"}],"curies":[{"name":"wp","href":"https:\/\/api.w.org\/{rel}","templated":true}]}}